{"id":32345,"date":"2023-07-06T17:46:34","date_gmt":"2023-07-06T15:46:34","guid":{"rendered":"https:\/\/bise.ch\/allgemeine-verkaufsbedingungen\/"},"modified":"2025-04-03T18:39:49","modified_gmt":"2025-04-03T16:39:49","slug":"allgemeine-verkaufsbedingungen","status":"publish","type":"page","link":"https:\/\/www.bise.ch\/de\/allgemeine-verkaufsbedingungen\/","title":{"rendered":"Allgemeine Verkaufsbedingungen"},"content":{"rendered":"<p>[et_pb_section fb_built=&#8220;1&#8243; _builder_version=&#8220;4.21.0&#8243; _module_preset=&#8220;default&#8220; custom_margin=&#8220;||||false|false&#8220; global_colors_info=&#8220;{}&#8220;][et_pb_row _builder_version=&#8220;4.21.0&#8243; _module_preset=&#8220;default&#8220; global_colors_info=&#8220;{}&#8220;][et_pb_column type=&#8220;4_4&#8243; _builder_version=&#8220;4.21.0&#8243; _module_preset=&#8220;default&#8220; global_colors_info=&#8220;{}&#8220;][et_pb_text _builder_version=&#8220;4.21.0&#8243; _module_preset=&#8220;default&#8220; text_font=&#8220;||||||||&#8220; global_colors_info=&#8220;{}&#8220;]<\/p>\n<h1><strong>Verkaufs- und Lieferbedingungen<\/strong><\/h1>\n<p><strong>1. Beanstandungen<br \/><\/strong>Jede Reklamation muss unmittelbar nach erfolgter Lieferung oder Selbstabholung kommuniziert werden, dies sp\u00e4testens innerhalb von 8 Tagen. Nach Ablauf dieser Frist kann diese nicht mehr ber\u00fccksichtigt werden.<\/p>\n<p><strong>2. Garantie<br \/><\/strong>Der Verk\u00e4ufer (Georges Bise SA) gew\u00e4hrt dem K\u00e4ufer eine Garantie von 2 Jahren ab Lieferdatum. Diese Garantie gilt unter normalen Nutzungsbedingungen. W\u00e4hrend der Garantiefrist hat der K\u00e4ufer Anspruch auf Behebung allf\u00e4lliger M\u00e4ngel.<br \/>Nach Ablauf der Garantiefrist werden die Arbeit nach Stundenaufwand sowie die Reparaturmaterialien in Rechnung gestellt.<br \/>KEINE Garantie wird gew\u00e4hrt bei:<br \/>\u2013 Kleinen Abweichungen des Farbtons und der Holzstruktur<br \/>\u2013 Nat\u00fcrlichen Spuren im Holz und Leder<br \/>\u2013 Dem Weichwerden von Polstermaterialien innerhalb der Toleranz.<br \/>\u2013 Einer Faltenbildung bei Polsterm\u00f6beln<br \/>\u2013 Bruch von Glas, Spiegel, Granit und Marmor<br \/>\u2013 Preisreduzierten Ausstellungsm\u00f6beln<br \/>\u2013 Unsachgem\u00e4ssen Gebrauch der gekauften Ware<\/p>\n<p><strong>3. Lieferbedingungen<br \/><\/strong>Es sei denn, es wird anders vereinbart, ist die Lieferung am Bestimmungsort nicht inbegriffen. Die Teilnahme an den Liefer- und Platzierungskosten ist Teil des Vertrags und wird in Rechnung gestellt. Die Montage von Schr\u00e4nken und Ablagen, die Installation von Lattenrosten sowie Wandbefestigungen k\u00f6nnen extra berechnet werden. Wir \u00fcbernehmen keine Verantwortung f\u00fcr Sch\u00e4den, die nach unserer<br \/>Intervention entstehen. Im Falle von Wandbefestigungen \u00fcbernehmen wir keine Verantwortung f\u00fcr Sch\u00e4den, die w\u00e4hrend unserer Intervention entstehen. Die Verantwortung f\u00fcr die Stabilit\u00e4t der W\u00e4nde sowie f\u00fcr Kabel- und Rohrleitungsdurchg\u00e4nge liegt beim K\u00e4ufer. Die Verantwortung f\u00fcr die in Lager- oder R\u00e4umlichkeiten des K\u00e4ufers gelieferte Ware liegt beim K\u00e4ufer. Zus\u00e4tzliche Kosten, die in besonderen F\u00e4llen anfallen, in denen die Ware an schwer zug\u00e4nglichen Orten geliefert werden muss, in denen zus\u00e4tzliche Arbeitskr\u00e4fte oder Hilfsmittel wie M\u00f6bellifte usw. erforderlich sind, tr\u00e4gt der K\u00e4ufer.<\/p>\n<p><strong>4. Selbstabholung<br \/><\/strong>Wird die Ware vom K\u00e4ufer abgeholt, verpflichtet er sich die Ware auf ihre Vollst\u00e4ndigkeit zu pr\u00fcfen (siehe auch Ziffer 1). Die Ware muss in ihrer Originalverpackung verladen werden. Schutzmaterial wie Decken etc. gehen zu Lasten des K\u00e4ufers. Zerlegte oder teilmontierte Ware muss vor dem Verladen und dem Transport kontrolliert werden.<\/p>\n<p><strong>5. Lieferfrist<br \/><\/strong>Die Lieferfrist ist als Richtwert zu verstehen, wird aber in der Regel eingehalten.  Wird die Lieferfrist nicht eingehalten, ist der K\u00e4ufer dennoch nicht berechtigt, die Bestellung zu annullieren oder Schadensersatz geltend zu machen. Ist die Verz\u00f6gerung der Lieferung durch Verschulden des K\u00e4ufers, k\u00f6nnen vom Verk\u00e4ufer eine Anzahlung und Lagergeb\u00fchren verlangt werden.<\/p>\n<p><strong>6. Zahlungsmodalit\u00e4ten<br \/><\/strong>Unter Vorbehalt von anderslautenden schriftlichen Vereinbarungen gelten die folgenden Zahlungsbedingungen:<br \/>\u2013 Anzahlung von 30% des Nettoverkaufspreises, zahlbar innerhalb von 10 Tagen nach Vertragsabschluss. Zahlung des Restbetrags innerhalb von 10 Tagen nach Erhalt der Rechnung.<br \/>\u2013 Zahlung bei Selbstabholung.<br \/>\u2013 Vorauszahlungen sind nicht zinsberechtigt.<br \/>\u2013 Bei Zahlungsverzug wird ein Verzugszins gem\u00e4ss den g\u00e4ngigen Marktbedingungen in Rechnung gestellt. <\/p>\n<p><strong>7. Eigentumsvorbehalt<br \/><\/strong>Bis zur vollst\u00e4ndigen Bezahlung des geschuldeten Betrags bleibt der Kaufgegenstand Eigentum des Verk\u00e4ufers. Aus diesem Grund gestattet der K\u00e4ufer dem Verk\u00e4ufer auf Kosten des K\u00e4ufers einen Eigentumsvorbehalt gem\u00e4ss Art. 15 CC im \u00f6ffentlichen Register eintragen zu lassen.<\/p>\n<p><strong>8. Gemeinschaftskauf<br \/><\/strong>Wird dieser Vertrag im Namen mehrerer K\u00e4ufer ausgestellt, so haften diese gemeinsam und solidarisch f\u00fcr alle sich aus diesem Vertrag ergebenden Verpflichtungen.<\/p>\n<p><strong>9. Vertragsaufl\u00f6sung<br \/><\/strong>In jenen F\u00e4llen, bei denen der K\u00e4ufer auf die Ware verzichtet, kann der Verk\u00e4ufer ein Bussgeld geltend machen, dessen Betrag bis zur H\u00f6he des vertraglich vereinbarten Kaufpreises reichen kann, sofern er einen erlittenen Schaden nachweist.<\/p>\n<p><strong>10. Gerichtsstand<br \/><\/strong>Sofern die K\u00e4uferin oder der K\u00e4ufer in der Schweiz wohnhaft sind, gilt Ihr Wohnort als Gerichtsstand. Im Ausland wohnhafte K\u00e4uferinnen oder K\u00e4ufer anerkennen den Gerichtsstand des Gesch\u00e4ftsortes des Verk\u00e4ufers, im vorliegenden Fall Tafers.<\/p>\n<p>Georges Bise SA &#8211; 1712 Tafers \/ 1630 Bulle<\/p>\n<p>[\/et_pb_text][\/et_pb_column][\/et_pb_row][\/et_pb_section]<\/p>\n","protected":false},"excerpt":{"rendered":"<p>Verkaufs- und Lieferbedingungen 1. BeanstandungenJede Reklamation muss unmittelbar nach erfolgter Lieferung oder Selbstabholung kommuniziert werden, dies sp\u00e4testens innerhalb von 8 Tagen. Nach Ablauf dieser Frist kann diese nicht mehr ber\u00fccksichtigt werden. 2. GarantieDer Verk\u00e4ufer (Georges Bise SA) gew\u00e4hrt dem K\u00e4ufer eine Garantie von 2 Jahren ab Lieferdatum. Diese Garantie gilt unter normalen Nutzungsbedingungen. W\u00e4hrend der [&hellip;]<\/p>\n","protected":false},"author":1,"featured_media":0,"parent":0,"menu_order":0,"comment_status":"closed","ping_status":"closed","template":"","meta":{"_et_pb_use_builder":"on","_et_pb_old_content":"","_et_gb_content_width":"","footnotes":""},"class_list":["post-32345","page","type-page","status-publish","hentry"],"yoast_head":"<!-- This site is optimized with the Yoast SEO plugin v27.1.1 - https:\/\/yoast.com\/product\/yoast-seo-wordpress\/ -->\n<title>Allgemeine Verkaufsbedingungen | M\u00f6bel Bise | M\u00f6belgesch\u00e4ft | M\u00f6bel | Freiburg | Bulle<\/title>\n<meta name=\"description\" content=\"In den Allgemeinen Gesch\u00e4ftsbedingungen von Bise M\u00f6bel &amp; M\u00f6bel finden Sie Informationen zu Bestellung, Lieferung, Garantie und Zahlung. Diese Bestimmungen bilden den Rahmen f\u00fcr Ihren Einkauf von M\u00f6beln und Dienstleistungen und sorgen f\u00fcr Transparenz und Vertrauen.\" \/>\n<meta name=\"robots\" content=\"index, follow, max-snippet:-1, max-image-preview:large, max-video-preview:-1\" \/>\n<link rel=\"canonical\" href=\"https:\/\/www.bise.ch\/de\/allgemeine-verkaufsbedingungen\/\" \/>\n<meta property=\"og:locale\" content=\"de_DE\" \/>\n<meta property=\"og:type\" content=\"article\" \/>\n<meta property=\"og:title\" content=\"Allgemeine Verkaufsbedingungen | M\u00f6bel Bise | M\u00f6belgesch\u00e4ft | M\u00f6bel | Freiburg | Bulle\" \/>\n<meta property=\"og:description\" content=\"In den Allgemeinen Gesch\u00e4ftsbedingungen von Bise M\u00f6bel &amp; M\u00f6bel finden Sie Informationen zu Bestellung, Lieferung, Garantie und Zahlung. Diese Bestimmungen bilden den Rahmen f\u00fcr Ihren Einkauf von M\u00f6beln und Dienstleistungen und sorgen f\u00fcr Transparenz und Vertrauen.\" \/>\n<meta property=\"og:url\" content=\"https:\/\/www.bise.ch\/de\/allgemeine-verkaufsbedingungen\/\" \/>\n<meta property=\"og:site_name\" content=\"M\u00f6bel Bise | M\u00f6belgesch\u00e4ft | M\u00f6bel | Freiburg | Bulle\" \/>\n<meta property=\"article:publisher\" content=\"https:\/\/www.facebook.com\/bisemeubles\/\" \/>\n<meta property=\"article:modified_time\" content=\"2025-04-03T16:39:49+00:00\" \/>\n<meta name=\"twitter:card\" content=\"summary_large_image\" \/>\n<meta name=\"twitter:label1\" content=\"Gesch\u00e4tzte Lesezeit\" \/>\n\t<meta name=\"twitter:data1\" content=\"3\u00a0Minuten\" \/>\n<script type=\"application\/ld+json\" class=\"yoast-schema-graph\">{\"@context\":\"https:\/\/schema.org\",\"@graph\":[{\"@type\":\"WebPage\",\"@id\":\"https:\/\/www.bise.ch\/de\/allgemeine-verkaufsbedingungen\/\",\"url\":\"https:\/\/www.bise.ch\/de\/allgemeine-verkaufsbedingungen\/\",\"name\":\"Allgemeine Verkaufsbedingungen | M\u00f6bel Bise | M\u00f6belgesch\u00e4ft | M\u00f6bel | Freiburg | Bulle\",\"isPartOf\":{\"@id\":\"https:\/\/www.bise.ch\/de\/#website\"},\"datePublished\":\"2023-07-06T15:46:34+00:00\",\"dateModified\":\"2025-04-03T16:39:49+00:00\",\"description\":\"In den Allgemeinen Gesch\u00e4ftsbedingungen von Bise M\u00f6bel & M\u00f6bel finden Sie Informationen zu Bestellung, Lieferung, Garantie und Zahlung. Diese Bestimmungen bilden den Rahmen f\u00fcr Ihren Einkauf von M\u00f6beln und Dienstleistungen und sorgen f\u00fcr Transparenz und Vertrauen.\",\"breadcrumb\":{\"@id\":\"https:\/\/www.bise.ch\/de\/allgemeine-verkaufsbedingungen\/#breadcrumb\"},\"inLanguage\":\"de\",\"potentialAction\":[{\"@type\":\"ReadAction\",\"target\":[\"https:\/\/www.bise.ch\/de\/allgemeine-verkaufsbedingungen\/\"]}]},{\"@type\":\"BreadcrumbList\",\"@id\":\"https:\/\/www.bise.ch\/de\/allgemeine-verkaufsbedingungen\/#breadcrumb\",\"itemListElement\":[{\"@type\":\"ListItem\",\"position\":1,\"name\":\"Startseite\",\"item\":\"https:\/\/www.bise.ch\/de\/\"},{\"@type\":\"ListItem\",\"position\":2,\"name\":\"Allgemeine Verkaufsbedingungen\"}]},{\"@type\":\"WebSite\",\"@id\":\"https:\/\/www.bise.ch\/de\/#website\",\"url\":\"https:\/\/www.bise.ch\/de\/\",\"name\":\"Meubles Bise | Magasin de meubles | Mobilier | Fribourg | Bulle\",\"description\":\"Wir erwecken Ihre Ra\u0308ume zum Leben\",\"publisher\":{\"@id\":\"https:\/\/www.bise.ch\/de\/#organization\"},\"alternateName\":\"Georges Bise SA\",\"potentialAction\":[{\"@type\":\"SearchAction\",\"target\":{\"@type\":\"EntryPoint\",\"urlTemplate\":\"https:\/\/www.bise.ch\/de\/?s={search_term_string}\"},\"query-input\":{\"@type\":\"PropertyValueSpecification\",\"valueRequired\":true,\"valueName\":\"search_term_string\"}}],\"inLanguage\":\"de\"},{\"@type\":\"Organization\",\"@id\":\"https:\/\/www.bise.ch\/de\/#organization\",\"name\":\"M\u00f6bel Bise | M\u00f6belgesch\u00e4ft | M\u00f6bel | Freiburg | Bulle\",\"alternateName\":\"Georges Bise SA\",\"url\":\"https:\/\/www.bise.ch\/de\/\",\"logo\":{\"@type\":\"ImageObject\",\"inLanguage\":\"de\",\"@id\":\"https:\/\/www.bise.ch\/de\/#\/schema\/logo\/image\/\",\"url\":\"https:\/\/www.bise.ch\/wp-content\/uploads\/LogoBise.png\",\"contentUrl\":\"https:\/\/www.bise.ch\/wp-content\/uploads\/LogoBise.png\",\"width\":4267,\"height\":4267,\"caption\":\"M\u00f6bel Bise | M\u00f6belgesch\u00e4ft | M\u00f6bel | Freiburg | Bulle\"},\"image\":{\"@id\":\"https:\/\/www.bise.ch\/de\/#\/schema\/logo\/image\/\"},\"sameAs\":[\"https:\/\/www.facebook.com\/bisemeubles\/\",\"https:\/\/www.instagram.com\/bisemeubles\/\",\"https:\/\/ch.linkedin.com\/company\/bise-meubles-moebel\"]}]}<\/script>\n<!-- \/ Yoast SEO plugin. -->","yoast_head_json":{"title":"Allgemeine Verkaufsbedingungen | M\u00f6bel Bise | M\u00f6belgesch\u00e4ft | M\u00f6bel | Freiburg | Bulle","description":"In den Allgemeinen Gesch\u00e4ftsbedingungen von Bise M\u00f6bel & M\u00f6bel finden Sie Informationen zu Bestellung, Lieferung, Garantie und Zahlung. Diese Bestimmungen bilden den Rahmen f\u00fcr Ihren Einkauf von M\u00f6beln und Dienstleistungen und sorgen f\u00fcr Transparenz und Vertrauen.","robots":{"index":"index","follow":"follow","max-snippet":"max-snippet:-1","max-image-preview":"max-image-preview:large","max-video-preview":"max-video-preview:-1"},"canonical":"https:\/\/www.bise.ch\/de\/allgemeine-verkaufsbedingungen\/","og_locale":"de_DE","og_type":"article","og_title":"Allgemeine Verkaufsbedingungen | M\u00f6bel Bise | M\u00f6belgesch\u00e4ft | M\u00f6bel | Freiburg | Bulle","og_description":"In den Allgemeinen Gesch\u00e4ftsbedingungen von Bise M\u00f6bel & M\u00f6bel finden Sie Informationen zu Bestellung, Lieferung, Garantie und Zahlung. Diese Bestimmungen bilden den Rahmen f\u00fcr Ihren Einkauf von M\u00f6beln und Dienstleistungen und sorgen f\u00fcr Transparenz und Vertrauen.","og_url":"https:\/\/www.bise.ch\/de\/allgemeine-verkaufsbedingungen\/","og_site_name":"M\u00f6bel Bise | M\u00f6belgesch\u00e4ft | M\u00f6bel | Freiburg | Bulle","article_publisher":"https:\/\/www.facebook.com\/bisemeubles\/","article_modified_time":"2025-04-03T16:39:49+00:00","twitter_card":"summary_large_image","twitter_misc":{"Gesch\u00e4tzte Lesezeit":"3\u00a0Minuten"},"schema":{"@context":"https:\/\/schema.org","@graph":[{"@type":"WebPage","@id":"https:\/\/www.bise.ch\/de\/allgemeine-verkaufsbedingungen\/","url":"https:\/\/www.bise.ch\/de\/allgemeine-verkaufsbedingungen\/","name":"Allgemeine Verkaufsbedingungen | M\u00f6bel Bise | M\u00f6belgesch\u00e4ft | M\u00f6bel | Freiburg | Bulle","isPartOf":{"@id":"https:\/\/www.bise.ch\/de\/#website"},"datePublished":"2023-07-06T15:46:34+00:00","dateModified":"2025-04-03T16:39:49+00:00","description":"In den Allgemeinen Gesch\u00e4ftsbedingungen von Bise M\u00f6bel & M\u00f6bel finden Sie Informationen zu Bestellung, Lieferung, Garantie und Zahlung. Diese Bestimmungen bilden den Rahmen f\u00fcr Ihren Einkauf von M\u00f6beln und Dienstleistungen und sorgen f\u00fcr Transparenz und Vertrauen.","breadcrumb":{"@id":"https:\/\/www.bise.ch\/de\/allgemeine-verkaufsbedingungen\/#breadcrumb"},"inLanguage":"de","potentialAction":[{"@type":"ReadAction","target":["https:\/\/www.bise.ch\/de\/allgemeine-verkaufsbedingungen\/"]}]},{"@type":"BreadcrumbList","@id":"https:\/\/www.bise.ch\/de\/allgemeine-verkaufsbedingungen\/#breadcrumb","itemListElement":[{"@type":"ListItem","position":1,"name":"Startseite","item":"https:\/\/www.bise.ch\/de\/"},{"@type":"ListItem","position":2,"name":"Allgemeine Verkaufsbedingungen"}]},{"@type":"WebSite","@id":"https:\/\/www.bise.ch\/de\/#website","url":"https:\/\/www.bise.ch\/de\/","name":"Meubles Bise | Magasin de meubles | Mobilier | Fribourg | Bulle","description":"Wir erwecken Ihre Ra\u0308ume zum Leben","publisher":{"@id":"https:\/\/www.bise.ch\/de\/#organization"},"alternateName":"Georges Bise SA","potentialAction":[{"@type":"SearchAction","target":{"@type":"EntryPoint","urlTemplate":"https:\/\/www.bise.ch\/de\/?s={search_term_string}"},"query-input":{"@type":"PropertyValueSpecification","valueRequired":true,"valueName":"search_term_string"}}],"inLanguage":"de"},{"@type":"Organization","@id":"https:\/\/www.bise.ch\/de\/#organization","name":"M\u00f6bel Bise | M\u00f6belgesch\u00e4ft | M\u00f6bel | Freiburg | Bulle","alternateName":"Georges Bise SA","url":"https:\/\/www.bise.ch\/de\/","logo":{"@type":"ImageObject","inLanguage":"de","@id":"https:\/\/www.bise.ch\/de\/#\/schema\/logo\/image\/","url":"https:\/\/www.bise.ch\/wp-content\/uploads\/LogoBise.png","contentUrl":"https:\/\/www.bise.ch\/wp-content\/uploads\/LogoBise.png","width":4267,"height":4267,"caption":"M\u00f6bel Bise | M\u00f6belgesch\u00e4ft | M\u00f6bel | Freiburg | Bulle"},"image":{"@id":"https:\/\/www.bise.ch\/de\/#\/schema\/logo\/image\/"},"sameAs":["https:\/\/www.facebook.com\/bisemeubles\/","https:\/\/www.instagram.com\/bisemeubles\/","https:\/\/ch.linkedin.com\/company\/bise-meubles-moebel"]}]}},"_links":{"self":[{"href":"https:\/\/www.bise.ch\/de\/wp-json\/wp\/v2\/pages\/32345","targetHints":{"allow":["GET"]}}],"collection":[{"href":"https:\/\/www.bise.ch\/de\/wp-json\/wp\/v2\/pages"}],"about":[{"href":"https:\/\/www.bise.ch\/de\/wp-json\/wp\/v2\/types\/page"}],"author":[{"embeddable":true,"href":"https:\/\/www.bise.ch\/de\/wp-json\/wp\/v2\/users\/1"}],"replies":[{"embeddable":true,"href":"https:\/\/www.bise.ch\/de\/wp-json\/wp\/v2\/comments?post=32345"}],"version-history":[{"count":4,"href":"https:\/\/www.bise.ch\/de\/wp-json\/wp\/v2\/pages\/32345\/revisions"}],"predecessor-version":[{"id":57075,"href":"https:\/\/www.bise.ch\/de\/wp-json\/wp\/v2\/pages\/32345\/revisions\/57075"}],"wp:attachment":[{"href":"https:\/\/www.bise.ch\/de\/wp-json\/wp\/v2\/media?parent=32345"}],"curies":[{"name":"wp","href":"https:\/\/api.w.org\/{rel}","templated":true}]}}