{"id":32536,"date":"2022-12-05T21:47:53","date_gmt":"2022-12-05T20:47:53","guid":{"rendered":"https:\/\/bise.ch\/shop\/"},"modified":"2025-04-03T19:13:14","modified_gmt":"2025-04-03T17:13:14","slug":"shop","status":"publish","type":"page","link":"https:\/\/www.bise.ch\/de\/shop\/","title":{"rendered":"Shop"},"content":{"rendered":"<p>[et_pb_section fb_built=&#8220;1&#8243; _builder_version=&#8220;4.21.2&#8243; _module_preset=&#8220;default&#8220; global_colors_info=&#8220;{}&#8220;][et_pb_row column_structure=&#8220;1_4,3_4&#8243; use_custom_gutter=&#8220;off&#8220; make_equal=&#8220;on&#8220; _builder_version=&#8220;4.21.2&#8243; _module_preset=&#8220;default&#8220; global_colors_info=&#8220;{}&#8220;][et_pb_column type=&#8220;1_4&#8243; _builder_version=&#8220;4.21.2&#8243; _module_preset=&#8220;default&#8220; sticky_position=&#8220;top&#8220; global_colors_info=&#8220;{}&#8220;][et_pb_sidebar area=&#8220;sidebar-1&#8243; _builder_version=&#8220;4.21.2&#8243; _module_preset=&#8220;default&#8220; width=&#8220;210px&#8220; global_colors_info=&#8220;{}&#8220;][\/et_pb_sidebar][\/et_pb_column][et_pb_column type=&#8220;3_4&#8243; _builder_version=&#8220;4.21.2&#8243; _module_preset=&#8220;default&#8220; global_colors_info=&#8220;{}&#8220;][et_pb_shop posts_number=&#8220;18&#8243; _builder_version=&#8220;4.21.2&#8243; _module_preset=&#8220;default&#8220; bapf_apply=&#8220;enable&#8220; global_colors_info=&#8220;{}&#8220;][\/et_pb_shop][et_pb_braapf_filter_next _builder_version=&#8220;4.21.2&#8243; _module_preset=&#8220;default&#8220; global_colors_info=&#8220;{}&#8220;][\/et_pb_braapf_filter_next][\/et_pb_column][\/et_pb_row][\/et_pb_section]<\/p>\n","protected":false},"excerpt":{"rendered":"","protected":false},"author":1,"featured_media":0,"parent":0,"menu_order":0,"comment_status":"closed","ping_status":"closed","template":"","meta":{"_et_pb_use_builder":"on","_et_pb_old_content":"","_et_gb_content_width":"","footnotes":""},"class_list":["post-32536","page","type-page","status-publish","hentry"],"yoast_head":"<!-- This site is optimized with the Yoast SEO plugin v27.1.1 - https:\/\/yoast.com\/product\/yoast-seo-wordpress\/ -->\n<title>Shop | M\u00f6bel Bise | M\u00f6belgesch\u00e4ft | M\u00f6bel | Freiburg | Bulle<\/title>\n<meta name=\"description\" content=\"Erkunden Sie den Online-Shop von Bise M\u00f6bel &amp; M\u00f6bel, der eine gro\u00dfe Auswahl an hochwertigen M\u00f6beln zur Gestaltung Ihrer Innen- und Au\u00dfenr\u00e4ume bietet. Entdecken Sie Kollektionen f\u00fcr Ihr Wohnzimmer, Esszimmer, Schlafzimmer, B\u00fcro, \u00f6ffentliche Einrichtungen und G\u00e4rten. Nutzen Sie unser Fachwissen im Bereich Einrichtung und unseren pers\u00f6nlichen Service, um Ihre Pl\u00e4ne zu verwirklichen.\" \/>\n<meta name=\"robots\" content=\"index, follow, max-snippet:-1, max-image-preview:large, max-video-preview:-1\" \/>\n<link rel=\"canonical\" href=\"https:\/\/www.bise.ch\/de\/shop\/\" \/>\n<meta property=\"og:locale\" content=\"de_DE\" \/>\n<meta property=\"og:type\" content=\"article\" \/>\n<meta property=\"og:title\" content=\"Shop | M\u00f6bel Bise | M\u00f6belgesch\u00e4ft | M\u00f6bel | Freiburg | Bulle\" \/>\n<meta property=\"og:description\" content=\"Erkunden Sie den Online-Shop von Bise M\u00f6bel &amp; M\u00f6bel, der eine gro\u00dfe Auswahl an hochwertigen M\u00f6beln zur Gestaltung Ihrer Innen- und Au\u00dfenr\u00e4ume bietet. Entdecken Sie Kollektionen f\u00fcr Ihr Wohnzimmer, Esszimmer, Schlafzimmer, B\u00fcro, \u00f6ffentliche Einrichtungen und G\u00e4rten. Nutzen Sie unser Fachwissen im Bereich Einrichtung und unseren pers\u00f6nlichen Service, um Ihre Pl\u00e4ne zu verwirklichen.\" \/>\n<meta property=\"og:url\" content=\"https:\/\/www.bise.ch\/de\/shop\/\" \/>\n<meta property=\"og:site_name\" content=\"M\u00f6bel Bise | M\u00f6belgesch\u00e4ft | M\u00f6bel | Freiburg | Bulle\" \/>\n<meta property=\"article:publisher\" content=\"https:\/\/www.facebook.com\/bisemeubles\/\" \/>\n<meta property=\"article:modified_time\" content=\"2025-04-03T17:13:14+00:00\" \/>\n<meta name=\"twitter:card\" content=\"summary_large_image\" \/>\n<meta name=\"twitter:label1\" content=\"Gesch\u00e4tzte Lesezeit\" \/>\n\t<meta name=\"twitter:data1\" content=\"5\u00a0Minuten\" \/>\n<script type=\"application\/ld+json\" class=\"yoast-schema-graph\">{\"@context\":\"https:\/\/schema.org\",\"@graph\":[{\"@type\":\"WebPage\",\"@id\":\"https:\/\/www.bise.ch\/de\/shop\/\",\"url\":\"https:\/\/www.bise.ch\/de\/shop\/\",\"name\":\"Shop | M\u00f6bel Bise | M\u00f6belgesch\u00e4ft | M\u00f6bel | Freiburg | Bulle\",\"isPartOf\":{\"@id\":\"https:\/\/www.bise.ch\/de\/#website\"},\"datePublished\":\"2022-12-05T20:47:53+00:00\",\"dateModified\":\"2025-04-03T17:13:14+00:00\",\"description\":\"Erkunden Sie den Online-Shop von Bise M\u00f6bel & M\u00f6bel, der eine gro\u00dfe Auswahl an hochwertigen M\u00f6beln zur Gestaltung Ihrer Innen- und Au\u00dfenr\u00e4ume bietet. Entdecken Sie Kollektionen f\u00fcr Ihr Wohnzimmer, Esszimmer, Schlafzimmer, B\u00fcro, \u00f6ffentliche Einrichtungen und G\u00e4rten. Nutzen Sie unser Fachwissen im Bereich Einrichtung und unseren pers\u00f6nlichen Service, um Ihre Pl\u00e4ne zu verwirklichen.\",\"breadcrumb\":{\"@id\":\"https:\/\/www.bise.ch\/de\/shop\/#breadcrumb\"},\"inLanguage\":\"de\",\"potentialAction\":[{\"@type\":\"ReadAction\",\"target\":[\"https:\/\/www.bise.ch\/de\/shop\/\"]}]},{\"@type\":\"BreadcrumbList\",\"@id\":\"https:\/\/www.bise.ch\/de\/shop\/#breadcrumb\",\"itemListElement\":[{\"@type\":\"ListItem\",\"position\":1,\"name\":\"Startseite\",\"item\":\"https:\/\/www.bise.ch\/de\/\"},{\"@type\":\"ListItem\",\"position\":2,\"name\":\"Shop\"}]},{\"@type\":\"WebSite\",\"@id\":\"https:\/\/www.bise.ch\/de\/#website\",\"url\":\"https:\/\/www.bise.ch\/de\/\",\"name\":\"Meubles Bise | Magasin de meubles | Mobilier | Fribourg | Bulle\",\"description\":\"Wir erwecken Ihre Ra\u0308ume zum Leben\",\"publisher\":{\"@id\":\"https:\/\/www.bise.ch\/de\/#organization\"},\"alternateName\":\"Georges Bise SA\",\"potentialAction\":[{\"@type\":\"SearchAction\",\"target\":{\"@type\":\"EntryPoint\",\"urlTemplate\":\"https:\/\/www.bise.ch\/de\/?s={search_term_string}\"},\"query-input\":{\"@type\":\"PropertyValueSpecification\",\"valueRequired\":true,\"valueName\":\"search_term_string\"}}],\"inLanguage\":\"de\"},{\"@type\":\"Organization\",\"@id\":\"https:\/\/www.bise.ch\/de\/#organization\",\"name\":\"M\u00f6bel Bise | M\u00f6belgesch\u00e4ft | M\u00f6bel | Freiburg | Bulle\",\"alternateName\":\"Georges Bise SA\",\"url\":\"https:\/\/www.bise.ch\/de\/\",\"logo\":{\"@type\":\"ImageObject\",\"inLanguage\":\"de\",\"@id\":\"https:\/\/www.bise.ch\/de\/#\/schema\/logo\/image\/\",\"url\":\"https:\/\/www.bise.ch\/wp-content\/uploads\/LogoBise.png\",\"contentUrl\":\"https:\/\/www.bise.ch\/wp-content\/uploads\/LogoBise.png\",\"width\":4267,\"height\":4267,\"caption\":\"M\u00f6bel Bise | M\u00f6belgesch\u00e4ft | M\u00f6bel | Freiburg | Bulle\"},\"image\":{\"@id\":\"https:\/\/www.bise.ch\/de\/#\/schema\/logo\/image\/\"},\"sameAs\":[\"https:\/\/www.facebook.com\/bisemeubles\/\",\"https:\/\/www.instagram.com\/bisemeubles\/\",\"https:\/\/ch.linkedin.com\/company\/bise-meubles-moebel\"]}]}<\/script>\n<!-- \/ Yoast SEO plugin. -->","yoast_head_json":{"title":"Shop | M\u00f6bel Bise | M\u00f6belgesch\u00e4ft | M\u00f6bel | Freiburg | Bulle","description":"Erkunden Sie den Online-Shop von Bise M\u00f6bel & M\u00f6bel, der eine gro\u00dfe Auswahl an hochwertigen M\u00f6beln zur Gestaltung Ihrer Innen- und Au\u00dfenr\u00e4ume bietet. Entdecken Sie Kollektionen f\u00fcr Ihr Wohnzimmer, Esszimmer, Schlafzimmer, B\u00fcro, \u00f6ffentliche Einrichtungen und G\u00e4rten. Nutzen Sie unser Fachwissen im Bereich Einrichtung und unseren pers\u00f6nlichen Service, um Ihre Pl\u00e4ne zu verwirklichen.","robots":{"index":"index","follow":"follow","max-snippet":"max-snippet:-1","max-image-preview":"max-image-preview:large","max-video-preview":"max-video-preview:-1"},"canonical":"https:\/\/www.bise.ch\/de\/shop\/","og_locale":"de_DE","og_type":"article","og_title":"Shop | M\u00f6bel Bise | M\u00f6belgesch\u00e4ft | M\u00f6bel | Freiburg | Bulle","og_description":"Erkunden Sie den Online-Shop von Bise M\u00f6bel & M\u00f6bel, der eine gro\u00dfe Auswahl an hochwertigen M\u00f6beln zur Gestaltung Ihrer Innen- und Au\u00dfenr\u00e4ume bietet. Entdecken Sie Kollektionen f\u00fcr Ihr Wohnzimmer, Esszimmer, Schlafzimmer, B\u00fcro, \u00f6ffentliche Einrichtungen und G\u00e4rten. Nutzen Sie unser Fachwissen im Bereich Einrichtung und unseren pers\u00f6nlichen Service, um Ihre Pl\u00e4ne zu verwirklichen.","og_url":"https:\/\/www.bise.ch\/de\/shop\/","og_site_name":"M\u00f6bel Bise | M\u00f6belgesch\u00e4ft | M\u00f6bel | Freiburg | Bulle","article_publisher":"https:\/\/www.facebook.com\/bisemeubles\/","article_modified_time":"2025-04-03T17:13:14+00:00","twitter_card":"summary_large_image","twitter_misc":{"Gesch\u00e4tzte Lesezeit":"5\u00a0Minuten"},"schema":{"@context":"https:\/\/schema.org","@graph":[{"@type":"WebPage","@id":"https:\/\/www.bise.ch\/de\/shop\/","url":"https:\/\/www.bise.ch\/de\/shop\/","name":"Shop | M\u00f6bel Bise | M\u00f6belgesch\u00e4ft | M\u00f6bel | Freiburg | Bulle","isPartOf":{"@id":"https:\/\/www.bise.ch\/de\/#website"},"datePublished":"2022-12-05T20:47:53+00:00","dateModified":"2025-04-03T17:13:14+00:00","description":"Erkunden Sie den Online-Shop von Bise M\u00f6bel & M\u00f6bel, der eine gro\u00dfe Auswahl an hochwertigen M\u00f6beln zur Gestaltung Ihrer Innen- und Au\u00dfenr\u00e4ume bietet. Entdecken Sie Kollektionen f\u00fcr Ihr Wohnzimmer, Esszimmer, Schlafzimmer, B\u00fcro, \u00f6ffentliche Einrichtungen und G\u00e4rten. Nutzen Sie unser Fachwissen im Bereich Einrichtung und unseren pers\u00f6nlichen Service, um Ihre Pl\u00e4ne zu verwirklichen.","breadcrumb":{"@id":"https:\/\/www.bise.ch\/de\/shop\/#breadcrumb"},"inLanguage":"de","potentialAction":[{"@type":"ReadAction","target":["https:\/\/www.bise.ch\/de\/shop\/"]}]},{"@type":"BreadcrumbList","@id":"https:\/\/www.bise.ch\/de\/shop\/#breadcrumb","itemListElement":[{"@type":"ListItem","position":1,"name":"Startseite","item":"https:\/\/www.bise.ch\/de\/"},{"@type":"ListItem","position":2,"name":"Shop"}]},{"@type":"WebSite","@id":"https:\/\/www.bise.ch\/de\/#website","url":"https:\/\/www.bise.ch\/de\/","name":"Meubles Bise | Magasin de meubles | Mobilier | Fribourg | Bulle","description":"Wir erwecken Ihre Ra\u0308ume zum Leben","publisher":{"@id":"https:\/\/www.bise.ch\/de\/#organization"},"alternateName":"Georges Bise SA","potentialAction":[{"@type":"SearchAction","target":{"@type":"EntryPoint","urlTemplate":"https:\/\/www.bise.ch\/de\/?s={search_term_string}"},"query-input":{"@type":"PropertyValueSpecification","valueRequired":true,"valueName":"search_term_string"}}],"inLanguage":"de"},{"@type":"Organization","@id":"https:\/\/www.bise.ch\/de\/#organization","name":"M\u00f6bel Bise | M\u00f6belgesch\u00e4ft | M\u00f6bel | Freiburg | Bulle","alternateName":"Georges Bise SA","url":"https:\/\/www.bise.ch\/de\/","logo":{"@type":"ImageObject","inLanguage":"de","@id":"https:\/\/www.bise.ch\/de\/#\/schema\/logo\/image\/","url":"https:\/\/www.bise.ch\/wp-content\/uploads\/LogoBise.png","contentUrl":"https:\/\/www.bise.ch\/wp-content\/uploads\/LogoBise.png","width":4267,"height":4267,"caption":"M\u00f6bel Bise | M\u00f6belgesch\u00e4ft | M\u00f6bel | Freiburg | Bulle"},"image":{"@id":"https:\/\/www.bise.ch\/de\/#\/schema\/logo\/image\/"},"sameAs":["https:\/\/www.facebook.com\/bisemeubles\/","https:\/\/www.instagram.com\/bisemeubles\/","https:\/\/ch.linkedin.com\/company\/bise-meubles-moebel"]}]}},"_links":{"self":[{"href":"https:\/\/www.bise.ch\/de\/wp-json\/wp\/v2\/pages\/32536","targetHints":{"allow":["GET"]}}],"collection":[{"href":"https:\/\/www.bise.ch\/de\/wp-json\/wp\/v2\/pages"}],"about":[{"href":"https:\/\/www.bise.ch\/de\/wp-json\/wp\/v2\/types\/page"}],"author":[{"embeddable":true,"href":"https:\/\/www.bise.ch\/de\/wp-json\/wp\/v2\/users\/1"}],"replies":[{"embeddable":true,"href":"https:\/\/www.bise.ch\/de\/wp-json\/wp\/v2\/comments?post=32536"}],"version-history":[{"count":3,"href":"https:\/\/www.bise.ch\/de\/wp-json\/wp\/v2\/pages\/32536\/revisions"}],"predecessor-version":[{"id":57085,"href":"https:\/\/www.bise.ch\/de\/wp-json\/wp\/v2\/pages\/32536\/revisions\/57085"}],"wp:attachment":[{"href":"https:\/\/www.bise.ch\/de\/wp-json\/wp\/v2\/media?parent=32536"}],"curies":[{"name":"wp","href":"https:\/\/api.w.org\/{rel}","templated":true}]}}