{"id":54874,"date":"2021-01-19T11:56:34","date_gmt":"2021-01-19T10:56:34","guid":{"rendered":"https:\/\/bise.ch\/produit\/liv-3\/"},"modified":"2021-01-19T11:56:34","modified_gmt":"2021-01-19T10:56:34","slug":"liv-3","status":"publish","type":"product","link":"https:\/\/www.bise.ch\/de\/produit\/liv-3\/","title":{"rendered":"Liv"},"content":{"rendered":"<p><strong>LIV. YOUR LIFE.<\/strong><br \/>\nDas Rolf Benz Sofa passt sich den vielf\u00e4ltigen Bed\u00fcrfnissen Ihres Wohnzimmers an. Deutsche Qualit\u00e4t und Technologie werden mit italienischem Design kombiniert. Die perfekte Kombination aus geometrischen Linien und l\u00e4ssigem Komfort. Ob Einzelsofa, Modulsofa oder Sessel, alle Modelle des Rolf Benz Liv strahlen diesen anspruchsvollen Eindruck aus.<\/p>\n<p><strong>Stellen Sie sich Ihr Liv-Sofa zusammen<\/strong><br \/>\nDie Liv-Sofas werden von einem filigranen Metallrahmen getragen. Die innovative Unterfederung bietet einen hohen Komfort. Acht verschiedene Strukturen dienen als Tr\u00e4ger und erm\u00f6glichen eine ganz individuelle Zusammenstellung von Sitzkissen, R\u00fcckenlehnen und Seitenelementen.&nbsp;Zwei Sitztiefen und zwei R\u00fcckenlehnenbreiten erm\u00f6glichen es Ihnen, das Sofa Liv zu gestalten. Das Design wird durch die funktionalen Regale unterstrichen, die praktischen Stauraum bieten. Mit Zierkissen und einer gro\u00dfen Auswahl an Stoff- und Lederbez\u00fcgen k\u00f6nnen Sie sich Ihr ganz pers\u00f6nliches Sofa zusammenstellen. Der Korpus und die F\u00fc\u00dfe des Sofas sind in den Farben Schwarz, Anthrazitgrau oder Metallicbraun mit subtilen Reflexen erh\u00e4ltlich und passen zu allen Bezugsmaterialien. Der Rahmen der Regale ist in schwarz oder anthrazitgrau erh\u00e4ltlich. Die Ablagefl\u00e4chen sind entweder aus poliertem Naturstein in Graphitbraun oder Carrara oder aus transparentem Glas mit schwarz, anthrazitgrau oder metallic-braun lackierter Unterseite erh\u00e4ltlich.<\/p>\n<p><strong>Geometrische Strenge und l\u00e4ssiger Komfort<\/strong><br \/>\nDer international bekannte Designer Luca Nichetto hat sich bei der Gestaltung des Rolf Benz Liv auf die Bed\u00fcrfnisse eines zeitgen\u00f6ssischen Interieurs konzentriert. So entstand ein Sofaprogramm, das geometrische Strenge mit l\u00e4ssigem Komfort verbindet. Diesen Eindruck vermittelt das Liv in all seinen Varianten&nbsp;: Einzelsofa, Sessel oder Kombinationen aus Sessel und Sofa. Das Modell Liv bietet dar\u00fcber hinaus eine nahezu unendliche Vielfalt an Gestaltungsm\u00f6glichkeiten. Entdecken Sie 8 verschiedene, filigrane Rahmen, die als Unterlage f\u00fcr die Sitzkissen mit Federunterfederung dienen. Die Struktur ist in Braun, Schwarz und Anthrazitgrau erh\u00e4ltlich und l\u00e4sst sich mit einer gro\u00dfen Auswahl an Stoffen und Leder kombinieren. Ton in Ton oder kontrastreich, Liv ist immer ausdrucksstark. Gestalten Sie Ihr Sofa- und Sesselprogramm Liv mit den integrierten Staur\u00e4umen und Regalen noch individueller. Der Rolf Benz Liv setzt Ihnen keine Grenzen.<\/p>\n<p><strong>Die bezaubernden Komplizen des Rolf Benz Liv<\/strong><br \/>\nDer Rolf Benz Liv passt perfekt zu den passenden Couchtischen und Sideboards. Die \u00c4sthetik dieser praktischen Staur\u00e4ume entspricht der des Sofaprogramms. Passen Sie die Oberfl\u00e4chen der Couchtische und Beistelltische an die im Liv integrierten Regale an, z.B. aus Naturstein.<strong> <\/strong><br \/>\n&nbsp;<\/p>\n","protected":false},"excerpt":{"rendered":"<p>Sofa<\/p>\n","protected":false},"featured_media":50832,"template":"","meta":{"_et_pb_use_builder":"","_et_pb_old_content":"","_et_gb_content_width":""},"product_brand":[4336],"product_cat":[321],"product_tag":[],"class_list":{"0":"post-54874","1":"product","2":"type-product","3":"status-publish","4":"has-post-thumbnail","6":"product_brand-rolfbenz_de","7":"product_cat-sofas","8":"pa_designation_de-sofa-de","9":"pa_designation_fr-sofa","11":"first","12":"instock","13":"shipping-taxable","14":"purchasable","15":"product-type-simple"},"yoast_head":"<!-- This site is optimized with the Yoast SEO plugin v27.1.1 - https:\/\/yoast.com\/product\/yoast-seo-wordpress\/ -->\n<title>Liv | M\u00f6bel Bise | M\u00f6belgesch\u00e4ft | M\u00f6bel | Freiburg | Bulle<\/title>\n<meta name=\"robots\" content=\"index, follow, max-snippet:-1, max-image-preview:large, max-video-preview:-1\" \/>\n<link rel=\"canonical\" href=\"https:\/\/www.bise.ch\/de\/produit\/liv-3\/\" \/>\n<meta property=\"og:locale\" content=\"de_DE\" \/>\n<meta property=\"og:type\" content=\"article\" \/>\n<meta property=\"og:title\" content=\"Liv | M\u00f6bel Bise | M\u00f6belgesch\u00e4ft | M\u00f6bel | Freiburg | Bulle\" \/>\n<meta property=\"og:description\" content=\"Sofa\" \/>\n<meta property=\"og:url\" content=\"https:\/\/www.bise.ch\/de\/produit\/liv-3\/\" \/>\n<meta property=\"og:site_name\" content=\"M\u00f6bel Bise | M\u00f6belgesch\u00e4ft | M\u00f6bel | Freiburg | Bulle\" \/>\n<meta property=\"article:publisher\" content=\"https:\/\/www.facebook.com\/bisemeubles\/\" \/>\n<meta property=\"og:image\" content=\"https:\/\/www.bise.ch\/wp-content\/uploads\/sofa-rolf-benz-liv-1920_0-jpg.webp\" \/>\n\t<meta property=\"og:image:width\" content=\"1920\" \/>\n\t<meta property=\"og:image:height\" content=\"1080\" \/>\n\t<meta property=\"og:image:type\" content=\"image\/jpeg\" \/>\n<meta name=\"twitter:card\" content=\"summary_large_image\" \/>\n<meta name=\"twitter:label1\" content=\"Gesch\u00e4tzte Lesezeit\" \/>\n\t<meta name=\"twitter:data1\" content=\"2\u00a0Minuten\" \/>\n<script type=\"application\/ld+json\" class=\"yoast-schema-graph\">{\"@context\":\"https:\/\/schema.org\",\"@graph\":[{\"@type\":\"WebPage\",\"@id\":\"https:\/\/www.bise.ch\/de\/produit\/liv-3\/\",\"url\":\"https:\/\/www.bise.ch\/de\/produit\/liv-3\/\",\"name\":\"Liv | M\u00f6bel Bise | M\u00f6belgesch\u00e4ft | M\u00f6bel | Freiburg | Bulle\",\"isPartOf\":{\"@id\":\"https:\/\/www.bise.ch\/de\/#website\"},\"primaryImageOfPage\":{\"@id\":\"https:\/\/www.bise.ch\/de\/produit\/liv-3\/#primaryimage\"},\"image\":{\"@id\":\"https:\/\/www.bise.ch\/de\/produit\/liv-3\/#primaryimage\"},\"thumbnailUrl\":\"https:\/\/www.bise.ch\/wp-content\/uploads\/sofa-rolf-benz-liv-1920_0-jpg.webp\",\"datePublished\":\"2021-01-19T10:56:34+00:00\",\"breadcrumb\":{\"@id\":\"https:\/\/www.bise.ch\/de\/produit\/liv-3\/#breadcrumb\"},\"inLanguage\":\"de\",\"potentialAction\":[{\"@type\":\"ReadAction\",\"target\":[\"https:\/\/www.bise.ch\/de\/produit\/liv-3\/\"]}]},{\"@type\":\"ImageObject\",\"inLanguage\":\"de\",\"@id\":\"https:\/\/www.bise.ch\/de\/produit\/liv-3\/#primaryimage\",\"url\":\"https:\/\/www.bise.ch\/wp-content\/uploads\/sofa-rolf-benz-liv-1920_0-jpg.webp\",\"contentUrl\":\"https:\/\/www.bise.ch\/wp-content\/uploads\/sofa-rolf-benz-liv-1920_0-jpg.webp\",\"width\":1920,\"height\":1080,\"caption\":\"sofa-rolf-benz-liv-1920\"},{\"@type\":\"BreadcrumbList\",\"@id\":\"https:\/\/www.bise.ch\/de\/produit\/liv-3\/#breadcrumb\",\"itemListElement\":[{\"@type\":\"ListItem\",\"position\":1,\"name\":\"Startseite\",\"item\":\"https:\/\/www.bise.ch\/de\/\"},{\"@type\":\"ListItem\",\"position\":2,\"name\":\"Shop\",\"item\":\"https:\/\/www.bise.ch\/de\/shop\/\"},{\"@type\":\"ListItem\",\"position\":3,\"name\":\"Liv\"}]},{\"@type\":\"WebSite\",\"@id\":\"https:\/\/www.bise.ch\/de\/#website\",\"url\":\"https:\/\/www.bise.ch\/de\/\",\"name\":\"Meubles Bise | Magasin de meubles | Mobilier | Fribourg | Bulle\",\"description\":\"Wir erwecken Ihre Ra\u0308ume zum Leben\",\"publisher\":{\"@id\":\"https:\/\/www.bise.ch\/de\/#organization\"},\"alternateName\":\"Georges Bise SA\",\"potentialAction\":[{\"@type\":\"SearchAction\",\"target\":{\"@type\":\"EntryPoint\",\"urlTemplate\":\"https:\/\/www.bise.ch\/de\/?s={search_term_string}\"},\"query-input\":{\"@type\":\"PropertyValueSpecification\",\"valueRequired\":true,\"valueName\":\"search_term_string\"}}],\"inLanguage\":\"de\"},{\"@type\":\"Organization\",\"@id\":\"https:\/\/www.bise.ch\/de\/#organization\",\"name\":\"M\u00f6bel Bise | M\u00f6belgesch\u00e4ft | M\u00f6bel | Freiburg | Bulle\",\"alternateName\":\"Georges Bise SA\",\"url\":\"https:\/\/www.bise.ch\/de\/\",\"logo\":{\"@type\":\"ImageObject\",\"inLanguage\":\"de\",\"@id\":\"https:\/\/www.bise.ch\/de\/#\/schema\/logo\/image\/\",\"url\":\"https:\/\/www.bise.ch\/wp-content\/uploads\/LogoBise.png\",\"contentUrl\":\"https:\/\/www.bise.ch\/wp-content\/uploads\/LogoBise.png\",\"width\":4267,\"height\":4267,\"caption\":\"M\u00f6bel Bise | M\u00f6belgesch\u00e4ft | M\u00f6bel | Freiburg | Bulle\"},\"image\":{\"@id\":\"https:\/\/www.bise.ch\/de\/#\/schema\/logo\/image\/\"},\"sameAs\":[\"https:\/\/www.facebook.com\/bisemeubles\/\",\"https:\/\/www.instagram.com\/bisemeubles\/\",\"https:\/\/ch.linkedin.com\/company\/bise-meubles-moebel\"]}]}<\/script>\n<!-- \/ Yoast SEO plugin. -->","yoast_head_json":{"title":"Liv | M\u00f6bel Bise | M\u00f6belgesch\u00e4ft | M\u00f6bel | Freiburg | Bulle","robots":{"index":"index","follow":"follow","max-snippet":"max-snippet:-1","max-image-preview":"max-image-preview:large","max-video-preview":"max-video-preview:-1"},"canonical":"https:\/\/www.bise.ch\/de\/produit\/liv-3\/","og_locale":"de_DE","og_type":"article","og_title":"Liv | M\u00f6bel Bise | M\u00f6belgesch\u00e4ft | M\u00f6bel | Freiburg | Bulle","og_description":"Sofa","og_url":"https:\/\/www.bise.ch\/de\/produit\/liv-3\/","og_site_name":"M\u00f6bel Bise | M\u00f6belgesch\u00e4ft | M\u00f6bel | Freiburg | Bulle","article_publisher":"https:\/\/www.facebook.com\/bisemeubles\/","og_image":[{"width":1920,"height":1080,"url":"https:\/\/www.bise.ch\/wp-content\/uploads\/sofa-rolf-benz-liv-1920_0-jpg.webp","type":"image\/jpeg"}],"twitter_card":"summary_large_image","twitter_misc":{"Gesch\u00e4tzte Lesezeit":"2\u00a0Minuten"},"schema":{"@context":"https:\/\/schema.org","@graph":[{"@type":"WebPage","@id":"https:\/\/www.bise.ch\/de\/produit\/liv-3\/","url":"https:\/\/www.bise.ch\/de\/produit\/liv-3\/","name":"Liv | M\u00f6bel Bise | M\u00f6belgesch\u00e4ft | M\u00f6bel | Freiburg | Bulle","isPartOf":{"@id":"https:\/\/www.bise.ch\/de\/#website"},"primaryImageOfPage":{"@id":"https:\/\/www.bise.ch\/de\/produit\/liv-3\/#primaryimage"},"image":{"@id":"https:\/\/www.bise.ch\/de\/produit\/liv-3\/#primaryimage"},"thumbnailUrl":"https:\/\/www.bise.ch\/wp-content\/uploads\/sofa-rolf-benz-liv-1920_0-jpg.webp","datePublished":"2021-01-19T10:56:34+00:00","breadcrumb":{"@id":"https:\/\/www.bise.ch\/de\/produit\/liv-3\/#breadcrumb"},"inLanguage":"de","potentialAction":[{"@type":"ReadAction","target":["https:\/\/www.bise.ch\/de\/produit\/liv-3\/"]}]},{"@type":"ImageObject","inLanguage":"de","@id":"https:\/\/www.bise.ch\/de\/produit\/liv-3\/#primaryimage","url":"https:\/\/www.bise.ch\/wp-content\/uploads\/sofa-rolf-benz-liv-1920_0-jpg.webp","contentUrl":"https:\/\/www.bise.ch\/wp-content\/uploads\/sofa-rolf-benz-liv-1920_0-jpg.webp","width":1920,"height":1080,"caption":"sofa-rolf-benz-liv-1920"},{"@type":"BreadcrumbList","@id":"https:\/\/www.bise.ch\/de\/produit\/liv-3\/#breadcrumb","itemListElement":[{"@type":"ListItem","position":1,"name":"Startseite","item":"https:\/\/www.bise.ch\/de\/"},{"@type":"ListItem","position":2,"name":"Shop","item":"https:\/\/www.bise.ch\/de\/shop\/"},{"@type":"ListItem","position":3,"name":"Liv"}]},{"@type":"WebSite","@id":"https:\/\/www.bise.ch\/de\/#website","url":"https:\/\/www.bise.ch\/de\/","name":"Meubles Bise | Magasin de meubles | Mobilier | Fribourg | Bulle","description":"Wir erwecken Ihre Ra\u0308ume zum Leben","publisher":{"@id":"https:\/\/www.bise.ch\/de\/#organization"},"alternateName":"Georges Bise SA","potentialAction":[{"@type":"SearchAction","target":{"@type":"EntryPoint","urlTemplate":"https:\/\/www.bise.ch\/de\/?s={search_term_string}"},"query-input":{"@type":"PropertyValueSpecification","valueRequired":true,"valueName":"search_term_string"}}],"inLanguage":"de"},{"@type":"Organization","@id":"https:\/\/www.bise.ch\/de\/#organization","name":"M\u00f6bel Bise | M\u00f6belgesch\u00e4ft | M\u00f6bel | Freiburg | Bulle","alternateName":"Georges Bise SA","url":"https:\/\/www.bise.ch\/de\/","logo":{"@type":"ImageObject","inLanguage":"de","@id":"https:\/\/www.bise.ch\/de\/#\/schema\/logo\/image\/","url":"https:\/\/www.bise.ch\/wp-content\/uploads\/LogoBise.png","contentUrl":"https:\/\/www.bise.ch\/wp-content\/uploads\/LogoBise.png","width":4267,"height":4267,"caption":"M\u00f6bel Bise | M\u00f6belgesch\u00e4ft | M\u00f6bel | Freiburg | Bulle"},"image":{"@id":"https:\/\/www.bise.ch\/de\/#\/schema\/logo\/image\/"},"sameAs":["https:\/\/www.facebook.com\/bisemeubles\/","https:\/\/www.instagram.com\/bisemeubles\/","https:\/\/ch.linkedin.com\/company\/bise-meubles-moebel"]}]}},"_links":{"self":[{"href":"https:\/\/www.bise.ch\/de\/wp-json\/wp\/v2\/product\/54874","targetHints":{"allow":["GET"]}}],"collection":[{"href":"https:\/\/www.bise.ch\/de\/wp-json\/wp\/v2\/product"}],"about":[{"href":"https:\/\/www.bise.ch\/de\/wp-json\/wp\/v2\/types\/product"}],"wp:featuredmedia":[{"embeddable":true,"href":"https:\/\/www.bise.ch\/de\/wp-json\/wp\/v2\/media\/50832"}],"wp:attachment":[{"href":"https:\/\/www.bise.ch\/de\/wp-json\/wp\/v2\/media?parent=54874"}],"wp:term":[{"taxonomy":"product_brand","embeddable":true,"href":"https:\/\/www.bise.ch\/de\/wp-json\/wp\/v2\/product_brand?post=54874"},{"taxonomy":"product_cat","embeddable":true,"href":"https:\/\/www.bise.ch\/de\/wp-json\/wp\/v2\/product_cat?post=54874"},{"taxonomy":"product_tag","embeddable":true,"href":"https:\/\/www.bise.ch\/de\/wp-json\/wp\/v2\/product_tag?post=54874"}],"curies":[{"name":"wp","href":"https:\/\/api.w.org\/{rel}","templated":true}]}}