{"id":54937,"date":"2018-09-25T14:54:31","date_gmt":"2018-09-25T12:54:31","guid":{"rendered":"https:\/\/bise.ch\/produit\/rondo\/"},"modified":"2018-09-25T14:54:31","modified_gmt":"2018-09-25T12:54:31","slug":"rondo","status":"publish","type":"product","link":"https:\/\/www.bise.ch\/de\/produit\/rondo\/","title":{"rendered":"Rondo"},"content":{"rendered":"<p><strong>Faulenzen mit Stil und Eleganz<\/strong><br \/>\nDas Rolf Benz RONDO Anreihsofa bricht mit dem altmodischen Bild von Eleganz, indem es eine schlanke, hohe R\u00fcckenlehne mit abgerundeten Linien und wunderbar weiche Sitz- und R\u00fcckenkissen bietet. Der weiche und angenehme Sitzkomfort &#8222;Lounge Deluxe&#8220; verleiht ihm au\u00dferdem einen unaufdringlichen Stil. Die Komfortstufe &#8222;Lounge Plus&#8220; verwandelt die Fl\u00e4che in eine ruhige Oase des Wohlbefindens. Ob als Einzelsofa in drei Gesamtbreiten oder als Kombination aus modularen Elementmodellen f\u00fcr individuelle Einrichtungen, der zarte Korpus und die schlanken F\u00fc\u00dfe des Sofas verleihen ihm Leichtigkeit und unterstreichen seine moderne und l\u00e4ssige Eleganz. Die F\u00fc\u00dfe aus Aluminiumguss sind in den Ausf\u00fchrungen signalschwarz, grau schattiert oder poliert erh\u00e4ltlich. W\u00e4hlen Sie zwischen zwei Sitzh\u00f6hen und vervollst\u00e4ndigen Sie Ihre Wahl mit der optionalen Kopfst\u00fctze und dem Couchtisch und Beistelltisch Rolf Benz 947, die einen charmanten Dialog mit dem Sofa aufnehmen. Egal, ob Sie mit Freunden oder der Familie zusammensitzen: Sie werden immer stilvoll faulenzen.<\/p>\n<p><strong>Auswahl des Belags<\/strong><br \/>\nW\u00e4hlen Sie aus unserer aktuellen Stoff- und Lederkollektion den passenden Bezug f\u00fcr Ihre Bed\u00fcrfnisse und Ihre Inneneinrichtung. Mehr als 200 Stoffe und 100 Leder stehen Ihnen zur Verf\u00fcgung, um Ihr Sofa einzigartig zu machen.<\/p>\n","protected":false},"excerpt":{"rendered":"<p>Sofa<\/p>\n","protected":false},"featured_media":36894,"template":"","meta":{"_et_pb_use_builder":"","_et_pb_old_content":"","_et_gb_content_width":""},"product_brand":[4336],"product_cat":[321],"product_tag":[],"class_list":{"0":"post-54937","1":"product","2":"type-product","3":"status-publish","4":"has-post-thumbnail","6":"product_brand-rolfbenz_de","7":"product_cat-sofas","8":"pa_designation_de-polstergruppe-de","9":"pa_designation_fr-sofa","11":"first","12":"instock","13":"shipping-taxable","14":"purchasable","15":"product-type-simple"},"yoast_head":"<!-- This site is optimized with the Yoast SEO plugin v27.1.1 - https:\/\/yoast.com\/product\/yoast-seo-wordpress\/ -->\n<title>Rondo | M\u00f6bel Bise | M\u00f6belgesch\u00e4ft | M\u00f6bel | Freiburg | Bulle<\/title>\n<meta name=\"robots\" content=\"index, follow, max-snippet:-1, max-image-preview:large, max-video-preview:-1\" \/>\n<link rel=\"canonical\" href=\"https:\/\/www.bise.ch\/de\/produit\/rondo\/\" \/>\n<meta property=\"og:locale\" content=\"de_DE\" \/>\n<meta property=\"og:type\" content=\"article\" \/>\n<meta property=\"og:title\" content=\"Rondo | M\u00f6bel Bise | M\u00f6belgesch\u00e4ft | M\u00f6bel | Freiburg | Bulle\" \/>\n<meta property=\"og:description\" content=\"Sofa\" \/>\n<meta property=\"og:url\" content=\"https:\/\/www.bise.ch\/de\/produit\/rondo\/\" \/>\n<meta property=\"og:site_name\" content=\"M\u00f6bel Bise | M\u00f6belgesch\u00e4ft | M\u00f6bel | Freiburg | Bulle\" \/>\n<meta property=\"article:publisher\" content=\"https:\/\/www.facebook.com\/bisemeubles\/\" \/>\n<meta property=\"og:image\" content=\"https:\/\/www.bise.ch\/wp-content\/uploads\/csm_rolfbenz-rondo-freisteller-006_9bbec59a3f_0.jpg\" \/>\n\t<meta property=\"og:image:width\" content=\"1218\" \/>\n\t<meta property=\"og:image:height\" content=\"594\" \/>\n\t<meta property=\"og:image:type\" content=\"image\/jpeg\" \/>\n<meta name=\"twitter:card\" content=\"summary_large_image\" \/>\n<meta name=\"twitter:label1\" content=\"Gesch\u00e4tzte Lesezeit\" \/>\n\t<meta name=\"twitter:data1\" content=\"1\u00a0Minute\" \/>\n<script type=\"application\/ld+json\" class=\"yoast-schema-graph\">{\"@context\":\"https:\/\/schema.org\",\"@graph\":[{\"@type\":\"WebPage\",\"@id\":\"https:\/\/www.bise.ch\/de\/produit\/rondo\/\",\"url\":\"https:\/\/www.bise.ch\/de\/produit\/rondo\/\",\"name\":\"Rondo | M\u00f6bel Bise | M\u00f6belgesch\u00e4ft | M\u00f6bel | Freiburg | Bulle\",\"isPartOf\":{\"@id\":\"https:\/\/www.bise.ch\/de\/#website\"},\"primaryImageOfPage\":{\"@id\":\"https:\/\/www.bise.ch\/de\/produit\/rondo\/#primaryimage\"},\"image\":{\"@id\":\"https:\/\/www.bise.ch\/de\/produit\/rondo\/#primaryimage\"},\"thumbnailUrl\":\"https:\/\/www.bise.ch\/wp-content\/uploads\/csm_rolfbenz-rondo-freisteller-006_9bbec59a3f_0.jpg\",\"datePublished\":\"2018-09-25T12:54:31+00:00\",\"breadcrumb\":{\"@id\":\"https:\/\/www.bise.ch\/de\/produit\/rondo\/#breadcrumb\"},\"inLanguage\":\"de\",\"potentialAction\":[{\"@type\":\"ReadAction\",\"target\":[\"https:\/\/www.bise.ch\/de\/produit\/rondo\/\"]}]},{\"@type\":\"ImageObject\",\"inLanguage\":\"de\",\"@id\":\"https:\/\/www.bise.ch\/de\/produit\/rondo\/#primaryimage\",\"url\":\"https:\/\/www.bise.ch\/wp-content\/uploads\/csm_rolfbenz-rondo-freisteller-006_9bbec59a3f_0.jpg\",\"contentUrl\":\"https:\/\/www.bise.ch\/wp-content\/uploads\/csm_rolfbenz-rondo-freisteller-006_9bbec59a3f_0.jpg\",\"width\":1218,\"height\":594},{\"@type\":\"BreadcrumbList\",\"@id\":\"https:\/\/www.bise.ch\/de\/produit\/rondo\/#breadcrumb\",\"itemListElement\":[{\"@type\":\"ListItem\",\"position\":1,\"name\":\"Startseite\",\"item\":\"https:\/\/www.bise.ch\/de\/\"},{\"@type\":\"ListItem\",\"position\":2,\"name\":\"Shop\",\"item\":\"https:\/\/www.bise.ch\/de\/shop\/\"},{\"@type\":\"ListItem\",\"position\":3,\"name\":\"Rondo\"}]},{\"@type\":\"WebSite\",\"@id\":\"https:\/\/www.bise.ch\/de\/#website\",\"url\":\"https:\/\/www.bise.ch\/de\/\",\"name\":\"Meubles Bise | Magasin de meubles | Mobilier | Fribourg | Bulle\",\"description\":\"Wir erwecken Ihre Ra\u0308ume zum Leben\",\"publisher\":{\"@id\":\"https:\/\/www.bise.ch\/de\/#organization\"},\"alternateName\":\"Georges Bise SA\",\"potentialAction\":[{\"@type\":\"SearchAction\",\"target\":{\"@type\":\"EntryPoint\",\"urlTemplate\":\"https:\/\/www.bise.ch\/de\/?s={search_term_string}\"},\"query-input\":{\"@type\":\"PropertyValueSpecification\",\"valueRequired\":true,\"valueName\":\"search_term_string\"}}],\"inLanguage\":\"de\"},{\"@type\":\"Organization\",\"@id\":\"https:\/\/www.bise.ch\/de\/#organization\",\"name\":\"M\u00f6bel Bise | M\u00f6belgesch\u00e4ft | M\u00f6bel | Freiburg | Bulle\",\"alternateName\":\"Georges Bise SA\",\"url\":\"https:\/\/www.bise.ch\/de\/\",\"logo\":{\"@type\":\"ImageObject\",\"inLanguage\":\"de\",\"@id\":\"https:\/\/www.bise.ch\/de\/#\/schema\/logo\/image\/\",\"url\":\"https:\/\/www.bise.ch\/wp-content\/uploads\/LogoBise.png\",\"contentUrl\":\"https:\/\/www.bise.ch\/wp-content\/uploads\/LogoBise.png\",\"width\":4267,\"height\":4267,\"caption\":\"M\u00f6bel Bise | M\u00f6belgesch\u00e4ft | M\u00f6bel | Freiburg | Bulle\"},\"image\":{\"@id\":\"https:\/\/www.bise.ch\/de\/#\/schema\/logo\/image\/\"},\"sameAs\":[\"https:\/\/www.facebook.com\/bisemeubles\/\",\"https:\/\/www.instagram.com\/bisemeubles\/\",\"https:\/\/ch.linkedin.com\/company\/bise-meubles-moebel\"]}]}<\/script>\n<!-- \/ Yoast SEO plugin. -->","yoast_head_json":{"title":"Rondo | M\u00f6bel Bise | M\u00f6belgesch\u00e4ft | M\u00f6bel | Freiburg | Bulle","robots":{"index":"index","follow":"follow","max-snippet":"max-snippet:-1","max-image-preview":"max-image-preview:large","max-video-preview":"max-video-preview:-1"},"canonical":"https:\/\/www.bise.ch\/de\/produit\/rondo\/","og_locale":"de_DE","og_type":"article","og_title":"Rondo | M\u00f6bel Bise | M\u00f6belgesch\u00e4ft | M\u00f6bel | Freiburg | Bulle","og_description":"Sofa","og_url":"https:\/\/www.bise.ch\/de\/produit\/rondo\/","og_site_name":"M\u00f6bel Bise | M\u00f6belgesch\u00e4ft | M\u00f6bel | Freiburg | Bulle","article_publisher":"https:\/\/www.facebook.com\/bisemeubles\/","og_image":[{"width":1218,"height":594,"url":"https:\/\/www.bise.ch\/wp-content\/uploads\/csm_rolfbenz-rondo-freisteller-006_9bbec59a3f_0.jpg","type":"image\/jpeg"}],"twitter_card":"summary_large_image","twitter_misc":{"Gesch\u00e4tzte Lesezeit":"1\u00a0Minute"},"schema":{"@context":"https:\/\/schema.org","@graph":[{"@type":"WebPage","@id":"https:\/\/www.bise.ch\/de\/produit\/rondo\/","url":"https:\/\/www.bise.ch\/de\/produit\/rondo\/","name":"Rondo | M\u00f6bel Bise | M\u00f6belgesch\u00e4ft | M\u00f6bel | Freiburg | Bulle","isPartOf":{"@id":"https:\/\/www.bise.ch\/de\/#website"},"primaryImageOfPage":{"@id":"https:\/\/www.bise.ch\/de\/produit\/rondo\/#primaryimage"},"image":{"@id":"https:\/\/www.bise.ch\/de\/produit\/rondo\/#primaryimage"},"thumbnailUrl":"https:\/\/www.bise.ch\/wp-content\/uploads\/csm_rolfbenz-rondo-freisteller-006_9bbec59a3f_0.jpg","datePublished":"2018-09-25T12:54:31+00:00","breadcrumb":{"@id":"https:\/\/www.bise.ch\/de\/produit\/rondo\/#breadcrumb"},"inLanguage":"de","potentialAction":[{"@type":"ReadAction","target":["https:\/\/www.bise.ch\/de\/produit\/rondo\/"]}]},{"@type":"ImageObject","inLanguage":"de","@id":"https:\/\/www.bise.ch\/de\/produit\/rondo\/#primaryimage","url":"https:\/\/www.bise.ch\/wp-content\/uploads\/csm_rolfbenz-rondo-freisteller-006_9bbec59a3f_0.jpg","contentUrl":"https:\/\/www.bise.ch\/wp-content\/uploads\/csm_rolfbenz-rondo-freisteller-006_9bbec59a3f_0.jpg","width":1218,"height":594},{"@type":"BreadcrumbList","@id":"https:\/\/www.bise.ch\/de\/produit\/rondo\/#breadcrumb","itemListElement":[{"@type":"ListItem","position":1,"name":"Startseite","item":"https:\/\/www.bise.ch\/de\/"},{"@type":"ListItem","position":2,"name":"Shop","item":"https:\/\/www.bise.ch\/de\/shop\/"},{"@type":"ListItem","position":3,"name":"Rondo"}]},{"@type":"WebSite","@id":"https:\/\/www.bise.ch\/de\/#website","url":"https:\/\/www.bise.ch\/de\/","name":"Meubles Bise | Magasin de meubles | Mobilier | Fribourg | Bulle","description":"Wir erwecken Ihre Ra\u0308ume zum Leben","publisher":{"@id":"https:\/\/www.bise.ch\/de\/#organization"},"alternateName":"Georges Bise SA","potentialAction":[{"@type":"SearchAction","target":{"@type":"EntryPoint","urlTemplate":"https:\/\/www.bise.ch\/de\/?s={search_term_string}"},"query-input":{"@type":"PropertyValueSpecification","valueRequired":true,"valueName":"search_term_string"}}],"inLanguage":"de"},{"@type":"Organization","@id":"https:\/\/www.bise.ch\/de\/#organization","name":"M\u00f6bel Bise | M\u00f6belgesch\u00e4ft | M\u00f6bel | Freiburg | Bulle","alternateName":"Georges Bise SA","url":"https:\/\/www.bise.ch\/de\/","logo":{"@type":"ImageObject","inLanguage":"de","@id":"https:\/\/www.bise.ch\/de\/#\/schema\/logo\/image\/","url":"https:\/\/www.bise.ch\/wp-content\/uploads\/LogoBise.png","contentUrl":"https:\/\/www.bise.ch\/wp-content\/uploads\/LogoBise.png","width":4267,"height":4267,"caption":"M\u00f6bel Bise | M\u00f6belgesch\u00e4ft | M\u00f6bel | Freiburg | Bulle"},"image":{"@id":"https:\/\/www.bise.ch\/de\/#\/schema\/logo\/image\/"},"sameAs":["https:\/\/www.facebook.com\/bisemeubles\/","https:\/\/www.instagram.com\/bisemeubles\/","https:\/\/ch.linkedin.com\/company\/bise-meubles-moebel"]}]}},"_links":{"self":[{"href":"https:\/\/www.bise.ch\/de\/wp-json\/wp\/v2\/product\/54937","targetHints":{"allow":["GET"]}}],"collection":[{"href":"https:\/\/www.bise.ch\/de\/wp-json\/wp\/v2\/product"}],"about":[{"href":"https:\/\/www.bise.ch\/de\/wp-json\/wp\/v2\/types\/product"}],"wp:featuredmedia":[{"embeddable":true,"href":"https:\/\/www.bise.ch\/de\/wp-json\/wp\/v2\/media\/36894"}],"wp:attachment":[{"href":"https:\/\/www.bise.ch\/de\/wp-json\/wp\/v2\/media?parent=54937"}],"wp:term":[{"taxonomy":"product_brand","embeddable":true,"href":"https:\/\/www.bise.ch\/de\/wp-json\/wp\/v2\/product_brand?post=54937"},{"taxonomy":"product_cat","embeddable":true,"href":"https:\/\/www.bise.ch\/de\/wp-json\/wp\/v2\/product_cat?post=54937"},{"taxonomy":"product_tag","embeddable":true,"href":"https:\/\/www.bise.ch\/de\/wp-json\/wp\/v2\/product_tag?post=54937"}],"curies":[{"name":"wp","href":"https:\/\/api.w.org\/{rel}","templated":true}]}}