{"id":54944,"date":"2018-09-24T13:49:23","date_gmt":"2018-09-24T11:49:23","guid":{"rendered":"https:\/\/bise.ch\/produit\/nuvola\/"},"modified":"2018-09-24T13:49:23","modified_gmt":"2018-09-24T11:49:23","slug":"nuvola","status":"publish","type":"product","link":"https:\/\/www.bise.ch\/de\/produit\/nuvola\/","title":{"rendered":"Nuvola"},"content":{"rendered":"<p><strong>Lassen Sie das Leben herein<\/strong><br \/>\nVerbringen Sie Zeit mit Ihrer Familie, empfangen Sie Ihre Freunde oder genie\u00dfen Sie einfach einen Moment allein, um sich zu entspannen. Rolf Benz NUVOLA passt zu Ihrem Leben. Diese komfortable und gro\u00dfz\u00fcgige integrierte Serie bietet eine gro\u00dfe Auswahl an einzelnen Elementen, die Ihnen die unterschiedlichsten Einrichtungen erm\u00f6glichen. Das modulare Sofa \u00fcberzeugt durch seinen diskreten Stil, der mit den internationalen Trends \u00fcbereinstimmt. Er verwandelt jeden Aufenthalt in einen lebendigen Ort des Lebens oder eine Oase der Ruhe.<\/p>\n<p><strong>Bewegungsfreiheit<\/strong><br \/>\nRolf Benz NUVOLA l\u00e4sst Ihren W\u00fcnschen freien Lauf und bietet Ihnen die M\u00f6glichkeit, Ihre Einrichtung frei zu ver\u00e4ndern. Jedes einzelne Element dieser modularen Reihe kann einzeln oder in Kombination mit anderen Elementen installiert werden. Die Sitze sind in verschiedenen Gr\u00f6\u00dfen, mit oder ohne Armlehnen und als gepolsterte Bank ohne R\u00fcckenlehne erh\u00e4ltlich, so dass die Einrichtung flexibel und anpassungsf\u00e4hig ist.&nbsp;Sie schaffen eine flexible Inneneinrichtung und ein Sofa, das perfekt zu Ihren W\u00fcnschen passt: Sie haben drei Sitzh\u00f6hen, drei Fu\u00dfmodelle (polierter Aluminiumguss, Signalschwarz, Schattengrau) und zwei Polsterkomfortstufen, Lounge Plus und Lounge Deluxe.<br \/>\nEs ist ein Vergn\u00fcgen, sich zur\u00fcckzulehnen und die Sorgen des Alltags zu vergessen. Entdecken Sie einen unvergleichlichen Komfort: mit dem neuen Sitzkomfort Lounge Deluxe, einer sehr weichen Polsterung, die zum Entspannen einl\u00e4dt und ein sanftes, ruhiges Sitzen erm\u00f6glicht. Er besteht aus drei ergonomischen Schaumstoffen, die mit einer Matratze aus innovativen Hightech-Fasern bedeckt sind, deren einzelne Bl\u00f6cke mit Viskoseschaum gepolstert sind und die mit einem dreilagigen Vliesstoff mit anspruchsvoller Verarbeitung bezogen ist. Um allen Sitzerwartungen gerecht zu werden, ist der bew\u00e4hrte Sitzkomfort Lounge Plus auch mit einer flacheren Oberfl\u00e4che erh\u00e4ltlich. Die zus\u00e4tzlichen Kissen sorgen f\u00fcr absolute Entspannung in jeder Position: Die R\u00fcckenkissen sind z.B. mit einer eingen\u00e4hten Nackenrolle ausgestattet, die f\u00fcr einen hohen Sitzkomfort sorgt.<\/p>\n<p><strong>Vollst\u00e4ndiges Wohlbefinden<\/strong><br \/>\nDie Modelle Rolf Benz 987 sind die ideale Erg\u00e4nzung zum Anreihsofa Rolf Benz NUVOLA. Der Tisch passt perfekt zu den gepolsterten Elementen. Sie kann zwischen den verschiedenen Modulen oder als Abschlusselement platziert werden. Das Regal bietet eine praktische Ablage hinter dem Sofa. Die Tischplatten sind in massiver Eiche oder in massivem Nussbaum erh\u00e4ltlich. Passend zum Rolf Benz NUVOLA sind die Korpusse in Signalschwarz, Schattiergrau oder gl\u00e4nzendem Chrom erh\u00e4ltlich.<br \/>\nDer neue, elegante Servier- und Salontisch Rolf Benz 8770, der auf gebogenen Metallstreben als Beine steht, strahlt Leichtigkeit aus, unabh\u00e4ngig von skulpturalen Affinit\u00e4ten, und passt perfekt zu dem modularen Sofa Rolf Benz NUVOLA. Die Metallstreben sind in Signalschwarz, Schattiergrau oder Olivgelb lackiert mit einer farblich passenden Glasplatte oder einer Parsol-Glasplatte erh\u00e4ltlich.<\/p>\n<p><strong>Auswahl des Belags<\/strong><br \/>\nW\u00e4hlen Sie aus unserer aktuellen Stoff- und Lederkollektion den passenden Bezug f\u00fcr Ihre Bed\u00fcrfnisse und Ihre Inneneinrichtung. Mehr als 200 Stoffe und 100 Leder stehen Ihnen zur Verf\u00fcgung, um Ihr Sofa einzigartig zu machen.<\/p>\n<p>&nbsp;<\/p>\n","protected":false},"excerpt":{"rendered":"<p>Sofa<\/p>\n","protected":false},"featured_media":36812,"template":"","meta":{"_et_pb_use_builder":"","_et_pb_old_content":"","_et_gb_content_width":""},"product_brand":[4336],"product_cat":[321],"product_tag":[],"class_list":{"0":"post-54944","1":"product","2":"type-product","3":"status-publish","4":"has-post-thumbnail","6":"product_brand-rolfbenz_de","7":"product_cat-sofas","8":"pa_designation_de-polstergruppe-de","9":"pa_designation_fr-sofa","11":"first","12":"instock","13":"shipping-taxable","14":"purchasable","15":"product-type-simple"},"yoast_head":"<!-- This site is optimized with the Yoast SEO plugin v27.1.1 - https:\/\/yoast.com\/product\/yoast-seo-wordpress\/ -->\n<title>Nuvola | M\u00f6bel Bise | M\u00f6belgesch\u00e4ft | M\u00f6bel | Freiburg | Bulle<\/title>\n<meta name=\"robots\" content=\"index, follow, max-snippet:-1, max-image-preview:large, max-video-preview:-1\" \/>\n<link rel=\"canonical\" href=\"https:\/\/www.bise.ch\/de\/produit\/nuvola\/\" \/>\n<meta property=\"og:locale\" content=\"de_DE\" \/>\n<meta property=\"og:type\" content=\"article\" \/>\n<meta property=\"og:title\" content=\"Nuvola | M\u00f6bel Bise | M\u00f6belgesch\u00e4ft | M\u00f6bel | Freiburg | Bulle\" \/>\n<meta property=\"og:description\" content=\"Sofa\" \/>\n<meta property=\"og:url\" content=\"https:\/\/www.bise.ch\/de\/produit\/nuvola\/\" \/>\n<meta property=\"og:site_name\" content=\"M\u00f6bel Bise | M\u00f6belgesch\u00e4ft | M\u00f6bel | Freiburg | Bulle\" \/>\n<meta property=\"article:publisher\" content=\"https:\/\/www.facebook.com\/bisemeubles\/\" \/>\n<meta property=\"og:image\" content=\"https:\/\/www.bise.ch\/wp-content\/uploads\/rb_39_nuvola_hauptmotiv_quer_hoch_product_032-1024x805.png\" \/>\n\t<meta property=\"og:image:width\" content=\"1024\" \/>\n\t<meta property=\"og:image:height\" content=\"805\" \/>\n\t<meta property=\"og:image:type\" content=\"image\/png\" \/>\n<meta name=\"twitter:card\" content=\"summary_large_image\" \/>\n<meta name=\"twitter:label1\" content=\"Gesch\u00e4tzte Lesezeit\" \/>\n\t<meta name=\"twitter:data1\" content=\"2\u00a0Minuten\" \/>\n<script type=\"application\/ld+json\" class=\"yoast-schema-graph\">{\"@context\":\"https:\/\/schema.org\",\"@graph\":[{\"@type\":\"WebPage\",\"@id\":\"https:\/\/www.bise.ch\/de\/produit\/nuvola\/\",\"url\":\"https:\/\/www.bise.ch\/de\/produit\/nuvola\/\",\"name\":\"Nuvola | M\u00f6bel Bise | M\u00f6belgesch\u00e4ft | M\u00f6bel | Freiburg | Bulle\",\"isPartOf\":{\"@id\":\"https:\/\/www.bise.ch\/de\/#website\"},\"primaryImageOfPage\":{\"@id\":\"https:\/\/www.bise.ch\/de\/produit\/nuvola\/#primaryimage\"},\"image\":{\"@id\":\"https:\/\/www.bise.ch\/de\/produit\/nuvola\/#primaryimage\"},\"thumbnailUrl\":\"https:\/\/www.bise.ch\/wp-content\/uploads\/rb_39_nuvola_hauptmotiv_quer_hoch_product_032.png\",\"datePublished\":\"2018-09-24T11:49:23+00:00\",\"breadcrumb\":{\"@id\":\"https:\/\/www.bise.ch\/de\/produit\/nuvola\/#breadcrumb\"},\"inLanguage\":\"de\",\"potentialAction\":[{\"@type\":\"ReadAction\",\"target\":[\"https:\/\/www.bise.ch\/de\/produit\/nuvola\/\"]}]},{\"@type\":\"ImageObject\",\"inLanguage\":\"de\",\"@id\":\"https:\/\/www.bise.ch\/de\/produit\/nuvola\/#primaryimage\",\"url\":\"https:\/\/www.bise.ch\/wp-content\/uploads\/rb_39_nuvola_hauptmotiv_quer_hoch_product_032.png\",\"contentUrl\":\"https:\/\/www.bise.ch\/wp-content\/uploads\/rb_39_nuvola_hauptmotiv_quer_hoch_product_032.png\",\"width\":1920,\"height\":1509},{\"@type\":\"BreadcrumbList\",\"@id\":\"https:\/\/www.bise.ch\/de\/produit\/nuvola\/#breadcrumb\",\"itemListElement\":[{\"@type\":\"ListItem\",\"position\":1,\"name\":\"Startseite\",\"item\":\"https:\/\/www.bise.ch\/de\/\"},{\"@type\":\"ListItem\",\"position\":2,\"name\":\"Shop\",\"item\":\"https:\/\/www.bise.ch\/de\/shop\/\"},{\"@type\":\"ListItem\",\"position\":3,\"name\":\"Nuvola\"}]},{\"@type\":\"WebSite\",\"@id\":\"https:\/\/www.bise.ch\/de\/#website\",\"url\":\"https:\/\/www.bise.ch\/de\/\",\"name\":\"Meubles Bise | Magasin de meubles | Mobilier | Fribourg | Bulle\",\"description\":\"Wir erwecken Ihre Ra\u0308ume zum Leben\",\"publisher\":{\"@id\":\"https:\/\/www.bise.ch\/de\/#organization\"},\"alternateName\":\"Georges Bise SA\",\"potentialAction\":[{\"@type\":\"SearchAction\",\"target\":{\"@type\":\"EntryPoint\",\"urlTemplate\":\"https:\/\/www.bise.ch\/de\/?s={search_term_string}\"},\"query-input\":{\"@type\":\"PropertyValueSpecification\",\"valueRequired\":true,\"valueName\":\"search_term_string\"}}],\"inLanguage\":\"de\"},{\"@type\":\"Organization\",\"@id\":\"https:\/\/www.bise.ch\/de\/#organization\",\"name\":\"M\u00f6bel Bise | M\u00f6belgesch\u00e4ft | M\u00f6bel | Freiburg | Bulle\",\"alternateName\":\"Georges Bise SA\",\"url\":\"https:\/\/www.bise.ch\/de\/\",\"logo\":{\"@type\":\"ImageObject\",\"inLanguage\":\"de\",\"@id\":\"https:\/\/www.bise.ch\/de\/#\/schema\/logo\/image\/\",\"url\":\"https:\/\/www.bise.ch\/wp-content\/uploads\/LogoBise.png\",\"contentUrl\":\"https:\/\/www.bise.ch\/wp-content\/uploads\/LogoBise.png\",\"width\":4267,\"height\":4267,\"caption\":\"M\u00f6bel Bise | M\u00f6belgesch\u00e4ft | M\u00f6bel | Freiburg | Bulle\"},\"image\":{\"@id\":\"https:\/\/www.bise.ch\/de\/#\/schema\/logo\/image\/\"},\"sameAs\":[\"https:\/\/www.facebook.com\/bisemeubles\/\",\"https:\/\/www.instagram.com\/bisemeubles\/\",\"https:\/\/ch.linkedin.com\/company\/bise-meubles-moebel\"]}]}<\/script>\n<!-- \/ Yoast SEO plugin. -->","yoast_head_json":{"title":"Nuvola | M\u00f6bel Bise | M\u00f6belgesch\u00e4ft | M\u00f6bel | Freiburg | Bulle","robots":{"index":"index","follow":"follow","max-snippet":"max-snippet:-1","max-image-preview":"max-image-preview:large","max-video-preview":"max-video-preview:-1"},"canonical":"https:\/\/www.bise.ch\/de\/produit\/nuvola\/","og_locale":"de_DE","og_type":"article","og_title":"Nuvola | M\u00f6bel Bise | M\u00f6belgesch\u00e4ft | M\u00f6bel | Freiburg | Bulle","og_description":"Sofa","og_url":"https:\/\/www.bise.ch\/de\/produit\/nuvola\/","og_site_name":"M\u00f6bel Bise | M\u00f6belgesch\u00e4ft | M\u00f6bel | Freiburg | Bulle","article_publisher":"https:\/\/www.facebook.com\/bisemeubles\/","og_image":[{"width":1024,"height":805,"url":"https:\/\/www.bise.ch\/wp-content\/uploads\/rb_39_nuvola_hauptmotiv_quer_hoch_product_032-1024x805.png","type":"image\/png"}],"twitter_card":"summary_large_image","twitter_misc":{"Gesch\u00e4tzte Lesezeit":"2\u00a0Minuten"},"schema":{"@context":"https:\/\/schema.org","@graph":[{"@type":"WebPage","@id":"https:\/\/www.bise.ch\/de\/produit\/nuvola\/","url":"https:\/\/www.bise.ch\/de\/produit\/nuvola\/","name":"Nuvola | M\u00f6bel Bise | M\u00f6belgesch\u00e4ft | M\u00f6bel | Freiburg | Bulle","isPartOf":{"@id":"https:\/\/www.bise.ch\/de\/#website"},"primaryImageOfPage":{"@id":"https:\/\/www.bise.ch\/de\/produit\/nuvola\/#primaryimage"},"image":{"@id":"https:\/\/www.bise.ch\/de\/produit\/nuvola\/#primaryimage"},"thumbnailUrl":"https:\/\/www.bise.ch\/wp-content\/uploads\/rb_39_nuvola_hauptmotiv_quer_hoch_product_032.png","datePublished":"2018-09-24T11:49:23+00:00","breadcrumb":{"@id":"https:\/\/www.bise.ch\/de\/produit\/nuvola\/#breadcrumb"},"inLanguage":"de","potentialAction":[{"@type":"ReadAction","target":["https:\/\/www.bise.ch\/de\/produit\/nuvola\/"]}]},{"@type":"ImageObject","inLanguage":"de","@id":"https:\/\/www.bise.ch\/de\/produit\/nuvola\/#primaryimage","url":"https:\/\/www.bise.ch\/wp-content\/uploads\/rb_39_nuvola_hauptmotiv_quer_hoch_product_032.png","contentUrl":"https:\/\/www.bise.ch\/wp-content\/uploads\/rb_39_nuvola_hauptmotiv_quer_hoch_product_032.png","width":1920,"height":1509},{"@type":"BreadcrumbList","@id":"https:\/\/www.bise.ch\/de\/produit\/nuvola\/#breadcrumb","itemListElement":[{"@type":"ListItem","position":1,"name":"Startseite","item":"https:\/\/www.bise.ch\/de\/"},{"@type":"ListItem","position":2,"name":"Shop","item":"https:\/\/www.bise.ch\/de\/shop\/"},{"@type":"ListItem","position":3,"name":"Nuvola"}]},{"@type":"WebSite","@id":"https:\/\/www.bise.ch\/de\/#website","url":"https:\/\/www.bise.ch\/de\/","name":"Meubles Bise | Magasin de meubles | Mobilier | Fribourg | Bulle","description":"Wir erwecken Ihre Ra\u0308ume zum Leben","publisher":{"@id":"https:\/\/www.bise.ch\/de\/#organization"},"alternateName":"Georges Bise SA","potentialAction":[{"@type":"SearchAction","target":{"@type":"EntryPoint","urlTemplate":"https:\/\/www.bise.ch\/de\/?s={search_term_string}"},"query-input":{"@type":"PropertyValueSpecification","valueRequired":true,"valueName":"search_term_string"}}],"inLanguage":"de"},{"@type":"Organization","@id":"https:\/\/www.bise.ch\/de\/#organization","name":"M\u00f6bel Bise | M\u00f6belgesch\u00e4ft | M\u00f6bel | Freiburg | Bulle","alternateName":"Georges Bise SA","url":"https:\/\/www.bise.ch\/de\/","logo":{"@type":"ImageObject","inLanguage":"de","@id":"https:\/\/www.bise.ch\/de\/#\/schema\/logo\/image\/","url":"https:\/\/www.bise.ch\/wp-content\/uploads\/LogoBise.png","contentUrl":"https:\/\/www.bise.ch\/wp-content\/uploads\/LogoBise.png","width":4267,"height":4267,"caption":"M\u00f6bel Bise | M\u00f6belgesch\u00e4ft | M\u00f6bel | Freiburg | Bulle"},"image":{"@id":"https:\/\/www.bise.ch\/de\/#\/schema\/logo\/image\/"},"sameAs":["https:\/\/www.facebook.com\/bisemeubles\/","https:\/\/www.instagram.com\/bisemeubles\/","https:\/\/ch.linkedin.com\/company\/bise-meubles-moebel"]}]}},"_links":{"self":[{"href":"https:\/\/www.bise.ch\/de\/wp-json\/wp\/v2\/product\/54944","targetHints":{"allow":["GET"]}}],"collection":[{"href":"https:\/\/www.bise.ch\/de\/wp-json\/wp\/v2\/product"}],"about":[{"href":"https:\/\/www.bise.ch\/de\/wp-json\/wp\/v2\/types\/product"}],"wp:featuredmedia":[{"embeddable":true,"href":"https:\/\/www.bise.ch\/de\/wp-json\/wp\/v2\/media\/36812"}],"wp:attachment":[{"href":"https:\/\/www.bise.ch\/de\/wp-json\/wp\/v2\/media?parent=54944"}],"wp:term":[{"taxonomy":"product_brand","embeddable":true,"href":"https:\/\/www.bise.ch\/de\/wp-json\/wp\/v2\/product_brand?post=54944"},{"taxonomy":"product_cat","embeddable":true,"href":"https:\/\/www.bise.ch\/de\/wp-json\/wp\/v2\/product_cat?post=54944"},{"taxonomy":"product_tag","embeddable":true,"href":"https:\/\/www.bise.ch\/de\/wp-json\/wp\/v2\/product_tag?post=54944"}],"curies":[{"name":"wp","href":"https:\/\/api.w.org\/{rel}","templated":true}]}}