{"id":54956,"date":"2018-09-24T09:31:20","date_gmt":"2018-09-24T07:31:20","guid":{"rendered":"https:\/\/bise.ch\/produit\/50-4\/"},"modified":"2018-09-24T09:31:20","modified_gmt":"2018-09-24T07:31:20","slug":"50-4","status":"publish","type":"product","link":"https:\/\/www.bise.ch\/de\/produit\/50-4\/","title":{"rendered":"50"},"content":{"rendered":"<p><strong>Rolf Benz 50 inspiriert von einem halben Jahrhundert Rolf Benz Erfahrung<\/strong><br \/>\nIn der Tradition unserer Ikone Addiform markiert der Rolf Benz 50 einen neuen Wendepunkt in der 50-j\u00e4hrigen Geschichte der Herstellung hochwertiger M\u00f6bel &#8222;Made in Germany&#8220;. Dieses besonders elegante Jubil\u00e4umssofa zeichnet sich durch hohen Sitzkomfort, eine innovative Relaxfunktion und eine au\u00dfergew\u00f6hnliche Vielfalt an Konfigurationen aus. Zahlreiche sorgf\u00e4ltige Verarbeitungen sowie eine neuartige Rippennaht und raffinierte Ziern\u00e4hte unterstreichen die unglaubliche Eleganz.<\/p>\n<p><strong>Unendliche M\u00f6glichkeiten f\u00fcr Ihr Zuhause<\/strong><br \/>\nRolf Benz 50 ist als Einzelsofa, Anreihsofa oder Ecksofa erh\u00e4ltlich und wird in 200 verschiedenen Stoffen und 100 verschiedenen Lederarten angeboten. Er l\u00e4dt Sie mit seinen gro\u00dfz\u00fcgigen und bequemen Formen dazu ein, sich vollkommen zu entspannen. W\u00e4hlen Sie zwischen 2 Sitzh\u00f6hen und 2 Sitztiefen und passen Sie den Rolf Benz 50 mit den 3 verf\u00fcgbaren Fu\u00dfkreuzen (signalschwarz lackiert, perlmuttsilber lackiert oder chromgl\u00e4nzend) an Ihren Stil an. Mit dem Sessel Rolf Benz 50 und den Couchtischen Rolf Benz 958 und 959 vervollst\u00e4ndigen Sie Ihre Einrichtung auf ideale Weise.<\/p>\n<p><strong>Komfort neu erfunden<\/strong><br \/>\nDer Rolf Benz 50 verf\u00fcgt \u00fcber eine besonders komfortable Sitzstruktur. In der Komfortversion Lounge ist die qualitativ hochwertige Feder- und Gurtfederung mit integrierten Taschenfedern und hochwertigem Kaltschaum zus\u00e4tzlich mit einer mit Fasern und St\u00e4ben gef\u00fcllten Cloisonn\u00e9-Steppdecke abgedeckt. F\u00fcr einen weichen und gleichzeitig dauerhaft festen Komfort. Er ist auch in der Komfortversion Lounge Plus erh\u00e4ltlich. Diese bietet einen weichen Sitz und eine stabilere Oberfl\u00e4che. Die R\u00fcckenlehnenpolsterung passt sich dank der pr\u00e4zisen Aussparungen im Schaumstoff an Ihre Position an und bietet so einen sehr harmonischen Sitzkomfort. Der optional erh\u00e4ltliche R\u00fcckenlehnenmechanismus erm\u00f6glicht eine stufenlose Verstellung bis in die Entspannungsposition. Dank seiner einzigartigen Technologie, die auf einer innovativen Gasfeder basiert, k\u00f6nnen Sie die Position der R\u00fcckenlehne ohne Anstrengung ideal einstellen. Der Teil, auf dem Ihr R\u00fccken ruht, kann um bis zu 12 cm verl\u00e4ngert werden, was Ihnen noch mehr Komfort bietet. Das optionale Funktionskissen, das in zwei Gr\u00f6\u00dfen erh\u00e4ltlich ist, erg\u00e4nzt die R\u00fcckenlehne perfekt. Er ist besonders bequem gepolstert und verf\u00fcgt \u00fcber einen stufenlos verstellbaren Mechanismus, mit dem er in eine praktische Kopfst\u00fctze verwandelt werden kann.<\/p>\n<p><strong>Auswahl des Belags<\/strong><br \/>\nW\u00e4hlen Sie aus unserer aktuellen Stoff- und Lederkollektion den passenden Bezug f\u00fcr Ihre Bed\u00fcrfnisse und Ihre Inneneinrichtung. Mehr als 200 Stoffe und 100 Leder stehen Ihnen zur Verf\u00fcgung, um Ihr Sofa einzigartig zu machen.<\/p>\n","protected":false},"excerpt":{"rendered":"<p>Sofa<\/p>\n","protected":false},"featured_media":36757,"template":"","meta":{"_et_pb_use_builder":"","_et_pb_old_content":"","_et_gb_content_width":""},"product_brand":[4336],"product_cat":[321],"product_tag":[],"class_list":{"0":"post-54956","1":"product","2":"type-product","3":"status-publish","4":"has-post-thumbnail","6":"product_brand-rolfbenz_de","7":"product_cat-sofas","8":"pa_designation_de-sofa-de","9":"pa_designation_fr-sofa","11":"first","12":"instock","13":"shipping-taxable","14":"purchasable","15":"product-type-simple"},"yoast_head":"<!-- This site is optimized with the Yoast SEO plugin v27.1.1 - https:\/\/yoast.com\/product\/yoast-seo-wordpress\/ -->\n<title>50 | M\u00f6bel Bise | M\u00f6belgesch\u00e4ft | M\u00f6bel | Freiburg | Bulle<\/title>\n<meta name=\"robots\" content=\"index, follow, max-snippet:-1, max-image-preview:large, max-video-preview:-1\" \/>\n<link rel=\"canonical\" href=\"https:\/\/www.bise.ch\/de\/produit\/50-4\/\" \/>\n<meta property=\"og:locale\" content=\"de_DE\" \/>\n<meta property=\"og:type\" content=\"article\" \/>\n<meta property=\"og:title\" content=\"50 | M\u00f6bel Bise | M\u00f6belgesch\u00e4ft | M\u00f6bel | Freiburg | Bulle\" \/>\n<meta property=\"og:description\" content=\"Sofa\" \/>\n<meta property=\"og:url\" content=\"https:\/\/www.bise.ch\/de\/produit\/50-4\/\" \/>\n<meta property=\"og:site_name\" content=\"M\u00f6bel Bise | M\u00f6belgesch\u00e4ft | M\u00f6bel | Freiburg | Bulle\" \/>\n<meta property=\"article:publisher\" content=\"https:\/\/www.facebook.com\/bisemeubles\/\" \/>\n<meta property=\"og:image\" content=\"https:\/\/www.bise.ch\/wp-content\/uploads\/rolfbenz-0050_ipad0006_0.jpg\" \/>\n\t<meta property=\"og:image:width\" content=\"1920\" \/>\n\t<meta property=\"og:image:height\" content=\"1080\" \/>\n\t<meta property=\"og:image:type\" content=\"image\/jpeg\" \/>\n<meta name=\"twitter:card\" content=\"summary_large_image\" \/>\n<meta name=\"twitter:label1\" content=\"Gesch\u00e4tzte Lesezeit\" \/>\n\t<meta name=\"twitter:data1\" content=\"2\u00a0Minuten\" \/>\n<script type=\"application\/ld+json\" class=\"yoast-schema-graph\">{\"@context\":\"https:\/\/schema.org\",\"@graph\":[{\"@type\":\"WebPage\",\"@id\":\"https:\/\/www.bise.ch\/de\/produit\/50-4\/\",\"url\":\"https:\/\/www.bise.ch\/de\/produit\/50-4\/\",\"name\":\"50 | M\u00f6bel Bise | M\u00f6belgesch\u00e4ft | M\u00f6bel | Freiburg | Bulle\",\"isPartOf\":{\"@id\":\"https:\/\/www.bise.ch\/de\/#website\"},\"primaryImageOfPage\":{\"@id\":\"https:\/\/www.bise.ch\/de\/produit\/50-4\/#primaryimage\"},\"image\":{\"@id\":\"https:\/\/www.bise.ch\/de\/produit\/50-4\/#primaryimage\"},\"thumbnailUrl\":\"https:\/\/www.bise.ch\/wp-content\/uploads\/rolfbenz-0050_ipad0006_0.jpg\",\"datePublished\":\"2018-09-24T07:31:20+00:00\",\"breadcrumb\":{\"@id\":\"https:\/\/www.bise.ch\/de\/produit\/50-4\/#breadcrumb\"},\"inLanguage\":\"de\",\"potentialAction\":[{\"@type\":\"ReadAction\",\"target\":[\"https:\/\/www.bise.ch\/de\/produit\/50-4\/\"]}]},{\"@type\":\"ImageObject\",\"inLanguage\":\"de\",\"@id\":\"https:\/\/www.bise.ch\/de\/produit\/50-4\/#primaryimage\",\"url\":\"https:\/\/www.bise.ch\/wp-content\/uploads\/rolfbenz-0050_ipad0006_0.jpg\",\"contentUrl\":\"https:\/\/www.bise.ch\/wp-content\/uploads\/rolfbenz-0050_ipad0006_0.jpg\",\"width\":1920,\"height\":1080},{\"@type\":\"BreadcrumbList\",\"@id\":\"https:\/\/www.bise.ch\/de\/produit\/50-4\/#breadcrumb\",\"itemListElement\":[{\"@type\":\"ListItem\",\"position\":1,\"name\":\"Startseite\",\"item\":\"https:\/\/www.bise.ch\/de\/\"},{\"@type\":\"ListItem\",\"position\":2,\"name\":\"Shop\",\"item\":\"https:\/\/www.bise.ch\/de\/shop\/\"},{\"@type\":\"ListItem\",\"position\":3,\"name\":\"50\"}]},{\"@type\":\"WebSite\",\"@id\":\"https:\/\/www.bise.ch\/de\/#website\",\"url\":\"https:\/\/www.bise.ch\/de\/\",\"name\":\"Meubles Bise | Magasin de meubles | Mobilier | Fribourg | Bulle\",\"description\":\"Wir erwecken Ihre Ra\u0308ume zum Leben\",\"publisher\":{\"@id\":\"https:\/\/www.bise.ch\/de\/#organization\"},\"alternateName\":\"Georges Bise SA\",\"potentialAction\":[{\"@type\":\"SearchAction\",\"target\":{\"@type\":\"EntryPoint\",\"urlTemplate\":\"https:\/\/www.bise.ch\/de\/?s={search_term_string}\"},\"query-input\":{\"@type\":\"PropertyValueSpecification\",\"valueRequired\":true,\"valueName\":\"search_term_string\"}}],\"inLanguage\":\"de\"},{\"@type\":\"Organization\",\"@id\":\"https:\/\/www.bise.ch\/de\/#organization\",\"name\":\"M\u00f6bel Bise | M\u00f6belgesch\u00e4ft | M\u00f6bel | Freiburg | Bulle\",\"alternateName\":\"Georges Bise SA\",\"url\":\"https:\/\/www.bise.ch\/de\/\",\"logo\":{\"@type\":\"ImageObject\",\"inLanguage\":\"de\",\"@id\":\"https:\/\/www.bise.ch\/de\/#\/schema\/logo\/image\/\",\"url\":\"https:\/\/www.bise.ch\/wp-content\/uploads\/LogoBise.png\",\"contentUrl\":\"https:\/\/www.bise.ch\/wp-content\/uploads\/LogoBise.png\",\"width\":4267,\"height\":4267,\"caption\":\"M\u00f6bel Bise | M\u00f6belgesch\u00e4ft | M\u00f6bel | Freiburg | Bulle\"},\"image\":{\"@id\":\"https:\/\/www.bise.ch\/de\/#\/schema\/logo\/image\/\"},\"sameAs\":[\"https:\/\/www.facebook.com\/bisemeubles\/\",\"https:\/\/www.instagram.com\/bisemeubles\/\",\"https:\/\/ch.linkedin.com\/company\/bise-meubles-moebel\"]}]}<\/script>\n<!-- \/ Yoast SEO plugin. -->","yoast_head_json":{"title":"50 | M\u00f6bel Bise | M\u00f6belgesch\u00e4ft | M\u00f6bel | Freiburg | Bulle","robots":{"index":"index","follow":"follow","max-snippet":"max-snippet:-1","max-image-preview":"max-image-preview:large","max-video-preview":"max-video-preview:-1"},"canonical":"https:\/\/www.bise.ch\/de\/produit\/50-4\/","og_locale":"de_DE","og_type":"article","og_title":"50 | M\u00f6bel Bise | M\u00f6belgesch\u00e4ft | M\u00f6bel | Freiburg | Bulle","og_description":"Sofa","og_url":"https:\/\/www.bise.ch\/de\/produit\/50-4\/","og_site_name":"M\u00f6bel Bise | M\u00f6belgesch\u00e4ft | M\u00f6bel | Freiburg | Bulle","article_publisher":"https:\/\/www.facebook.com\/bisemeubles\/","og_image":[{"width":1920,"height":1080,"url":"https:\/\/www.bise.ch\/wp-content\/uploads\/rolfbenz-0050_ipad0006_0.jpg","type":"image\/jpeg"}],"twitter_card":"summary_large_image","twitter_misc":{"Gesch\u00e4tzte Lesezeit":"2\u00a0Minuten"},"schema":{"@context":"https:\/\/schema.org","@graph":[{"@type":"WebPage","@id":"https:\/\/www.bise.ch\/de\/produit\/50-4\/","url":"https:\/\/www.bise.ch\/de\/produit\/50-4\/","name":"50 | M\u00f6bel Bise | M\u00f6belgesch\u00e4ft | M\u00f6bel | Freiburg | Bulle","isPartOf":{"@id":"https:\/\/www.bise.ch\/de\/#website"},"primaryImageOfPage":{"@id":"https:\/\/www.bise.ch\/de\/produit\/50-4\/#primaryimage"},"image":{"@id":"https:\/\/www.bise.ch\/de\/produit\/50-4\/#primaryimage"},"thumbnailUrl":"https:\/\/www.bise.ch\/wp-content\/uploads\/rolfbenz-0050_ipad0006_0.jpg","datePublished":"2018-09-24T07:31:20+00:00","breadcrumb":{"@id":"https:\/\/www.bise.ch\/de\/produit\/50-4\/#breadcrumb"},"inLanguage":"de","potentialAction":[{"@type":"ReadAction","target":["https:\/\/www.bise.ch\/de\/produit\/50-4\/"]}]},{"@type":"ImageObject","inLanguage":"de","@id":"https:\/\/www.bise.ch\/de\/produit\/50-4\/#primaryimage","url":"https:\/\/www.bise.ch\/wp-content\/uploads\/rolfbenz-0050_ipad0006_0.jpg","contentUrl":"https:\/\/www.bise.ch\/wp-content\/uploads\/rolfbenz-0050_ipad0006_0.jpg","width":1920,"height":1080},{"@type":"BreadcrumbList","@id":"https:\/\/www.bise.ch\/de\/produit\/50-4\/#breadcrumb","itemListElement":[{"@type":"ListItem","position":1,"name":"Startseite","item":"https:\/\/www.bise.ch\/de\/"},{"@type":"ListItem","position":2,"name":"Shop","item":"https:\/\/www.bise.ch\/de\/shop\/"},{"@type":"ListItem","position":3,"name":"50"}]},{"@type":"WebSite","@id":"https:\/\/www.bise.ch\/de\/#website","url":"https:\/\/www.bise.ch\/de\/","name":"Meubles Bise | Magasin de meubles | Mobilier | Fribourg | Bulle","description":"Wir erwecken Ihre Ra\u0308ume zum Leben","publisher":{"@id":"https:\/\/www.bise.ch\/de\/#organization"},"alternateName":"Georges Bise SA","potentialAction":[{"@type":"SearchAction","target":{"@type":"EntryPoint","urlTemplate":"https:\/\/www.bise.ch\/de\/?s={search_term_string}"},"query-input":{"@type":"PropertyValueSpecification","valueRequired":true,"valueName":"search_term_string"}}],"inLanguage":"de"},{"@type":"Organization","@id":"https:\/\/www.bise.ch\/de\/#organization","name":"M\u00f6bel Bise | M\u00f6belgesch\u00e4ft | M\u00f6bel | Freiburg | Bulle","alternateName":"Georges Bise SA","url":"https:\/\/www.bise.ch\/de\/","logo":{"@type":"ImageObject","inLanguage":"de","@id":"https:\/\/www.bise.ch\/de\/#\/schema\/logo\/image\/","url":"https:\/\/www.bise.ch\/wp-content\/uploads\/LogoBise.png","contentUrl":"https:\/\/www.bise.ch\/wp-content\/uploads\/LogoBise.png","width":4267,"height":4267,"caption":"M\u00f6bel Bise | M\u00f6belgesch\u00e4ft | M\u00f6bel | Freiburg | Bulle"},"image":{"@id":"https:\/\/www.bise.ch\/de\/#\/schema\/logo\/image\/"},"sameAs":["https:\/\/www.facebook.com\/bisemeubles\/","https:\/\/www.instagram.com\/bisemeubles\/","https:\/\/ch.linkedin.com\/company\/bise-meubles-moebel"]}]}},"_links":{"self":[{"href":"https:\/\/www.bise.ch\/de\/wp-json\/wp\/v2\/product\/54956","targetHints":{"allow":["GET"]}}],"collection":[{"href":"https:\/\/www.bise.ch\/de\/wp-json\/wp\/v2\/product"}],"about":[{"href":"https:\/\/www.bise.ch\/de\/wp-json\/wp\/v2\/types\/product"}],"wp:featuredmedia":[{"embeddable":true,"href":"https:\/\/www.bise.ch\/de\/wp-json\/wp\/v2\/media\/36757"}],"wp:attachment":[{"href":"https:\/\/www.bise.ch\/de\/wp-json\/wp\/v2\/media?parent=54956"}],"wp:term":[{"taxonomy":"product_brand","embeddable":true,"href":"https:\/\/www.bise.ch\/de\/wp-json\/wp\/v2\/product_brand?post=54956"},{"taxonomy":"product_cat","embeddable":true,"href":"https:\/\/www.bise.ch\/de\/wp-json\/wp\/v2\/product_cat?post=54956"},{"taxonomy":"product_tag","embeddable":true,"href":"https:\/\/www.bise.ch\/de\/wp-json\/wp\/v2\/product_tag?post=54956"}],"curies":[{"name":"wp","href":"https:\/\/api.w.org\/{rel}","templated":true}]}}