{"id":54957,"date":"2018-09-15T10:31:36","date_gmt":"2018-09-15T08:31:36","guid":{"rendered":"https:\/\/bise.ch\/produit\/mera-2\/"},"modified":"2018-09-15T10:31:36","modified_gmt":"2018-09-15T08:31:36","slug":"mera-2","status":"publish","type":"product","link":"https:\/\/www.bise.ch\/de\/produit\/mera-2\/","title":{"rendered":"Mera"},"content":{"rendered":"<p><strong>Ein Wunder an Eleganz und Funktionalit\u00e4t<\/strong><br \/>\nDas Rolf Benz MERA Sofa, ob als Einzel- oder Anreihsofa, ist Liebe auf den ersten Blick &#8211; und auch auf den zweiten, denn hinter seinem zarten \u00c4u\u00dferen verbirgt sich ein H\u00f6chstma\u00df an Funktionalit\u00e4t. Der Ausdruck von Individualit\u00e4t in h\u00f6chstem Ma\u00dfe, sei es im Design oder im Komfort.<\/p>\n<p><strong>Besser als sitzen: schweben<\/strong><br \/>\nRolf Benz MERA besticht durch seine kleinen Proportionen und seine Leichtigkeit. Das Sofa steht auf schlanken Beinen und ruht auf einem schmalen Rahmen, so dass es \u00fcber dem Boden zu schweben scheint. Dieser Eindruck best\u00e4tigt sich, wenn Sie sich erst einmal niedergelassen haben, denn der Sitz ist weich und geschmeidig. Mit diesem Sofa k\u00f6nnen Sie Ihre Pers\u00f6nlichkeit auch auf kleinstem Raum zum Ausdruck bringen. Sie haben die Wahl zwischen 2 Sitzh\u00f6hen, verschiedenen Bez\u00fcgen und einem Rahmen in Strukturlack Silber, Signalschwarz, Schattengrau oder Glanzchrom. Die optional erh\u00e4ltlichen zus\u00e4tzlichen Kissen runden das Ganze ab, so dass Sie sich rundum wohlf\u00fchlen k\u00f6nnen.<\/p>\n<p><strong>\u00dcberraschende Vielseitigkeit f\u00fcr Signaturkomfort<\/strong><br \/>\nIn einer Zeit, in der Wohnraum immer mehr zum Luxus wird, ist Kreativit\u00e4t gefragt, um mehr mit weniger zu erreichen. Und der Rolf Benz MERA wirkt Wunder, wenn es darum geht, Platz zu sparen. Auch wenn es nicht auf den ersten Blick erkennbar ist, ist seine schlichte Eleganz das Ergebnis einer bemerkenswert intelligenten Auswahl an Optionen.&nbsp;Die verschiedenen Kombinationen von Armlehnen, Sitzfl\u00e4che und Seitenelementen erm\u00f6glichen es, Sofakompositionen mit Sitz- oder Liegepl\u00e4tzen zu schaffen, die all Ihren W\u00fcnschen entsprechen. Damit Sie Ihre Beine ausruhen k\u00f6nnen, ist die Fu\u00dfst\u00fctze genau auf Sitzh\u00f6he. Komfort und \u00c4sthetik, damit Sie sich in Ihrer eigenen Blase entspannen k\u00f6nnen. Die R\u00fcckenlehne l\u00e4sst sich sanft verstellen, und wenn Sie das Kissen nach oben klappen, wird die R\u00fcckenlehne angehoben und bietet so absoluten Komfort. Das Kopfteil ist ebenfalls verstellbar. Die verstellbaren Seitenteile sorgen daf\u00fcr, dass Sie die richtige Sitz- oder Liegeposition finden, w\u00e4hrend Sie Ihren pers\u00f6nlichen Geschmack in die Gestaltung aller R\u00e4ume einflie\u00dfen lassen k\u00f6nnen, Tag f\u00fcr Tag.<\/p>\n<p><strong>Auswahl des Belags<\/strong><br \/>\nW\u00e4hlen Sie aus unserer aktuellen Stoff- und Lederkollektion den passenden Bezug f\u00fcr Ihre Bed\u00fcrfnisse und Ihre Inneneinrichtung. Mehr als 200 Stoffe und 100 Leder stehen Ihnen zur Verf\u00fcgung, um Ihr Sofa einzigartig zu machen.<\/p>\n<p>&nbsp;<\/p>\n","protected":false},"excerpt":{"rendered":"<p>Sofa<\/p>\n","protected":false},"featured_media":36740,"template":"","meta":{"_et_pb_use_builder":"","_et_pb_old_content":"","_et_gb_content_width":""},"product_brand":[4336],"product_cat":[321],"product_tag":[],"class_list":{"0":"post-54957","1":"product","2":"type-product","3":"status-publish","4":"has-post-thumbnail","6":"product_brand-rolfbenz_de","7":"product_cat-sofas","8":"pa_designation_de-sofa-de","9":"pa_designation_fr-sofa","11":"first","12":"instock","13":"shipping-taxable","14":"purchasable","15":"product-type-simple"},"yoast_head":"<!-- This site is optimized with the Yoast SEO plugin v27.1.1 - https:\/\/yoast.com\/product\/yoast-seo-wordpress\/ -->\n<title>Mera | M\u00f6bel Bise | M\u00f6belgesch\u00e4ft | M\u00f6bel | Freiburg | Bulle<\/title>\n<meta name=\"robots\" content=\"index, follow, max-snippet:-1, max-image-preview:large, max-video-preview:-1\" \/>\n<link rel=\"canonical\" href=\"https:\/\/www.bise.ch\/de\/produit\/mera-2\/\" \/>\n<meta property=\"og:locale\" content=\"de_DE\" \/>\n<meta property=\"og:type\" content=\"article\" \/>\n<meta property=\"og:title\" content=\"Mera | M\u00f6bel Bise | M\u00f6belgesch\u00e4ft | M\u00f6bel | Freiburg | Bulle\" \/>\n<meta property=\"og:description\" content=\"Sofa\" \/>\n<meta property=\"og:url\" content=\"https:\/\/www.bise.ch\/de\/produit\/mera-2\/\" \/>\n<meta property=\"og:site_name\" content=\"M\u00f6bel Bise | M\u00f6belgesch\u00e4ft | M\u00f6bel | Freiburg | Bulle\" \/>\n<meta property=\"article:publisher\" content=\"https:\/\/www.facebook.com\/bisemeubles\/\" \/>\n<meta property=\"og:image\" content=\"https:\/\/www.bise.ch\/wp-content\/uploads\/csm_rolfbenz-mera_freisteller-001_66cf1610fa.jpg\" \/>\n\t<meta property=\"og:image:width\" content=\"1218\" \/>\n\t<meta property=\"og:image:height\" content=\"594\" \/>\n\t<meta property=\"og:image:type\" content=\"image\/jpeg\" \/>\n<meta name=\"twitter:card\" content=\"summary_large_image\" \/>\n<meta name=\"twitter:label1\" content=\"Gesch\u00e4tzte Lesezeit\" \/>\n\t<meta name=\"twitter:data1\" content=\"2\u00a0Minuten\" \/>\n<script type=\"application\/ld+json\" class=\"yoast-schema-graph\">{\"@context\":\"https:\/\/schema.org\",\"@graph\":[{\"@type\":\"WebPage\",\"@id\":\"https:\/\/www.bise.ch\/de\/produit\/mera-2\/\",\"url\":\"https:\/\/www.bise.ch\/de\/produit\/mera-2\/\",\"name\":\"Mera | M\u00f6bel Bise | M\u00f6belgesch\u00e4ft | M\u00f6bel | Freiburg | Bulle\",\"isPartOf\":{\"@id\":\"https:\/\/www.bise.ch\/de\/#website\"},\"primaryImageOfPage\":{\"@id\":\"https:\/\/www.bise.ch\/de\/produit\/mera-2\/#primaryimage\"},\"image\":{\"@id\":\"https:\/\/www.bise.ch\/de\/produit\/mera-2\/#primaryimage\"},\"thumbnailUrl\":\"https:\/\/www.bise.ch\/wp-content\/uploads\/csm_rolfbenz-mera_freisteller-001_66cf1610fa.jpg\",\"datePublished\":\"2018-09-15T08:31:36+00:00\",\"breadcrumb\":{\"@id\":\"https:\/\/www.bise.ch\/de\/produit\/mera-2\/#breadcrumb\"},\"inLanguage\":\"de\",\"potentialAction\":[{\"@type\":\"ReadAction\",\"target\":[\"https:\/\/www.bise.ch\/de\/produit\/mera-2\/\"]}]},{\"@type\":\"ImageObject\",\"inLanguage\":\"de\",\"@id\":\"https:\/\/www.bise.ch\/de\/produit\/mera-2\/#primaryimage\",\"url\":\"https:\/\/www.bise.ch\/wp-content\/uploads\/csm_rolfbenz-mera_freisteller-001_66cf1610fa.jpg\",\"contentUrl\":\"https:\/\/www.bise.ch\/wp-content\/uploads\/csm_rolfbenz-mera_freisteller-001_66cf1610fa.jpg\",\"width\":1218,\"height\":594},{\"@type\":\"BreadcrumbList\",\"@id\":\"https:\/\/www.bise.ch\/de\/produit\/mera-2\/#breadcrumb\",\"itemListElement\":[{\"@type\":\"ListItem\",\"position\":1,\"name\":\"Startseite\",\"item\":\"https:\/\/www.bise.ch\/de\/\"},{\"@type\":\"ListItem\",\"position\":2,\"name\":\"Shop\",\"item\":\"https:\/\/www.bise.ch\/de\/shop\/\"},{\"@type\":\"ListItem\",\"position\":3,\"name\":\"Mera\"}]},{\"@type\":\"WebSite\",\"@id\":\"https:\/\/www.bise.ch\/de\/#website\",\"url\":\"https:\/\/www.bise.ch\/de\/\",\"name\":\"Meubles Bise | Magasin de meubles | Mobilier | Fribourg | Bulle\",\"description\":\"Wir erwecken Ihre Ra\u0308ume zum Leben\",\"publisher\":{\"@id\":\"https:\/\/www.bise.ch\/de\/#organization\"},\"alternateName\":\"Georges Bise SA\",\"potentialAction\":[{\"@type\":\"SearchAction\",\"target\":{\"@type\":\"EntryPoint\",\"urlTemplate\":\"https:\/\/www.bise.ch\/de\/?s={search_term_string}\"},\"query-input\":{\"@type\":\"PropertyValueSpecification\",\"valueRequired\":true,\"valueName\":\"search_term_string\"}}],\"inLanguage\":\"de\"},{\"@type\":\"Organization\",\"@id\":\"https:\/\/www.bise.ch\/de\/#organization\",\"name\":\"M\u00f6bel Bise | M\u00f6belgesch\u00e4ft | M\u00f6bel | Freiburg | Bulle\",\"alternateName\":\"Georges Bise SA\",\"url\":\"https:\/\/www.bise.ch\/de\/\",\"logo\":{\"@type\":\"ImageObject\",\"inLanguage\":\"de\",\"@id\":\"https:\/\/www.bise.ch\/de\/#\/schema\/logo\/image\/\",\"url\":\"https:\/\/www.bise.ch\/wp-content\/uploads\/LogoBise.png\",\"contentUrl\":\"https:\/\/www.bise.ch\/wp-content\/uploads\/LogoBise.png\",\"width\":4267,\"height\":4267,\"caption\":\"M\u00f6bel Bise | M\u00f6belgesch\u00e4ft | M\u00f6bel | Freiburg | Bulle\"},\"image\":{\"@id\":\"https:\/\/www.bise.ch\/de\/#\/schema\/logo\/image\/\"},\"sameAs\":[\"https:\/\/www.facebook.com\/bisemeubles\/\",\"https:\/\/www.instagram.com\/bisemeubles\/\",\"https:\/\/ch.linkedin.com\/company\/bise-meubles-moebel\"]}]}<\/script>\n<!-- \/ Yoast SEO plugin. -->","yoast_head_json":{"title":"Mera | M\u00f6bel Bise | M\u00f6belgesch\u00e4ft | M\u00f6bel | Freiburg | Bulle","robots":{"index":"index","follow":"follow","max-snippet":"max-snippet:-1","max-image-preview":"max-image-preview:large","max-video-preview":"max-video-preview:-1"},"canonical":"https:\/\/www.bise.ch\/de\/produit\/mera-2\/","og_locale":"de_DE","og_type":"article","og_title":"Mera | M\u00f6bel Bise | M\u00f6belgesch\u00e4ft | M\u00f6bel | Freiburg | Bulle","og_description":"Sofa","og_url":"https:\/\/www.bise.ch\/de\/produit\/mera-2\/","og_site_name":"M\u00f6bel Bise | M\u00f6belgesch\u00e4ft | M\u00f6bel | Freiburg | Bulle","article_publisher":"https:\/\/www.facebook.com\/bisemeubles\/","og_image":[{"width":1218,"height":594,"url":"https:\/\/www.bise.ch\/wp-content\/uploads\/csm_rolfbenz-mera_freisteller-001_66cf1610fa.jpg","type":"image\/jpeg"}],"twitter_card":"summary_large_image","twitter_misc":{"Gesch\u00e4tzte Lesezeit":"2\u00a0Minuten"},"schema":{"@context":"https:\/\/schema.org","@graph":[{"@type":"WebPage","@id":"https:\/\/www.bise.ch\/de\/produit\/mera-2\/","url":"https:\/\/www.bise.ch\/de\/produit\/mera-2\/","name":"Mera | M\u00f6bel Bise | M\u00f6belgesch\u00e4ft | M\u00f6bel | Freiburg | Bulle","isPartOf":{"@id":"https:\/\/www.bise.ch\/de\/#website"},"primaryImageOfPage":{"@id":"https:\/\/www.bise.ch\/de\/produit\/mera-2\/#primaryimage"},"image":{"@id":"https:\/\/www.bise.ch\/de\/produit\/mera-2\/#primaryimage"},"thumbnailUrl":"https:\/\/www.bise.ch\/wp-content\/uploads\/csm_rolfbenz-mera_freisteller-001_66cf1610fa.jpg","datePublished":"2018-09-15T08:31:36+00:00","breadcrumb":{"@id":"https:\/\/www.bise.ch\/de\/produit\/mera-2\/#breadcrumb"},"inLanguage":"de","potentialAction":[{"@type":"ReadAction","target":["https:\/\/www.bise.ch\/de\/produit\/mera-2\/"]}]},{"@type":"ImageObject","inLanguage":"de","@id":"https:\/\/www.bise.ch\/de\/produit\/mera-2\/#primaryimage","url":"https:\/\/www.bise.ch\/wp-content\/uploads\/csm_rolfbenz-mera_freisteller-001_66cf1610fa.jpg","contentUrl":"https:\/\/www.bise.ch\/wp-content\/uploads\/csm_rolfbenz-mera_freisteller-001_66cf1610fa.jpg","width":1218,"height":594},{"@type":"BreadcrumbList","@id":"https:\/\/www.bise.ch\/de\/produit\/mera-2\/#breadcrumb","itemListElement":[{"@type":"ListItem","position":1,"name":"Startseite","item":"https:\/\/www.bise.ch\/de\/"},{"@type":"ListItem","position":2,"name":"Shop","item":"https:\/\/www.bise.ch\/de\/shop\/"},{"@type":"ListItem","position":3,"name":"Mera"}]},{"@type":"WebSite","@id":"https:\/\/www.bise.ch\/de\/#website","url":"https:\/\/www.bise.ch\/de\/","name":"Meubles Bise | Magasin de meubles | Mobilier | Fribourg | Bulle","description":"Wir erwecken Ihre Ra\u0308ume zum Leben","publisher":{"@id":"https:\/\/www.bise.ch\/de\/#organization"},"alternateName":"Georges Bise SA","potentialAction":[{"@type":"SearchAction","target":{"@type":"EntryPoint","urlTemplate":"https:\/\/www.bise.ch\/de\/?s={search_term_string}"},"query-input":{"@type":"PropertyValueSpecification","valueRequired":true,"valueName":"search_term_string"}}],"inLanguage":"de"},{"@type":"Organization","@id":"https:\/\/www.bise.ch\/de\/#organization","name":"M\u00f6bel Bise | M\u00f6belgesch\u00e4ft | M\u00f6bel | Freiburg | Bulle","alternateName":"Georges Bise SA","url":"https:\/\/www.bise.ch\/de\/","logo":{"@type":"ImageObject","inLanguage":"de","@id":"https:\/\/www.bise.ch\/de\/#\/schema\/logo\/image\/","url":"https:\/\/www.bise.ch\/wp-content\/uploads\/LogoBise.png","contentUrl":"https:\/\/www.bise.ch\/wp-content\/uploads\/LogoBise.png","width":4267,"height":4267,"caption":"M\u00f6bel Bise | M\u00f6belgesch\u00e4ft | M\u00f6bel | Freiburg | Bulle"},"image":{"@id":"https:\/\/www.bise.ch\/de\/#\/schema\/logo\/image\/"},"sameAs":["https:\/\/www.facebook.com\/bisemeubles\/","https:\/\/www.instagram.com\/bisemeubles\/","https:\/\/ch.linkedin.com\/company\/bise-meubles-moebel"]}]}},"_links":{"self":[{"href":"https:\/\/www.bise.ch\/de\/wp-json\/wp\/v2\/product\/54957","targetHints":{"allow":["GET"]}}],"collection":[{"href":"https:\/\/www.bise.ch\/de\/wp-json\/wp\/v2\/product"}],"about":[{"href":"https:\/\/www.bise.ch\/de\/wp-json\/wp\/v2\/types\/product"}],"wp:featuredmedia":[{"embeddable":true,"href":"https:\/\/www.bise.ch\/de\/wp-json\/wp\/v2\/media\/36740"}],"wp:attachment":[{"href":"https:\/\/www.bise.ch\/de\/wp-json\/wp\/v2\/media?parent=54957"}],"wp:term":[{"taxonomy":"product_brand","embeddable":true,"href":"https:\/\/www.bise.ch\/de\/wp-json\/wp\/v2\/product_brand?post=54957"},{"taxonomy":"product_cat","embeddable":true,"href":"https:\/\/www.bise.ch\/de\/wp-json\/wp\/v2\/product_cat?post=54957"},{"taxonomy":"product_tag","embeddable":true,"href":"https:\/\/www.bise.ch\/de\/wp-json\/wp\/v2\/product_tag?post=54957"}],"curies":[{"name":"wp","href":"https:\/\/api.w.org\/{rel}","templated":true}]}}