{"id":54986,"date":"2022-08-31T13:29:29","date_gmt":"2022-08-31T11:29:29","guid":{"rendered":"https:\/\/bise.ch\/produit\/withme\/"},"modified":"2022-08-31T13:29:29","modified_gmt":"2022-08-31T11:29:29","slug":"withme","status":"publish","type":"product","link":"https:\/\/www.bise.ch\/de\/produit\/withme\/","title":{"rendered":"WithMe"},"content":{"rendered":"<p>WithME a product of Nowy Styl<\/p>\n<p>Wir verlassen uns auf Ehrlichkeit!<br \/>\nWithME ist nicht Ihr typischer B\u00fcrostuhl. Das Besondere daran ist, dass es die Dynamik der Neuen Arbeit vollst\u00e4ndig widerspiegelt &#8211; geformt durch die wachsende Beliebtheit von hybriden und agilen Arbeitsformen. Heute sehen die Menschen das B\u00fcro viel mehr als einen Ort f\u00fcr inspirierende Meetings, Coworking und wichtige Vereinbarungen.<\/p>\n<p>WithME ist Mitgestalter dieser neuen Gewohnheiten und wirkt als echter Teamgeist-Booster.<\/p>\n<p>&nbsp;<\/p>\n<p>Neue Arbeitskultur!<\/p>\n<p>Unsere neue Arbeitskultur erfordert zunehmend Teamarbeit, Mobilit\u00e4t und die Bereitschaft, flexibel zwischen Themen, Personen und Orten zu wechseln. WithME hat diesen Trend verinnerlicht und erm\u00f6glicht es jedem Nutzer, fortgeschrittene Ergonomie und Komfort m\u00fchelos und ohne gro\u00dfe individuelle Einstellungen zu erleben. Dies ist die perfekte L\u00f6sung f\u00fcr alle Bereiche, in denen Interaktionen eine zentrale Rolle spielen.<\/p>\n<p>&nbsp;<\/p>\n<p>Stuhl mit hohem IQ<\/p>\n<p>WithME verdient es, ein Stuhl mit hohem IQ genannt zu werden. Er ist vollst\u00e4ndig ergonomisch und technisch fortschrittlich, ohne konventionelle Mechanik unter dem Sitz.<\/p>\n<p>Die Standardl\u00f6sung mit Metallfedern wurde hier durch eine patentierte Konstruktionsl\u00f6sung ersetzt, bei der im unteren Teil ein Querelement verwendet wurde, das wie eine Torsionsfeder wirkt und einen sehr komfortablen Bewegungsspielraum gew\u00e4hrleistet. Die Funktionalit\u00e4t des Stuhls und der Widerstand der R\u00fcckenlehne reagieren auf das K\u00f6rpergewicht des jeweiligen Nutzers und passen sich automatisch an.<\/p>\n<p>WithME ist das Ergebnis eines benutzerorientierten Designkonzepts, das bis ins kleinste Detail durchdacht wurde. Hier treffen sich ein schlankes Design, das Versprechen der Ergonomie und das Prinzip der Leichtigkeit. Nichts wurde dem Zufall \u00fcberlassen. Wir gehen keine Kompromisse ein.<\/p>\n","protected":false},"excerpt":{"rendered":"<p>B\u00fcrostuhl<\/p>\n","protected":false},"featured_media":52604,"template":"","meta":{"_et_pb_use_builder":"","_et_pb_old_content":"","_et_gb_content_width":""},"product_brand":[4343],"product_cat":[349],"product_tag":[],"class_list":{"0":"post-54986","1":"product","2":"type-product","3":"status-publish","4":"has-post-thumbnail","6":"product_brand-sitag_de","7":"product_cat-burostuhle","8":"pa_designation_de-burostuhl-de","9":"pa_designation_fr-burostuhl","11":"first","12":"instock","13":"shipping-taxable","14":"purchasable","15":"product-type-simple"},"yoast_head":"<!-- This site is optimized with the Yoast SEO plugin v27.1.1 - https:\/\/yoast.com\/product\/yoast-seo-wordpress\/ -->\n<title>WithMe | M\u00f6bel Bise | M\u00f6belgesch\u00e4ft | M\u00f6bel | Freiburg | Bulle<\/title>\n<meta name=\"robots\" content=\"index, follow, max-snippet:-1, max-image-preview:large, max-video-preview:-1\" \/>\n<link rel=\"canonical\" href=\"https:\/\/www.bise.ch\/de\/produit\/withme\/\" \/>\n<meta property=\"og:locale\" content=\"de_DE\" \/>\n<meta property=\"og:type\" content=\"article\" \/>\n<meta property=\"og:title\" content=\"WithMe | M\u00f6bel Bise | M\u00f6belgesch\u00e4ft | M\u00f6bel | Freiburg | Bulle\" \/>\n<meta property=\"og:description\" content=\"B\u00fcrostuhl\" \/>\n<meta property=\"og:url\" content=\"https:\/\/www.bise.ch\/de\/produit\/withme\/\" \/>\n<meta property=\"og:site_name\" content=\"M\u00f6bel Bise | M\u00f6belgesch\u00e4ft | M\u00f6bel | Freiburg | Bulle\" \/>\n<meta property=\"article:publisher\" content=\"https:\/\/www.facebook.com\/bisemeubles\/\" \/>\n<meta property=\"og:image\" content=\"https:\/\/www.bise.ch\/wp-content\/uploads\/60l.png\" \/>\n\t<meta property=\"og:image:width\" content=\"470\" \/>\n\t<meta property=\"og:image:height\" content=\"353\" \/>\n\t<meta property=\"og:image:type\" content=\"image\/png\" \/>\n<meta name=\"twitter:card\" content=\"summary_large_image\" \/>\n<meta name=\"twitter:label1\" content=\"Gesch\u00e4tzte Lesezeit\" \/>\n\t<meta name=\"twitter:data1\" content=\"1\u00a0Minute\" \/>\n<script type=\"application\/ld+json\" class=\"yoast-schema-graph\">{\"@context\":\"https:\/\/schema.org\",\"@graph\":[{\"@type\":\"WebPage\",\"@id\":\"https:\/\/www.bise.ch\/de\/produit\/withme\/\",\"url\":\"https:\/\/www.bise.ch\/de\/produit\/withme\/\",\"name\":\"WithMe | M\u00f6bel Bise | M\u00f6belgesch\u00e4ft | M\u00f6bel | Freiburg | Bulle\",\"isPartOf\":{\"@id\":\"https:\/\/www.bise.ch\/de\/#website\"},\"primaryImageOfPage\":{\"@id\":\"https:\/\/www.bise.ch\/de\/produit\/withme\/#primaryimage\"},\"image\":{\"@id\":\"https:\/\/www.bise.ch\/de\/produit\/withme\/#primaryimage\"},\"thumbnailUrl\":\"https:\/\/www.bise.ch\/wp-content\/uploads\/60l.png\",\"datePublished\":\"2022-08-31T11:29:29+00:00\",\"breadcrumb\":{\"@id\":\"https:\/\/www.bise.ch\/de\/produit\/withme\/#breadcrumb\"},\"inLanguage\":\"de\",\"potentialAction\":[{\"@type\":\"ReadAction\",\"target\":[\"https:\/\/www.bise.ch\/de\/produit\/withme\/\"]}]},{\"@type\":\"ImageObject\",\"inLanguage\":\"de\",\"@id\":\"https:\/\/www.bise.ch\/de\/produit\/withme\/#primaryimage\",\"url\":\"https:\/\/www.bise.ch\/wp-content\/uploads\/60l.png\",\"contentUrl\":\"https:\/\/www.bise.ch\/wp-content\/uploads\/60l.png\",\"width\":470,\"height\":353,\"caption\":\"60l\"},{\"@type\":\"BreadcrumbList\",\"@id\":\"https:\/\/www.bise.ch\/de\/produit\/withme\/#breadcrumb\",\"itemListElement\":[{\"@type\":\"ListItem\",\"position\":1,\"name\":\"Startseite\",\"item\":\"https:\/\/www.bise.ch\/de\/\"},{\"@type\":\"ListItem\",\"position\":2,\"name\":\"Shop\",\"item\":\"https:\/\/www.bise.ch\/de\/shop\/\"},{\"@type\":\"ListItem\",\"position\":3,\"name\":\"WithMe\"}]},{\"@type\":\"WebSite\",\"@id\":\"https:\/\/www.bise.ch\/de\/#website\",\"url\":\"https:\/\/www.bise.ch\/de\/\",\"name\":\"Meubles Bise | Magasin de meubles | Mobilier | Fribourg | Bulle\",\"description\":\"Wir erwecken Ihre Ra\u0308ume zum Leben\",\"publisher\":{\"@id\":\"https:\/\/www.bise.ch\/de\/#organization\"},\"alternateName\":\"Georges Bise SA\",\"potentialAction\":[{\"@type\":\"SearchAction\",\"target\":{\"@type\":\"EntryPoint\",\"urlTemplate\":\"https:\/\/www.bise.ch\/de\/?s={search_term_string}\"},\"query-input\":{\"@type\":\"PropertyValueSpecification\",\"valueRequired\":true,\"valueName\":\"search_term_string\"}}],\"inLanguage\":\"de\"},{\"@type\":\"Organization\",\"@id\":\"https:\/\/www.bise.ch\/de\/#organization\",\"name\":\"M\u00f6bel Bise | M\u00f6belgesch\u00e4ft | M\u00f6bel | Freiburg | Bulle\",\"alternateName\":\"Georges Bise SA\",\"url\":\"https:\/\/www.bise.ch\/de\/\",\"logo\":{\"@type\":\"ImageObject\",\"inLanguage\":\"de\",\"@id\":\"https:\/\/www.bise.ch\/de\/#\/schema\/logo\/image\/\",\"url\":\"https:\/\/www.bise.ch\/wp-content\/uploads\/LogoBise.png\",\"contentUrl\":\"https:\/\/www.bise.ch\/wp-content\/uploads\/LogoBise.png\",\"width\":4267,\"height\":4267,\"caption\":\"M\u00f6bel Bise | M\u00f6belgesch\u00e4ft | M\u00f6bel | Freiburg | Bulle\"},\"image\":{\"@id\":\"https:\/\/www.bise.ch\/de\/#\/schema\/logo\/image\/\"},\"sameAs\":[\"https:\/\/www.facebook.com\/bisemeubles\/\",\"https:\/\/www.instagram.com\/bisemeubles\/\",\"https:\/\/ch.linkedin.com\/company\/bise-meubles-moebel\"]}]}<\/script>\n<!-- \/ Yoast SEO plugin. -->","yoast_head_json":{"title":"WithMe | M\u00f6bel Bise | M\u00f6belgesch\u00e4ft | M\u00f6bel | Freiburg | Bulle","robots":{"index":"index","follow":"follow","max-snippet":"max-snippet:-1","max-image-preview":"max-image-preview:large","max-video-preview":"max-video-preview:-1"},"canonical":"https:\/\/www.bise.ch\/de\/produit\/withme\/","og_locale":"de_DE","og_type":"article","og_title":"WithMe | M\u00f6bel Bise | M\u00f6belgesch\u00e4ft | M\u00f6bel | Freiburg | Bulle","og_description":"B\u00fcrostuhl","og_url":"https:\/\/www.bise.ch\/de\/produit\/withme\/","og_site_name":"M\u00f6bel Bise | M\u00f6belgesch\u00e4ft | M\u00f6bel | Freiburg | Bulle","article_publisher":"https:\/\/www.facebook.com\/bisemeubles\/","og_image":[{"width":470,"height":353,"url":"https:\/\/www.bise.ch\/wp-content\/uploads\/60l.png","type":"image\/png"}],"twitter_card":"summary_large_image","twitter_misc":{"Gesch\u00e4tzte Lesezeit":"1\u00a0Minute"},"schema":{"@context":"https:\/\/schema.org","@graph":[{"@type":"WebPage","@id":"https:\/\/www.bise.ch\/de\/produit\/withme\/","url":"https:\/\/www.bise.ch\/de\/produit\/withme\/","name":"WithMe | M\u00f6bel Bise | M\u00f6belgesch\u00e4ft | M\u00f6bel | Freiburg | Bulle","isPartOf":{"@id":"https:\/\/www.bise.ch\/de\/#website"},"primaryImageOfPage":{"@id":"https:\/\/www.bise.ch\/de\/produit\/withme\/#primaryimage"},"image":{"@id":"https:\/\/www.bise.ch\/de\/produit\/withme\/#primaryimage"},"thumbnailUrl":"https:\/\/www.bise.ch\/wp-content\/uploads\/60l.png","datePublished":"2022-08-31T11:29:29+00:00","breadcrumb":{"@id":"https:\/\/www.bise.ch\/de\/produit\/withme\/#breadcrumb"},"inLanguage":"de","potentialAction":[{"@type":"ReadAction","target":["https:\/\/www.bise.ch\/de\/produit\/withme\/"]}]},{"@type":"ImageObject","inLanguage":"de","@id":"https:\/\/www.bise.ch\/de\/produit\/withme\/#primaryimage","url":"https:\/\/www.bise.ch\/wp-content\/uploads\/60l.png","contentUrl":"https:\/\/www.bise.ch\/wp-content\/uploads\/60l.png","width":470,"height":353,"caption":"60l"},{"@type":"BreadcrumbList","@id":"https:\/\/www.bise.ch\/de\/produit\/withme\/#breadcrumb","itemListElement":[{"@type":"ListItem","position":1,"name":"Startseite","item":"https:\/\/www.bise.ch\/de\/"},{"@type":"ListItem","position":2,"name":"Shop","item":"https:\/\/www.bise.ch\/de\/shop\/"},{"@type":"ListItem","position":3,"name":"WithMe"}]},{"@type":"WebSite","@id":"https:\/\/www.bise.ch\/de\/#website","url":"https:\/\/www.bise.ch\/de\/","name":"Meubles Bise | Magasin de meubles | Mobilier | Fribourg | Bulle","description":"Wir erwecken Ihre Ra\u0308ume zum Leben","publisher":{"@id":"https:\/\/www.bise.ch\/de\/#organization"},"alternateName":"Georges Bise SA","potentialAction":[{"@type":"SearchAction","target":{"@type":"EntryPoint","urlTemplate":"https:\/\/www.bise.ch\/de\/?s={search_term_string}"},"query-input":{"@type":"PropertyValueSpecification","valueRequired":true,"valueName":"search_term_string"}}],"inLanguage":"de"},{"@type":"Organization","@id":"https:\/\/www.bise.ch\/de\/#organization","name":"M\u00f6bel Bise | M\u00f6belgesch\u00e4ft | M\u00f6bel | Freiburg | Bulle","alternateName":"Georges Bise SA","url":"https:\/\/www.bise.ch\/de\/","logo":{"@type":"ImageObject","inLanguage":"de","@id":"https:\/\/www.bise.ch\/de\/#\/schema\/logo\/image\/","url":"https:\/\/www.bise.ch\/wp-content\/uploads\/LogoBise.png","contentUrl":"https:\/\/www.bise.ch\/wp-content\/uploads\/LogoBise.png","width":4267,"height":4267,"caption":"M\u00f6bel Bise | M\u00f6belgesch\u00e4ft | M\u00f6bel | Freiburg | Bulle"},"image":{"@id":"https:\/\/www.bise.ch\/de\/#\/schema\/logo\/image\/"},"sameAs":["https:\/\/www.facebook.com\/bisemeubles\/","https:\/\/www.instagram.com\/bisemeubles\/","https:\/\/ch.linkedin.com\/company\/bise-meubles-moebel"]}]}},"_links":{"self":[{"href":"https:\/\/www.bise.ch\/de\/wp-json\/wp\/v2\/product\/54986","targetHints":{"allow":["GET"]}}],"collection":[{"href":"https:\/\/www.bise.ch\/de\/wp-json\/wp\/v2\/product"}],"about":[{"href":"https:\/\/www.bise.ch\/de\/wp-json\/wp\/v2\/types\/product"}],"wp:featuredmedia":[{"embeddable":true,"href":"https:\/\/www.bise.ch\/de\/wp-json\/wp\/v2\/media\/52604"}],"wp:attachment":[{"href":"https:\/\/www.bise.ch\/de\/wp-json\/wp\/v2\/media?parent=54986"}],"wp:term":[{"taxonomy":"product_brand","embeddable":true,"href":"https:\/\/www.bise.ch\/de\/wp-json\/wp\/v2\/product_brand?post=54986"},{"taxonomy":"product_cat","embeddable":true,"href":"https:\/\/www.bise.ch\/de\/wp-json\/wp\/v2\/product_cat?post=54986"},{"taxonomy":"product_tag","embeddable":true,"href":"https:\/\/www.bise.ch\/de\/wp-json\/wp\/v2\/product_tag?post=54986"}],"curies":[{"name":"wp","href":"https:\/\/api.w.org\/{rel}","templated":true}]}}