{"id":54991,"date":"2022-05-04T15:09:12","date_gmt":"2022-05-04T13:09:12","guid":{"rendered":"https:\/\/bise.ch\/produit\/liftmatic-2-1\/"},"modified":"2022-05-04T15:09:12","modified_gmt":"2022-05-04T13:09:12","slug":"liftmatic-2-1","status":"publish","type":"product","link":"https:\/\/www.bise.ch\/de\/produit\/liftmatic-2-1\/","title":{"rendered":"Liftmatic 2.1"},"content":{"rendered":"<p><strong>H\u00f6henverstellbarkeit mit einem Knopfdruck, ohne Elektrizit\u00e4t<\/strong><\/p>\n<p>Tische mit verstellbarem Hator sind reich an gesundheitlichen Vorteilen, da sie den Wechsel zwischen Sitzen und Stehen erm\u00f6glichen. Sie verringern das Risiko, chronische R\u00fccken- oder Nackenschmerzen zu entwickeln und f\u00f6rdern gleichzeitig die Produktivit\u00e4t, Konzentration und Motivation.<\/p>\n<p>Ein wesentlicher Aspekt ihrer Verwendung ist die M\u00f6glichkeit,&nbsp;die H\u00f6he einfach, schnell und ger\u00e4uschlos einzustellen.&nbsp;Dies ist der Fall bei SITAGACTIVE LIFTMATIC 2.1&nbsp;, der dank seines pneumatischen Zylinders im Handumdrehen und ohne elektrischen Anschluss auf die gew\u00fcnschte H\u00f6he gebracht werden kann.<\/p>\n<p>SITAGACTIVE LIFTMATIC 2.1&nbsp;bietet die ideale L\u00f6sung f\u00fcr Doppelarbeitspl\u00e4tze. Sie kann auch mit Trennw\u00e4nden ausgestattet werden, um eine bessere Schalld\u00e4mmung und eine optimale Organisation zu gew\u00e4hrleisten. Es gibt sogar spezielles Zubeh\u00f6r, wie z.B. Halterungen f\u00fcr die Zentraleinheit und den Bildschirm.<\/p>\n","protected":false},"excerpt":{"rendered":"<p>Arbeitstisch<\/p>\n","protected":false},"featured_media":51918,"template":"","meta":{"_et_pb_use_builder":"","_et_pb_old_content":"","_et_gb_content_width":""},"product_brand":[4343],"product_cat":[453],"product_tag":[],"class_list":{"0":"post-54991","1":"product","2":"type-product","3":"status-publish","4":"has-post-thumbnail","6":"product_brand-sitag_de","7":"product_cat-steh-sitz-schreibtisch","8":"pa_designation_de-tisch-de","9":"pa_designation_fr-arbeitstisch","11":"first","12":"instock","13":"shipping-taxable","14":"purchasable","15":"product-type-simple"},"yoast_head":"<!-- This site is optimized with the Yoast SEO plugin v27.1.1 - https:\/\/yoast.com\/product\/yoast-seo-wordpress\/ -->\n<title>Liftmatic 2.1 | M\u00f6bel Bise | M\u00f6belgesch\u00e4ft | M\u00f6bel | Freiburg | Bulle<\/title>\n<meta name=\"robots\" content=\"index, follow, max-snippet:-1, max-image-preview:large, max-video-preview:-1\" \/>\n<link rel=\"canonical\" href=\"https:\/\/www.bise.ch\/de\/produit\/liftmatic-2-1\/\" \/>\n<meta property=\"og:locale\" content=\"de_DE\" \/>\n<meta property=\"og:type\" content=\"article\" \/>\n<meta property=\"og:title\" content=\"Liftmatic 2.1 | M\u00f6bel Bise | M\u00f6belgesch\u00e4ft | M\u00f6bel | Freiburg | Bulle\" \/>\n<meta property=\"og:description\" content=\"Arbeitstisch\" \/>\n<meta property=\"og:url\" content=\"https:\/\/www.bise.ch\/de\/produit\/liftmatic-2-1\/\" \/>\n<meta property=\"og:site_name\" content=\"M\u00f6bel Bise | M\u00f6belgesch\u00e4ft | M\u00f6bel | Freiburg | Bulle\" \/>\n<meta property=\"article:publisher\" content=\"https:\/\/www.facebook.com\/bisemeubles\/\" \/>\n<meta property=\"og:image\" content=\"https:\/\/www.bise.ch\/wp-content\/uploads\/sitagactive_liftmatic_2_00065_sitagteamr1920x1080-jpg.webp\" \/>\n\t<meta property=\"og:image:width\" content=\"1512\" \/>\n\t<meta property=\"og:image:height\" content=\"1080\" \/>\n\t<meta property=\"og:image:type\" content=\"image\/jpeg\" \/>\n<meta name=\"twitter:card\" content=\"summary_large_image\" \/>\n<meta name=\"twitter:label1\" content=\"Gesch\u00e4tzte Lesezeit\" \/>\n\t<meta name=\"twitter:data1\" content=\"1\u00a0Minute\" \/>\n<script type=\"application\/ld+json\" class=\"yoast-schema-graph\">{\"@context\":\"https:\/\/schema.org\",\"@graph\":[{\"@type\":\"WebPage\",\"@id\":\"https:\/\/www.bise.ch\/de\/produit\/liftmatic-2-1\/\",\"url\":\"https:\/\/www.bise.ch\/de\/produit\/liftmatic-2-1\/\",\"name\":\"Liftmatic 2.1 | M\u00f6bel Bise | M\u00f6belgesch\u00e4ft | M\u00f6bel | Freiburg | Bulle\",\"isPartOf\":{\"@id\":\"https:\/\/www.bise.ch\/de\/#website\"},\"primaryImageOfPage\":{\"@id\":\"https:\/\/www.bise.ch\/de\/produit\/liftmatic-2-1\/#primaryimage\"},\"image\":{\"@id\":\"https:\/\/www.bise.ch\/de\/produit\/liftmatic-2-1\/#primaryimage\"},\"thumbnailUrl\":\"https:\/\/www.bise.ch\/wp-content\/uploads\/sitagactive_liftmatic_2_00065_sitagteamr1920x1080-jpg.webp\",\"datePublished\":\"2022-05-04T13:09:12+00:00\",\"breadcrumb\":{\"@id\":\"https:\/\/www.bise.ch\/de\/produit\/liftmatic-2-1\/#breadcrumb\"},\"inLanguage\":\"de\",\"potentialAction\":[{\"@type\":\"ReadAction\",\"target\":[\"https:\/\/www.bise.ch\/de\/produit\/liftmatic-2-1\/\"]}]},{\"@type\":\"ImageObject\",\"inLanguage\":\"de\",\"@id\":\"https:\/\/www.bise.ch\/de\/produit\/liftmatic-2-1\/#primaryimage\",\"url\":\"https:\/\/www.bise.ch\/wp-content\/uploads\/sitagactive_liftmatic_2_00065_sitagteamr1920x1080-jpg.webp\",\"contentUrl\":\"https:\/\/www.bise.ch\/wp-content\/uploads\/sitagactive_liftmatic_2_00065_sitagteamr1920x1080-jpg.webp\",\"width\":1512,\"height\":1080,\"caption\":\"sitagactive_liftmatic_2_00065_sitagteamr1920x1080\"},{\"@type\":\"BreadcrumbList\",\"@id\":\"https:\/\/www.bise.ch\/de\/produit\/liftmatic-2-1\/#breadcrumb\",\"itemListElement\":[{\"@type\":\"ListItem\",\"position\":1,\"name\":\"Startseite\",\"item\":\"https:\/\/www.bise.ch\/de\/\"},{\"@type\":\"ListItem\",\"position\":2,\"name\":\"Shop\",\"item\":\"https:\/\/www.bise.ch\/de\/shop\/\"},{\"@type\":\"ListItem\",\"position\":3,\"name\":\"Liftmatic 2.1\"}]},{\"@type\":\"WebSite\",\"@id\":\"https:\/\/www.bise.ch\/de\/#website\",\"url\":\"https:\/\/www.bise.ch\/de\/\",\"name\":\"Meubles Bise | Magasin de meubles | Mobilier | Fribourg | Bulle\",\"description\":\"Wir erwecken Ihre Ra\u0308ume zum Leben\",\"publisher\":{\"@id\":\"https:\/\/www.bise.ch\/de\/#organization\"},\"alternateName\":\"Georges Bise SA\",\"potentialAction\":[{\"@type\":\"SearchAction\",\"target\":{\"@type\":\"EntryPoint\",\"urlTemplate\":\"https:\/\/www.bise.ch\/de\/?s={search_term_string}\"},\"query-input\":{\"@type\":\"PropertyValueSpecification\",\"valueRequired\":true,\"valueName\":\"search_term_string\"}}],\"inLanguage\":\"de\"},{\"@type\":\"Organization\",\"@id\":\"https:\/\/www.bise.ch\/de\/#organization\",\"name\":\"M\u00f6bel Bise | M\u00f6belgesch\u00e4ft | M\u00f6bel | Freiburg | Bulle\",\"alternateName\":\"Georges Bise SA\",\"url\":\"https:\/\/www.bise.ch\/de\/\",\"logo\":{\"@type\":\"ImageObject\",\"inLanguage\":\"de\",\"@id\":\"https:\/\/www.bise.ch\/de\/#\/schema\/logo\/image\/\",\"url\":\"https:\/\/www.bise.ch\/wp-content\/uploads\/LogoBise.png\",\"contentUrl\":\"https:\/\/www.bise.ch\/wp-content\/uploads\/LogoBise.png\",\"width\":4267,\"height\":4267,\"caption\":\"M\u00f6bel Bise | M\u00f6belgesch\u00e4ft | M\u00f6bel | Freiburg | Bulle\"},\"image\":{\"@id\":\"https:\/\/www.bise.ch\/de\/#\/schema\/logo\/image\/\"},\"sameAs\":[\"https:\/\/www.facebook.com\/bisemeubles\/\",\"https:\/\/www.instagram.com\/bisemeubles\/\",\"https:\/\/ch.linkedin.com\/company\/bise-meubles-moebel\"]}]}<\/script>\n<!-- \/ Yoast SEO plugin. -->","yoast_head_json":{"title":"Liftmatic 2.1 | M\u00f6bel Bise | M\u00f6belgesch\u00e4ft | M\u00f6bel | Freiburg | Bulle","robots":{"index":"index","follow":"follow","max-snippet":"max-snippet:-1","max-image-preview":"max-image-preview:large","max-video-preview":"max-video-preview:-1"},"canonical":"https:\/\/www.bise.ch\/de\/produit\/liftmatic-2-1\/","og_locale":"de_DE","og_type":"article","og_title":"Liftmatic 2.1 | M\u00f6bel Bise | M\u00f6belgesch\u00e4ft | M\u00f6bel | Freiburg | Bulle","og_description":"Arbeitstisch","og_url":"https:\/\/www.bise.ch\/de\/produit\/liftmatic-2-1\/","og_site_name":"M\u00f6bel Bise | M\u00f6belgesch\u00e4ft | M\u00f6bel | Freiburg | Bulle","article_publisher":"https:\/\/www.facebook.com\/bisemeubles\/","og_image":[{"width":1512,"height":1080,"url":"https:\/\/www.bise.ch\/wp-content\/uploads\/sitagactive_liftmatic_2_00065_sitagteamr1920x1080-jpg.webp","type":"image\/jpeg"}],"twitter_card":"summary_large_image","twitter_misc":{"Gesch\u00e4tzte Lesezeit":"1\u00a0Minute"},"schema":{"@context":"https:\/\/schema.org","@graph":[{"@type":"WebPage","@id":"https:\/\/www.bise.ch\/de\/produit\/liftmatic-2-1\/","url":"https:\/\/www.bise.ch\/de\/produit\/liftmatic-2-1\/","name":"Liftmatic 2.1 | M\u00f6bel Bise | M\u00f6belgesch\u00e4ft | M\u00f6bel | Freiburg | Bulle","isPartOf":{"@id":"https:\/\/www.bise.ch\/de\/#website"},"primaryImageOfPage":{"@id":"https:\/\/www.bise.ch\/de\/produit\/liftmatic-2-1\/#primaryimage"},"image":{"@id":"https:\/\/www.bise.ch\/de\/produit\/liftmatic-2-1\/#primaryimage"},"thumbnailUrl":"https:\/\/www.bise.ch\/wp-content\/uploads\/sitagactive_liftmatic_2_00065_sitagteamr1920x1080-jpg.webp","datePublished":"2022-05-04T13:09:12+00:00","breadcrumb":{"@id":"https:\/\/www.bise.ch\/de\/produit\/liftmatic-2-1\/#breadcrumb"},"inLanguage":"de","potentialAction":[{"@type":"ReadAction","target":["https:\/\/www.bise.ch\/de\/produit\/liftmatic-2-1\/"]}]},{"@type":"ImageObject","inLanguage":"de","@id":"https:\/\/www.bise.ch\/de\/produit\/liftmatic-2-1\/#primaryimage","url":"https:\/\/www.bise.ch\/wp-content\/uploads\/sitagactive_liftmatic_2_00065_sitagteamr1920x1080-jpg.webp","contentUrl":"https:\/\/www.bise.ch\/wp-content\/uploads\/sitagactive_liftmatic_2_00065_sitagteamr1920x1080-jpg.webp","width":1512,"height":1080,"caption":"sitagactive_liftmatic_2_00065_sitagteamr1920x1080"},{"@type":"BreadcrumbList","@id":"https:\/\/www.bise.ch\/de\/produit\/liftmatic-2-1\/#breadcrumb","itemListElement":[{"@type":"ListItem","position":1,"name":"Startseite","item":"https:\/\/www.bise.ch\/de\/"},{"@type":"ListItem","position":2,"name":"Shop","item":"https:\/\/www.bise.ch\/de\/shop\/"},{"@type":"ListItem","position":3,"name":"Liftmatic 2.1"}]},{"@type":"WebSite","@id":"https:\/\/www.bise.ch\/de\/#website","url":"https:\/\/www.bise.ch\/de\/","name":"Meubles Bise | Magasin de meubles | Mobilier | Fribourg | Bulle","description":"Wir erwecken Ihre Ra\u0308ume zum Leben","publisher":{"@id":"https:\/\/www.bise.ch\/de\/#organization"},"alternateName":"Georges Bise SA","potentialAction":[{"@type":"SearchAction","target":{"@type":"EntryPoint","urlTemplate":"https:\/\/www.bise.ch\/de\/?s={search_term_string}"},"query-input":{"@type":"PropertyValueSpecification","valueRequired":true,"valueName":"search_term_string"}}],"inLanguage":"de"},{"@type":"Organization","@id":"https:\/\/www.bise.ch\/de\/#organization","name":"M\u00f6bel Bise | M\u00f6belgesch\u00e4ft | M\u00f6bel | Freiburg | Bulle","alternateName":"Georges Bise SA","url":"https:\/\/www.bise.ch\/de\/","logo":{"@type":"ImageObject","inLanguage":"de","@id":"https:\/\/www.bise.ch\/de\/#\/schema\/logo\/image\/","url":"https:\/\/www.bise.ch\/wp-content\/uploads\/LogoBise.png","contentUrl":"https:\/\/www.bise.ch\/wp-content\/uploads\/LogoBise.png","width":4267,"height":4267,"caption":"M\u00f6bel Bise | M\u00f6belgesch\u00e4ft | M\u00f6bel | Freiburg | Bulle"},"image":{"@id":"https:\/\/www.bise.ch\/de\/#\/schema\/logo\/image\/"},"sameAs":["https:\/\/www.facebook.com\/bisemeubles\/","https:\/\/www.instagram.com\/bisemeubles\/","https:\/\/ch.linkedin.com\/company\/bise-meubles-moebel"]}]}},"_links":{"self":[{"href":"https:\/\/www.bise.ch\/de\/wp-json\/wp\/v2\/product\/54991","targetHints":{"allow":["GET"]}}],"collection":[{"href":"https:\/\/www.bise.ch\/de\/wp-json\/wp\/v2\/product"}],"about":[{"href":"https:\/\/www.bise.ch\/de\/wp-json\/wp\/v2\/types\/product"}],"wp:featuredmedia":[{"embeddable":true,"href":"https:\/\/www.bise.ch\/de\/wp-json\/wp\/v2\/media\/51918"}],"wp:attachment":[{"href":"https:\/\/www.bise.ch\/de\/wp-json\/wp\/v2\/media?parent=54991"}],"wp:term":[{"taxonomy":"product_brand","embeddable":true,"href":"https:\/\/www.bise.ch\/de\/wp-json\/wp\/v2\/product_brand?post=54991"},{"taxonomy":"product_cat","embeddable":true,"href":"https:\/\/www.bise.ch\/de\/wp-json\/wp\/v2\/product_cat?post=54991"},{"taxonomy":"product_tag","embeddable":true,"href":"https:\/\/www.bise.ch\/de\/wp-json\/wp\/v2\/product_tag?post=54991"}],"curies":[{"name":"wp","href":"https:\/\/api.w.org\/{rel}","templated":true}]}}