{"id":55000,"date":"2022-09-13T14:29:25","date_gmt":"2022-09-13T12:29:25","guid":{"rendered":"https:\/\/bise.ch\/produit\/silence-line\/"},"modified":"2022-09-13T14:29:25","modified_gmt":"2022-09-13T12:29:25","slug":"silence-line","status":"publish","type":"product","link":"https:\/\/www.bise.ch\/de\/produit\/silence-line\/","title":{"rendered":"Silence Line"},"content":{"rendered":"<p>Hochflexibel, dynamisch mit Klettverschluss<br \/>\nL\u00e4rm im B\u00fcro ist mehr als nur ein l\u00e4stiger St\u00f6rfaktor. Er ist st\u00e4ndig pr\u00e4sent und wirkt sich messbar auf die Arbeitsleistung und letztendlich auf die Gesundheit der Angestellten aus. Das Silence Line Trennwandsystem, einschlie\u00dflich der Tisch- und Schrankelemente sowie der Hintertischelemente, tr\u00e4gt entscheidend zur Optimierung der Raumakustik und zur Verbesserung der Schalld\u00e4mmung des Arbeitsplatzes bei. Mit seinem hochabsorbierenden Kern und seinen hervorragenden akustischen Eigenschaften steht Silence Line auch f\u00fcr Flexibilit\u00e4t und Kosteneffizienz dank seiner funktionellen und dynamischen Klettverbindung. Als modulares System konzipiert, k\u00f6nnen Sie nicht nur stoffbespannte W\u00e4nde, sondern auch Glasw\u00e4nde und teilweise verglaste W\u00e4nde erhalten. Organisationsschienen und Elektrifizierungsmodule, die in das System integriert werden k\u00f6nnen, bieten viele M\u00f6glichkeiten f\u00fcr die individuelle Gestaltung des Arbeitsplatzes, einschlie\u00dflich Monitorschwenkarme und Glaspaneele. Neben der Dicke von 55 mm sind die W\u00e4nde auch in 40 mm erh\u00e4ltlich, wodurch unterschiedliche Schallabsorptionsf\u00e4higkeiten erzielt werden k\u00f6nnen. Der Einsatz von Silence Line erm\u00f6glicht es, mit geringen Kosten erhebliche Vorteile zu erzielen, die sich deutlich positiv auf die Arbeitsergebnisse, das Wohlbefinden der Mitarbeiter und letztendlich den wirtschaftlichen Erfolg eines Unternehmens auswirken.<\/p>\n<p>Beste akustische Qualit\u00e4ten dank einer intelligenten, mehrschichtigen Wandstruktur<br \/>\nDie akustischen Qualit\u00e4ten der Silence Line W\u00e4nde sind das Ergebnis intensiver Forschung und st\u00e4ndiger Weiterentwicklung. Die intelligente mehrschichtige Struktur der W\u00e4nde kann an die unterschiedlichen akustischen Anforderungen der R\u00e4ume in Bezug auf Gr\u00f6\u00dfe und Material angepasst werden. So werden nicht nur die besten Werte in Bezug auf die Schallabsorptionsleistung erreicht, sondern Silence Line leistet auch unabh\u00e4ngig von der Wandst\u00e4rke (55 mm oder 40 mm) einen wichtigen Beitrag zur Schalld\u00e4mmung am Arbeitsplatz.<\/p>\n<p>Erneuerbar und 100% nachhaltig<br \/>\nNeben dem klassischen akustischen F\u00fcllmaterial, einem schwer entflammbaren Polyestervlies, sind die Silence Line-W\u00e4nde auch mit einer F\u00fcllung aus 100% Schafwolle erh\u00e4ltlich. Schafwolle hat nicht nur hervorragende akustische Eigenschaften, sondern auch die einzigartige F\u00e4higkeit, die Raumluft zu filtern und dauerhaft zu neutralisieren. Schurwolle ist ein erneuerbarer, umweltfreundlicher und recycelbarer Rohstoff &#8211; von der Natur zur Natur &#8211; und daher 100% nachhaltig.<br \/>\n&nbsp;<\/p>\n","protected":false},"excerpt":{"rendered":"<p>Schallschutzwand<\/p>\n","protected":false},"featured_media":52885,"template":"","meta":{"_et_pb_use_builder":"","_et_pb_old_content":"","_et_gb_content_width":""},"product_brand":[4268],"product_cat":[443],"product_tag":[],"class_list":{"0":"post-55000","1":"product","2":"type-product","3":"status-publish","4":"has-post-thumbnail","6":"product_brand-aos_de","7":"product_cat-akustik","8":"pa_designation_de-trennwand-de","9":"pa_designation_fr-schallschutzwand","11":"first","12":"instock","13":"shipping-taxable","14":"purchasable","15":"product-type-simple"},"yoast_head":"<!-- This site is optimized with the Yoast SEO plugin v27.1.1 - https:\/\/yoast.com\/product\/yoast-seo-wordpress\/ -->\n<title>Silence Line | M\u00f6bel Bise | M\u00f6belgesch\u00e4ft | M\u00f6bel | Freiburg | Bulle<\/title>\n<meta name=\"robots\" content=\"index, follow, max-snippet:-1, max-image-preview:large, max-video-preview:-1\" \/>\n<link rel=\"canonical\" href=\"https:\/\/www.bise.ch\/de\/produit\/silence-line\/\" \/>\n<meta property=\"og:locale\" content=\"de_DE\" \/>\n<meta property=\"og:type\" content=\"article\" \/>\n<meta property=\"og:title\" content=\"Silence Line | M\u00f6bel Bise | M\u00f6belgesch\u00e4ft | M\u00f6bel | Freiburg | Bulle\" \/>\n<meta property=\"og:description\" content=\"Schallschutzwand\" \/>\n<meta property=\"og:url\" content=\"https:\/\/www.bise.ch\/de\/produit\/silence-line\/\" \/>\n<meta property=\"og:site_name\" content=\"M\u00f6bel Bise | M\u00f6belgesch\u00e4ft | M\u00f6bel | Freiburg | Bulle\" \/>\n<meta property=\"article:publisher\" content=\"https:\/\/www.facebook.com\/bisemeubles\/\" \/>\n<meta property=\"og:image\" content=\"https:\/\/www.bise.ch\/wp-content\/uploads\/csm_aos_silence_line_image_01_2d0e6750fc-jpg.webp\" \/>\n\t<meta property=\"og:image:width\" content=\"2000\" \/>\n\t<meta property=\"og:image:height\" content=\"1333\" \/>\n\t<meta property=\"og:image:type\" content=\"image\/jpeg\" \/>\n<meta name=\"twitter:card\" content=\"summary_large_image\" \/>\n<meta name=\"twitter:label1\" content=\"Gesch\u00e4tzte Lesezeit\" \/>\n\t<meta name=\"twitter:data1\" content=\"2\u00a0Minuten\" \/>\n<script type=\"application\/ld+json\" class=\"yoast-schema-graph\">{\"@context\":\"https:\/\/schema.org\",\"@graph\":[{\"@type\":\"WebPage\",\"@id\":\"https:\/\/www.bise.ch\/de\/produit\/silence-line\/\",\"url\":\"https:\/\/www.bise.ch\/de\/produit\/silence-line\/\",\"name\":\"Silence Line | M\u00f6bel Bise | M\u00f6belgesch\u00e4ft | M\u00f6bel | Freiburg | Bulle\",\"isPartOf\":{\"@id\":\"https:\/\/www.bise.ch\/de\/#website\"},\"primaryImageOfPage\":{\"@id\":\"https:\/\/www.bise.ch\/de\/produit\/silence-line\/#primaryimage\"},\"image\":{\"@id\":\"https:\/\/www.bise.ch\/de\/produit\/silence-line\/#primaryimage\"},\"thumbnailUrl\":\"https:\/\/www.bise.ch\/wp-content\/uploads\/csm_aos_silence_line_image_01_2d0e6750fc-jpg.webp\",\"datePublished\":\"2022-09-13T12:29:25+00:00\",\"breadcrumb\":{\"@id\":\"https:\/\/www.bise.ch\/de\/produit\/silence-line\/#breadcrumb\"},\"inLanguage\":\"de\",\"potentialAction\":[{\"@type\":\"ReadAction\",\"target\":[\"https:\/\/www.bise.ch\/de\/produit\/silence-line\/\"]}]},{\"@type\":\"ImageObject\",\"inLanguage\":\"de\",\"@id\":\"https:\/\/www.bise.ch\/de\/produit\/silence-line\/#primaryimage\",\"url\":\"https:\/\/www.bise.ch\/wp-content\/uploads\/csm_aos_silence_line_image_01_2d0e6750fc-jpg.webp\",\"contentUrl\":\"https:\/\/www.bise.ch\/wp-content\/uploads\/csm_aos_silence_line_image_01_2d0e6750fc-jpg.webp\",\"width\":2000,\"height\":1333,\"caption\":\"csm_aos_silence_line_image_01_2d0e6750fc\"},{\"@type\":\"BreadcrumbList\",\"@id\":\"https:\/\/www.bise.ch\/de\/produit\/silence-line\/#breadcrumb\",\"itemListElement\":[{\"@type\":\"ListItem\",\"position\":1,\"name\":\"Startseite\",\"item\":\"https:\/\/www.bise.ch\/de\/\"},{\"@type\":\"ListItem\",\"position\":2,\"name\":\"Shop\",\"item\":\"https:\/\/www.bise.ch\/de\/shop\/\"},{\"@type\":\"ListItem\",\"position\":3,\"name\":\"Silence Line\"}]},{\"@type\":\"WebSite\",\"@id\":\"https:\/\/www.bise.ch\/de\/#website\",\"url\":\"https:\/\/www.bise.ch\/de\/\",\"name\":\"Meubles Bise | Magasin de meubles | Mobilier | Fribourg | Bulle\",\"description\":\"Wir erwecken Ihre Ra\u0308ume zum Leben\",\"publisher\":{\"@id\":\"https:\/\/www.bise.ch\/de\/#organization\"},\"alternateName\":\"Georges Bise SA\",\"potentialAction\":[{\"@type\":\"SearchAction\",\"target\":{\"@type\":\"EntryPoint\",\"urlTemplate\":\"https:\/\/www.bise.ch\/de\/?s={search_term_string}\"},\"query-input\":{\"@type\":\"PropertyValueSpecification\",\"valueRequired\":true,\"valueName\":\"search_term_string\"}}],\"inLanguage\":\"de\"},{\"@type\":\"Organization\",\"@id\":\"https:\/\/www.bise.ch\/de\/#organization\",\"name\":\"M\u00f6bel Bise | M\u00f6belgesch\u00e4ft | M\u00f6bel | Freiburg | Bulle\",\"alternateName\":\"Georges Bise SA\",\"url\":\"https:\/\/www.bise.ch\/de\/\",\"logo\":{\"@type\":\"ImageObject\",\"inLanguage\":\"de\",\"@id\":\"https:\/\/www.bise.ch\/de\/#\/schema\/logo\/image\/\",\"url\":\"https:\/\/www.bise.ch\/wp-content\/uploads\/LogoBise.png\",\"contentUrl\":\"https:\/\/www.bise.ch\/wp-content\/uploads\/LogoBise.png\",\"width\":4267,\"height\":4267,\"caption\":\"M\u00f6bel Bise | M\u00f6belgesch\u00e4ft | M\u00f6bel | Freiburg | Bulle\"},\"image\":{\"@id\":\"https:\/\/www.bise.ch\/de\/#\/schema\/logo\/image\/\"},\"sameAs\":[\"https:\/\/www.facebook.com\/bisemeubles\/\",\"https:\/\/www.instagram.com\/bisemeubles\/\",\"https:\/\/ch.linkedin.com\/company\/bise-meubles-moebel\"]}]}<\/script>\n<!-- \/ Yoast SEO plugin. -->","yoast_head_json":{"title":"Silence Line | M\u00f6bel Bise | M\u00f6belgesch\u00e4ft | M\u00f6bel | Freiburg | Bulle","robots":{"index":"index","follow":"follow","max-snippet":"max-snippet:-1","max-image-preview":"max-image-preview:large","max-video-preview":"max-video-preview:-1"},"canonical":"https:\/\/www.bise.ch\/de\/produit\/silence-line\/","og_locale":"de_DE","og_type":"article","og_title":"Silence Line | M\u00f6bel Bise | M\u00f6belgesch\u00e4ft | M\u00f6bel | Freiburg | Bulle","og_description":"Schallschutzwand","og_url":"https:\/\/www.bise.ch\/de\/produit\/silence-line\/","og_site_name":"M\u00f6bel Bise | M\u00f6belgesch\u00e4ft | M\u00f6bel | Freiburg | Bulle","article_publisher":"https:\/\/www.facebook.com\/bisemeubles\/","og_image":[{"width":2000,"height":1333,"url":"https:\/\/www.bise.ch\/wp-content\/uploads\/csm_aos_silence_line_image_01_2d0e6750fc-jpg.webp","type":"image\/jpeg"}],"twitter_card":"summary_large_image","twitter_misc":{"Gesch\u00e4tzte Lesezeit":"2\u00a0Minuten"},"schema":{"@context":"https:\/\/schema.org","@graph":[{"@type":"WebPage","@id":"https:\/\/www.bise.ch\/de\/produit\/silence-line\/","url":"https:\/\/www.bise.ch\/de\/produit\/silence-line\/","name":"Silence Line | M\u00f6bel Bise | M\u00f6belgesch\u00e4ft | M\u00f6bel | Freiburg | Bulle","isPartOf":{"@id":"https:\/\/www.bise.ch\/de\/#website"},"primaryImageOfPage":{"@id":"https:\/\/www.bise.ch\/de\/produit\/silence-line\/#primaryimage"},"image":{"@id":"https:\/\/www.bise.ch\/de\/produit\/silence-line\/#primaryimage"},"thumbnailUrl":"https:\/\/www.bise.ch\/wp-content\/uploads\/csm_aos_silence_line_image_01_2d0e6750fc-jpg.webp","datePublished":"2022-09-13T12:29:25+00:00","breadcrumb":{"@id":"https:\/\/www.bise.ch\/de\/produit\/silence-line\/#breadcrumb"},"inLanguage":"de","potentialAction":[{"@type":"ReadAction","target":["https:\/\/www.bise.ch\/de\/produit\/silence-line\/"]}]},{"@type":"ImageObject","inLanguage":"de","@id":"https:\/\/www.bise.ch\/de\/produit\/silence-line\/#primaryimage","url":"https:\/\/www.bise.ch\/wp-content\/uploads\/csm_aos_silence_line_image_01_2d0e6750fc-jpg.webp","contentUrl":"https:\/\/www.bise.ch\/wp-content\/uploads\/csm_aos_silence_line_image_01_2d0e6750fc-jpg.webp","width":2000,"height":1333,"caption":"csm_aos_silence_line_image_01_2d0e6750fc"},{"@type":"BreadcrumbList","@id":"https:\/\/www.bise.ch\/de\/produit\/silence-line\/#breadcrumb","itemListElement":[{"@type":"ListItem","position":1,"name":"Startseite","item":"https:\/\/www.bise.ch\/de\/"},{"@type":"ListItem","position":2,"name":"Shop","item":"https:\/\/www.bise.ch\/de\/shop\/"},{"@type":"ListItem","position":3,"name":"Silence Line"}]},{"@type":"WebSite","@id":"https:\/\/www.bise.ch\/de\/#website","url":"https:\/\/www.bise.ch\/de\/","name":"Meubles Bise | Magasin de meubles | Mobilier | Fribourg | Bulle","description":"Wir erwecken Ihre Ra\u0308ume zum Leben","publisher":{"@id":"https:\/\/www.bise.ch\/de\/#organization"},"alternateName":"Georges Bise SA","potentialAction":[{"@type":"SearchAction","target":{"@type":"EntryPoint","urlTemplate":"https:\/\/www.bise.ch\/de\/?s={search_term_string}"},"query-input":{"@type":"PropertyValueSpecification","valueRequired":true,"valueName":"search_term_string"}}],"inLanguage":"de"},{"@type":"Organization","@id":"https:\/\/www.bise.ch\/de\/#organization","name":"M\u00f6bel Bise | M\u00f6belgesch\u00e4ft | M\u00f6bel | Freiburg | Bulle","alternateName":"Georges Bise SA","url":"https:\/\/www.bise.ch\/de\/","logo":{"@type":"ImageObject","inLanguage":"de","@id":"https:\/\/www.bise.ch\/de\/#\/schema\/logo\/image\/","url":"https:\/\/www.bise.ch\/wp-content\/uploads\/LogoBise.png","contentUrl":"https:\/\/www.bise.ch\/wp-content\/uploads\/LogoBise.png","width":4267,"height":4267,"caption":"M\u00f6bel Bise | M\u00f6belgesch\u00e4ft | M\u00f6bel | Freiburg | Bulle"},"image":{"@id":"https:\/\/www.bise.ch\/de\/#\/schema\/logo\/image\/"},"sameAs":["https:\/\/www.facebook.com\/bisemeubles\/","https:\/\/www.instagram.com\/bisemeubles\/","https:\/\/ch.linkedin.com\/company\/bise-meubles-moebel"]}]}},"_links":{"self":[{"href":"https:\/\/www.bise.ch\/de\/wp-json\/wp\/v2\/product\/55000","targetHints":{"allow":["GET"]}}],"collection":[{"href":"https:\/\/www.bise.ch\/de\/wp-json\/wp\/v2\/product"}],"about":[{"href":"https:\/\/www.bise.ch\/de\/wp-json\/wp\/v2\/types\/product"}],"wp:featuredmedia":[{"embeddable":true,"href":"https:\/\/www.bise.ch\/de\/wp-json\/wp\/v2\/media\/52885"}],"wp:attachment":[{"href":"https:\/\/www.bise.ch\/de\/wp-json\/wp\/v2\/media?parent=55000"}],"wp:term":[{"taxonomy":"product_brand","embeddable":true,"href":"https:\/\/www.bise.ch\/de\/wp-json\/wp\/v2\/product_brand?post=55000"},{"taxonomy":"product_cat","embeddable":true,"href":"https:\/\/www.bise.ch\/de\/wp-json\/wp\/v2\/product_cat?post=55000"},{"taxonomy":"product_tag","embeddable":true,"href":"https:\/\/www.bise.ch\/de\/wp-json\/wp\/v2\/product_tag?post=55000"}],"curies":[{"name":"wp","href":"https:\/\/api.w.org\/{rel}","templated":true}]}}