{"id":55552,"date":"2020-08-06T09:04:27","date_gmt":"2020-08-06T07:04:27","guid":{"rendered":"https:\/\/bise.ch\/produit\/roller\/"},"modified":"2020-08-06T09:04:27","modified_gmt":"2020-08-06T07:04:27","slug":"roller","status":"publish","type":"product","link":"https:\/\/www.bise.ch\/de\/produit\/roller\/","title":{"rendered":"Roller"},"content":{"rendered":"<p><strong>Der Designstuhl f\u00fcr Kinder &#8211; w\u00e4chst perfekt mit und hat einen ergonomischen Sinn.<\/strong><br \/>\nBis heute dominiert die Zwangshaltung und das starre Sitzen am Kinderschreibtisch. Sitzen ist jedoch schon lange \u00fcberholt und gilt als Paradigma von gestern, da unsere Muskeln als gr\u00f6\u00dfter Stoffwechselmotor auf h\u00e4ufige und vielf\u00e4ltige Bewegungen angewiesen sind. Um dem starren und ergonomisch falschen Sitzen entgegenzuwirken, hat Moll den Kinderschreibtischstuhl Scooter entwickelt: Der Scooter wird den individuellen K\u00f6rperproportionen gerecht: Sitzh\u00f6he, Sitztiefe und die H\u00f6heneinstellung der R\u00fcckenlehne k\u00f6nnen beim Scooter separat eingestellt werden. Er ist auch einfach zu verstellen: Klappen Sie den Hebel aus und verschieben Sie die R\u00fcckenlehne oder den Sitz auf die gew\u00fcnschte Einstellung. Der Scooter ist f\u00fcr Kinder ab 110 cm geeignet, aber auch f\u00fcr junge Erwachsene bis 200 cm. Es ist nachhaltig und effektiv.<\/p>\n<p><strong>Sch\u00f6n und funktional &#8211; robust und sicher zugleich<\/strong><br \/>\nDie hochwertige Mesh-Beschichtung bietet optimalen Komfort und maximale Atmungsaktivit\u00e4t. Dies ist im Sommer besonders angenehm. Mit den separat erh\u00e4ltlichen Kissen ist der Scooter im Handumdrehen bequem und individuell. Die sechsarmige Basis mit gebremsten Rollen bietet absolute Stabilit\u00e4t und Sicherheit. Optional k\u00f6nnen die Rollen auch gegen Gleiter ausgetauscht werden. Der geneigte Rahmen besteht aus dickwandigen Stahlrohren. Die Sitz- und R\u00fcckenst\u00fctzen sind aus glasfaserverst\u00e4rktem Kunststoff.<\/p>\n<p><strong>Zwei Farben erh\u00e4ltlich:<\/strong><\/p>\n<ul>\n<li>Graue Struktur, silberne Maschen<\/li>\n<li>Wei\u00dfer Rahmen, silberne Masche<\/li>\n<\/ul>\n<p><em>Sitzkissen und \/ oder R\u00fcckenkissen separat erh\u00e4ltlich: ab CHF 70.<\/em><\/p>\n","protected":false},"excerpt":{"rendered":"<p>B\u00fcrostuhl f\u00fcr Kinder<\/p>\n","protected":false},"featured_media":50522,"template":"","meta":{"_et_pb_use_builder":"","_et_pb_old_content":"","_et_gb_content_width":""},"product_brand":[4327],"product_cat":[3770],"product_tag":[],"class_list":{"0":"post-55552","1":"product","2":"type-product","3":"status-publish","4":"has-post-thumbnail","6":"product_brand-moll_de","7":"product_cat-produkte","8":"pa_designation_de-kinderburostuhl-de","9":"pa_designation_fr-burostuhl-fur-kinder","11":"first","12":"instock","13":"shipping-taxable","14":"purchasable","15":"product-type-simple"},"yoast_head":"<!-- This site is optimized with the Yoast SEO plugin v27.1.1 - https:\/\/yoast.com\/product\/yoast-seo-wordpress\/ -->\n<title>Roller | M\u00f6bel Bise | M\u00f6belgesch\u00e4ft | M\u00f6bel | Freiburg | Bulle<\/title>\n<meta name=\"robots\" content=\"index, follow, max-snippet:-1, max-image-preview:large, max-video-preview:-1\" \/>\n<link rel=\"canonical\" href=\"https:\/\/www.bise.ch\/de\/produit\/roller\/\" \/>\n<meta property=\"og:locale\" content=\"de_DE\" \/>\n<meta property=\"og:type\" content=\"article\" \/>\n<meta property=\"og:title\" content=\"Roller | M\u00f6bel Bise | M\u00f6belgesch\u00e4ft | M\u00f6bel | Freiburg | Bulle\" \/>\n<meta property=\"og:description\" content=\"B\u00fcrostuhl f\u00fcr Kinder\" \/>\n<meta property=\"og:url\" content=\"https:\/\/www.bise.ch\/de\/produit\/roller\/\" \/>\n<meta property=\"og:site_name\" content=\"M\u00f6bel Bise | M\u00f6belgesch\u00e4ft | M\u00f6bel | Freiburg | Bulle\" \/>\n<meta property=\"article:publisher\" content=\"https:\/\/www.facebook.com\/bisemeubles\/\" \/>\n<meta property=\"og:image\" content=\"https:\/\/www.bise.ch\/wp-content\/uploads\/moll-people-scooter15-weiss-stoff-schwarz-champion-left-up-nussbaum-scooter-weiss_ergonomischer-hoehenverstellbarer-kinderdrehstuhl-jugenddrehstuhl-jpg.webp\" \/>\n\t<meta property=\"og:image:width\" content=\"1920\" \/>\n\t<meta property=\"og:image:height\" content=\"1080\" \/>\n\t<meta property=\"og:image:type\" content=\"image\/jpeg\" \/>\n<meta name=\"twitter:card\" content=\"summary_large_image\" \/>\n<meta name=\"twitter:label1\" content=\"Gesch\u00e4tzte Lesezeit\" \/>\n\t<meta name=\"twitter:data1\" content=\"1\u00a0Minute\" \/>\n<script type=\"application\/ld+json\" class=\"yoast-schema-graph\">{\"@context\":\"https:\/\/schema.org\",\"@graph\":[{\"@type\":\"WebPage\",\"@id\":\"https:\/\/www.bise.ch\/de\/produit\/roller\/\",\"url\":\"https:\/\/www.bise.ch\/de\/produit\/roller\/\",\"name\":\"Roller | M\u00f6bel Bise | M\u00f6belgesch\u00e4ft | M\u00f6bel | Freiburg | Bulle\",\"isPartOf\":{\"@id\":\"https:\/\/www.bise.ch\/de\/#website\"},\"primaryImageOfPage\":{\"@id\":\"https:\/\/www.bise.ch\/de\/produit\/roller\/#primaryimage\"},\"image\":{\"@id\":\"https:\/\/www.bise.ch\/de\/produit\/roller\/#primaryimage\"},\"thumbnailUrl\":\"https:\/\/www.bise.ch\/wp-content\/uploads\/moll-people-scooter15-weiss-stoff-schwarz-champion-left-up-nussbaum-scooter-weiss_ergonomischer-hoehenverstellbarer-kinderdrehstuhl-jugenddrehstuhl-jpg.webp\",\"datePublished\":\"2020-08-06T07:04:27+00:00\",\"breadcrumb\":{\"@id\":\"https:\/\/www.bise.ch\/de\/produit\/roller\/#breadcrumb\"},\"inLanguage\":\"de\",\"potentialAction\":[{\"@type\":\"ReadAction\",\"target\":[\"https:\/\/www.bise.ch\/de\/produit\/roller\/\"]}]},{\"@type\":\"ImageObject\",\"inLanguage\":\"de\",\"@id\":\"https:\/\/www.bise.ch\/de\/produit\/roller\/#primaryimage\",\"url\":\"https:\/\/www.bise.ch\/wp-content\/uploads\/moll-people-scooter15-weiss-stoff-schwarz-champion-left-up-nussbaum-scooter-weiss_ergonomischer-hoehenverstellbarer-kinderdrehstuhl-jugenddrehstuhl-jpg.webp\",\"contentUrl\":\"https:\/\/www.bise.ch\/wp-content\/uploads\/moll-people-scooter15-weiss-stoff-schwarz-champion-left-up-nussbaum-scooter-weiss_ergonomischer-hoehenverstellbarer-kinderdrehstuhl-jugenddrehstuhl-jpg.webp\",\"width\":1920,\"height\":1080,\"caption\":\"moll-people-scooter15-weiss-stoff-schwarz-champion-left-up-nussbaum-scooter-weiss_ergonomischer-hoehenverstellbarer-kinderdrehstuhl-jugenddrehstuhl\"},{\"@type\":\"BreadcrumbList\",\"@id\":\"https:\/\/www.bise.ch\/de\/produit\/roller\/#breadcrumb\",\"itemListElement\":[{\"@type\":\"ListItem\",\"position\":1,\"name\":\"Startseite\",\"item\":\"https:\/\/www.bise.ch\/de\/\"},{\"@type\":\"ListItem\",\"position\":2,\"name\":\"Shop\",\"item\":\"https:\/\/www.bise.ch\/de\/shop\/\"},{\"@type\":\"ListItem\",\"position\":3,\"name\":\"Roller\"}]},{\"@type\":\"WebSite\",\"@id\":\"https:\/\/www.bise.ch\/de\/#website\",\"url\":\"https:\/\/www.bise.ch\/de\/\",\"name\":\"Meubles Bise | Magasin de meubles | Mobilier | Fribourg | Bulle\",\"description\":\"Wir erwecken Ihre Ra\u0308ume zum Leben\",\"publisher\":{\"@id\":\"https:\/\/www.bise.ch\/de\/#organization\"},\"alternateName\":\"Georges Bise SA\",\"potentialAction\":[{\"@type\":\"SearchAction\",\"target\":{\"@type\":\"EntryPoint\",\"urlTemplate\":\"https:\/\/www.bise.ch\/de\/?s={search_term_string}\"},\"query-input\":{\"@type\":\"PropertyValueSpecification\",\"valueRequired\":true,\"valueName\":\"search_term_string\"}}],\"inLanguage\":\"de\"},{\"@type\":\"Organization\",\"@id\":\"https:\/\/www.bise.ch\/de\/#organization\",\"name\":\"M\u00f6bel Bise | M\u00f6belgesch\u00e4ft | M\u00f6bel | Freiburg | Bulle\",\"alternateName\":\"Georges Bise SA\",\"url\":\"https:\/\/www.bise.ch\/de\/\",\"logo\":{\"@type\":\"ImageObject\",\"inLanguage\":\"de\",\"@id\":\"https:\/\/www.bise.ch\/de\/#\/schema\/logo\/image\/\",\"url\":\"https:\/\/www.bise.ch\/wp-content\/uploads\/LogoBise.png\",\"contentUrl\":\"https:\/\/www.bise.ch\/wp-content\/uploads\/LogoBise.png\",\"width\":4267,\"height\":4267,\"caption\":\"M\u00f6bel Bise | M\u00f6belgesch\u00e4ft | M\u00f6bel | Freiburg | Bulle\"},\"image\":{\"@id\":\"https:\/\/www.bise.ch\/de\/#\/schema\/logo\/image\/\"},\"sameAs\":[\"https:\/\/www.facebook.com\/bisemeubles\/\",\"https:\/\/www.instagram.com\/bisemeubles\/\",\"https:\/\/ch.linkedin.com\/company\/bise-meubles-moebel\"]}]}<\/script>\n<!-- \/ Yoast SEO plugin. -->","yoast_head_json":{"title":"Roller | M\u00f6bel Bise | M\u00f6belgesch\u00e4ft | M\u00f6bel | Freiburg | Bulle","robots":{"index":"index","follow":"follow","max-snippet":"max-snippet:-1","max-image-preview":"max-image-preview:large","max-video-preview":"max-video-preview:-1"},"canonical":"https:\/\/www.bise.ch\/de\/produit\/roller\/","og_locale":"de_DE","og_type":"article","og_title":"Roller | M\u00f6bel Bise | M\u00f6belgesch\u00e4ft | M\u00f6bel | Freiburg | Bulle","og_description":"B\u00fcrostuhl f\u00fcr Kinder","og_url":"https:\/\/www.bise.ch\/de\/produit\/roller\/","og_site_name":"M\u00f6bel Bise | M\u00f6belgesch\u00e4ft | M\u00f6bel | Freiburg | Bulle","article_publisher":"https:\/\/www.facebook.com\/bisemeubles\/","og_image":[{"width":1920,"height":1080,"url":"https:\/\/www.bise.ch\/wp-content\/uploads\/moll-people-scooter15-weiss-stoff-schwarz-champion-left-up-nussbaum-scooter-weiss_ergonomischer-hoehenverstellbarer-kinderdrehstuhl-jugenddrehstuhl-jpg.webp","type":"image\/jpeg"}],"twitter_card":"summary_large_image","twitter_misc":{"Gesch\u00e4tzte Lesezeit":"1\u00a0Minute"},"schema":{"@context":"https:\/\/schema.org","@graph":[{"@type":"WebPage","@id":"https:\/\/www.bise.ch\/de\/produit\/roller\/","url":"https:\/\/www.bise.ch\/de\/produit\/roller\/","name":"Roller | M\u00f6bel Bise | M\u00f6belgesch\u00e4ft | M\u00f6bel | Freiburg | Bulle","isPartOf":{"@id":"https:\/\/www.bise.ch\/de\/#website"},"primaryImageOfPage":{"@id":"https:\/\/www.bise.ch\/de\/produit\/roller\/#primaryimage"},"image":{"@id":"https:\/\/www.bise.ch\/de\/produit\/roller\/#primaryimage"},"thumbnailUrl":"https:\/\/www.bise.ch\/wp-content\/uploads\/moll-people-scooter15-weiss-stoff-schwarz-champion-left-up-nussbaum-scooter-weiss_ergonomischer-hoehenverstellbarer-kinderdrehstuhl-jugenddrehstuhl-jpg.webp","datePublished":"2020-08-06T07:04:27+00:00","breadcrumb":{"@id":"https:\/\/www.bise.ch\/de\/produit\/roller\/#breadcrumb"},"inLanguage":"de","potentialAction":[{"@type":"ReadAction","target":["https:\/\/www.bise.ch\/de\/produit\/roller\/"]}]},{"@type":"ImageObject","inLanguage":"de","@id":"https:\/\/www.bise.ch\/de\/produit\/roller\/#primaryimage","url":"https:\/\/www.bise.ch\/wp-content\/uploads\/moll-people-scooter15-weiss-stoff-schwarz-champion-left-up-nussbaum-scooter-weiss_ergonomischer-hoehenverstellbarer-kinderdrehstuhl-jugenddrehstuhl-jpg.webp","contentUrl":"https:\/\/www.bise.ch\/wp-content\/uploads\/moll-people-scooter15-weiss-stoff-schwarz-champion-left-up-nussbaum-scooter-weiss_ergonomischer-hoehenverstellbarer-kinderdrehstuhl-jugenddrehstuhl-jpg.webp","width":1920,"height":1080,"caption":"moll-people-scooter15-weiss-stoff-schwarz-champion-left-up-nussbaum-scooter-weiss_ergonomischer-hoehenverstellbarer-kinderdrehstuhl-jugenddrehstuhl"},{"@type":"BreadcrumbList","@id":"https:\/\/www.bise.ch\/de\/produit\/roller\/#breadcrumb","itemListElement":[{"@type":"ListItem","position":1,"name":"Startseite","item":"https:\/\/www.bise.ch\/de\/"},{"@type":"ListItem","position":2,"name":"Shop","item":"https:\/\/www.bise.ch\/de\/shop\/"},{"@type":"ListItem","position":3,"name":"Roller"}]},{"@type":"WebSite","@id":"https:\/\/www.bise.ch\/de\/#website","url":"https:\/\/www.bise.ch\/de\/","name":"Meubles Bise | Magasin de meubles | Mobilier | Fribourg | Bulle","description":"Wir erwecken Ihre Ra\u0308ume zum Leben","publisher":{"@id":"https:\/\/www.bise.ch\/de\/#organization"},"alternateName":"Georges Bise SA","potentialAction":[{"@type":"SearchAction","target":{"@type":"EntryPoint","urlTemplate":"https:\/\/www.bise.ch\/de\/?s={search_term_string}"},"query-input":{"@type":"PropertyValueSpecification","valueRequired":true,"valueName":"search_term_string"}}],"inLanguage":"de"},{"@type":"Organization","@id":"https:\/\/www.bise.ch\/de\/#organization","name":"M\u00f6bel Bise | M\u00f6belgesch\u00e4ft | M\u00f6bel | Freiburg | Bulle","alternateName":"Georges Bise SA","url":"https:\/\/www.bise.ch\/de\/","logo":{"@type":"ImageObject","inLanguage":"de","@id":"https:\/\/www.bise.ch\/de\/#\/schema\/logo\/image\/","url":"https:\/\/www.bise.ch\/wp-content\/uploads\/LogoBise.png","contentUrl":"https:\/\/www.bise.ch\/wp-content\/uploads\/LogoBise.png","width":4267,"height":4267,"caption":"M\u00f6bel Bise | M\u00f6belgesch\u00e4ft | M\u00f6bel | Freiburg | Bulle"},"image":{"@id":"https:\/\/www.bise.ch\/de\/#\/schema\/logo\/image\/"},"sameAs":["https:\/\/www.facebook.com\/bisemeubles\/","https:\/\/www.instagram.com\/bisemeubles\/","https:\/\/ch.linkedin.com\/company\/bise-meubles-moebel"]}]}},"_links":{"self":[{"href":"https:\/\/www.bise.ch\/de\/wp-json\/wp\/v2\/product\/55552","targetHints":{"allow":["GET"]}}],"collection":[{"href":"https:\/\/www.bise.ch\/de\/wp-json\/wp\/v2\/product"}],"about":[{"href":"https:\/\/www.bise.ch\/de\/wp-json\/wp\/v2\/types\/product"}],"wp:featuredmedia":[{"embeddable":true,"href":"https:\/\/www.bise.ch\/de\/wp-json\/wp\/v2\/media\/50522"}],"wp:attachment":[{"href":"https:\/\/www.bise.ch\/de\/wp-json\/wp\/v2\/media?parent=55552"}],"wp:term":[{"taxonomy":"product_brand","embeddable":true,"href":"https:\/\/www.bise.ch\/de\/wp-json\/wp\/v2\/product_brand?post=55552"},{"taxonomy":"product_cat","embeddable":true,"href":"https:\/\/www.bise.ch\/de\/wp-json\/wp\/v2\/product_cat?post=55552"},{"taxonomy":"product_tag","embeddable":true,"href":"https:\/\/www.bise.ch\/de\/wp-json\/wp\/v2\/product_tag?post=55552"}],"curies":[{"name":"wp","href":"https:\/\/api.w.org\/{rel}","templated":true}]}}