{"id":55553,"date":"2020-08-03T17:14:14","date_gmt":"2020-08-03T15:14:14","guid":{"rendered":"https:\/\/bise.ch\/produit\/maximo\/"},"modified":"2024-09-10T23:00:13","modified_gmt":"2024-09-10T21:00:13","slug":"maximo","status":"publish","type":"product","link":"https:\/\/www.bise.ch\/de\/produit\/maximo\/","title":{"rendered":"Maximo"},"content":{"rendered":"<p>Der <strong>Vielseitige &#8211; bew\u00e4hrt und einzigartig<\/strong><br \/> Der Moll Maximo ist seit vielen Jahren ein langj\u00e4hriger Favorit unter den ergonomischen Kinderst\u00fchlen. Ausgezeichnet mit zahlreichen Siegeln f\u00fcr Ergonomie und Sicherheit, wie dem AGR-Zulassungssiegel f\u00fcr Pfandprodukte oder dem GS-Zeichen des T\u00dcV S\u00fcd f\u00fcr gepr\u00fcfte Sicherheit, hat sich der Moll Maximo als Kinderschreibtischstuhl bew\u00e4hrt. Auch die Zeitschrift \u00d6kotest hat den Bergmann Maximo in der Ausgabe 10\/2015 untersucht und mit &#8222;sehr gut&#8220; bewertet. Neben den einfarbigen Stoffen setzen die gemusterten Stoffe Wonderland, Lotta, Submarine und Galaxy Color neue Farbakzente. Die Stoffkollektion Trend verwendet sogar Stoffe, in die Chenillegarne f\u00fcr einen weichen Griff eingewebt wurden. Er belebt den Lernort mit zwei Geheimf\u00e4chern und einem hohen Sitzkomfort. Die F\u00fcllung kann jederzeit bei 40\u00b0C gewaschen oder ausgetauscht werden. Die Stoffe k\u00f6nnen separat gekauft werden. Der Austausch von Stoffen ist sehr einfach und kann ohne Hilfsmittel erfolgen. Befestigen Sie einfach die Polsterung, ziehen Sie den Stoff nach unten und decken Sie ihn nach dem Waschen ab.<\/p>\n<p><strong>Ergonomisches Sitzen erfordert variable Einstellm\u00f6glichkeiten<\/strong><br \/> Studien zeigen alarmierende Zahlen: Etwa 50 Prozent der 11- bis 14-J\u00e4hrigen leiden an Haltungssch\u00e4den. Eines von drei Kindern hat bereits im Grundschulalter R\u00fcckenschmerzen und 55% der Grundschulkinder klagen \u00fcber Konzentrationsschwierigkeiten. Ein ergonomischer Arbeitsplatz ist obligatorisch, um Haltungssch\u00e4den zu vermeiden. F\u00fcr eine ergonomisch korrekte und entspannte Haltung sollten die Einstelloptionen wie Sitztiefe, Sitzh\u00f6he und R\u00fcckenlehne kinderfreundlich eingestellt werden. Damit die Einstellungen nicht gel\u00f6st werden k\u00f6nnen, wenn Sie spielen oder sich am\u00fcsieren oder wenn sie vom Kind angepasst werden, haben die Einstellungsoptionen eine eingebaute Kindersicherung und die Einstellungsgriffe m\u00fcssen aktiv gestreckt werden, um Anpassungen vornehmen zu k\u00f6nnen. Aufgrund der M\u00f6glichkeit der H\u00f6henverstellung und eines H\u00f6henverstellbereichs von 28 bis 54 cm ist der Moll Maximo f\u00fcr K\u00f6rpergr\u00f6\u00dfen von 110 bis 195 cm geeignet und kann mit bis zu 80 kg beladen werden. Dies macht den ergonomischen Kinderstuhl zu einem Begleiter f\u00fcr die gesamte Schulzeit. Die breite f\u00fcnfarmige Basis bietet Stabilit\u00e4t und Sicherheit. Die Rollen sind gebremst und lassen sich unter Last leicht bewegen. Dies verhindert, dass der Stuhl beim Aufstehen verrutscht, bleibt aber immer in der N\u00e4he des Arbeitsplatzes. Kann f\u00fcr harte und weiche B\u00f6den verwendet werden. Der Bergmann Maximo hat einen TurnStop. Er kann die Drehfunktion des Stuhls blockieren. Bei Bedarf k\u00f6nnen die Rollen jederzeit gegen Gleiter ausgetauscht werden. Bewegungsreize sind besonders wichtig, wenn Sie lange Zeit sitzen.<\/p>\n<p><strong>Zwei Modelle:<\/strong><\/p>\n<ul>\n<li>Grauer Rahmen mit 15 Stoffvarianten<\/li>\n<li>Wei\u00dfer Rahmen mit 15 Stoffvarianten<\/li>\n<\/ul>\n","protected":false},"excerpt":{"rendered":"<p>B\u00fcrostuhl f\u00fcr Kinder<\/p>\n","protected":false},"featured_media":50495,"template":"","meta":{"_et_pb_use_builder":"","_et_pb_old_content":"","_et_gb_content_width":""},"product_brand":[4327],"product_cat":[349,459],"product_tag":[],"class_list":{"0":"post-55553","1":"product","2":"type-product","3":"status-publish","4":"has-post-thumbnail","6":"product_brand-moll_de","7":"product_cat-burostuhle","8":"product_cat-kinder-jugend","9":"pa_designation_de-kinderburostuhl-de","10":"pa_designation_fr-burostuhl-fur-kinder","12":"first","13":"instock","14":"shipping-taxable","15":"purchasable","16":"product-type-simple"},"yoast_head":"<!-- This site is optimized with the Yoast SEO plugin v27.1.1 - https:\/\/yoast.com\/product\/yoast-seo-wordpress\/ -->\n<title>Maximo | M\u00f6bel Bise | M\u00f6belgesch\u00e4ft | M\u00f6bel | Freiburg | Bulle<\/title>\n<meta name=\"robots\" content=\"index, follow, max-snippet:-1, max-image-preview:large, max-video-preview:-1\" \/>\n<link rel=\"canonical\" href=\"https:\/\/www.bise.ch\/de\/produit\/maximo\/\" \/>\n<meta property=\"og:locale\" content=\"de_DE\" \/>\n<meta property=\"og:type\" content=\"article\" \/>\n<meta property=\"og:title\" content=\"Maximo | M\u00f6bel Bise | M\u00f6belgesch\u00e4ft | M\u00f6bel | Freiburg | Bulle\" \/>\n<meta property=\"og:description\" content=\"B\u00fcrostuhl f\u00fcr Kinder\" \/>\n<meta property=\"og:url\" content=\"https:\/\/www.bise.ch\/de\/produit\/maximo\/\" \/>\n<meta property=\"og:site_name\" content=\"M\u00f6bel Bise | M\u00f6belgesch\u00e4ft | M\u00f6bel | Freiburg | Bulle\" \/>\n<meta property=\"article:publisher\" content=\"https:\/\/www.facebook.com\/bisemeubles\/\" \/>\n<meta property=\"article:modified_time\" content=\"2024-09-10T21:00:13+00:00\" \/>\n<meta property=\"og:image\" content=\"https:\/\/www.bise.ch\/wp-content\/uploads\/139-jpg.webp\" \/>\n\t<meta property=\"og:image:width\" content=\"1920\" \/>\n\t<meta property=\"og:image:height\" content=\"1080\" \/>\n\t<meta property=\"og:image:type\" content=\"image\/jpeg\" \/>\n<meta name=\"twitter:card\" content=\"summary_large_image\" \/>\n<meta name=\"twitter:label1\" content=\"Gesch\u00e4tzte Lesezeit\" \/>\n\t<meta name=\"twitter:data1\" content=\"2\u00a0Minuten\" \/>\n<script type=\"application\/ld+json\" class=\"yoast-schema-graph\">{\"@context\":\"https:\/\/schema.org\",\"@graph\":[{\"@type\":\"WebPage\",\"@id\":\"https:\/\/www.bise.ch\/de\/produit\/maximo\/\",\"url\":\"https:\/\/www.bise.ch\/de\/produit\/maximo\/\",\"name\":\"Maximo | M\u00f6bel Bise | M\u00f6belgesch\u00e4ft | M\u00f6bel | Freiburg | Bulle\",\"isPartOf\":{\"@id\":\"https:\/\/www.bise.ch\/de\/#website\"},\"primaryImageOfPage\":{\"@id\":\"https:\/\/www.bise.ch\/de\/produit\/maximo\/#primaryimage\"},\"image\":{\"@id\":\"https:\/\/www.bise.ch\/de\/produit\/maximo\/#primaryimage\"},\"thumbnailUrl\":\"https:\/\/www.bise.ch\/wp-content\/uploads\/139-jpg.webp\",\"datePublished\":\"2020-08-03T15:14:14+00:00\",\"dateModified\":\"2024-09-10T21:00:13+00:00\",\"breadcrumb\":{\"@id\":\"https:\/\/www.bise.ch\/de\/produit\/maximo\/#breadcrumb\"},\"inLanguage\":\"de\",\"potentialAction\":[{\"@type\":\"ReadAction\",\"target\":[\"https:\/\/www.bise.ch\/de\/produit\/maximo\/\"]}]},{\"@type\":\"ImageObject\",\"inLanguage\":\"de\",\"@id\":\"https:\/\/www.bise.ch\/de\/produit\/maximo\/#primaryimage\",\"url\":\"https:\/\/www.bise.ch\/wp-content\/uploads\/139-jpg.webp\",\"contentUrl\":\"https:\/\/www.bise.ch\/wp-content\/uploads\/139-jpg.webp\",\"width\":1920,\"height\":1080},{\"@type\":\"BreadcrumbList\",\"@id\":\"https:\/\/www.bise.ch\/de\/produit\/maximo\/#breadcrumb\",\"itemListElement\":[{\"@type\":\"ListItem\",\"position\":1,\"name\":\"Startseite\",\"item\":\"https:\/\/www.bise.ch\/de\/\"},{\"@type\":\"ListItem\",\"position\":2,\"name\":\"Shop\",\"item\":\"https:\/\/www.bise.ch\/de\/shop\/\"},{\"@type\":\"ListItem\",\"position\":3,\"name\":\"Maximo\"}]},{\"@type\":\"WebSite\",\"@id\":\"https:\/\/www.bise.ch\/de\/#website\",\"url\":\"https:\/\/www.bise.ch\/de\/\",\"name\":\"Meubles Bise | Magasin de meubles | Mobilier | Fribourg | Bulle\",\"description\":\"Wir erwecken Ihre Ra\u0308ume zum Leben\",\"publisher\":{\"@id\":\"https:\/\/www.bise.ch\/de\/#organization\"},\"alternateName\":\"Georges Bise SA\",\"potentialAction\":[{\"@type\":\"SearchAction\",\"target\":{\"@type\":\"EntryPoint\",\"urlTemplate\":\"https:\/\/www.bise.ch\/de\/?s={search_term_string}\"},\"query-input\":{\"@type\":\"PropertyValueSpecification\",\"valueRequired\":true,\"valueName\":\"search_term_string\"}}],\"inLanguage\":\"de\"},{\"@type\":\"Organization\",\"@id\":\"https:\/\/www.bise.ch\/de\/#organization\",\"name\":\"M\u00f6bel Bise | M\u00f6belgesch\u00e4ft | M\u00f6bel | Freiburg | Bulle\",\"alternateName\":\"Georges Bise SA\",\"url\":\"https:\/\/www.bise.ch\/de\/\",\"logo\":{\"@type\":\"ImageObject\",\"inLanguage\":\"de\",\"@id\":\"https:\/\/www.bise.ch\/de\/#\/schema\/logo\/image\/\",\"url\":\"https:\/\/www.bise.ch\/wp-content\/uploads\/LogoBise.png\",\"contentUrl\":\"https:\/\/www.bise.ch\/wp-content\/uploads\/LogoBise.png\",\"width\":4267,\"height\":4267,\"caption\":\"M\u00f6bel Bise | M\u00f6belgesch\u00e4ft | M\u00f6bel | Freiburg | Bulle\"},\"image\":{\"@id\":\"https:\/\/www.bise.ch\/de\/#\/schema\/logo\/image\/\"},\"sameAs\":[\"https:\/\/www.facebook.com\/bisemeubles\/\",\"https:\/\/www.instagram.com\/bisemeubles\/\",\"https:\/\/ch.linkedin.com\/company\/bise-meubles-moebel\"]}]}<\/script>\n<!-- \/ Yoast SEO plugin. -->","yoast_head_json":{"title":"Maximo | M\u00f6bel Bise | M\u00f6belgesch\u00e4ft | M\u00f6bel | Freiburg | Bulle","robots":{"index":"index","follow":"follow","max-snippet":"max-snippet:-1","max-image-preview":"max-image-preview:large","max-video-preview":"max-video-preview:-1"},"canonical":"https:\/\/www.bise.ch\/de\/produit\/maximo\/","og_locale":"de_DE","og_type":"article","og_title":"Maximo | M\u00f6bel Bise | M\u00f6belgesch\u00e4ft | M\u00f6bel | Freiburg | Bulle","og_description":"B\u00fcrostuhl f\u00fcr Kinder","og_url":"https:\/\/www.bise.ch\/de\/produit\/maximo\/","og_site_name":"M\u00f6bel Bise | M\u00f6belgesch\u00e4ft | M\u00f6bel | Freiburg | Bulle","article_publisher":"https:\/\/www.facebook.com\/bisemeubles\/","article_modified_time":"2024-09-10T21:00:13+00:00","og_image":[{"width":1920,"height":1080,"url":"https:\/\/www.bise.ch\/wp-content\/uploads\/139-jpg.webp","type":"image\/jpeg"}],"twitter_card":"summary_large_image","twitter_misc":{"Gesch\u00e4tzte Lesezeit":"2\u00a0Minuten"},"schema":{"@context":"https:\/\/schema.org","@graph":[{"@type":"WebPage","@id":"https:\/\/www.bise.ch\/de\/produit\/maximo\/","url":"https:\/\/www.bise.ch\/de\/produit\/maximo\/","name":"Maximo | M\u00f6bel Bise | M\u00f6belgesch\u00e4ft | M\u00f6bel | Freiburg | Bulle","isPartOf":{"@id":"https:\/\/www.bise.ch\/de\/#website"},"primaryImageOfPage":{"@id":"https:\/\/www.bise.ch\/de\/produit\/maximo\/#primaryimage"},"image":{"@id":"https:\/\/www.bise.ch\/de\/produit\/maximo\/#primaryimage"},"thumbnailUrl":"https:\/\/www.bise.ch\/wp-content\/uploads\/139-jpg.webp","datePublished":"2020-08-03T15:14:14+00:00","dateModified":"2024-09-10T21:00:13+00:00","breadcrumb":{"@id":"https:\/\/www.bise.ch\/de\/produit\/maximo\/#breadcrumb"},"inLanguage":"de","potentialAction":[{"@type":"ReadAction","target":["https:\/\/www.bise.ch\/de\/produit\/maximo\/"]}]},{"@type":"ImageObject","inLanguage":"de","@id":"https:\/\/www.bise.ch\/de\/produit\/maximo\/#primaryimage","url":"https:\/\/www.bise.ch\/wp-content\/uploads\/139-jpg.webp","contentUrl":"https:\/\/www.bise.ch\/wp-content\/uploads\/139-jpg.webp","width":1920,"height":1080},{"@type":"BreadcrumbList","@id":"https:\/\/www.bise.ch\/de\/produit\/maximo\/#breadcrumb","itemListElement":[{"@type":"ListItem","position":1,"name":"Startseite","item":"https:\/\/www.bise.ch\/de\/"},{"@type":"ListItem","position":2,"name":"Shop","item":"https:\/\/www.bise.ch\/de\/shop\/"},{"@type":"ListItem","position":3,"name":"Maximo"}]},{"@type":"WebSite","@id":"https:\/\/www.bise.ch\/de\/#website","url":"https:\/\/www.bise.ch\/de\/","name":"Meubles Bise | Magasin de meubles | Mobilier | Fribourg | Bulle","description":"Wir erwecken Ihre Ra\u0308ume zum Leben","publisher":{"@id":"https:\/\/www.bise.ch\/de\/#organization"},"alternateName":"Georges Bise SA","potentialAction":[{"@type":"SearchAction","target":{"@type":"EntryPoint","urlTemplate":"https:\/\/www.bise.ch\/de\/?s={search_term_string}"},"query-input":{"@type":"PropertyValueSpecification","valueRequired":true,"valueName":"search_term_string"}}],"inLanguage":"de"},{"@type":"Organization","@id":"https:\/\/www.bise.ch\/de\/#organization","name":"M\u00f6bel Bise | M\u00f6belgesch\u00e4ft | M\u00f6bel | Freiburg | Bulle","alternateName":"Georges Bise SA","url":"https:\/\/www.bise.ch\/de\/","logo":{"@type":"ImageObject","inLanguage":"de","@id":"https:\/\/www.bise.ch\/de\/#\/schema\/logo\/image\/","url":"https:\/\/www.bise.ch\/wp-content\/uploads\/LogoBise.png","contentUrl":"https:\/\/www.bise.ch\/wp-content\/uploads\/LogoBise.png","width":4267,"height":4267,"caption":"M\u00f6bel Bise | M\u00f6belgesch\u00e4ft | M\u00f6bel | Freiburg | Bulle"},"image":{"@id":"https:\/\/www.bise.ch\/de\/#\/schema\/logo\/image\/"},"sameAs":["https:\/\/www.facebook.com\/bisemeubles\/","https:\/\/www.instagram.com\/bisemeubles\/","https:\/\/ch.linkedin.com\/company\/bise-meubles-moebel"]}]}},"_links":{"self":[{"href":"https:\/\/www.bise.ch\/de\/wp-json\/wp\/v2\/product\/55553","targetHints":{"allow":["GET"]}}],"collection":[{"href":"https:\/\/www.bise.ch\/de\/wp-json\/wp\/v2\/product"}],"about":[{"href":"https:\/\/www.bise.ch\/de\/wp-json\/wp\/v2\/types\/product"}],"wp:featuredmedia":[{"embeddable":true,"href":"https:\/\/www.bise.ch\/de\/wp-json\/wp\/v2\/media\/50495"}],"wp:attachment":[{"href":"https:\/\/www.bise.ch\/de\/wp-json\/wp\/v2\/media?parent=55553"}],"wp:term":[{"taxonomy":"product_brand","embeddable":true,"href":"https:\/\/www.bise.ch\/de\/wp-json\/wp\/v2\/product_brand?post=55553"},{"taxonomy":"product_cat","embeddable":true,"href":"https:\/\/www.bise.ch\/de\/wp-json\/wp\/v2\/product_cat?post=55553"},{"taxonomy":"product_tag","embeddable":true,"href":"https:\/\/www.bise.ch\/de\/wp-json\/wp\/v2\/product_tag?post=55553"}],"curies":[{"name":"wp","href":"https:\/\/api.w.org\/{rel}","templated":true}]}}