{"id":55555,"date":"2020-08-03T15:03:45","date_gmt":"2020-08-03T13:03:45","guid":{"rendered":"https:\/\/bise.ch\/produit\/winner\/"},"modified":"2024-09-10T23:00:15","modified_gmt":"2024-09-10T21:00:15","slug":"winner","status":"publish","type":"product","link":"https:\/\/www.bise.ch\/de\/produit\/winner\/","title":{"rendered":"Winner"},"content":{"rendered":"<p><strong>Raum f\u00fcr Individualit\u00e4t<\/strong><br \/> Auch die J\u00fcngsten h\u00e4tten gerne ihr eigenes B\u00fcro zum Malen und Basteln. Mit dem Kinderschreibtisch Winner von Moll werden sie lange etwas haben. Das gut entwickelte Programm erm\u00f6glicht eine gro\u00dfe Flexibilit\u00e4t und Varianz mit den Grundmodellen, die erweitert werden k\u00f6nnen. Mit zahlreichen Ausstattungsoptionen und bew\u00e4hrten Details kann er genau an die individuellen Bed\u00fcrfnisse angepasst werden. Aufgrund der Verf\u00fcgbarkeit in drei Dekorfarben passt er perfekt in jedes Kinderzimmer. Mit der patentierten &#8222;Classic&#8220;-H\u00f6henverstellung kann der Kinderschreibtisch in zehn Schritten m\u00fchelos auf K\u00f6rpergr\u00f6\u00dfen von 1,20 m bis 2,00 m eingestellt werden. Einschlie\u00dflich Buchst\u00fctzen, Taschenhaken und rutschfestem Schloss. Die Seitenteile haben eine modernisierte Form und die Kunststoffteile sind in einem modernen Hellgrau gehalten. Die vorderen Ecken der Tischplatte haben ergonomisch abgerundete Kanten und verhindern, dass sich Kinder an der Ecke des Tisches sto\u00dfen.<\/p>\n<p><strong>F\u00fcr Links- und Rechtsh\u00e4nder: geteilte Tischplatte f\u00fcr eine perfekte ergonomische Haltung<\/strong><br \/> Der Teil der Tischplatte<strong>,<\/strong> der geneigt werden muss, h\u00e4ngt vom Kind ab. Wenn der Schreibtisch von einem Linksh\u00e4nder benutzt wird, wird die Platte so montiert, dass der neigbare Teil rechts ist. Die linke Seite dient als Ablagefl\u00e4che, auf der sich alle wichtigen<br \/> utils in der N\u00e4he befinden. F\u00fcr Rechtsh\u00e4nder ist der neigbare Plattenteil auf der linken Seite angebracht &#8211; ein einfacher Wechsel ist jederzeit m\u00f6glich, so dass der Tisch auch von anderen Personen genutzt werden kann.<\/p>\n<p><strong>Perfekte Grundausstattung:<\/strong><\/p>\n<ul>\n<li>H\u00f6henverstellung in 10 Stufen, stabile Metallbasis mit Rolle hinten und H\u00f6henverstellung<\/li>\n<li>Tischplatte zum Heben stufenlos bis 18\u00b0 neigbar &#8211; gebremste Absenkung einstellbar<\/li>\n<li>Farbige Applikationen und Streifen in 6 Farben enthalten<\/li>\n<li>Transparente Buchst\u00fctze<\/li>\n<li>Taschenhaken<\/li>\n<li>Schreibtischplatte mit langlebiger Melaminbeschichtung<\/li>\n<li>Rutschfeste magnetische Verriegelung mit Lineal und Lupe<\/li>\n<\/ul>\n","protected":false},"excerpt":{"rendered":"<p>Kinderschreibtisch<\/p>\n","protected":false},"featured_media":50451,"template":"","meta":{"_et_pb_use_builder":"","_et_pb_old_content":"","_et_gb_content_width":""},"product_brand":[4327],"product_cat":[320,459],"product_tag":[],"class_list":{"0":"post-55555","1":"product","2":"type-product","3":"status-publish","4":"has-post-thumbnail","6":"product_brand-moll_de","7":"product_cat-burotische","8":"product_cat-kinder-jugend","9":"pa_designation_de-kinderschreibtisch-de","10":"pa_designation_fr-kinderschreibtisch","12":"first","13":"instock","14":"shipping-taxable","15":"purchasable","16":"product-type-simple"},"yoast_head":"<!-- This site is optimized with the Yoast SEO plugin v27.1.1 - https:\/\/yoast.com\/product\/yoast-seo-wordpress\/ -->\n<title>Winner | M\u00f6bel Bise | M\u00f6belgesch\u00e4ft | M\u00f6bel | Freiburg | Bulle<\/title>\n<meta name=\"robots\" content=\"index, follow, max-snippet:-1, max-image-preview:large, max-video-preview:-1\" \/>\n<link rel=\"canonical\" href=\"https:\/\/www.bise.ch\/de\/produit\/winner\/\" \/>\n<meta property=\"og:locale\" content=\"de_DE\" \/>\n<meta property=\"og:type\" content=\"article\" \/>\n<meta property=\"og:title\" content=\"Winner | M\u00f6bel Bise | M\u00f6belgesch\u00e4ft | M\u00f6bel | Freiburg | Bulle\" \/>\n<meta property=\"og:description\" content=\"Kinderschreibtisch\" \/>\n<meta property=\"og:url\" content=\"https:\/\/www.bise.ch\/de\/produit\/winner\/\" \/>\n<meta property=\"og:site_name\" content=\"M\u00f6bel Bise | M\u00f6belgesch\u00e4ft | M\u00f6bel | Freiburg | Bulle\" \/>\n<meta property=\"article:publisher\" content=\"https:\/\/www.facebook.com\/bisemeubles\/\" \/>\n<meta property=\"article:modified_time\" content=\"2024-09-10T21:00:15+00:00\" \/>\n<meta property=\"og:image\" content=\"https:\/\/www.bise.ch\/wp-content\/uploads\/moll-katalog-2017-58-kinderschreibtisch-winner-jpg.webp\" \/>\n\t<meta property=\"og:image:width\" content=\"1920\" \/>\n\t<meta property=\"og:image:height\" content=\"1080\" \/>\n\t<meta property=\"og:image:type\" content=\"image\/jpeg\" \/>\n<meta name=\"twitter:card\" content=\"summary_large_image\" \/>\n<meta name=\"twitter:label1\" content=\"Gesch\u00e4tzte Lesezeit\" \/>\n\t<meta name=\"twitter:data1\" content=\"1\u00a0Minute\" \/>\n<script type=\"application\/ld+json\" class=\"yoast-schema-graph\">{\"@context\":\"https:\/\/schema.org\",\"@graph\":[{\"@type\":\"WebPage\",\"@id\":\"https:\/\/www.bise.ch\/de\/produit\/winner\/\",\"url\":\"https:\/\/www.bise.ch\/de\/produit\/winner\/\",\"name\":\"Winner | M\u00f6bel Bise | M\u00f6belgesch\u00e4ft | M\u00f6bel | Freiburg | Bulle\",\"isPartOf\":{\"@id\":\"https:\/\/www.bise.ch\/de\/#website\"},\"primaryImageOfPage\":{\"@id\":\"https:\/\/www.bise.ch\/de\/produit\/winner\/#primaryimage\"},\"image\":{\"@id\":\"https:\/\/www.bise.ch\/de\/produit\/winner\/#primaryimage\"},\"thumbnailUrl\":\"https:\/\/www.bise.ch\/wp-content\/uploads\/moll-katalog-2017-58-kinderschreibtisch-winner-jpg.webp\",\"datePublished\":\"2020-08-03T13:03:45+00:00\",\"dateModified\":\"2024-09-10T21:00:15+00:00\",\"breadcrumb\":{\"@id\":\"https:\/\/www.bise.ch\/de\/produit\/winner\/#breadcrumb\"},\"inLanguage\":\"de\",\"potentialAction\":[{\"@type\":\"ReadAction\",\"target\":[\"https:\/\/www.bise.ch\/de\/produit\/winner\/\"]}]},{\"@type\":\"ImageObject\",\"inLanguage\":\"de\",\"@id\":\"https:\/\/www.bise.ch\/de\/produit\/winner\/#primaryimage\",\"url\":\"https:\/\/www.bise.ch\/wp-content\/uploads\/moll-katalog-2017-58-kinderschreibtisch-winner-jpg.webp\",\"contentUrl\":\"https:\/\/www.bise.ch\/wp-content\/uploads\/moll-katalog-2017-58-kinderschreibtisch-winner-jpg.webp\",\"width\":1920,\"height\":1080,\"caption\":\"moll-katalog-2017-58-kinderschreibtisch-winner\"},{\"@type\":\"BreadcrumbList\",\"@id\":\"https:\/\/www.bise.ch\/de\/produit\/winner\/#breadcrumb\",\"itemListElement\":[{\"@type\":\"ListItem\",\"position\":1,\"name\":\"Startseite\",\"item\":\"https:\/\/www.bise.ch\/de\/\"},{\"@type\":\"ListItem\",\"position\":2,\"name\":\"Shop\",\"item\":\"https:\/\/www.bise.ch\/de\/shop\/\"},{\"@type\":\"ListItem\",\"position\":3,\"name\":\"Winner\"}]},{\"@type\":\"WebSite\",\"@id\":\"https:\/\/www.bise.ch\/de\/#website\",\"url\":\"https:\/\/www.bise.ch\/de\/\",\"name\":\"Meubles Bise | Magasin de meubles | Mobilier | Fribourg | Bulle\",\"description\":\"Wir erwecken Ihre Ra\u0308ume zum Leben\",\"publisher\":{\"@id\":\"https:\/\/www.bise.ch\/de\/#organization\"},\"alternateName\":\"Georges Bise SA\",\"potentialAction\":[{\"@type\":\"SearchAction\",\"target\":{\"@type\":\"EntryPoint\",\"urlTemplate\":\"https:\/\/www.bise.ch\/de\/?s={search_term_string}\"},\"query-input\":{\"@type\":\"PropertyValueSpecification\",\"valueRequired\":true,\"valueName\":\"search_term_string\"}}],\"inLanguage\":\"de\"},{\"@type\":\"Organization\",\"@id\":\"https:\/\/www.bise.ch\/de\/#organization\",\"name\":\"M\u00f6bel Bise | M\u00f6belgesch\u00e4ft | M\u00f6bel | Freiburg | Bulle\",\"alternateName\":\"Georges Bise SA\",\"url\":\"https:\/\/www.bise.ch\/de\/\",\"logo\":{\"@type\":\"ImageObject\",\"inLanguage\":\"de\",\"@id\":\"https:\/\/www.bise.ch\/de\/#\/schema\/logo\/image\/\",\"url\":\"https:\/\/www.bise.ch\/wp-content\/uploads\/LogoBise.png\",\"contentUrl\":\"https:\/\/www.bise.ch\/wp-content\/uploads\/LogoBise.png\",\"width\":4267,\"height\":4267,\"caption\":\"M\u00f6bel Bise | M\u00f6belgesch\u00e4ft | M\u00f6bel | Freiburg | Bulle\"},\"image\":{\"@id\":\"https:\/\/www.bise.ch\/de\/#\/schema\/logo\/image\/\"},\"sameAs\":[\"https:\/\/www.facebook.com\/bisemeubles\/\",\"https:\/\/www.instagram.com\/bisemeubles\/\",\"https:\/\/ch.linkedin.com\/company\/bise-meubles-moebel\"]}]}<\/script>\n<!-- \/ Yoast SEO plugin. -->","yoast_head_json":{"title":"Winner | M\u00f6bel Bise | M\u00f6belgesch\u00e4ft | M\u00f6bel | Freiburg | Bulle","robots":{"index":"index","follow":"follow","max-snippet":"max-snippet:-1","max-image-preview":"max-image-preview:large","max-video-preview":"max-video-preview:-1"},"canonical":"https:\/\/www.bise.ch\/de\/produit\/winner\/","og_locale":"de_DE","og_type":"article","og_title":"Winner | M\u00f6bel Bise | M\u00f6belgesch\u00e4ft | M\u00f6bel | Freiburg | Bulle","og_description":"Kinderschreibtisch","og_url":"https:\/\/www.bise.ch\/de\/produit\/winner\/","og_site_name":"M\u00f6bel Bise | M\u00f6belgesch\u00e4ft | M\u00f6bel | Freiburg | Bulle","article_publisher":"https:\/\/www.facebook.com\/bisemeubles\/","article_modified_time":"2024-09-10T21:00:15+00:00","og_image":[{"width":1920,"height":1080,"url":"https:\/\/www.bise.ch\/wp-content\/uploads\/moll-katalog-2017-58-kinderschreibtisch-winner-jpg.webp","type":"image\/jpeg"}],"twitter_card":"summary_large_image","twitter_misc":{"Gesch\u00e4tzte Lesezeit":"1\u00a0Minute"},"schema":{"@context":"https:\/\/schema.org","@graph":[{"@type":"WebPage","@id":"https:\/\/www.bise.ch\/de\/produit\/winner\/","url":"https:\/\/www.bise.ch\/de\/produit\/winner\/","name":"Winner | M\u00f6bel Bise | M\u00f6belgesch\u00e4ft | M\u00f6bel | Freiburg | Bulle","isPartOf":{"@id":"https:\/\/www.bise.ch\/de\/#website"},"primaryImageOfPage":{"@id":"https:\/\/www.bise.ch\/de\/produit\/winner\/#primaryimage"},"image":{"@id":"https:\/\/www.bise.ch\/de\/produit\/winner\/#primaryimage"},"thumbnailUrl":"https:\/\/www.bise.ch\/wp-content\/uploads\/moll-katalog-2017-58-kinderschreibtisch-winner-jpg.webp","datePublished":"2020-08-03T13:03:45+00:00","dateModified":"2024-09-10T21:00:15+00:00","breadcrumb":{"@id":"https:\/\/www.bise.ch\/de\/produit\/winner\/#breadcrumb"},"inLanguage":"de","potentialAction":[{"@type":"ReadAction","target":["https:\/\/www.bise.ch\/de\/produit\/winner\/"]}]},{"@type":"ImageObject","inLanguage":"de","@id":"https:\/\/www.bise.ch\/de\/produit\/winner\/#primaryimage","url":"https:\/\/www.bise.ch\/wp-content\/uploads\/moll-katalog-2017-58-kinderschreibtisch-winner-jpg.webp","contentUrl":"https:\/\/www.bise.ch\/wp-content\/uploads\/moll-katalog-2017-58-kinderschreibtisch-winner-jpg.webp","width":1920,"height":1080,"caption":"moll-katalog-2017-58-kinderschreibtisch-winner"},{"@type":"BreadcrumbList","@id":"https:\/\/www.bise.ch\/de\/produit\/winner\/#breadcrumb","itemListElement":[{"@type":"ListItem","position":1,"name":"Startseite","item":"https:\/\/www.bise.ch\/de\/"},{"@type":"ListItem","position":2,"name":"Shop","item":"https:\/\/www.bise.ch\/de\/shop\/"},{"@type":"ListItem","position":3,"name":"Winner"}]},{"@type":"WebSite","@id":"https:\/\/www.bise.ch\/de\/#website","url":"https:\/\/www.bise.ch\/de\/","name":"Meubles Bise | Magasin de meubles | Mobilier | Fribourg | Bulle","description":"Wir erwecken Ihre Ra\u0308ume zum Leben","publisher":{"@id":"https:\/\/www.bise.ch\/de\/#organization"},"alternateName":"Georges Bise SA","potentialAction":[{"@type":"SearchAction","target":{"@type":"EntryPoint","urlTemplate":"https:\/\/www.bise.ch\/de\/?s={search_term_string}"},"query-input":{"@type":"PropertyValueSpecification","valueRequired":true,"valueName":"search_term_string"}}],"inLanguage":"de"},{"@type":"Organization","@id":"https:\/\/www.bise.ch\/de\/#organization","name":"M\u00f6bel Bise | M\u00f6belgesch\u00e4ft | M\u00f6bel | Freiburg | Bulle","alternateName":"Georges Bise SA","url":"https:\/\/www.bise.ch\/de\/","logo":{"@type":"ImageObject","inLanguage":"de","@id":"https:\/\/www.bise.ch\/de\/#\/schema\/logo\/image\/","url":"https:\/\/www.bise.ch\/wp-content\/uploads\/LogoBise.png","contentUrl":"https:\/\/www.bise.ch\/wp-content\/uploads\/LogoBise.png","width":4267,"height":4267,"caption":"M\u00f6bel Bise | M\u00f6belgesch\u00e4ft | M\u00f6bel | Freiburg | Bulle"},"image":{"@id":"https:\/\/www.bise.ch\/de\/#\/schema\/logo\/image\/"},"sameAs":["https:\/\/www.facebook.com\/bisemeubles\/","https:\/\/www.instagram.com\/bisemeubles\/","https:\/\/ch.linkedin.com\/company\/bise-meubles-moebel"]}]}},"_links":{"self":[{"href":"https:\/\/www.bise.ch\/de\/wp-json\/wp\/v2\/product\/55555","targetHints":{"allow":["GET"]}}],"collection":[{"href":"https:\/\/www.bise.ch\/de\/wp-json\/wp\/v2\/product"}],"about":[{"href":"https:\/\/www.bise.ch\/de\/wp-json\/wp\/v2\/types\/product"}],"wp:featuredmedia":[{"embeddable":true,"href":"https:\/\/www.bise.ch\/de\/wp-json\/wp\/v2\/media\/50451"}],"wp:attachment":[{"href":"https:\/\/www.bise.ch\/de\/wp-json\/wp\/v2\/media?parent=55555"}],"wp:term":[{"taxonomy":"product_brand","embeddable":true,"href":"https:\/\/www.bise.ch\/de\/wp-json\/wp\/v2\/product_brand?post=55555"},{"taxonomy":"product_cat","embeddable":true,"href":"https:\/\/www.bise.ch\/de\/wp-json\/wp\/v2\/product_cat?post=55555"},{"taxonomy":"product_tag","embeddable":true,"href":"https:\/\/www.bise.ch\/de\/wp-json\/wp\/v2\/product_tag?post=55555"}],"curies":[{"name":"wp","href":"https:\/\/api.w.org\/{rel}","templated":true}]}}