{"id":55593,"date":"2020-02-14T11:43:03","date_gmt":"2020-02-14T10:43:03","guid":{"rendered":"https:\/\/bise.ch\/produit\/mooon-63-cm\/"},"modified":"2024-07-29T17:46:01","modified_gmt":"2024-07-29T15:46:01","slug":"mooon-63-cm","status":"publish","type":"product","link":"https:\/\/www.bise.ch\/de\/produit\/mooon-63-cm\/","title":{"rendered":"Mooon! 63 cm"},"content":{"rendered":"<p>Diese Au\u00dfenlampe von Tristan Lohner ist von den gro\u00dfen, stilvollen Stra\u00dfenlampen des 19. Jahrhunderts inspiriert. Sie sieht genauso gut aus wie diese Stra\u00dfenlaternen! Eine Design-Au\u00dfenleuchte, die auf dem Boden, auf einem Beistelltisch oder am Ende des gro\u00dfen Tisches, an dem Sie w\u00e4hrend Ihrer langen Sommermahlzeiten zusammensitzen, aufgestellt werden kann. \u00dcbrigens! Der Mooon! beleuchtet Ihre Terrasse und Ihr Wohnzimmer. Diese Lampe ist sehr einfach zu bedienen, da sie kabellos ist und mit der mitgelieferten Ladestation wieder aufgeladen werden kann. Dank des Fu\u00dfes, der in einer breiten Palette von Fermob-Farben erh\u00e4ltlich ist, passt er perfekt zu Ihrer Dekoration. Mit den Leuchten von Fermob k\u00f6nnen Sie Ihre Lichtstimmung im Laufe des Tages, der Nacht und nach Lust und Laune individuell gestalten. Sind Sie eher &#8222;warmwei\u00df&#8220; oder &#8222;kaltwei\u00df&#8220;? Kein Problem, alle Fermob-Lampen bieten beides! Eine Lampe f\u00fcr den Au\u00dfenbereich ist wasserdicht (IP44) und sto\u00dffest (IK10). Und eine Nomadenlampe bedeutet Leichtigkeit! Die Aluminiumstruktur und der Diffusor aus Polyethylen verleihen ihm ein geringes Gewicht. Der Mooon! verteilt das Licht weitr\u00e4umig um sich herum: seine Lichtleistung betr\u00e4gt 500 Lm. Sie wird \u00fcber eine manuelle Touch-Z\u00fcndung gesteuert, mit der Sie auch die Lichtintensit\u00e4t (50% oder 100%) und die Lichttemperatur (3000\u00b0K oder 6000\u00b0K) einstellen k\u00f6nnen. Um Ihnen das Leben zu erleichtern, k\u00f6nnen Sie Ihre angeschlossene Leuchte auch aus der Ferne \u00fcber das integrierte Bluetooth-System steuern, das mit der Anwendung &#8222;Fermob lighting&#8220; kompatibel ist. Mit einer Leuchtdauer von maximal 12 Stunden haben Sie genug Zeit, um bis zum Sonnenaufgang durchzuhalten&#8230; Und das Beste ist, dass diese LED-Au\u00dfenlampe die gleiche Ladestation wie ihre gro\u00dfe Schwester, die Mooon, hat! H134: Klug! Kombinieren Sie den Mooon! H63 bis zur Lampe Balad H38 zum Beispiel, um verschiedene Lichtstimmungen in Ihrem Garten zu erzeugen.<\/p>\n<p><strong>Steuern Sie Ihre Fermob-Au\u00dfenleuchte mit Ihrem Android- oder iOS-Smartphone mit den Fingerspitzen!<\/strong><br \/>  Dank der Bluetooth-Technologie k\u00f6nnen Sie Ihre Lampe mit Ihrem Smartphone aus der Ferne steuern, die Leuchtdauer ablesen und Lichtstimmungen programmieren.<br \/>  Laden Sie unsere kostenlose Anwendung herunter und lassen Sie sich f\u00fchren.<\/p>\n<p><strong>Die Vorteile der Fermob Lighting App (g\u00fcltig f\u00fcr die Lampen Mooon! H63 und H134):<\/strong><\/p>\n<ul>\n<li>Ein-\/Ausschalten der Lampe<\/li>\n<li>Einstellen der Lichtintensit\u00e4t<\/li>\n<li>Einstellen der Lichttemperatur (kaltwei\u00df bis warmwei\u00df)<\/li>\n<li>Den Batteriestand kennen<\/li>\n<li>Ihre eigenen Stimmungen aufnehmen<\/li>\n<li>Von Fermob entworfene Umgebungen ausw\u00e4hlen<\/li>\n<li>Speichern Sie Ihre Lieblingsstimmungen<\/li>\n<li>Profitieren Sie von den Tipps zur Nutzung der Marke<\/li>\n<\/ul>\n","protected":false},"excerpt":{"rendered":"<p>Lampe<\/p>\n","protected":false},"featured_media":49261,"template":"","meta":{"_et_pb_use_builder":"","_et_pb_old_content":"","_et_gb_content_width":""},"product_brand":[4294],"product_cat":[358],"product_tag":[],"class_list":{"0":"post-55593","1":"product","2":"type-product","3":"status-publish","4":"has-post-thumbnail","6":"product_brand-fermob_de","7":"product_cat-gartenlampen","8":"pa_designation_de-lampe-de","9":"pa_designation_fr-lampe-de","11":"first","12":"instock","13":"shipping-taxable","14":"purchasable","15":"product-type-simple"},"yoast_head":"<!-- This site is optimized with the Yoast SEO plugin v27.1.1 - https:\/\/yoast.com\/product\/yoast-seo-wordpress\/ -->\n<title>Mooon! 63 cm | M\u00f6bel Bise | M\u00f6belgesch\u00e4ft | M\u00f6bel | Freiburg | Bulle<\/title>\n<meta name=\"robots\" content=\"index, follow, max-snippet:-1, max-image-preview:large, max-video-preview:-1\" \/>\n<link rel=\"canonical\" href=\"https:\/\/www.bise.ch\/de\/produit\/mooon-63-cm\/\" \/>\n<meta property=\"og:locale\" content=\"de_DE\" \/>\n<meta property=\"og:type\" content=\"article\" \/>\n<meta property=\"og:title\" content=\"Mooon! 63 cm | M\u00f6bel Bise | M\u00f6belgesch\u00e4ft | M\u00f6bel | Freiburg | Bulle\" \/>\n<meta property=\"og:description\" content=\"Lampe\" \/>\n<meta property=\"og:url\" content=\"https:\/\/www.bise.ch\/de\/produit\/mooon-63-cm\/\" \/>\n<meta property=\"og:site_name\" content=\"M\u00f6bel Bise | M\u00f6belgesch\u00e4ft | M\u00f6bel | Freiburg | Bulle\" \/>\n<meta property=\"article:publisher\" content=\"https:\/\/www.facebook.com\/bisemeubles\/\" \/>\n<meta property=\"article:modified_time\" content=\"2024-07-29T15:46:01+00:00\" \/>\n<meta property=\"og:image\" content=\"https:\/\/www.bise.ch\/wp-content\/uploads\/mooon_lampe_h63_cactus.png\" \/>\n\t<meta property=\"og:image:width\" content=\"1920\" \/>\n\t<meta property=\"og:image:height\" content=\"1080\" \/>\n\t<meta property=\"og:image:type\" content=\"image\/png\" \/>\n<meta name=\"twitter:card\" content=\"summary_large_image\" \/>\n<meta name=\"twitter:label1\" content=\"Gesch\u00e4tzte Lesezeit\" \/>\n\t<meta name=\"twitter:data1\" content=\"2\u00a0Minuten\" \/>\n<script type=\"application\/ld+json\" class=\"yoast-schema-graph\">{\"@context\":\"https:\/\/schema.org\",\"@graph\":[{\"@type\":\"WebPage\",\"@id\":\"https:\/\/www.bise.ch\/de\/produit\/mooon-63-cm\/\",\"url\":\"https:\/\/www.bise.ch\/de\/produit\/mooon-63-cm\/\",\"name\":\"Mooon! 63 cm | M\u00f6bel Bise | M\u00f6belgesch\u00e4ft | M\u00f6bel | Freiburg | Bulle\",\"isPartOf\":{\"@id\":\"https:\/\/www.bise.ch\/de\/#website\"},\"primaryImageOfPage\":{\"@id\":\"https:\/\/www.bise.ch\/de\/produit\/mooon-63-cm\/#primaryimage\"},\"image\":{\"@id\":\"https:\/\/www.bise.ch\/de\/produit\/mooon-63-cm\/#primaryimage\"},\"thumbnailUrl\":\"https:\/\/www.bise.ch\/wp-content\/uploads\/mooon_lampe_h63_cactus.png\",\"datePublished\":\"2020-02-14T10:43:03+00:00\",\"dateModified\":\"2024-07-29T15:46:01+00:00\",\"breadcrumb\":{\"@id\":\"https:\/\/www.bise.ch\/de\/produit\/mooon-63-cm\/#breadcrumb\"},\"inLanguage\":\"de\",\"potentialAction\":[{\"@type\":\"ReadAction\",\"target\":[\"https:\/\/www.bise.ch\/de\/produit\/mooon-63-cm\/\"]}]},{\"@type\":\"ImageObject\",\"inLanguage\":\"de\",\"@id\":\"https:\/\/www.bise.ch\/de\/produit\/mooon-63-cm\/#primaryimage\",\"url\":\"https:\/\/www.bise.ch\/wp-content\/uploads\/mooon_lampe_h63_cactus.png\",\"contentUrl\":\"https:\/\/www.bise.ch\/wp-content\/uploads\/mooon_lampe_h63_cactus.png\",\"width\":1920,\"height\":1080,\"caption\":\"mooon_lampe_h63_cactus\"},{\"@type\":\"BreadcrumbList\",\"@id\":\"https:\/\/www.bise.ch\/de\/produit\/mooon-63-cm\/#breadcrumb\",\"itemListElement\":[{\"@type\":\"ListItem\",\"position\":1,\"name\":\"Startseite\",\"item\":\"https:\/\/www.bise.ch\/de\/\"},{\"@type\":\"ListItem\",\"position\":2,\"name\":\"Shop\",\"item\":\"https:\/\/www.bise.ch\/de\/shop\/\"},{\"@type\":\"ListItem\",\"position\":3,\"name\":\"Mooon! 63 cm\"}]},{\"@type\":\"WebSite\",\"@id\":\"https:\/\/www.bise.ch\/de\/#website\",\"url\":\"https:\/\/www.bise.ch\/de\/\",\"name\":\"Meubles Bise | Magasin de meubles | Mobilier | Fribourg | Bulle\",\"description\":\"Wir erwecken Ihre Ra\u0308ume zum Leben\",\"publisher\":{\"@id\":\"https:\/\/www.bise.ch\/de\/#organization\"},\"alternateName\":\"Georges Bise SA\",\"potentialAction\":[{\"@type\":\"SearchAction\",\"target\":{\"@type\":\"EntryPoint\",\"urlTemplate\":\"https:\/\/www.bise.ch\/de\/?s={search_term_string}\"},\"query-input\":{\"@type\":\"PropertyValueSpecification\",\"valueRequired\":true,\"valueName\":\"search_term_string\"}}],\"inLanguage\":\"de\"},{\"@type\":\"Organization\",\"@id\":\"https:\/\/www.bise.ch\/de\/#organization\",\"name\":\"M\u00f6bel Bise | M\u00f6belgesch\u00e4ft | M\u00f6bel | Freiburg | Bulle\",\"alternateName\":\"Georges Bise SA\",\"url\":\"https:\/\/www.bise.ch\/de\/\",\"logo\":{\"@type\":\"ImageObject\",\"inLanguage\":\"de\",\"@id\":\"https:\/\/www.bise.ch\/de\/#\/schema\/logo\/image\/\",\"url\":\"https:\/\/www.bise.ch\/wp-content\/uploads\/LogoBise.png\",\"contentUrl\":\"https:\/\/www.bise.ch\/wp-content\/uploads\/LogoBise.png\",\"width\":4267,\"height\":4267,\"caption\":\"M\u00f6bel Bise | M\u00f6belgesch\u00e4ft | M\u00f6bel | Freiburg | Bulle\"},\"image\":{\"@id\":\"https:\/\/www.bise.ch\/de\/#\/schema\/logo\/image\/\"},\"sameAs\":[\"https:\/\/www.facebook.com\/bisemeubles\/\",\"https:\/\/www.instagram.com\/bisemeubles\/\",\"https:\/\/ch.linkedin.com\/company\/bise-meubles-moebel\"]}]}<\/script>\n<!-- \/ Yoast SEO plugin. -->","yoast_head_json":{"title":"Mooon! 63 cm | M\u00f6bel Bise | M\u00f6belgesch\u00e4ft | M\u00f6bel | Freiburg | Bulle","robots":{"index":"index","follow":"follow","max-snippet":"max-snippet:-1","max-image-preview":"max-image-preview:large","max-video-preview":"max-video-preview:-1"},"canonical":"https:\/\/www.bise.ch\/de\/produit\/mooon-63-cm\/","og_locale":"de_DE","og_type":"article","og_title":"Mooon! 63 cm | M\u00f6bel Bise | M\u00f6belgesch\u00e4ft | M\u00f6bel | Freiburg | Bulle","og_description":"Lampe","og_url":"https:\/\/www.bise.ch\/de\/produit\/mooon-63-cm\/","og_site_name":"M\u00f6bel Bise | M\u00f6belgesch\u00e4ft | M\u00f6bel | Freiburg | Bulle","article_publisher":"https:\/\/www.facebook.com\/bisemeubles\/","article_modified_time":"2024-07-29T15:46:01+00:00","og_image":[{"width":1920,"height":1080,"url":"https:\/\/www.bise.ch\/wp-content\/uploads\/mooon_lampe_h63_cactus.png","type":"image\/png"}],"twitter_card":"summary_large_image","twitter_misc":{"Gesch\u00e4tzte Lesezeit":"2\u00a0Minuten"},"schema":{"@context":"https:\/\/schema.org","@graph":[{"@type":"WebPage","@id":"https:\/\/www.bise.ch\/de\/produit\/mooon-63-cm\/","url":"https:\/\/www.bise.ch\/de\/produit\/mooon-63-cm\/","name":"Mooon! 63 cm | M\u00f6bel Bise | M\u00f6belgesch\u00e4ft | M\u00f6bel | Freiburg | Bulle","isPartOf":{"@id":"https:\/\/www.bise.ch\/de\/#website"},"primaryImageOfPage":{"@id":"https:\/\/www.bise.ch\/de\/produit\/mooon-63-cm\/#primaryimage"},"image":{"@id":"https:\/\/www.bise.ch\/de\/produit\/mooon-63-cm\/#primaryimage"},"thumbnailUrl":"https:\/\/www.bise.ch\/wp-content\/uploads\/mooon_lampe_h63_cactus.png","datePublished":"2020-02-14T10:43:03+00:00","dateModified":"2024-07-29T15:46:01+00:00","breadcrumb":{"@id":"https:\/\/www.bise.ch\/de\/produit\/mooon-63-cm\/#breadcrumb"},"inLanguage":"de","potentialAction":[{"@type":"ReadAction","target":["https:\/\/www.bise.ch\/de\/produit\/mooon-63-cm\/"]}]},{"@type":"ImageObject","inLanguage":"de","@id":"https:\/\/www.bise.ch\/de\/produit\/mooon-63-cm\/#primaryimage","url":"https:\/\/www.bise.ch\/wp-content\/uploads\/mooon_lampe_h63_cactus.png","contentUrl":"https:\/\/www.bise.ch\/wp-content\/uploads\/mooon_lampe_h63_cactus.png","width":1920,"height":1080,"caption":"mooon_lampe_h63_cactus"},{"@type":"BreadcrumbList","@id":"https:\/\/www.bise.ch\/de\/produit\/mooon-63-cm\/#breadcrumb","itemListElement":[{"@type":"ListItem","position":1,"name":"Startseite","item":"https:\/\/www.bise.ch\/de\/"},{"@type":"ListItem","position":2,"name":"Shop","item":"https:\/\/www.bise.ch\/de\/shop\/"},{"@type":"ListItem","position":3,"name":"Mooon! 63 cm"}]},{"@type":"WebSite","@id":"https:\/\/www.bise.ch\/de\/#website","url":"https:\/\/www.bise.ch\/de\/","name":"Meubles Bise | Magasin de meubles | Mobilier | Fribourg | Bulle","description":"Wir erwecken Ihre Ra\u0308ume zum Leben","publisher":{"@id":"https:\/\/www.bise.ch\/de\/#organization"},"alternateName":"Georges Bise SA","potentialAction":[{"@type":"SearchAction","target":{"@type":"EntryPoint","urlTemplate":"https:\/\/www.bise.ch\/de\/?s={search_term_string}"},"query-input":{"@type":"PropertyValueSpecification","valueRequired":true,"valueName":"search_term_string"}}],"inLanguage":"de"},{"@type":"Organization","@id":"https:\/\/www.bise.ch\/de\/#organization","name":"M\u00f6bel Bise | M\u00f6belgesch\u00e4ft | M\u00f6bel | Freiburg | Bulle","alternateName":"Georges Bise SA","url":"https:\/\/www.bise.ch\/de\/","logo":{"@type":"ImageObject","inLanguage":"de","@id":"https:\/\/www.bise.ch\/de\/#\/schema\/logo\/image\/","url":"https:\/\/www.bise.ch\/wp-content\/uploads\/LogoBise.png","contentUrl":"https:\/\/www.bise.ch\/wp-content\/uploads\/LogoBise.png","width":4267,"height":4267,"caption":"M\u00f6bel Bise | M\u00f6belgesch\u00e4ft | M\u00f6bel | Freiburg | Bulle"},"image":{"@id":"https:\/\/www.bise.ch\/de\/#\/schema\/logo\/image\/"},"sameAs":["https:\/\/www.facebook.com\/bisemeubles\/","https:\/\/www.instagram.com\/bisemeubles\/","https:\/\/ch.linkedin.com\/company\/bise-meubles-moebel"]}]}},"_links":{"self":[{"href":"https:\/\/www.bise.ch\/de\/wp-json\/wp\/v2\/product\/55593","targetHints":{"allow":["GET"]}}],"collection":[{"href":"https:\/\/www.bise.ch\/de\/wp-json\/wp\/v2\/product"}],"about":[{"href":"https:\/\/www.bise.ch\/de\/wp-json\/wp\/v2\/types\/product"}],"wp:featuredmedia":[{"embeddable":true,"href":"https:\/\/www.bise.ch\/de\/wp-json\/wp\/v2\/media\/49261"}],"wp:attachment":[{"href":"https:\/\/www.bise.ch\/de\/wp-json\/wp\/v2\/media?parent=55593"}],"wp:term":[{"taxonomy":"product_brand","embeddable":true,"href":"https:\/\/www.bise.ch\/de\/wp-json\/wp\/v2\/product_brand?post=55593"},{"taxonomy":"product_cat","embeddable":true,"href":"https:\/\/www.bise.ch\/de\/wp-json\/wp\/v2\/product_cat?post=55593"},{"taxonomy":"product_tag","embeddable":true,"href":"https:\/\/www.bise.ch\/de\/wp-json\/wp\/v2\/product_tag?post=55593"}],"curies":[{"name":"wp","href":"https:\/\/api.w.org\/{rel}","templated":true}]}}