{"id":55594,"date":"2020-02-14T11:30:58","date_gmt":"2020-02-14T10:30:58","guid":{"rendered":"https:\/\/bise.ch\/produit\/inoui\/"},"modified":"2020-02-14T11:30:58","modified_gmt":"2020-02-14T10:30:58","slug":"inoui","status":"publish","type":"product","link":"https:\/\/www.bise.ch\/de\/produit\/inoui\/","title":{"rendered":"Inoui"},"content":{"rendered":"<p><strong>Inou\u00ef ist ein 3-in-1 Konzept f\u00fcr Gartenm\u00f6bel&#8230; Entdecken Sie es dringend&nbsp;!<\/strong><br \/>\nWer hat nicht schon einmal versucht, einen Beistelltisch als Hocker zu verwenden, wenn es nicht gen\u00fcgend Sitzgelegenheiten f\u00fcr die Anzahl der G\u00e4ste gibt&nbsp;? Mit dem beleuchteten Hocker von Inou\u00ef ist das wirklich m\u00f6glich&nbsp;! Mit seiner H\u00f6he von 44 cm kann er als Hocker am Gartentisch oder als Beistelltisch zu den Gartenm\u00f6beln verwendet werden&#8230; und vor allem als Leuchte, um eine gem\u00fctliche Atmosph\u00e4re zu schaffen! Clever&nbsp;! Ausgestattet mit einem farbigen Metallgriff, l\u00e4sst er sich im Handumdrehen in alle Ecken und Winkel des Gartens bewegen. Ein kleiner Hinweis&nbsp;: In diesem Griff befindet sich ein Schalter&nbsp;! Dieses neuartige Produkt ist auch mit Bluetooth ausgestattet. \u00dcber die Fermob lighting App kann er aus der Ferne gesteuert werden und verschiedene Lichtatmosph\u00e4ren schaffen. Wie die Au\u00dfenlampen der Marke bietet er verschiedene Lichtst\u00e4rken und -temperaturen.<\/p>\n<p><strong>Was gibt es Besseres, um Ihr Ambiente zu personalisieren?<\/strong><br \/>\nMetalloberfl\u00e4chen, Polyethylen-Diffusor, Outdoor-Lackierung&#8230; eine ganze Reihe von Materialien, die ihm die Attribute der Marke verleihen. Es ist wasserdicht (IP 54) und sto\u00dffest (&nbsp;(IK8)). Zum Schluss noch&nbsp;! Sie sollten wissen, dass er kabellos ist und in nur 4 Stunden in seiner Ladestation aufgeladen werden kann, was eine Betriebszeit von 13 Stunden ergibt. So k\u00f6nnen Sie Ihre langen Sommerabende in vollen Z\u00fcgen genie\u00dfen&nbsp;! Ein Gartenm\u00f6bel, das eine Mischung aus Lampe und Hocker ist und auch als Beistelltisch dienen kann, ist Inou\u00ef&nbsp;! Und ja,&nbsp;! Die Idee stammt von Fermob&nbsp;!<\/p>\n","protected":false},"excerpt":{"rendered":"<p>3-in-1-Lichthocker<\/p>\n","protected":false},"featured_media":49238,"template":"","meta":{"_et_pb_use_builder":"","_et_pb_old_content":"","_et_gb_content_width":""},"product_brand":[4294],"product_cat":[3770],"product_tag":[],"class_list":{"0":"post-55594","1":"product","2":"type-product","3":"status-publish","4":"has-post-thumbnail","6":"product_brand-fermob_de","7":"product_cat-produkte","8":"pa_designation_de-beleuchteter-hocker-3-in-1","9":"pa_designation_fr-3-in-1-lichthocker","11":"first","12":"instock","13":"shipping-taxable","14":"purchasable","15":"product-type-simple"},"yoast_head":"<!-- This site is optimized with the Yoast SEO plugin v27.1.1 - https:\/\/yoast.com\/product\/yoast-seo-wordpress\/ -->\n<title>Inoui | M\u00f6bel Bise | M\u00f6belgesch\u00e4ft | M\u00f6bel | Freiburg | Bulle<\/title>\n<meta name=\"robots\" content=\"index, follow, max-snippet:-1, max-image-preview:large, max-video-preview:-1\" \/>\n<link rel=\"canonical\" href=\"https:\/\/www.bise.ch\/de\/produit\/inoui\/\" \/>\n<meta property=\"og:locale\" content=\"de_DE\" \/>\n<meta property=\"og:type\" content=\"article\" \/>\n<meta property=\"og:title\" content=\"Inoui | M\u00f6bel Bise | M\u00f6belgesch\u00e4ft | M\u00f6bel | Freiburg | Bulle\" \/>\n<meta property=\"og:description\" content=\"3-in-1-Lichthocker\" \/>\n<meta property=\"og:url\" content=\"https:\/\/www.bise.ch\/de\/produit\/inoui\/\" \/>\n<meta property=\"og:site_name\" content=\"M\u00f6bel Bise | M\u00f6belgesch\u00e4ft | M\u00f6bel | Freiburg | Bulle\" \/>\n<meta property=\"article:publisher\" content=\"https:\/\/www.facebook.com\/bisemeubles\/\" \/>\n<meta property=\"og:image\" content=\"https:\/\/www.bise.ch\/wp-content\/uploads\/sixties_inoui_ocre_rouge_ocean_lovers_album2020_sebastien_erome_2.jpg\" \/>\n\t<meta property=\"og:image:width\" content=\"1080\" \/>\n\t<meta property=\"og:image:height\" content=\"764\" \/>\n\t<meta property=\"og:image:type\" content=\"image\/jpeg\" \/>\n<meta name=\"twitter:card\" content=\"summary_large_image\" \/>\n<meta name=\"twitter:label1\" content=\"Gesch\u00e4tzte Lesezeit\" \/>\n\t<meta name=\"twitter:data1\" content=\"1\u00a0Minute\" \/>\n<script type=\"application\/ld+json\" class=\"yoast-schema-graph\">{\"@context\":\"https:\/\/schema.org\",\"@graph\":[{\"@type\":\"WebPage\",\"@id\":\"https:\/\/www.bise.ch\/de\/produit\/inoui\/\",\"url\":\"https:\/\/www.bise.ch\/de\/produit\/inoui\/\",\"name\":\"Inoui | M\u00f6bel Bise | M\u00f6belgesch\u00e4ft | M\u00f6bel | Freiburg | Bulle\",\"isPartOf\":{\"@id\":\"https:\/\/www.bise.ch\/de\/#website\"},\"primaryImageOfPage\":{\"@id\":\"https:\/\/www.bise.ch\/de\/produit\/inoui\/#primaryimage\"},\"image\":{\"@id\":\"https:\/\/www.bise.ch\/de\/produit\/inoui\/#primaryimage\"},\"thumbnailUrl\":\"https:\/\/www.bise.ch\/wp-content\/uploads\/sixties_inoui_ocre_rouge_ocean_lovers_album2020_sebastien_erome_2.jpg\",\"datePublished\":\"2020-02-14T10:30:58+00:00\",\"breadcrumb\":{\"@id\":\"https:\/\/www.bise.ch\/de\/produit\/inoui\/#breadcrumb\"},\"inLanguage\":\"de\",\"potentialAction\":[{\"@type\":\"ReadAction\",\"target\":[\"https:\/\/www.bise.ch\/de\/produit\/inoui\/\"]}]},{\"@type\":\"ImageObject\",\"inLanguage\":\"de\",\"@id\":\"https:\/\/www.bise.ch\/de\/produit\/inoui\/#primaryimage\",\"url\":\"https:\/\/www.bise.ch\/wp-content\/uploads\/sixties_inoui_ocre_rouge_ocean_lovers_album2020_sebastien_erome_2.jpg\",\"contentUrl\":\"https:\/\/www.bise.ch\/wp-content\/uploads\/sixties_inoui_ocre_rouge_ocean_lovers_album2020_sebastien_erome_2.jpg\",\"width\":1080,\"height\":764,\"caption\":\"sixties_inoui_ocre_rot_ocean_lovers_album2020_sebastien_erome_2\"},{\"@type\":\"BreadcrumbList\",\"@id\":\"https:\/\/www.bise.ch\/de\/produit\/inoui\/#breadcrumb\",\"itemListElement\":[{\"@type\":\"ListItem\",\"position\":1,\"name\":\"Startseite\",\"item\":\"https:\/\/www.bise.ch\/de\/\"},{\"@type\":\"ListItem\",\"position\":2,\"name\":\"Shop\",\"item\":\"https:\/\/www.bise.ch\/de\/shop\/\"},{\"@type\":\"ListItem\",\"position\":3,\"name\":\"Inoui\"}]},{\"@type\":\"WebSite\",\"@id\":\"https:\/\/www.bise.ch\/de\/#website\",\"url\":\"https:\/\/www.bise.ch\/de\/\",\"name\":\"Meubles Bise | Magasin de meubles | Mobilier | Fribourg | Bulle\",\"description\":\"Wir erwecken Ihre Ra\u0308ume zum Leben\",\"publisher\":{\"@id\":\"https:\/\/www.bise.ch\/de\/#organization\"},\"alternateName\":\"Georges Bise SA\",\"potentialAction\":[{\"@type\":\"SearchAction\",\"target\":{\"@type\":\"EntryPoint\",\"urlTemplate\":\"https:\/\/www.bise.ch\/de\/?s={search_term_string}\"},\"query-input\":{\"@type\":\"PropertyValueSpecification\",\"valueRequired\":true,\"valueName\":\"search_term_string\"}}],\"inLanguage\":\"de\"},{\"@type\":\"Organization\",\"@id\":\"https:\/\/www.bise.ch\/de\/#organization\",\"name\":\"M\u00f6bel Bise | M\u00f6belgesch\u00e4ft | M\u00f6bel | Freiburg | Bulle\",\"alternateName\":\"Georges Bise SA\",\"url\":\"https:\/\/www.bise.ch\/de\/\",\"logo\":{\"@type\":\"ImageObject\",\"inLanguage\":\"de\",\"@id\":\"https:\/\/www.bise.ch\/de\/#\/schema\/logo\/image\/\",\"url\":\"https:\/\/www.bise.ch\/wp-content\/uploads\/LogoBise.png\",\"contentUrl\":\"https:\/\/www.bise.ch\/wp-content\/uploads\/LogoBise.png\",\"width\":4267,\"height\":4267,\"caption\":\"M\u00f6bel Bise | M\u00f6belgesch\u00e4ft | M\u00f6bel | Freiburg | Bulle\"},\"image\":{\"@id\":\"https:\/\/www.bise.ch\/de\/#\/schema\/logo\/image\/\"},\"sameAs\":[\"https:\/\/www.facebook.com\/bisemeubles\/\",\"https:\/\/www.instagram.com\/bisemeubles\/\",\"https:\/\/ch.linkedin.com\/company\/bise-meubles-moebel\"]}]}<\/script>\n<!-- \/ Yoast SEO plugin. -->","yoast_head_json":{"title":"Inoui | M\u00f6bel Bise | M\u00f6belgesch\u00e4ft | M\u00f6bel | Freiburg | Bulle","robots":{"index":"index","follow":"follow","max-snippet":"max-snippet:-1","max-image-preview":"max-image-preview:large","max-video-preview":"max-video-preview:-1"},"canonical":"https:\/\/www.bise.ch\/de\/produit\/inoui\/","og_locale":"de_DE","og_type":"article","og_title":"Inoui | M\u00f6bel Bise | M\u00f6belgesch\u00e4ft | M\u00f6bel | Freiburg | Bulle","og_description":"3-in-1-Lichthocker","og_url":"https:\/\/www.bise.ch\/de\/produit\/inoui\/","og_site_name":"M\u00f6bel Bise | M\u00f6belgesch\u00e4ft | M\u00f6bel | Freiburg | Bulle","article_publisher":"https:\/\/www.facebook.com\/bisemeubles\/","og_image":[{"width":1080,"height":764,"url":"https:\/\/www.bise.ch\/wp-content\/uploads\/sixties_inoui_ocre_rouge_ocean_lovers_album2020_sebastien_erome_2.jpg","type":"image\/jpeg"}],"twitter_card":"summary_large_image","twitter_misc":{"Gesch\u00e4tzte Lesezeit":"1\u00a0Minute"},"schema":{"@context":"https:\/\/schema.org","@graph":[{"@type":"WebPage","@id":"https:\/\/www.bise.ch\/de\/produit\/inoui\/","url":"https:\/\/www.bise.ch\/de\/produit\/inoui\/","name":"Inoui | M\u00f6bel Bise | M\u00f6belgesch\u00e4ft | M\u00f6bel | Freiburg | Bulle","isPartOf":{"@id":"https:\/\/www.bise.ch\/de\/#website"},"primaryImageOfPage":{"@id":"https:\/\/www.bise.ch\/de\/produit\/inoui\/#primaryimage"},"image":{"@id":"https:\/\/www.bise.ch\/de\/produit\/inoui\/#primaryimage"},"thumbnailUrl":"https:\/\/www.bise.ch\/wp-content\/uploads\/sixties_inoui_ocre_rouge_ocean_lovers_album2020_sebastien_erome_2.jpg","datePublished":"2020-02-14T10:30:58+00:00","breadcrumb":{"@id":"https:\/\/www.bise.ch\/de\/produit\/inoui\/#breadcrumb"},"inLanguage":"de","potentialAction":[{"@type":"ReadAction","target":["https:\/\/www.bise.ch\/de\/produit\/inoui\/"]}]},{"@type":"ImageObject","inLanguage":"de","@id":"https:\/\/www.bise.ch\/de\/produit\/inoui\/#primaryimage","url":"https:\/\/www.bise.ch\/wp-content\/uploads\/sixties_inoui_ocre_rouge_ocean_lovers_album2020_sebastien_erome_2.jpg","contentUrl":"https:\/\/www.bise.ch\/wp-content\/uploads\/sixties_inoui_ocre_rouge_ocean_lovers_album2020_sebastien_erome_2.jpg","width":1080,"height":764,"caption":"sixties_inoui_ocre_rot_ocean_lovers_album2020_sebastien_erome_2"},{"@type":"BreadcrumbList","@id":"https:\/\/www.bise.ch\/de\/produit\/inoui\/#breadcrumb","itemListElement":[{"@type":"ListItem","position":1,"name":"Startseite","item":"https:\/\/www.bise.ch\/de\/"},{"@type":"ListItem","position":2,"name":"Shop","item":"https:\/\/www.bise.ch\/de\/shop\/"},{"@type":"ListItem","position":3,"name":"Inoui"}]},{"@type":"WebSite","@id":"https:\/\/www.bise.ch\/de\/#website","url":"https:\/\/www.bise.ch\/de\/","name":"Meubles Bise | Magasin de meubles | Mobilier | Fribourg | Bulle","description":"Wir erwecken Ihre Ra\u0308ume zum Leben","publisher":{"@id":"https:\/\/www.bise.ch\/de\/#organization"},"alternateName":"Georges Bise SA","potentialAction":[{"@type":"SearchAction","target":{"@type":"EntryPoint","urlTemplate":"https:\/\/www.bise.ch\/de\/?s={search_term_string}"},"query-input":{"@type":"PropertyValueSpecification","valueRequired":true,"valueName":"search_term_string"}}],"inLanguage":"de"},{"@type":"Organization","@id":"https:\/\/www.bise.ch\/de\/#organization","name":"M\u00f6bel Bise | M\u00f6belgesch\u00e4ft | M\u00f6bel | Freiburg | Bulle","alternateName":"Georges Bise SA","url":"https:\/\/www.bise.ch\/de\/","logo":{"@type":"ImageObject","inLanguage":"de","@id":"https:\/\/www.bise.ch\/de\/#\/schema\/logo\/image\/","url":"https:\/\/www.bise.ch\/wp-content\/uploads\/LogoBise.png","contentUrl":"https:\/\/www.bise.ch\/wp-content\/uploads\/LogoBise.png","width":4267,"height":4267,"caption":"M\u00f6bel Bise | M\u00f6belgesch\u00e4ft | M\u00f6bel | Freiburg | Bulle"},"image":{"@id":"https:\/\/www.bise.ch\/de\/#\/schema\/logo\/image\/"},"sameAs":["https:\/\/www.facebook.com\/bisemeubles\/","https:\/\/www.instagram.com\/bisemeubles\/","https:\/\/ch.linkedin.com\/company\/bise-meubles-moebel"]}]}},"_links":{"self":[{"href":"https:\/\/www.bise.ch\/de\/wp-json\/wp\/v2\/product\/55594","targetHints":{"allow":["GET"]}}],"collection":[{"href":"https:\/\/www.bise.ch\/de\/wp-json\/wp\/v2\/product"}],"about":[{"href":"https:\/\/www.bise.ch\/de\/wp-json\/wp\/v2\/types\/product"}],"wp:featuredmedia":[{"embeddable":true,"href":"https:\/\/www.bise.ch\/de\/wp-json\/wp\/v2\/media\/49238"}],"wp:attachment":[{"href":"https:\/\/www.bise.ch\/de\/wp-json\/wp\/v2\/media?parent=55594"}],"wp:term":[{"taxonomy":"product_brand","embeddable":true,"href":"https:\/\/www.bise.ch\/de\/wp-json\/wp\/v2\/product_brand?post=55594"},{"taxonomy":"product_cat","embeddable":true,"href":"https:\/\/www.bise.ch\/de\/wp-json\/wp\/v2\/product_cat?post=55594"},{"taxonomy":"product_tag","embeddable":true,"href":"https:\/\/www.bise.ch\/de\/wp-json\/wp\/v2\/product_tag?post=55594"}],"curies":[{"name":"wp","href":"https:\/\/api.w.org\/{rel}","templated":true}]}}