{"id":55659,"date":"2019-07-10T14:15:23","date_gmt":"2019-07-10T12:15:23","guid":{"rendered":"https:\/\/bise.ch\/produit\/hifi\/"},"modified":"2024-09-10T22:27:57","modified_gmt":"2024-09-10T20:27:57","slug":"hifi","status":"publish","type":"product","link":"https:\/\/www.bise.ch\/de\/produit\/hifi\/","title":{"rendered":"Hifi"},"content":{"rendered":"<p><strong>Pures Vergn\u00fcgen<\/strong><br \/> Der Lebensraum ist der Ort der Sicherheit, der Zufluchtsort des t\u00e4glichen Lebens, der Freizeit, der Unterhaltung,&nbsp;des Vergn\u00fcgens &#8230; Wir verbringen viele kostbare Stunden unseres Lebens an diesem Ort. Harmonie und Qualit\u00e4t sind ein wahres Elixier f\u00fcr eine positive Lebenseinstellung, f\u00fcr Kreativit\u00e4t und Erfolg. Verwandeln Sie Ihren Wohnraum in einen Konzertsaal mit G\u00e4nsehautgarantie. H\u00f6chste Pr\u00e4zision nach Ma\u00df. Eine perfekte Verarbeitung bis ins kleinste Detail, kombiniert mit einem absolut au\u00dfergew\u00f6hnlichen Klangerlebnis dank der vollst\u00e4ndig integrierten Premium-Lautsprecher. Eine so perfekte Unterhaltung, dass selbst ohne Bild die Gefahr besteht, dass einem der Atem geraubt wird.<\/p>\n<p><strong>Grenzenlose Eleganz<\/strong><br \/> Die SWISS HD M\u00f6bel f\u00fcgen sich harmonisch in das Wohnambiente ein. Das schn\u00f6rkellose Design mit seinen klaren Linien kennt keine Zeit. Alles ist perfekt organisiert, es gibt keine st\u00f6renden Kabel, unbegrenzte Farbauswahl und ein Design f\u00fcr Jahrzehnte.<\/p>\n<p><strong>Ihr pers\u00f6nliches TV-M\u00f6bel nach Ma\u00df<\/strong><br \/> Sie bestimmen die L\u00e4nge, H\u00f6he und Tiefe Ihrer<strong>M\u00f6bel<\/strong>. Sie w\u00e4hlen die Fl\u00e4che. Hochwertiges Kunstharz oder eine individuelle Beschichtung in Hochglanz, Supermatt oder auf Glas, alles ist m\u00f6glich und Ihrer Kreativit\u00e4t sind keine Grenzen gesetzt.<\/p>\n<p><strong>Schweizer Herstellung<\/strong><br \/> Nat\u00fcrlich sind alle unsere Produkte in der Schweiz hergestellt und stehen f\u00fcr Qualit\u00e4t im Detail. Nichts wird dem Zufall \u00fcberlassen, alles ist durchdacht und vor allem funktional. Die Qualit\u00e4t der Herstellung untermauert die Langlebigkeit. Qualit\u00e4t f\u00fcr h\u00f6chste Anspr\u00fcche. M\u00f6glicherweise sind wir Perfektionisten. Wir sind stolz darauf. Dies unterscheidet uns von unseren Wettbewerbern. Ob es sich um perfekt integrierte Scharniere, hochwertige Schubladensysteme oder die absolut staubfreie Beschichtung handelt.<\/p>\n","protected":false},"excerpt":{"rendered":"<p>TV-M\u00f6bel nach Ma\u00df<\/p>\n","protected":false},"featured_media":41591,"template":"","meta":{"_et_pb_use_builder":"","_et_pb_old_content":"","_et_gb_content_width":""},"product_brand":[4349],"product_cat":[361,447],"product_tag":[],"class_list":{"0":"post-55659","1":"product","2":"type-product","3":"status-publish","4":"has-post-thumbnail","6":"product_brand-swisshd_de","7":"product_cat-tv-mobel","8":"product_cat-multimedia-de","9":"pa_designation_de-tv-mobel-auf-mass","10":"pa_designation_fr-tv-mobel-nach-mas","12":"first","13":"instock","14":"shipping-taxable","15":"purchasable","16":"product-type-simple"},"yoast_head":"<!-- This site is optimized with the Yoast SEO plugin v27.1.1 - https:\/\/yoast.com\/product\/yoast-seo-wordpress\/ -->\n<title>Hifi | M\u00f6bel Bise | M\u00f6belgesch\u00e4ft | M\u00f6bel | Freiburg | Bulle<\/title>\n<meta name=\"robots\" content=\"index, follow, max-snippet:-1, max-image-preview:large, max-video-preview:-1\" \/>\n<link rel=\"canonical\" href=\"https:\/\/www.bise.ch\/de\/produit\/hifi\/\" \/>\n<meta property=\"og:locale\" content=\"de_DE\" \/>\n<meta property=\"og:type\" content=\"article\" \/>\n<meta property=\"og:title\" content=\"Hifi | M\u00f6bel Bise | M\u00f6belgesch\u00e4ft | M\u00f6bel | Freiburg | Bulle\" \/>\n<meta property=\"og:description\" content=\"TV-M\u00f6bel nach Ma\u00df\" \/>\n<meta property=\"og:url\" content=\"https:\/\/www.bise.ch\/de\/produit\/hifi\/\" \/>\n<meta property=\"og:site_name\" content=\"M\u00f6bel Bise | M\u00f6belgesch\u00e4ft | M\u00f6bel | Freiburg | Bulle\" \/>\n<meta property=\"article:publisher\" content=\"https:\/\/www.facebook.com\/bisemeubles\/\" \/>\n<meta property=\"article:modified_time\" content=\"2024-09-10T20:27:57+00:00\" \/>\n<meta property=\"og:image\" content=\"https:\/\/www.bise.ch\/wp-content\/uploads\/scene_swisshd8_1b.png\" \/>\n\t<meta property=\"og:image:width\" content=\"1920\" \/>\n\t<meta property=\"og:image:height\" content=\"1080\" \/>\n\t<meta property=\"og:image:type\" content=\"image\/png\" \/>\n<meta name=\"twitter:card\" content=\"summary_large_image\" \/>\n<meta name=\"twitter:label1\" content=\"Gesch\u00e4tzte Lesezeit\" \/>\n\t<meta name=\"twitter:data1\" content=\"1\u00a0Minute\" \/>\n<script type=\"application\/ld+json\" class=\"yoast-schema-graph\">{\"@context\":\"https:\/\/schema.org\",\"@graph\":[{\"@type\":\"WebPage\",\"@id\":\"https:\/\/www.bise.ch\/de\/produit\/hifi\/\",\"url\":\"https:\/\/www.bise.ch\/de\/produit\/hifi\/\",\"name\":\"Hifi | M\u00f6bel Bise | M\u00f6belgesch\u00e4ft | M\u00f6bel | Freiburg | Bulle\",\"isPartOf\":{\"@id\":\"https:\/\/www.bise.ch\/de\/#website\"},\"primaryImageOfPage\":{\"@id\":\"https:\/\/www.bise.ch\/de\/produit\/hifi\/#primaryimage\"},\"image\":{\"@id\":\"https:\/\/www.bise.ch\/de\/produit\/hifi\/#primaryimage\"},\"thumbnailUrl\":\"https:\/\/www.bise.ch\/wp-content\/uploads\/scene_swisshd8_1b.png\",\"datePublished\":\"2019-07-10T12:15:23+00:00\",\"dateModified\":\"2024-09-10T20:27:57+00:00\",\"breadcrumb\":{\"@id\":\"https:\/\/www.bise.ch\/de\/produit\/hifi\/#breadcrumb\"},\"inLanguage\":\"de\",\"potentialAction\":[{\"@type\":\"ReadAction\",\"target\":[\"https:\/\/www.bise.ch\/de\/produit\/hifi\/\"]}]},{\"@type\":\"ImageObject\",\"inLanguage\":\"de\",\"@id\":\"https:\/\/www.bise.ch\/de\/produit\/hifi\/#primaryimage\",\"url\":\"https:\/\/www.bise.ch\/wp-content\/uploads\/scene_swisshd8_1b.png\",\"contentUrl\":\"https:\/\/www.bise.ch\/wp-content\/uploads\/scene_swisshd8_1b.png\",\"width\":1920,\"height\":1080},{\"@type\":\"BreadcrumbList\",\"@id\":\"https:\/\/www.bise.ch\/de\/produit\/hifi\/#breadcrumb\",\"itemListElement\":[{\"@type\":\"ListItem\",\"position\":1,\"name\":\"Startseite\",\"item\":\"https:\/\/www.bise.ch\/de\/\"},{\"@type\":\"ListItem\",\"position\":2,\"name\":\"Shop\",\"item\":\"https:\/\/www.bise.ch\/de\/shop\/\"},{\"@type\":\"ListItem\",\"position\":3,\"name\":\"Hifi\"}]},{\"@type\":\"WebSite\",\"@id\":\"https:\/\/www.bise.ch\/de\/#website\",\"url\":\"https:\/\/www.bise.ch\/de\/\",\"name\":\"Meubles Bise | Magasin de meubles | Mobilier | Fribourg | Bulle\",\"description\":\"Wir erwecken Ihre Ra\u0308ume zum Leben\",\"publisher\":{\"@id\":\"https:\/\/www.bise.ch\/de\/#organization\"},\"alternateName\":\"Georges Bise SA\",\"potentialAction\":[{\"@type\":\"SearchAction\",\"target\":{\"@type\":\"EntryPoint\",\"urlTemplate\":\"https:\/\/www.bise.ch\/de\/?s={search_term_string}\"},\"query-input\":{\"@type\":\"PropertyValueSpecification\",\"valueRequired\":true,\"valueName\":\"search_term_string\"}}],\"inLanguage\":\"de\"},{\"@type\":\"Organization\",\"@id\":\"https:\/\/www.bise.ch\/de\/#organization\",\"name\":\"M\u00f6bel Bise | M\u00f6belgesch\u00e4ft | M\u00f6bel | Freiburg | Bulle\",\"alternateName\":\"Georges Bise SA\",\"url\":\"https:\/\/www.bise.ch\/de\/\",\"logo\":{\"@type\":\"ImageObject\",\"inLanguage\":\"de\",\"@id\":\"https:\/\/www.bise.ch\/de\/#\/schema\/logo\/image\/\",\"url\":\"https:\/\/www.bise.ch\/wp-content\/uploads\/LogoBise.png\",\"contentUrl\":\"https:\/\/www.bise.ch\/wp-content\/uploads\/LogoBise.png\",\"width\":4267,\"height\":4267,\"caption\":\"M\u00f6bel Bise | M\u00f6belgesch\u00e4ft | M\u00f6bel | Freiburg | Bulle\"},\"image\":{\"@id\":\"https:\/\/www.bise.ch\/de\/#\/schema\/logo\/image\/\"},\"sameAs\":[\"https:\/\/www.facebook.com\/bisemeubles\/\",\"https:\/\/www.instagram.com\/bisemeubles\/\",\"https:\/\/ch.linkedin.com\/company\/bise-meubles-moebel\"]}]}<\/script>\n<!-- \/ Yoast SEO plugin. -->","yoast_head_json":{"title":"Hifi | M\u00f6bel Bise | M\u00f6belgesch\u00e4ft | M\u00f6bel | Freiburg | Bulle","robots":{"index":"index","follow":"follow","max-snippet":"max-snippet:-1","max-image-preview":"max-image-preview:large","max-video-preview":"max-video-preview:-1"},"canonical":"https:\/\/www.bise.ch\/de\/produit\/hifi\/","og_locale":"de_DE","og_type":"article","og_title":"Hifi | M\u00f6bel Bise | M\u00f6belgesch\u00e4ft | M\u00f6bel | Freiburg | Bulle","og_description":"TV-M\u00f6bel nach Ma\u00df","og_url":"https:\/\/www.bise.ch\/de\/produit\/hifi\/","og_site_name":"M\u00f6bel Bise | M\u00f6belgesch\u00e4ft | M\u00f6bel | Freiburg | Bulle","article_publisher":"https:\/\/www.facebook.com\/bisemeubles\/","article_modified_time":"2024-09-10T20:27:57+00:00","og_image":[{"width":1920,"height":1080,"url":"https:\/\/www.bise.ch\/wp-content\/uploads\/scene_swisshd8_1b.png","type":"image\/png"}],"twitter_card":"summary_large_image","twitter_misc":{"Gesch\u00e4tzte Lesezeit":"1\u00a0Minute"},"schema":{"@context":"https:\/\/schema.org","@graph":[{"@type":"WebPage","@id":"https:\/\/www.bise.ch\/de\/produit\/hifi\/","url":"https:\/\/www.bise.ch\/de\/produit\/hifi\/","name":"Hifi | M\u00f6bel Bise | M\u00f6belgesch\u00e4ft | M\u00f6bel | Freiburg | Bulle","isPartOf":{"@id":"https:\/\/www.bise.ch\/de\/#website"},"primaryImageOfPage":{"@id":"https:\/\/www.bise.ch\/de\/produit\/hifi\/#primaryimage"},"image":{"@id":"https:\/\/www.bise.ch\/de\/produit\/hifi\/#primaryimage"},"thumbnailUrl":"https:\/\/www.bise.ch\/wp-content\/uploads\/scene_swisshd8_1b.png","datePublished":"2019-07-10T12:15:23+00:00","dateModified":"2024-09-10T20:27:57+00:00","breadcrumb":{"@id":"https:\/\/www.bise.ch\/de\/produit\/hifi\/#breadcrumb"},"inLanguage":"de","potentialAction":[{"@type":"ReadAction","target":["https:\/\/www.bise.ch\/de\/produit\/hifi\/"]}]},{"@type":"ImageObject","inLanguage":"de","@id":"https:\/\/www.bise.ch\/de\/produit\/hifi\/#primaryimage","url":"https:\/\/www.bise.ch\/wp-content\/uploads\/scene_swisshd8_1b.png","contentUrl":"https:\/\/www.bise.ch\/wp-content\/uploads\/scene_swisshd8_1b.png","width":1920,"height":1080},{"@type":"BreadcrumbList","@id":"https:\/\/www.bise.ch\/de\/produit\/hifi\/#breadcrumb","itemListElement":[{"@type":"ListItem","position":1,"name":"Startseite","item":"https:\/\/www.bise.ch\/de\/"},{"@type":"ListItem","position":2,"name":"Shop","item":"https:\/\/www.bise.ch\/de\/shop\/"},{"@type":"ListItem","position":3,"name":"Hifi"}]},{"@type":"WebSite","@id":"https:\/\/www.bise.ch\/de\/#website","url":"https:\/\/www.bise.ch\/de\/","name":"Meubles Bise | Magasin de meubles | Mobilier | Fribourg | Bulle","description":"Wir erwecken Ihre Ra\u0308ume zum Leben","publisher":{"@id":"https:\/\/www.bise.ch\/de\/#organization"},"alternateName":"Georges Bise SA","potentialAction":[{"@type":"SearchAction","target":{"@type":"EntryPoint","urlTemplate":"https:\/\/www.bise.ch\/de\/?s={search_term_string}"},"query-input":{"@type":"PropertyValueSpecification","valueRequired":true,"valueName":"search_term_string"}}],"inLanguage":"de"},{"@type":"Organization","@id":"https:\/\/www.bise.ch\/de\/#organization","name":"M\u00f6bel Bise | M\u00f6belgesch\u00e4ft | M\u00f6bel | Freiburg | Bulle","alternateName":"Georges Bise SA","url":"https:\/\/www.bise.ch\/de\/","logo":{"@type":"ImageObject","inLanguage":"de","@id":"https:\/\/www.bise.ch\/de\/#\/schema\/logo\/image\/","url":"https:\/\/www.bise.ch\/wp-content\/uploads\/LogoBise.png","contentUrl":"https:\/\/www.bise.ch\/wp-content\/uploads\/LogoBise.png","width":4267,"height":4267,"caption":"M\u00f6bel Bise | M\u00f6belgesch\u00e4ft | M\u00f6bel | Freiburg | Bulle"},"image":{"@id":"https:\/\/www.bise.ch\/de\/#\/schema\/logo\/image\/"},"sameAs":["https:\/\/www.facebook.com\/bisemeubles\/","https:\/\/www.instagram.com\/bisemeubles\/","https:\/\/ch.linkedin.com\/company\/bise-meubles-moebel"]}]}},"_links":{"self":[{"href":"https:\/\/www.bise.ch\/de\/wp-json\/wp\/v2\/product\/55659","targetHints":{"allow":["GET"]}}],"collection":[{"href":"https:\/\/www.bise.ch\/de\/wp-json\/wp\/v2\/product"}],"about":[{"href":"https:\/\/www.bise.ch\/de\/wp-json\/wp\/v2\/types\/product"}],"wp:featuredmedia":[{"embeddable":true,"href":"https:\/\/www.bise.ch\/de\/wp-json\/wp\/v2\/media\/41591"}],"wp:attachment":[{"href":"https:\/\/www.bise.ch\/de\/wp-json\/wp\/v2\/media?parent=55659"}],"wp:term":[{"taxonomy":"product_brand","embeddable":true,"href":"https:\/\/www.bise.ch\/de\/wp-json\/wp\/v2\/product_brand?post=55659"},{"taxonomy":"product_cat","embeddable":true,"href":"https:\/\/www.bise.ch\/de\/wp-json\/wp\/v2\/product_cat?post=55659"},{"taxonomy":"product_tag","embeddable":true,"href":"https:\/\/www.bise.ch\/de\/wp-json\/wp\/v2\/product_tag?post=55659"}],"curies":[{"name":"wp","href":"https:\/\/api.w.org\/{rel}","templated":true}]}}