{"id":55676,"date":"2019-05-17T11:29:23","date_gmt":"2019-05-17T09:29:23","guid":{"rendered":"https:\/\/bise.ch\/produit\/mooon-134-cm\/"},"modified":"2024-09-10T23:13:29","modified_gmt":"2024-09-10T21:13:29","slug":"mooon-134-cm","status":"publish","type":"product","link":"https:\/\/www.bise.ch\/de\/produit\/mooon-134-cm\/","title":{"rendered":"Mooon 134 cm"},"content":{"rendered":"<p>Der Designer Tristan Lohner lie\u00df sich bei der Gestaltung von Mooon! von den Stra\u00dfenlaternen des 19. Eine stilvolle und moderne Neuinterpretation, die zun\u00e4chst auf einem Aluminiumgestell mit einer H\u00f6he von 40 cm steht. Diese k\u00fchne Familie hat heute Zuwachs bekommen. Mit einem Stockma\u00df von 134 cm und einer schlanken Linie l\u00e4dt sich diese Fermob-Innovation auf unsere Terrassen ein, um einen Loungebereich zu beleuchten oder neben einem Sofa wie eine Leselampe zu stehen. Mooon ist die erste gro\u00dfe schnurlose Lampe f\u00fcr den Innen- und Au\u00dfenbereich. Hinter dem scheinbar schlichten Design verbirgt sich ein Konzentrat an Technologie: 2 Lichttemperaturen (warmwei\u00df 3000 K\u00b0 und kaltwei\u00df 6000 K\u00b0), die jeweils in 2 Intensit\u00e4ten (100% und 50%) erh\u00e4ltlich sind. Sie k\u00f6nnen Mooon! auf der Terrasse oder im Garten v\u00f6llig unabh\u00e4ngig (6 bis 14 Stunden) oder endlos neben dem Sofa auf der Ladestation verwenden. Die Innovation besteht auch in der eingebauten Technologie mit Bluetooth, um die Stimmung \u00fcber Ihr Smartphone ferngesteuert zu \u00e4ndern.<\/p>\n<p><strong>Steuern Sie Ihre Fermob-Au\u00dfenleuchte mit Ihrem Android- oder iOS-Smartphone mit den Fingerspitzen!  <\/strong><br \/>  Dank der Bluetooth-Technologie k\u00f6nnen Sie Ihre Lampe mit Ihrem Smartphone aus der Ferne steuern, die Leuchtdauer ablesen und Lichtstimmungen programmieren. Laden Sie unsere kostenlose Anwendung herunter und lassen Sie sich f\u00fchren.<\/p>\n<p><strong>Die Vorteile der Fermob Lighting App (g\u00fcltig f\u00fcr die Lampen Mooon! H63 und H134):<\/strong><\/p>\n<ul>\n<li>Ein-\/Ausschalten der Lampe<\/li>\n<li>Einstellen der Lichtintensit\u00e4t<\/li>\n<li>Einstellen der Lichttemperatur (kaltwei\u00df bis warmwei\u00df)<\/li>\n<li>Den Batteriestand kennen<\/li>\n<li>Ihre eigenen Stimmungen aufnehmen<\/li>\n<li>Von Fermob entworfene Umgebungen ausw\u00e4hlen<\/li>\n<li>Speichern Sie Ihre Lieblingsstimmungen<\/li>\n<li>Profitieren Sie von den Tipps zur Nutzung der Marke<\/li>\n<\/ul>\n","protected":false},"excerpt":{"rendered":"<p>Lampe<\/p>\n","protected":false},"featured_media":38257,"template":"","meta":{"_et_pb_use_builder":"","_et_pb_old_content":"","_et_gb_content_width":""},"product_brand":[4294],"product_cat":[358],"product_tag":[],"class_list":{"0":"post-55676","1":"product","2":"type-product","3":"status-publish","4":"has-post-thumbnail","6":"product_brand-fermob_de","7":"product_cat-gartenlampen","8":"pa_designation_de-lampe-de","9":"pa_designation_fr-lampe-de","11":"first","12":"instock","13":"shipping-taxable","14":"purchasable","15":"product-type-simple"},"yoast_head":"<!-- This site is optimized with the Yoast SEO plugin v27.1.1 - https:\/\/yoast.com\/product\/yoast-seo-wordpress\/ -->\n<title>Mooon 134 cm | M\u00f6bel Bise | M\u00f6belgesch\u00e4ft | M\u00f6bel | Freiburg | Bulle<\/title>\n<meta name=\"robots\" content=\"index, follow, max-snippet:-1, max-image-preview:large, max-video-preview:-1\" \/>\n<link rel=\"canonical\" href=\"https:\/\/www.bise.ch\/de\/produit\/mooon-134-cm\/\" \/>\n<meta property=\"og:locale\" content=\"de_DE\" \/>\n<meta property=\"og:type\" content=\"article\" \/>\n<meta property=\"og:title\" content=\"Mooon 134 cm | M\u00f6bel Bise | M\u00f6belgesch\u00e4ft | M\u00f6bel | Freiburg | Bulle\" \/>\n<meta property=\"og:description\" content=\"Lampe\" \/>\n<meta property=\"og:url\" content=\"https:\/\/www.bise.ch\/de\/produit\/mooon-134-cm\/\" \/>\n<meta property=\"og:site_name\" content=\"M\u00f6bel Bise | M\u00f6belgesch\u00e4ft | M\u00f6bel | Freiburg | Bulle\" \/>\n<meta property=\"article:publisher\" content=\"https:\/\/www.facebook.com\/bisemeubles\/\" \/>\n<meta property=\"article:modified_time\" content=\"2024-09-10T21:13:29+00:00\" \/>\n<meta property=\"og:image\" content=\"https:\/\/www.bise.ch\/wp-content\/uploads\/mooon_loire_visuel2019_sebastien_erome.jpg\" \/>\n\t<meta property=\"og:image:width\" content=\"1000\" \/>\n\t<meta property=\"og:image:height\" content=\"1500\" \/>\n\t<meta property=\"og:image:type\" content=\"image\/jpeg\" \/>\n<meta name=\"twitter:card\" content=\"summary_large_image\" \/>\n<meta name=\"twitter:label1\" content=\"Gesch\u00e4tzte Lesezeit\" \/>\n\t<meta name=\"twitter:data1\" content=\"1\u00a0Minute\" \/>\n<script type=\"application\/ld+json\" class=\"yoast-schema-graph\">{\"@context\":\"https:\/\/schema.org\",\"@graph\":[{\"@type\":\"WebPage\",\"@id\":\"https:\/\/www.bise.ch\/de\/produit\/mooon-134-cm\/\",\"url\":\"https:\/\/www.bise.ch\/de\/produit\/mooon-134-cm\/\",\"name\":\"Mooon 134 cm | M\u00f6bel Bise | M\u00f6belgesch\u00e4ft | M\u00f6bel | Freiburg | Bulle\",\"isPartOf\":{\"@id\":\"https:\/\/www.bise.ch\/de\/#website\"},\"primaryImageOfPage\":{\"@id\":\"https:\/\/www.bise.ch\/de\/produit\/mooon-134-cm\/#primaryimage\"},\"image\":{\"@id\":\"https:\/\/www.bise.ch\/de\/produit\/mooon-134-cm\/#primaryimage\"},\"thumbnailUrl\":\"https:\/\/www.bise.ch\/wp-content\/uploads\/mooon_loire_visuel2019_sebastien_erome.jpg\",\"datePublished\":\"2019-05-17T09:29:23+00:00\",\"dateModified\":\"2024-09-10T21:13:29+00:00\",\"breadcrumb\":{\"@id\":\"https:\/\/www.bise.ch\/de\/produit\/mooon-134-cm\/#breadcrumb\"},\"inLanguage\":\"de\",\"potentialAction\":[{\"@type\":\"ReadAction\",\"target\":[\"https:\/\/www.bise.ch\/de\/produit\/mooon-134-cm\/\"]}]},{\"@type\":\"ImageObject\",\"inLanguage\":\"de\",\"@id\":\"https:\/\/www.bise.ch\/de\/produit\/mooon-134-cm\/#primaryimage\",\"url\":\"https:\/\/www.bise.ch\/wp-content\/uploads\/mooon_loire_visuel2019_sebastien_erome.jpg\",\"contentUrl\":\"https:\/\/www.bise.ch\/wp-content\/uploads\/mooon_loire_visuel2019_sebastien_erome.jpg\",\"width\":1000,\"height\":1500},{\"@type\":\"BreadcrumbList\",\"@id\":\"https:\/\/www.bise.ch\/de\/produit\/mooon-134-cm\/#breadcrumb\",\"itemListElement\":[{\"@type\":\"ListItem\",\"position\":1,\"name\":\"Startseite\",\"item\":\"https:\/\/www.bise.ch\/de\/\"},{\"@type\":\"ListItem\",\"position\":2,\"name\":\"Shop\",\"item\":\"https:\/\/www.bise.ch\/de\/shop\/\"},{\"@type\":\"ListItem\",\"position\":3,\"name\":\"Mooon 134 cm\"}]},{\"@type\":\"WebSite\",\"@id\":\"https:\/\/www.bise.ch\/de\/#website\",\"url\":\"https:\/\/www.bise.ch\/de\/\",\"name\":\"Meubles Bise | Magasin de meubles | Mobilier | Fribourg | Bulle\",\"description\":\"Wir erwecken Ihre Ra\u0308ume zum Leben\",\"publisher\":{\"@id\":\"https:\/\/www.bise.ch\/de\/#organization\"},\"alternateName\":\"Georges Bise SA\",\"potentialAction\":[{\"@type\":\"SearchAction\",\"target\":{\"@type\":\"EntryPoint\",\"urlTemplate\":\"https:\/\/www.bise.ch\/de\/?s={search_term_string}\"},\"query-input\":{\"@type\":\"PropertyValueSpecification\",\"valueRequired\":true,\"valueName\":\"search_term_string\"}}],\"inLanguage\":\"de\"},{\"@type\":\"Organization\",\"@id\":\"https:\/\/www.bise.ch\/de\/#organization\",\"name\":\"M\u00f6bel Bise | M\u00f6belgesch\u00e4ft | M\u00f6bel | Freiburg | Bulle\",\"alternateName\":\"Georges Bise SA\",\"url\":\"https:\/\/www.bise.ch\/de\/\",\"logo\":{\"@type\":\"ImageObject\",\"inLanguage\":\"de\",\"@id\":\"https:\/\/www.bise.ch\/de\/#\/schema\/logo\/image\/\",\"url\":\"https:\/\/www.bise.ch\/wp-content\/uploads\/LogoBise.png\",\"contentUrl\":\"https:\/\/www.bise.ch\/wp-content\/uploads\/LogoBise.png\",\"width\":4267,\"height\":4267,\"caption\":\"M\u00f6bel Bise | M\u00f6belgesch\u00e4ft | M\u00f6bel | Freiburg | Bulle\"},\"image\":{\"@id\":\"https:\/\/www.bise.ch\/de\/#\/schema\/logo\/image\/\"},\"sameAs\":[\"https:\/\/www.facebook.com\/bisemeubles\/\",\"https:\/\/www.instagram.com\/bisemeubles\/\",\"https:\/\/ch.linkedin.com\/company\/bise-meubles-moebel\"]}]}<\/script>\n<!-- \/ Yoast SEO plugin. -->","yoast_head_json":{"title":"Mooon 134 cm | M\u00f6bel Bise | M\u00f6belgesch\u00e4ft | M\u00f6bel | Freiburg | Bulle","robots":{"index":"index","follow":"follow","max-snippet":"max-snippet:-1","max-image-preview":"max-image-preview:large","max-video-preview":"max-video-preview:-1"},"canonical":"https:\/\/www.bise.ch\/de\/produit\/mooon-134-cm\/","og_locale":"de_DE","og_type":"article","og_title":"Mooon 134 cm | M\u00f6bel Bise | M\u00f6belgesch\u00e4ft | M\u00f6bel | Freiburg | Bulle","og_description":"Lampe","og_url":"https:\/\/www.bise.ch\/de\/produit\/mooon-134-cm\/","og_site_name":"M\u00f6bel Bise | M\u00f6belgesch\u00e4ft | M\u00f6bel | Freiburg | Bulle","article_publisher":"https:\/\/www.facebook.com\/bisemeubles\/","article_modified_time":"2024-09-10T21:13:29+00:00","og_image":[{"width":1000,"height":1500,"url":"https:\/\/www.bise.ch\/wp-content\/uploads\/mooon_loire_visuel2019_sebastien_erome.jpg","type":"image\/jpeg"}],"twitter_card":"summary_large_image","twitter_misc":{"Gesch\u00e4tzte Lesezeit":"1\u00a0Minute"},"schema":{"@context":"https:\/\/schema.org","@graph":[{"@type":"WebPage","@id":"https:\/\/www.bise.ch\/de\/produit\/mooon-134-cm\/","url":"https:\/\/www.bise.ch\/de\/produit\/mooon-134-cm\/","name":"Mooon 134 cm | M\u00f6bel Bise | M\u00f6belgesch\u00e4ft | M\u00f6bel | Freiburg | Bulle","isPartOf":{"@id":"https:\/\/www.bise.ch\/de\/#website"},"primaryImageOfPage":{"@id":"https:\/\/www.bise.ch\/de\/produit\/mooon-134-cm\/#primaryimage"},"image":{"@id":"https:\/\/www.bise.ch\/de\/produit\/mooon-134-cm\/#primaryimage"},"thumbnailUrl":"https:\/\/www.bise.ch\/wp-content\/uploads\/mooon_loire_visuel2019_sebastien_erome.jpg","datePublished":"2019-05-17T09:29:23+00:00","dateModified":"2024-09-10T21:13:29+00:00","breadcrumb":{"@id":"https:\/\/www.bise.ch\/de\/produit\/mooon-134-cm\/#breadcrumb"},"inLanguage":"de","potentialAction":[{"@type":"ReadAction","target":["https:\/\/www.bise.ch\/de\/produit\/mooon-134-cm\/"]}]},{"@type":"ImageObject","inLanguage":"de","@id":"https:\/\/www.bise.ch\/de\/produit\/mooon-134-cm\/#primaryimage","url":"https:\/\/www.bise.ch\/wp-content\/uploads\/mooon_loire_visuel2019_sebastien_erome.jpg","contentUrl":"https:\/\/www.bise.ch\/wp-content\/uploads\/mooon_loire_visuel2019_sebastien_erome.jpg","width":1000,"height":1500},{"@type":"BreadcrumbList","@id":"https:\/\/www.bise.ch\/de\/produit\/mooon-134-cm\/#breadcrumb","itemListElement":[{"@type":"ListItem","position":1,"name":"Startseite","item":"https:\/\/www.bise.ch\/de\/"},{"@type":"ListItem","position":2,"name":"Shop","item":"https:\/\/www.bise.ch\/de\/shop\/"},{"@type":"ListItem","position":3,"name":"Mooon 134 cm"}]},{"@type":"WebSite","@id":"https:\/\/www.bise.ch\/de\/#website","url":"https:\/\/www.bise.ch\/de\/","name":"Meubles Bise | Magasin de meubles | Mobilier | Fribourg | Bulle","description":"Wir erwecken Ihre Ra\u0308ume zum Leben","publisher":{"@id":"https:\/\/www.bise.ch\/de\/#organization"},"alternateName":"Georges Bise SA","potentialAction":[{"@type":"SearchAction","target":{"@type":"EntryPoint","urlTemplate":"https:\/\/www.bise.ch\/de\/?s={search_term_string}"},"query-input":{"@type":"PropertyValueSpecification","valueRequired":true,"valueName":"search_term_string"}}],"inLanguage":"de"},{"@type":"Organization","@id":"https:\/\/www.bise.ch\/de\/#organization","name":"M\u00f6bel Bise | M\u00f6belgesch\u00e4ft | M\u00f6bel | Freiburg | Bulle","alternateName":"Georges Bise SA","url":"https:\/\/www.bise.ch\/de\/","logo":{"@type":"ImageObject","inLanguage":"de","@id":"https:\/\/www.bise.ch\/de\/#\/schema\/logo\/image\/","url":"https:\/\/www.bise.ch\/wp-content\/uploads\/LogoBise.png","contentUrl":"https:\/\/www.bise.ch\/wp-content\/uploads\/LogoBise.png","width":4267,"height":4267,"caption":"M\u00f6bel Bise | M\u00f6belgesch\u00e4ft | M\u00f6bel | Freiburg | Bulle"},"image":{"@id":"https:\/\/www.bise.ch\/de\/#\/schema\/logo\/image\/"},"sameAs":["https:\/\/www.facebook.com\/bisemeubles\/","https:\/\/www.instagram.com\/bisemeubles\/","https:\/\/ch.linkedin.com\/company\/bise-meubles-moebel"]}]}},"_links":{"self":[{"href":"https:\/\/www.bise.ch\/de\/wp-json\/wp\/v2\/product\/55676","targetHints":{"allow":["GET"]}}],"collection":[{"href":"https:\/\/www.bise.ch\/de\/wp-json\/wp\/v2\/product"}],"about":[{"href":"https:\/\/www.bise.ch\/de\/wp-json\/wp\/v2\/types\/product"}],"wp:featuredmedia":[{"embeddable":true,"href":"https:\/\/www.bise.ch\/de\/wp-json\/wp\/v2\/media\/38257"}],"wp:attachment":[{"href":"https:\/\/www.bise.ch\/de\/wp-json\/wp\/v2\/media?parent=55676"}],"wp:term":[{"taxonomy":"product_brand","embeddable":true,"href":"https:\/\/www.bise.ch\/de\/wp-json\/wp\/v2\/product_brand?post=55676"},{"taxonomy":"product_cat","embeddable":true,"href":"https:\/\/www.bise.ch\/de\/wp-json\/wp\/v2\/product_cat?post=55676"},{"taxonomy":"product_tag","embeddable":true,"href":"https:\/\/www.bise.ch\/de\/wp-json\/wp\/v2\/product_tag?post=55676"}],"curies":[{"name":"wp","href":"https:\/\/api.w.org\/{rel}","templated":true}]}}