{"id":55682,"date":"2019-05-17T09:28:46","date_gmt":"2019-05-17T07:28:46","guid":{"rendered":"https:\/\/bise.ch\/produit\/ribambelle\/"},"modified":"2024-09-10T23:13:33","modified_gmt":"2024-09-10T21:13:33","slug":"ribambelle","status":"publish","type":"product","link":"https:\/\/www.bise.ch\/de\/produit\/ribambelle\/","title":{"rendered":"Ribambelle"},"content":{"rendered":"<p><strong>Ribambelle XL ist der flexibelste Tisch aus&nbsp;Metall&nbsp;auf dem Markt!<\/strong><br \/> Elegant f\u00fcr 6, 8, 10, 12 &#8230; und bis zu 14 Personen, k\u00f6nnte er seinem Namen nicht besser gerecht werden. Die L\u00e4nge kann von 149 cm auf 299 cm verl\u00e4ngert werden, weil es drei 50 cm breite Verl\u00e4ngerungen gibt, die sehr einfach zu bedienen sind. Die Querstreben und die Konstruktion mit einem Gleit- und Rollensystem verleihen ihm in jeder Konfiguration eine hohe Festigkeit. Dieser Gartentisch besteht vollst\u00e4ndig aus Aluminium und ist mit seinen breiten Beinen, dem dicken Gestell und der 3 mm d\u00fcnnen Tischplatte sehr stabil und widerstandsf\u00e4hig gegen \u00e4u\u00dfere Einfl\u00fcsse: ein \u00e4sthetischer Kontrast, der durch die Farbe noch verst\u00e4rkt wird.<br \/>  Und da die Verl\u00e4ngerungen den guten Geschmack haben, diskret zu sein und in einer Aufbewahrungsbox unter der Tischplatte untergebracht sind, sieht Ribambelle XL mit oder ohne Verl\u00e4ngerung immer gut aus. Sie k\u00f6nnen es beliebig erweitern, so dass Sie zu jeder Tageszeit G\u00e4ste hinzuf\u00fcgen k\u00f6nnen, und Sie werden von seinem modernen Design begeistert sein. Erh\u00e4ltlich mit 1 oder 2 Verl\u00e4ngerungen, in allen Farben der Fermob-Farbkarte.<\/p>\n<p><em>Gartentisch mit 2 Ausz\u00fcgen (149-234 x 100 x H 74 cm): CHF3&#8217;195.-<br \/> Gartentisch mit 3 Ausz\u00fcgen (149-299 x 100 x H 74 cm): CHF 3&#8217;760.-<\/em><\/p>\n","protected":false},"excerpt":{"rendered":"<p>Gartentisch XL<\/p>\n","protected":false},"featured_media":38181,"template":"","meta":{"_et_pb_use_builder":"","_et_pb_old_content":"","_et_gb_content_width":""},"product_brand":[4294],"product_cat":[3904],"product_tag":[],"class_list":{"0":"post-55682","1":"product","2":"type-product","3":"status-publish","4":"has-post-thumbnail","6":"product_brand-fermob_de","7":"product_cat-ausziehbare-tische-garten","8":"pa_designation_de-gartentisch-xl","9":"pa_designation_fr-gartentisch-xl","10":"pa_video_vimeo-https-vimeo-com-279408489","12":"first","13":"instock","14":"shipping-taxable","15":"purchasable","16":"product-type-simple"},"yoast_head":"<!-- This site is optimized with the Yoast SEO plugin v27.1.1 - https:\/\/yoast.com\/product\/yoast-seo-wordpress\/ -->\n<title>Ribambelle | M\u00f6bel Bise | M\u00f6belgesch\u00e4ft | M\u00f6bel | Freiburg | Bulle<\/title>\n<meta name=\"robots\" content=\"index, follow, max-snippet:-1, max-image-preview:large, max-video-preview:-1\" \/>\n<link rel=\"canonical\" href=\"https:\/\/www.bise.ch\/de\/produit\/ribambelle\/\" \/>\n<meta property=\"og:locale\" content=\"de_DE\" \/>\n<meta property=\"og:type\" content=\"article\" \/>\n<meta property=\"og:title\" content=\"Ribambelle | M\u00f6bel Bise | M\u00f6belgesch\u00e4ft | M\u00f6bel | Freiburg | Bulle\" \/>\n<meta property=\"og:description\" content=\"Gartentisch XL\" \/>\n<meta property=\"og:url\" content=\"https:\/\/www.bise.ch\/de\/produit\/ribambelle\/\" \/>\n<meta property=\"og:site_name\" content=\"M\u00f6bel Bise | M\u00f6belgesch\u00e4ft | M\u00f6bel | Freiburg | Bulle\" \/>\n<meta property=\"article:publisher\" content=\"https:\/\/www.facebook.com\/bisemeubles\/\" \/>\n<meta property=\"article:modified_time\" content=\"2024-09-10T21:13:33+00:00\" \/>\n<meta property=\"og:image\" content=\"https:\/\/www.bise.ch\/wp-content\/uploads\/cadiz_ribambelle_ocre_rougeocean_lovers_album2020_sebastien_erome_2-1024x683.jpg\" \/>\n\t<meta property=\"og:image:width\" content=\"1024\" \/>\n\t<meta property=\"og:image:height\" content=\"683\" \/>\n\t<meta property=\"og:image:type\" content=\"image\/jpeg\" \/>\n<meta name=\"twitter:card\" content=\"summary_large_image\" \/>\n<meta name=\"twitter:label1\" content=\"Gesch\u00e4tzte Lesezeit\" \/>\n\t<meta name=\"twitter:data1\" content=\"1\u00a0Minute\" \/>\n<script type=\"application\/ld+json\" class=\"yoast-schema-graph\">{\"@context\":\"https:\/\/schema.org\",\"@graph\":[{\"@type\":\"WebPage\",\"@id\":\"https:\/\/www.bise.ch\/de\/produit\/ribambelle\/\",\"url\":\"https:\/\/www.bise.ch\/de\/produit\/ribambelle\/\",\"name\":\"Ribambelle | M\u00f6bel Bise | M\u00f6belgesch\u00e4ft | M\u00f6bel | Freiburg | Bulle\",\"isPartOf\":{\"@id\":\"https:\/\/www.bise.ch\/de\/#website\"},\"primaryImageOfPage\":{\"@id\":\"https:\/\/www.bise.ch\/de\/produit\/ribambelle\/#primaryimage\"},\"image\":{\"@id\":\"https:\/\/www.bise.ch\/de\/produit\/ribambelle\/#primaryimage\"},\"thumbnailUrl\":\"https:\/\/www.bise.ch\/wp-content\/uploads\/cadiz_ribambelle_ocre_rougeocean_lovers_album2020_sebastien_erome_2.jpg\",\"datePublished\":\"2019-05-17T07:28:46+00:00\",\"dateModified\":\"2024-09-10T21:13:33+00:00\",\"breadcrumb\":{\"@id\":\"https:\/\/www.bise.ch\/de\/produit\/ribambelle\/#breadcrumb\"},\"inLanguage\":\"de\",\"potentialAction\":[{\"@type\":\"ReadAction\",\"target\":[\"https:\/\/www.bise.ch\/de\/produit\/ribambelle\/\"]}]},{\"@type\":\"ImageObject\",\"inLanguage\":\"de\",\"@id\":\"https:\/\/www.bise.ch\/de\/produit\/ribambelle\/#primaryimage\",\"url\":\"https:\/\/www.bise.ch\/wp-content\/uploads\/cadiz_ribambelle_ocre_rougeocean_lovers_album2020_sebastien_erome_2.jpg\",\"contentUrl\":\"https:\/\/www.bise.ch\/wp-content\/uploads\/cadiz_ribambelle_ocre_rougeocean_lovers_album2020_sebastien_erome_2.jpg\",\"width\":1981,\"height\":1321},{\"@type\":\"BreadcrumbList\",\"@id\":\"https:\/\/www.bise.ch\/de\/produit\/ribambelle\/#breadcrumb\",\"itemListElement\":[{\"@type\":\"ListItem\",\"position\":1,\"name\":\"Startseite\",\"item\":\"https:\/\/www.bise.ch\/de\/\"},{\"@type\":\"ListItem\",\"position\":2,\"name\":\"Shop\",\"item\":\"https:\/\/www.bise.ch\/de\/shop\/\"},{\"@type\":\"ListItem\",\"position\":3,\"name\":\"Ribambelle\"}]},{\"@type\":\"WebSite\",\"@id\":\"https:\/\/www.bise.ch\/de\/#website\",\"url\":\"https:\/\/www.bise.ch\/de\/\",\"name\":\"Meubles Bise | Magasin de meubles | Mobilier | Fribourg | Bulle\",\"description\":\"Wir erwecken Ihre Ra\u0308ume zum Leben\",\"publisher\":{\"@id\":\"https:\/\/www.bise.ch\/de\/#organization\"},\"alternateName\":\"Georges Bise SA\",\"potentialAction\":[{\"@type\":\"SearchAction\",\"target\":{\"@type\":\"EntryPoint\",\"urlTemplate\":\"https:\/\/www.bise.ch\/de\/?s={search_term_string}\"},\"query-input\":{\"@type\":\"PropertyValueSpecification\",\"valueRequired\":true,\"valueName\":\"search_term_string\"}}],\"inLanguage\":\"de\"},{\"@type\":\"Organization\",\"@id\":\"https:\/\/www.bise.ch\/de\/#organization\",\"name\":\"M\u00f6bel Bise | M\u00f6belgesch\u00e4ft | M\u00f6bel | Freiburg | Bulle\",\"alternateName\":\"Georges Bise SA\",\"url\":\"https:\/\/www.bise.ch\/de\/\",\"logo\":{\"@type\":\"ImageObject\",\"inLanguage\":\"de\",\"@id\":\"https:\/\/www.bise.ch\/de\/#\/schema\/logo\/image\/\",\"url\":\"https:\/\/www.bise.ch\/wp-content\/uploads\/LogoBise.png\",\"contentUrl\":\"https:\/\/www.bise.ch\/wp-content\/uploads\/LogoBise.png\",\"width\":4267,\"height\":4267,\"caption\":\"M\u00f6bel Bise | M\u00f6belgesch\u00e4ft | M\u00f6bel | Freiburg | Bulle\"},\"image\":{\"@id\":\"https:\/\/www.bise.ch\/de\/#\/schema\/logo\/image\/\"},\"sameAs\":[\"https:\/\/www.facebook.com\/bisemeubles\/\",\"https:\/\/www.instagram.com\/bisemeubles\/\",\"https:\/\/ch.linkedin.com\/company\/bise-meubles-moebel\"]}]}<\/script>\n<!-- \/ Yoast SEO plugin. -->","yoast_head_json":{"title":"Ribambelle | M\u00f6bel Bise | M\u00f6belgesch\u00e4ft | M\u00f6bel | Freiburg | Bulle","robots":{"index":"index","follow":"follow","max-snippet":"max-snippet:-1","max-image-preview":"max-image-preview:large","max-video-preview":"max-video-preview:-1"},"canonical":"https:\/\/www.bise.ch\/de\/produit\/ribambelle\/","og_locale":"de_DE","og_type":"article","og_title":"Ribambelle | M\u00f6bel Bise | M\u00f6belgesch\u00e4ft | M\u00f6bel | Freiburg | Bulle","og_description":"Gartentisch XL","og_url":"https:\/\/www.bise.ch\/de\/produit\/ribambelle\/","og_site_name":"M\u00f6bel Bise | M\u00f6belgesch\u00e4ft | M\u00f6bel | Freiburg | Bulle","article_publisher":"https:\/\/www.facebook.com\/bisemeubles\/","article_modified_time":"2024-09-10T21:13:33+00:00","og_image":[{"width":1024,"height":683,"url":"https:\/\/www.bise.ch\/wp-content\/uploads\/cadiz_ribambelle_ocre_rougeocean_lovers_album2020_sebastien_erome_2-1024x683.jpg","type":"image\/jpeg"}],"twitter_card":"summary_large_image","twitter_misc":{"Gesch\u00e4tzte Lesezeit":"1\u00a0Minute"},"schema":{"@context":"https:\/\/schema.org","@graph":[{"@type":"WebPage","@id":"https:\/\/www.bise.ch\/de\/produit\/ribambelle\/","url":"https:\/\/www.bise.ch\/de\/produit\/ribambelle\/","name":"Ribambelle | M\u00f6bel Bise | M\u00f6belgesch\u00e4ft | M\u00f6bel | Freiburg | Bulle","isPartOf":{"@id":"https:\/\/www.bise.ch\/de\/#website"},"primaryImageOfPage":{"@id":"https:\/\/www.bise.ch\/de\/produit\/ribambelle\/#primaryimage"},"image":{"@id":"https:\/\/www.bise.ch\/de\/produit\/ribambelle\/#primaryimage"},"thumbnailUrl":"https:\/\/www.bise.ch\/wp-content\/uploads\/cadiz_ribambelle_ocre_rougeocean_lovers_album2020_sebastien_erome_2.jpg","datePublished":"2019-05-17T07:28:46+00:00","dateModified":"2024-09-10T21:13:33+00:00","breadcrumb":{"@id":"https:\/\/www.bise.ch\/de\/produit\/ribambelle\/#breadcrumb"},"inLanguage":"de","potentialAction":[{"@type":"ReadAction","target":["https:\/\/www.bise.ch\/de\/produit\/ribambelle\/"]}]},{"@type":"ImageObject","inLanguage":"de","@id":"https:\/\/www.bise.ch\/de\/produit\/ribambelle\/#primaryimage","url":"https:\/\/www.bise.ch\/wp-content\/uploads\/cadiz_ribambelle_ocre_rougeocean_lovers_album2020_sebastien_erome_2.jpg","contentUrl":"https:\/\/www.bise.ch\/wp-content\/uploads\/cadiz_ribambelle_ocre_rougeocean_lovers_album2020_sebastien_erome_2.jpg","width":1981,"height":1321},{"@type":"BreadcrumbList","@id":"https:\/\/www.bise.ch\/de\/produit\/ribambelle\/#breadcrumb","itemListElement":[{"@type":"ListItem","position":1,"name":"Startseite","item":"https:\/\/www.bise.ch\/de\/"},{"@type":"ListItem","position":2,"name":"Shop","item":"https:\/\/www.bise.ch\/de\/shop\/"},{"@type":"ListItem","position":3,"name":"Ribambelle"}]},{"@type":"WebSite","@id":"https:\/\/www.bise.ch\/de\/#website","url":"https:\/\/www.bise.ch\/de\/","name":"Meubles Bise | Magasin de meubles | Mobilier | Fribourg | Bulle","description":"Wir erwecken Ihre Ra\u0308ume zum Leben","publisher":{"@id":"https:\/\/www.bise.ch\/de\/#organization"},"alternateName":"Georges Bise SA","potentialAction":[{"@type":"SearchAction","target":{"@type":"EntryPoint","urlTemplate":"https:\/\/www.bise.ch\/de\/?s={search_term_string}"},"query-input":{"@type":"PropertyValueSpecification","valueRequired":true,"valueName":"search_term_string"}}],"inLanguage":"de"},{"@type":"Organization","@id":"https:\/\/www.bise.ch\/de\/#organization","name":"M\u00f6bel Bise | M\u00f6belgesch\u00e4ft | M\u00f6bel | Freiburg | Bulle","alternateName":"Georges Bise SA","url":"https:\/\/www.bise.ch\/de\/","logo":{"@type":"ImageObject","inLanguage":"de","@id":"https:\/\/www.bise.ch\/de\/#\/schema\/logo\/image\/","url":"https:\/\/www.bise.ch\/wp-content\/uploads\/LogoBise.png","contentUrl":"https:\/\/www.bise.ch\/wp-content\/uploads\/LogoBise.png","width":4267,"height":4267,"caption":"M\u00f6bel Bise | M\u00f6belgesch\u00e4ft | M\u00f6bel | Freiburg | Bulle"},"image":{"@id":"https:\/\/www.bise.ch\/de\/#\/schema\/logo\/image\/"},"sameAs":["https:\/\/www.facebook.com\/bisemeubles\/","https:\/\/www.instagram.com\/bisemeubles\/","https:\/\/ch.linkedin.com\/company\/bise-meubles-moebel"]}]}},"_links":{"self":[{"href":"https:\/\/www.bise.ch\/de\/wp-json\/wp\/v2\/product\/55682","targetHints":{"allow":["GET"]}}],"collection":[{"href":"https:\/\/www.bise.ch\/de\/wp-json\/wp\/v2\/product"}],"about":[{"href":"https:\/\/www.bise.ch\/de\/wp-json\/wp\/v2\/types\/product"}],"wp:featuredmedia":[{"embeddable":true,"href":"https:\/\/www.bise.ch\/de\/wp-json\/wp\/v2\/media\/38181"}],"wp:attachment":[{"href":"https:\/\/www.bise.ch\/de\/wp-json\/wp\/v2\/media?parent=55682"}],"wp:term":[{"taxonomy":"product_brand","embeddable":true,"href":"https:\/\/www.bise.ch\/de\/wp-json\/wp\/v2\/product_brand?post=55682"},{"taxonomy":"product_cat","embeddable":true,"href":"https:\/\/www.bise.ch\/de\/wp-json\/wp\/v2\/product_cat?post=55682"},{"taxonomy":"product_tag","embeddable":true,"href":"https:\/\/www.bise.ch\/de\/wp-json\/wp\/v2\/product_tag?post=55682"}],"curies":[{"name":"wp","href":"https:\/\/api.w.org\/{rel}","templated":true}]}}