{"id":55798,"date":"2022-09-13T14:45:10","date_gmt":"2022-09-13T12:45:10","guid":{"rendered":"https:\/\/bise.ch\/produit\/axia-2-0\/"},"modified":"2022-09-13T14:45:10","modified_gmt":"2022-09-13T12:45:10","slug":"axia-2-0","status":"publish","type":"product","link":"https:\/\/www.bise.ch\/de\/produit\/axia-2-0\/","title":{"rendered":"Axia 2.0"},"content":{"rendered":"<p>Ergonomische B\u00fcrost\u00fchle Axia 2.0<\/p>\n<p>Die Menschen sind alle unterschiedlich. Die Geschm\u00e4cker sind verschieden&nbsp;! Dar\u00fcber hinaus gibt es flexible und feste Arbeitspl\u00e4tze. Aus diesem Grund umfasst die Serie der ergonomischen B\u00fcrost\u00fchle Axia&nbsp;2.0 nicht weniger als f\u00fcnf verschiedene Modelle. Die Sitze variieren in Form und H\u00f6he der R\u00fcckenlehne und sind in unz\u00e4hligen Ausf\u00fchrungen, Stoffen und Farben erh\u00e4ltlich. Alle Modelle erf\u00fcllen die Normen NPR-1813 und EN-1335 in Bezug auf Gr\u00f6\u00dfe und Einstellung.<\/p>\n<p>Ein ergonomischer B\u00fcrostuhl Axia&nbsp;2.0 bringt direkte Vorteile mit sich. Ihre Mitarbeiter f\u00fchlen sich besser und werden seltener krank. Wenn Ihre Mitarbeiter nach einem langen Tag, an dem sie haupts\u00e4chlich sitzende T\u00e4tigkeiten verrichten, fit nach Hause kommen, k\u00f6nnen Sie sicher sein, dass ein ergonomischer B\u00fcrostuhl R\u00fccken, Nacken, Becken und Arme angemessen unterst\u00fctzt.<\/p>\n<p>Es ist auch wichtig, dass der Sitz richtig eingestellt ist. Nur eine korrekte Einstellung gew\u00e4hrleistet eine optimale Unterst\u00fctzung der Wirbels\u00e4ule. Die ergonomischen B\u00fcrost\u00fchle Axia&nbsp;2.0 sind dank der eleganten Griffe einfach zu verstellen. Die intuitive Bedienung macht eine falsche Einstellung nahezu unm\u00f6glich! Dies gilt f\u00fcr die H\u00f6he, die Tiefe, den Sitzwinkel und den Winkel der R\u00fcckenlehne.<\/p>\n<p>Das modulare Konzept des Axia 2.0 bietet f\u00fcr jeden Mitarbeiter eine passende L\u00f6sung, auch bei speziellen Anforderungen. BMA Ergonomics f\u00fchrt diese Ma\u00dfanpassungen diskret und kosteng\u00fcnstig aus und stellt so den B\u00fcrostuhl zusammen, der f\u00fcr alle passt. Kurzum, ein ma\u00dfgeschneiderter Stuhl, der mit Ihren anderen B\u00fcrost\u00fchlen harmoniert.<\/p>\n<p>Die ergonomische B\u00fcrostuhlserie Axia 2.0 wurde 2014 mit drei prestigetr\u00e4chtigen internationalen Preisen ausgezeichnet, dem IF-Award, dem Red Dot Design Award und dem Fira Ergonomics Excellence Award.<\/p>\n","protected":false},"excerpt":{"rendered":"<p>B\u00fcrostuhl<\/p>\n","protected":false},"featured_media":52902,"template":"","meta":{"_et_pb_use_builder":"","_et_pb_old_content":"","_et_gb_content_width":""},"product_brand":[4276],"product_cat":[349],"product_tag":[],"class_list":{"0":"post-55798","1":"product","2":"type-product","3":"status-publish","4":"has-post-thumbnail","6":"product_brand-bma_de","7":"product_cat-burostuhle","8":"pa_designation_de-burostuhl-de","9":"pa_designation_fr-burostuhl","11":"first","12":"instock","13":"shipping-taxable","14":"purchasable","15":"product-type-simple"},"yoast_head":"<!-- This site is optimized with the Yoast SEO plugin v27.1.1 - https:\/\/yoast.com\/product\/yoast-seo-wordpress\/ -->\n<title>Axia 2.0 | M\u00f6bel Bise | M\u00f6belgesch\u00e4ft | M\u00f6bel | Freiburg | Bulle<\/title>\n<meta name=\"robots\" content=\"index, follow, max-snippet:-1, max-image-preview:large, max-video-preview:-1\" \/>\n<link rel=\"canonical\" href=\"https:\/\/www.bise.ch\/de\/produit\/axia-2-0\/\" \/>\n<meta property=\"og:locale\" content=\"de_DE\" \/>\n<meta property=\"og:type\" content=\"article\" \/>\n<meta property=\"og:title\" content=\"Axia 2.0 | M\u00f6bel Bise | M\u00f6belgesch\u00e4ft | M\u00f6bel | Freiburg | Bulle\" \/>\n<meta property=\"og:description\" content=\"B\u00fcrostuhl\" \/>\n<meta property=\"og:url\" content=\"https:\/\/www.bise.ch\/de\/produit\/axia-2-0\/\" \/>\n<meta property=\"og:site_name\" content=\"M\u00f6bel Bise | M\u00f6belgesch\u00e4ft | M\u00f6bel | Freiburg | Bulle\" \/>\n<meta property=\"article:publisher\" content=\"https:\/\/www.facebook.com\/bisemeubles\/\" \/>\n<meta property=\"og:image\" content=\"https:\/\/www.bise.ch\/wp-content\/uploads\/bma-axia-plus-2-4-chair-p527-9762_image-jpg.webp\" \/>\n\t<meta property=\"og:image:width\" content=\"1000\" \/>\n\t<meta property=\"og:image:height\" content=\"1000\" \/>\n\t<meta property=\"og:image:type\" content=\"image\/jpeg\" \/>\n<meta name=\"twitter:card\" content=\"summary_large_image\" \/>\n<meta name=\"twitter:label1\" content=\"Gesch\u00e4tzte Lesezeit\" \/>\n\t<meta name=\"twitter:data1\" content=\"1\u00a0Minute\" \/>\n<script type=\"application\/ld+json\" class=\"yoast-schema-graph\">{\"@context\":\"https:\/\/schema.org\",\"@graph\":[{\"@type\":\"WebPage\",\"@id\":\"https:\/\/www.bise.ch\/de\/produit\/axia-2-0\/\",\"url\":\"https:\/\/www.bise.ch\/de\/produit\/axia-2-0\/\",\"name\":\"Axia 2.0 | M\u00f6bel Bise | M\u00f6belgesch\u00e4ft | M\u00f6bel | Freiburg | Bulle\",\"isPartOf\":{\"@id\":\"https:\/\/www.bise.ch\/de\/#website\"},\"primaryImageOfPage\":{\"@id\":\"https:\/\/www.bise.ch\/de\/produit\/axia-2-0\/#primaryimage\"},\"image\":{\"@id\":\"https:\/\/www.bise.ch\/de\/produit\/axia-2-0\/#primaryimage\"},\"thumbnailUrl\":\"https:\/\/www.bise.ch\/wp-content\/uploads\/bma-axia-plus-2-4-chair-p527-9762_image-jpg.webp\",\"datePublished\":\"2022-09-13T12:45:10+00:00\",\"breadcrumb\":{\"@id\":\"https:\/\/www.bise.ch\/de\/produit\/axia-2-0\/#breadcrumb\"},\"inLanguage\":\"de\",\"potentialAction\":[{\"@type\":\"ReadAction\",\"target\":[\"https:\/\/www.bise.ch\/de\/produit\/axia-2-0\/\"]}]},{\"@type\":\"ImageObject\",\"inLanguage\":\"de\",\"@id\":\"https:\/\/www.bise.ch\/de\/produit\/axia-2-0\/#primaryimage\",\"url\":\"https:\/\/www.bise.ch\/wp-content\/uploads\/bma-axia-plus-2-4-chair-p527-9762_image-jpg.webp\",\"contentUrl\":\"https:\/\/www.bise.ch\/wp-content\/uploads\/bma-axia-plus-2-4-chair-p527-9762_image-jpg.webp\",\"width\":1000,\"height\":1000,\"caption\":\"bma-axia-plus-2-4-chair-p527-9762_image\"},{\"@type\":\"BreadcrumbList\",\"@id\":\"https:\/\/www.bise.ch\/de\/produit\/axia-2-0\/#breadcrumb\",\"itemListElement\":[{\"@type\":\"ListItem\",\"position\":1,\"name\":\"Startseite\",\"item\":\"https:\/\/www.bise.ch\/de\/\"},{\"@type\":\"ListItem\",\"position\":2,\"name\":\"Shop\",\"item\":\"https:\/\/www.bise.ch\/de\/shop\/\"},{\"@type\":\"ListItem\",\"position\":3,\"name\":\"Axia 2.0\"}]},{\"@type\":\"WebSite\",\"@id\":\"https:\/\/www.bise.ch\/de\/#website\",\"url\":\"https:\/\/www.bise.ch\/de\/\",\"name\":\"Meubles Bise | Magasin de meubles | Mobilier | Fribourg | Bulle\",\"description\":\"Wir erwecken Ihre Ra\u0308ume zum Leben\",\"publisher\":{\"@id\":\"https:\/\/www.bise.ch\/de\/#organization\"},\"alternateName\":\"Georges Bise SA\",\"potentialAction\":[{\"@type\":\"SearchAction\",\"target\":{\"@type\":\"EntryPoint\",\"urlTemplate\":\"https:\/\/www.bise.ch\/de\/?s={search_term_string}\"},\"query-input\":{\"@type\":\"PropertyValueSpecification\",\"valueRequired\":true,\"valueName\":\"search_term_string\"}}],\"inLanguage\":\"de\"},{\"@type\":\"Organization\",\"@id\":\"https:\/\/www.bise.ch\/de\/#organization\",\"name\":\"M\u00f6bel Bise | M\u00f6belgesch\u00e4ft | M\u00f6bel | Freiburg | Bulle\",\"alternateName\":\"Georges Bise SA\",\"url\":\"https:\/\/www.bise.ch\/de\/\",\"logo\":{\"@type\":\"ImageObject\",\"inLanguage\":\"de\",\"@id\":\"https:\/\/www.bise.ch\/de\/#\/schema\/logo\/image\/\",\"url\":\"https:\/\/www.bise.ch\/wp-content\/uploads\/LogoBise.png\",\"contentUrl\":\"https:\/\/www.bise.ch\/wp-content\/uploads\/LogoBise.png\",\"width\":4267,\"height\":4267,\"caption\":\"M\u00f6bel Bise | M\u00f6belgesch\u00e4ft | M\u00f6bel | Freiburg | Bulle\"},\"image\":{\"@id\":\"https:\/\/www.bise.ch\/de\/#\/schema\/logo\/image\/\"},\"sameAs\":[\"https:\/\/www.facebook.com\/bisemeubles\/\",\"https:\/\/www.instagram.com\/bisemeubles\/\",\"https:\/\/ch.linkedin.com\/company\/bise-meubles-moebel\"]}]}<\/script>\n<!-- \/ Yoast SEO plugin. -->","yoast_head_json":{"title":"Axia 2.0 | M\u00f6bel Bise | M\u00f6belgesch\u00e4ft | M\u00f6bel | Freiburg | Bulle","robots":{"index":"index","follow":"follow","max-snippet":"max-snippet:-1","max-image-preview":"max-image-preview:large","max-video-preview":"max-video-preview:-1"},"canonical":"https:\/\/www.bise.ch\/de\/produit\/axia-2-0\/","og_locale":"de_DE","og_type":"article","og_title":"Axia 2.0 | M\u00f6bel Bise | M\u00f6belgesch\u00e4ft | M\u00f6bel | Freiburg | Bulle","og_description":"B\u00fcrostuhl","og_url":"https:\/\/www.bise.ch\/de\/produit\/axia-2-0\/","og_site_name":"M\u00f6bel Bise | M\u00f6belgesch\u00e4ft | M\u00f6bel | Freiburg | Bulle","article_publisher":"https:\/\/www.facebook.com\/bisemeubles\/","og_image":[{"width":1000,"height":1000,"url":"https:\/\/www.bise.ch\/wp-content\/uploads\/bma-axia-plus-2-4-chair-p527-9762_image-jpg.webp","type":"image\/jpeg"}],"twitter_card":"summary_large_image","twitter_misc":{"Gesch\u00e4tzte Lesezeit":"1\u00a0Minute"},"schema":{"@context":"https:\/\/schema.org","@graph":[{"@type":"WebPage","@id":"https:\/\/www.bise.ch\/de\/produit\/axia-2-0\/","url":"https:\/\/www.bise.ch\/de\/produit\/axia-2-0\/","name":"Axia 2.0 | M\u00f6bel Bise | M\u00f6belgesch\u00e4ft | M\u00f6bel | Freiburg | Bulle","isPartOf":{"@id":"https:\/\/www.bise.ch\/de\/#website"},"primaryImageOfPage":{"@id":"https:\/\/www.bise.ch\/de\/produit\/axia-2-0\/#primaryimage"},"image":{"@id":"https:\/\/www.bise.ch\/de\/produit\/axia-2-0\/#primaryimage"},"thumbnailUrl":"https:\/\/www.bise.ch\/wp-content\/uploads\/bma-axia-plus-2-4-chair-p527-9762_image-jpg.webp","datePublished":"2022-09-13T12:45:10+00:00","breadcrumb":{"@id":"https:\/\/www.bise.ch\/de\/produit\/axia-2-0\/#breadcrumb"},"inLanguage":"de","potentialAction":[{"@type":"ReadAction","target":["https:\/\/www.bise.ch\/de\/produit\/axia-2-0\/"]}]},{"@type":"ImageObject","inLanguage":"de","@id":"https:\/\/www.bise.ch\/de\/produit\/axia-2-0\/#primaryimage","url":"https:\/\/www.bise.ch\/wp-content\/uploads\/bma-axia-plus-2-4-chair-p527-9762_image-jpg.webp","contentUrl":"https:\/\/www.bise.ch\/wp-content\/uploads\/bma-axia-plus-2-4-chair-p527-9762_image-jpg.webp","width":1000,"height":1000,"caption":"bma-axia-plus-2-4-chair-p527-9762_image"},{"@type":"BreadcrumbList","@id":"https:\/\/www.bise.ch\/de\/produit\/axia-2-0\/#breadcrumb","itemListElement":[{"@type":"ListItem","position":1,"name":"Startseite","item":"https:\/\/www.bise.ch\/de\/"},{"@type":"ListItem","position":2,"name":"Shop","item":"https:\/\/www.bise.ch\/de\/shop\/"},{"@type":"ListItem","position":3,"name":"Axia 2.0"}]},{"@type":"WebSite","@id":"https:\/\/www.bise.ch\/de\/#website","url":"https:\/\/www.bise.ch\/de\/","name":"Meubles Bise | Magasin de meubles | Mobilier | Fribourg | Bulle","description":"Wir erwecken Ihre Ra\u0308ume zum Leben","publisher":{"@id":"https:\/\/www.bise.ch\/de\/#organization"},"alternateName":"Georges Bise SA","potentialAction":[{"@type":"SearchAction","target":{"@type":"EntryPoint","urlTemplate":"https:\/\/www.bise.ch\/de\/?s={search_term_string}"},"query-input":{"@type":"PropertyValueSpecification","valueRequired":true,"valueName":"search_term_string"}}],"inLanguage":"de"},{"@type":"Organization","@id":"https:\/\/www.bise.ch\/de\/#organization","name":"M\u00f6bel Bise | M\u00f6belgesch\u00e4ft | M\u00f6bel | Freiburg | Bulle","alternateName":"Georges Bise SA","url":"https:\/\/www.bise.ch\/de\/","logo":{"@type":"ImageObject","inLanguage":"de","@id":"https:\/\/www.bise.ch\/de\/#\/schema\/logo\/image\/","url":"https:\/\/www.bise.ch\/wp-content\/uploads\/LogoBise.png","contentUrl":"https:\/\/www.bise.ch\/wp-content\/uploads\/LogoBise.png","width":4267,"height":4267,"caption":"M\u00f6bel Bise | M\u00f6belgesch\u00e4ft | M\u00f6bel | Freiburg | Bulle"},"image":{"@id":"https:\/\/www.bise.ch\/de\/#\/schema\/logo\/image\/"},"sameAs":["https:\/\/www.facebook.com\/bisemeubles\/","https:\/\/www.instagram.com\/bisemeubles\/","https:\/\/ch.linkedin.com\/company\/bise-meubles-moebel"]}]}},"_links":{"self":[{"href":"https:\/\/www.bise.ch\/de\/wp-json\/wp\/v2\/product\/55798","targetHints":{"allow":["GET"]}}],"collection":[{"href":"https:\/\/www.bise.ch\/de\/wp-json\/wp\/v2\/product"}],"about":[{"href":"https:\/\/www.bise.ch\/de\/wp-json\/wp\/v2\/types\/product"}],"wp:featuredmedia":[{"embeddable":true,"href":"https:\/\/www.bise.ch\/de\/wp-json\/wp\/v2\/media\/52902"}],"wp:attachment":[{"href":"https:\/\/www.bise.ch\/de\/wp-json\/wp\/v2\/media?parent=55798"}],"wp:term":[{"taxonomy":"product_brand","embeddable":true,"href":"https:\/\/www.bise.ch\/de\/wp-json\/wp\/v2\/product_brand?post=55798"},{"taxonomy":"product_cat","embeddable":true,"href":"https:\/\/www.bise.ch\/de\/wp-json\/wp\/v2\/product_cat?post=55798"},{"taxonomy":"product_tag","embeddable":true,"href":"https:\/\/www.bise.ch\/de\/wp-json\/wp\/v2\/product_tag?post=55798"}],"curies":[{"name":"wp","href":"https:\/\/api.w.org\/{rel}","templated":true}]}}