{"id":55872,"date":"2019-04-30T16:33:11","date_gmt":"2019-04-30T14:33:11","guid":{"rendered":"https:\/\/bise.ch\/produit\/fontana\/"},"modified":"2019-04-30T16:33:11","modified_gmt":"2019-04-30T14:33:11","slug":"fontana","status":"publish","type":"product","link":"https:\/\/www.bise.ch\/de\/produit\/fontana\/","title":{"rendered":"Fontana"},"content":{"rendered":"<p><strong>Design Georg Appeltshauser, Gino Carollo 2014<\/strong><br \/>\nEine neue Generation von ausziehbaren Tischen. Fontana von Draenert kombiniert den einzigartigen Charakter von Naturstein mit der Erfahrung eines innovativen Synchronmechanismus. Er l\u00e4sst sich m\u00fchelos und scheinbar wie von Zauberhand zu einem Banketttisch ausklappen. Typisch Draenert &#8211; die ausdrucksstarke, trapezf\u00f6rmige Tischplatte verleiht dem Tisch den letzten Schliff. Der Fontana-Tisch hat vier Preise gewonnen! Die Kollektion wird durch eine feststehende Version erg\u00e4nzt.<\/p>\n<p><strong>Einzigartig von der Natur geschaffen<\/strong><br \/>\nDie Menschheit nutzt die Erde seit langem als Rohstoffreservoir, um das Leben und \u00dcberleben zu sichern. Naturstein ist heutzutage ein allgegenw\u00e4rtiges Material. Wir begegnen \u00fcberall den exotischsten Naturph\u00e4nomenen, oft ohne zu wissen, woher sie kommen, unter welchen Bedingungen sie entstanden sind und welche Umst\u00e4nde die einzigartige Zeichnung und F\u00e4rbung des Steins hervorgerufen haben.<\/p>\n<p><strong>Meisterhafte Produktion mit gro\u00dfem Wissen<\/strong><br \/>\nDraenert verarbeitet seit \u00fcber 40 Jahren Naturstein f\u00fcr seine Designm\u00f6bel und hat sich dabei ein gro\u00dfes Wissen und handwerkliche Perfektion angeeignet. Die leidenschaftliche Begeisterung f\u00fcr dieses geeignete Material begann mit den regionalen Steinvorkommen in Schwaben. Nach und nach wurden die europ\u00e4ische Alpenregion, Spanien, Osteuropa und Russland entdeckt. Heute bezieht Draenert Natursteine aus der ganzen Welt.<\/p>\n<p><strong>W\u00e4hlen Sie Ihren individuellen Naturstein<\/strong><br \/>\nDie Natursteinsammlung von Draenert im Steinpark ist sehr beeindruckend. Sie haben die M\u00f6glichkeit, Ihren gew\u00fcnschten Stein aus einem breiten Sortiment auszuw\u00e4hlen. Mit \u00fcber 200 Sorten in 7 Farben, von sattem Schwarz und edlem Grau \u00fcber reines Wei\u00df bis hin zu strahlendem Blau und Dunkelgr\u00fcn bis hin zu Sandgelb und schweren, erdigen Rott\u00f6nen, bietet diese gepflegte und st\u00e4ndig wachsende Natursteinsammlung die Einzigartigkeit der Erde, Rarit\u00e4ten aus den entlegensten Gebieten zwischen dem Nordkap und S\u00fcdafrika. Die Vielfalt ist \u00fcberw\u00e4ltigend. Sie finden Basalte und Gneise aus Angola und Arabien, Tiefengesteine wie Quarze und Granite aus Alaska, Brasilien und Indien, Sediment- und Weichgesteine wie Marmor, Travertin und Kalkstein aus Persien und Italien. Die Steinplatten variieren nicht nur in ihrem Material, sondern auch in ihrem Block, was bedeutet, dass keine Platte der anderen gleicht.<\/p>\n<p>Bevor Sie Ihre defensive Wahl treffen, laden wir Sie&nbsp;ein, den Steinpark der Firma Draenert am&nbsp;Bodensee zu besuchen.<\/p>\n","protected":false},"excerpt":{"rendered":"<p>Tisch<\/p>\n","protected":false},"featured_media":37901,"template":"","meta":{"_et_pb_use_builder":"","_et_pb_old_content":"","_et_gb_content_width":""},"product_brand":[4288],"product_cat":[335],"product_tag":[],"class_list":{"0":"post-55872","1":"product","2":"type-product","3":"status-publish","4":"has-post-thumbnail","6":"product_brand-draenert_de","7":"product_cat-esstische","8":"pa_designation_de-tisch-de","9":"pa_designation_fr-tisch","11":"first","12":"instock","13":"shipping-taxable","14":"purchasable","15":"product-type-simple"},"yoast_head":"<!-- This site is optimized with the Yoast SEO plugin v27.1.1 - https:\/\/yoast.com\/product\/yoast-seo-wordpress\/ -->\n<title>Fontana | M\u00f6bel Bise | M\u00f6belgesch\u00e4ft | M\u00f6bel | Freiburg | Bulle<\/title>\n<meta name=\"robots\" content=\"index, follow, max-snippet:-1, max-image-preview:large, max-video-preview:-1\" \/>\n<link rel=\"canonical\" href=\"https:\/\/www.bise.ch\/de\/produit\/fontana\/\" \/>\n<meta property=\"og:locale\" content=\"de_DE\" \/>\n<meta property=\"og:type\" content=\"article\" \/>\n<meta property=\"og:title\" content=\"Fontana | M\u00f6bel Bise | M\u00f6belgesch\u00e4ft | M\u00f6bel | Freiburg | Bulle\" \/>\n<meta property=\"og:description\" content=\"Tisch\" \/>\n<meta property=\"og:url\" content=\"https:\/\/www.bise.ch\/de\/produit\/fontana\/\" \/>\n<meta property=\"og:site_name\" content=\"M\u00f6bel Bise | M\u00f6belgesch\u00e4ft | M\u00f6bel | Freiburg | Bulle\" \/>\n<meta property=\"article:publisher\" content=\"https:\/\/www.facebook.com\/bisemeubles\/\" \/>\n<meta property=\"og:image\" content=\"https:\/\/www.bise.ch\/wp-content\/uploads\/1460_0_s30_fontana_belvedere_so3_gruppe_deko_2056dexter_nubuk-28062b2fb054ee457abae1ee9f665cca.png\" \/>\n\t<meta property=\"og:image:width\" content=\"1920\" \/>\n\t<meta property=\"og:image:height\" content=\"1080\" \/>\n\t<meta property=\"og:image:type\" content=\"image\/png\" \/>\n<meta name=\"twitter:card\" content=\"summary_large_image\" \/>\n<meta name=\"twitter:label1\" content=\"Gesch\u00e4tzte Lesezeit\" \/>\n\t<meta name=\"twitter:data1\" content=\"2\u00a0Minuten\" \/>\n<script type=\"application\/ld+json\" class=\"yoast-schema-graph\">{\"@context\":\"https:\/\/schema.org\",\"@graph\":[{\"@type\":\"WebPage\",\"@id\":\"https:\/\/www.bise.ch\/de\/produit\/fontana\/\",\"url\":\"https:\/\/www.bise.ch\/de\/produit\/fontana\/\",\"name\":\"Fontana | M\u00f6bel Bise | M\u00f6belgesch\u00e4ft | M\u00f6bel | Freiburg | Bulle\",\"isPartOf\":{\"@id\":\"https:\/\/www.bise.ch\/de\/#website\"},\"primaryImageOfPage\":{\"@id\":\"https:\/\/www.bise.ch\/de\/produit\/fontana\/#primaryimage\"},\"image\":{\"@id\":\"https:\/\/www.bise.ch\/de\/produit\/fontana\/#primaryimage\"},\"thumbnailUrl\":\"https:\/\/www.bise.ch\/wp-content\/uploads\/1460_0_s30_fontana_belvedere_so3_gruppe_deko_2056dexter_nubuk-28062b2fb054ee457abae1ee9f665cca.png\",\"datePublished\":\"2019-04-30T14:33:11+00:00\",\"breadcrumb\":{\"@id\":\"https:\/\/www.bise.ch\/de\/produit\/fontana\/#breadcrumb\"},\"inLanguage\":\"de\",\"potentialAction\":[{\"@type\":\"ReadAction\",\"target\":[\"https:\/\/www.bise.ch\/de\/produit\/fontana\/\"]}]},{\"@type\":\"ImageObject\",\"inLanguage\":\"de\",\"@id\":\"https:\/\/www.bise.ch\/de\/produit\/fontana\/#primaryimage\",\"url\":\"https:\/\/www.bise.ch\/wp-content\/uploads\/1460_0_s30_fontana_belvedere_so3_gruppe_deko_2056dexter_nubuk-28062b2fb054ee457abae1ee9f665cca.png\",\"contentUrl\":\"https:\/\/www.bise.ch\/wp-content\/uploads\/1460_0_s30_fontana_belvedere_so3_gruppe_deko_2056dexter_nubuk-28062b2fb054ee457abae1ee9f665cca.png\",\"width\":1920,\"height\":1080},{\"@type\":\"BreadcrumbList\",\"@id\":\"https:\/\/www.bise.ch\/de\/produit\/fontana\/#breadcrumb\",\"itemListElement\":[{\"@type\":\"ListItem\",\"position\":1,\"name\":\"Startseite\",\"item\":\"https:\/\/www.bise.ch\/de\/\"},{\"@type\":\"ListItem\",\"position\":2,\"name\":\"Shop\",\"item\":\"https:\/\/www.bise.ch\/de\/shop\/\"},{\"@type\":\"ListItem\",\"position\":3,\"name\":\"Fontana\"}]},{\"@type\":\"WebSite\",\"@id\":\"https:\/\/www.bise.ch\/de\/#website\",\"url\":\"https:\/\/www.bise.ch\/de\/\",\"name\":\"Meubles Bise | Magasin de meubles | Mobilier | Fribourg | Bulle\",\"description\":\"Wir erwecken Ihre Ra\u0308ume zum Leben\",\"publisher\":{\"@id\":\"https:\/\/www.bise.ch\/de\/#organization\"},\"alternateName\":\"Georges Bise SA\",\"potentialAction\":[{\"@type\":\"SearchAction\",\"target\":{\"@type\":\"EntryPoint\",\"urlTemplate\":\"https:\/\/www.bise.ch\/de\/?s={search_term_string}\"},\"query-input\":{\"@type\":\"PropertyValueSpecification\",\"valueRequired\":true,\"valueName\":\"search_term_string\"}}],\"inLanguage\":\"de\"},{\"@type\":\"Organization\",\"@id\":\"https:\/\/www.bise.ch\/de\/#organization\",\"name\":\"M\u00f6bel Bise | M\u00f6belgesch\u00e4ft | M\u00f6bel | Freiburg | Bulle\",\"alternateName\":\"Georges Bise SA\",\"url\":\"https:\/\/www.bise.ch\/de\/\",\"logo\":{\"@type\":\"ImageObject\",\"inLanguage\":\"de\",\"@id\":\"https:\/\/www.bise.ch\/de\/#\/schema\/logo\/image\/\",\"url\":\"https:\/\/www.bise.ch\/wp-content\/uploads\/LogoBise.png\",\"contentUrl\":\"https:\/\/www.bise.ch\/wp-content\/uploads\/LogoBise.png\",\"width\":4267,\"height\":4267,\"caption\":\"M\u00f6bel Bise | M\u00f6belgesch\u00e4ft | M\u00f6bel | Freiburg | Bulle\"},\"image\":{\"@id\":\"https:\/\/www.bise.ch\/de\/#\/schema\/logo\/image\/\"},\"sameAs\":[\"https:\/\/www.facebook.com\/bisemeubles\/\",\"https:\/\/www.instagram.com\/bisemeubles\/\",\"https:\/\/ch.linkedin.com\/company\/bise-meubles-moebel\"]}]}<\/script>\n<!-- \/ Yoast SEO plugin. -->","yoast_head_json":{"title":"Fontana | M\u00f6bel Bise | M\u00f6belgesch\u00e4ft | M\u00f6bel | Freiburg | Bulle","robots":{"index":"index","follow":"follow","max-snippet":"max-snippet:-1","max-image-preview":"max-image-preview:large","max-video-preview":"max-video-preview:-1"},"canonical":"https:\/\/www.bise.ch\/de\/produit\/fontana\/","og_locale":"de_DE","og_type":"article","og_title":"Fontana | M\u00f6bel Bise | M\u00f6belgesch\u00e4ft | M\u00f6bel | Freiburg | Bulle","og_description":"Tisch","og_url":"https:\/\/www.bise.ch\/de\/produit\/fontana\/","og_site_name":"M\u00f6bel Bise | M\u00f6belgesch\u00e4ft | M\u00f6bel | Freiburg | Bulle","article_publisher":"https:\/\/www.facebook.com\/bisemeubles\/","og_image":[{"width":1920,"height":1080,"url":"https:\/\/www.bise.ch\/wp-content\/uploads\/1460_0_s30_fontana_belvedere_so3_gruppe_deko_2056dexter_nubuk-28062b2fb054ee457abae1ee9f665cca.png","type":"image\/png"}],"twitter_card":"summary_large_image","twitter_misc":{"Gesch\u00e4tzte Lesezeit":"2\u00a0Minuten"},"schema":{"@context":"https:\/\/schema.org","@graph":[{"@type":"WebPage","@id":"https:\/\/www.bise.ch\/de\/produit\/fontana\/","url":"https:\/\/www.bise.ch\/de\/produit\/fontana\/","name":"Fontana | M\u00f6bel Bise | M\u00f6belgesch\u00e4ft | M\u00f6bel | Freiburg | Bulle","isPartOf":{"@id":"https:\/\/www.bise.ch\/de\/#website"},"primaryImageOfPage":{"@id":"https:\/\/www.bise.ch\/de\/produit\/fontana\/#primaryimage"},"image":{"@id":"https:\/\/www.bise.ch\/de\/produit\/fontana\/#primaryimage"},"thumbnailUrl":"https:\/\/www.bise.ch\/wp-content\/uploads\/1460_0_s30_fontana_belvedere_so3_gruppe_deko_2056dexter_nubuk-28062b2fb054ee457abae1ee9f665cca.png","datePublished":"2019-04-30T14:33:11+00:00","breadcrumb":{"@id":"https:\/\/www.bise.ch\/de\/produit\/fontana\/#breadcrumb"},"inLanguage":"de","potentialAction":[{"@type":"ReadAction","target":["https:\/\/www.bise.ch\/de\/produit\/fontana\/"]}]},{"@type":"ImageObject","inLanguage":"de","@id":"https:\/\/www.bise.ch\/de\/produit\/fontana\/#primaryimage","url":"https:\/\/www.bise.ch\/wp-content\/uploads\/1460_0_s30_fontana_belvedere_so3_gruppe_deko_2056dexter_nubuk-28062b2fb054ee457abae1ee9f665cca.png","contentUrl":"https:\/\/www.bise.ch\/wp-content\/uploads\/1460_0_s30_fontana_belvedere_so3_gruppe_deko_2056dexter_nubuk-28062b2fb054ee457abae1ee9f665cca.png","width":1920,"height":1080},{"@type":"BreadcrumbList","@id":"https:\/\/www.bise.ch\/de\/produit\/fontana\/#breadcrumb","itemListElement":[{"@type":"ListItem","position":1,"name":"Startseite","item":"https:\/\/www.bise.ch\/de\/"},{"@type":"ListItem","position":2,"name":"Shop","item":"https:\/\/www.bise.ch\/de\/shop\/"},{"@type":"ListItem","position":3,"name":"Fontana"}]},{"@type":"WebSite","@id":"https:\/\/www.bise.ch\/de\/#website","url":"https:\/\/www.bise.ch\/de\/","name":"Meubles Bise | Magasin de meubles | Mobilier | Fribourg | Bulle","description":"Wir erwecken Ihre Ra\u0308ume zum Leben","publisher":{"@id":"https:\/\/www.bise.ch\/de\/#organization"},"alternateName":"Georges Bise SA","potentialAction":[{"@type":"SearchAction","target":{"@type":"EntryPoint","urlTemplate":"https:\/\/www.bise.ch\/de\/?s={search_term_string}"},"query-input":{"@type":"PropertyValueSpecification","valueRequired":true,"valueName":"search_term_string"}}],"inLanguage":"de"},{"@type":"Organization","@id":"https:\/\/www.bise.ch\/de\/#organization","name":"M\u00f6bel Bise | M\u00f6belgesch\u00e4ft | M\u00f6bel | Freiburg | Bulle","alternateName":"Georges Bise SA","url":"https:\/\/www.bise.ch\/de\/","logo":{"@type":"ImageObject","inLanguage":"de","@id":"https:\/\/www.bise.ch\/de\/#\/schema\/logo\/image\/","url":"https:\/\/www.bise.ch\/wp-content\/uploads\/LogoBise.png","contentUrl":"https:\/\/www.bise.ch\/wp-content\/uploads\/LogoBise.png","width":4267,"height":4267,"caption":"M\u00f6bel Bise | M\u00f6belgesch\u00e4ft | M\u00f6bel | Freiburg | Bulle"},"image":{"@id":"https:\/\/www.bise.ch\/de\/#\/schema\/logo\/image\/"},"sameAs":["https:\/\/www.facebook.com\/bisemeubles\/","https:\/\/www.instagram.com\/bisemeubles\/","https:\/\/ch.linkedin.com\/company\/bise-meubles-moebel"]}]}},"_links":{"self":[{"href":"https:\/\/www.bise.ch\/de\/wp-json\/wp\/v2\/product\/55872","targetHints":{"allow":["GET"]}}],"collection":[{"href":"https:\/\/www.bise.ch\/de\/wp-json\/wp\/v2\/product"}],"about":[{"href":"https:\/\/www.bise.ch\/de\/wp-json\/wp\/v2\/types\/product"}],"wp:featuredmedia":[{"embeddable":true,"href":"https:\/\/www.bise.ch\/de\/wp-json\/wp\/v2\/media\/37901"}],"wp:attachment":[{"href":"https:\/\/www.bise.ch\/de\/wp-json\/wp\/v2\/media?parent=55872"}],"wp:term":[{"taxonomy":"product_brand","embeddable":true,"href":"https:\/\/www.bise.ch\/de\/wp-json\/wp\/v2\/product_brand?post=55872"},{"taxonomy":"product_cat","embeddable":true,"href":"https:\/\/www.bise.ch\/de\/wp-json\/wp\/v2\/product_cat?post=55872"},{"taxonomy":"product_tag","embeddable":true,"href":"https:\/\/www.bise.ch\/de\/wp-json\/wp\/v2\/product_tag?post=55872"}],"curies":[{"name":"wp","href":"https:\/\/api.w.org\/{rel}","templated":true}]}}