{"id":56131,"date":"2022-09-24T10:24:06","date_gmt":"2022-09-24T08:24:06","guid":{"rendered":"https:\/\/bise.ch\/produit\/arena\/"},"modified":"2022-09-24T10:24:06","modified_gmt":"2022-09-24T08:24:06","slug":"arena","status":"publish","type":"product","link":"https:\/\/www.bise.ch\/de\/produit\/arena\/","title":{"rendered":"Arena"},"content":{"rendered":"<p>Die fein abgerundeten Ecken, die dem Tisch eine zus\u00e4tzliche Weichheit und Eleganz verleihen, sind sehr attraktiv. Neben der gro\u00dfz\u00fcgigen Auswahl an hochwertigen Materialien wie Massivholz, Glas, Keramik oder Fenix k\u00f6nnen Sie auch aus einer Kollektion edler Metallfarben (Schwarz, Bronze, Silber, Titan, Kupfer, Gold) f\u00fcr die Grundfarbe w\u00e4hlen. Auch mit Verl\u00e4ngerung lieferbar. Kein anderes System f\u00fchrt die Erweiterung so fein und einfach wie das neue Erweiterungssystem von seetalswiss. Die patentierte Cobra Softmotion-Absenkung sorgt mit einem neuen Mechanismus daf\u00fcr, dass sich die Klappeins\u00e4tze beim \u00d6ffnen und Schlie\u00dfen sanft absenken. Dies ist ein wichtiger Aspekt des Komforts und der Sicherheit, insbesondere bei schweren Materialien wie Glas und Keramik.<\/p>\n<p>Design: Markus D\u00f6ssegger<\/p>\n","protected":false},"excerpt":{"rendered":"<p>Esszimmertisch<\/p>\n","protected":false},"featured_media":52952,"template":"","meta":{"_et_pb_use_builder":"","_et_pb_old_content":"","_et_gb_content_width":""},"product_brand":[4341],"product_cat":[3770],"product_tag":[],"class_list":{"0":"post-56131","1":"product","2":"type-product","3":"status-publish","4":"has-post-thumbnail","6":"product_brand-seetalswiss_de","7":"product_cat-produkte","8":"pa_designation_de-esszimmertisch-de","9":"pa_designation_fr-esszimmertisch","11":"first","12":"instock","13":"shipping-taxable","14":"purchasable","15":"product-type-simple"},"yoast_head":"<!-- This site is optimized with the Yoast SEO plugin v27.1.1 - https:\/\/yoast.com\/product\/yoast-seo-wordpress\/ -->\n<title>Arena | M\u00f6bel Bise | M\u00f6belgesch\u00e4ft | M\u00f6bel | Freiburg | Bulle<\/title>\n<meta name=\"robots\" content=\"index, follow, max-snippet:-1, max-image-preview:large, max-video-preview:-1\" \/>\n<link rel=\"canonical\" href=\"https:\/\/www.bise.ch\/de\/produit\/arena\/\" \/>\n<meta property=\"og:locale\" content=\"de_DE\" \/>\n<meta property=\"og:type\" content=\"article\" \/>\n<meta property=\"og:title\" content=\"Arena | M\u00f6bel Bise | M\u00f6belgesch\u00e4ft | M\u00f6bel | Freiburg | Bulle\" \/>\n<meta property=\"og:description\" content=\"Esszimmertisch\" \/>\n<meta property=\"og:url\" content=\"https:\/\/www.bise.ch\/de\/produit\/arena\/\" \/>\n<meta property=\"og:site_name\" content=\"M\u00f6bel Bise | M\u00f6belgesch\u00e4ft | M\u00f6bel | Freiburg | Bulle\" \/>\n<meta property=\"article:publisher\" content=\"https:\/\/www.facebook.com\/bisemeubles\/\" \/>\n<meta property=\"og:image\" content=\"https:\/\/www.bise.ch\/wp-content\/uploads\/01218_tisch_arena_nussbaum_stuhl_nino_combina_seetalswiss_qualiatsmobel_schweiz_seon_dossegger_auszugstisch_funktionstisch_stuhle_sideboards-1024x768-jpg.webp\" \/>\n\t<meta property=\"og:image:width\" content=\"1024\" \/>\n\t<meta property=\"og:image:height\" content=\"768\" \/>\n\t<meta property=\"og:image:type\" content=\"image\/jpeg\" \/>\n<meta name=\"twitter:card\" content=\"summary_large_image\" \/>\n<meta name=\"twitter:label1\" content=\"Gesch\u00e4tzte Lesezeit\" \/>\n\t<meta name=\"twitter:data1\" content=\"1\u00a0Minute\" \/>\n<script type=\"application\/ld+json\" class=\"yoast-schema-graph\">{\"@context\":\"https:\/\/schema.org\",\"@graph\":[{\"@type\":\"WebPage\",\"@id\":\"https:\/\/www.bise.ch\/de\/produit\/arena\/\",\"url\":\"https:\/\/www.bise.ch\/de\/produit\/arena\/\",\"name\":\"Arena | M\u00f6bel Bise | M\u00f6belgesch\u00e4ft | M\u00f6bel | Freiburg | Bulle\",\"isPartOf\":{\"@id\":\"https:\/\/www.bise.ch\/de\/#website\"},\"primaryImageOfPage\":{\"@id\":\"https:\/\/www.bise.ch\/de\/produit\/arena\/#primaryimage\"},\"image\":{\"@id\":\"https:\/\/www.bise.ch\/de\/produit\/arena\/#primaryimage\"},\"thumbnailUrl\":\"https:\/\/www.bise.ch\/wp-content\/uploads\/01218_tisch_arena_nussbaum_stuhl_nino_combina_seetalswiss_qualiatsmobel_schweiz_seon_dossegger_auszugstisch_funktionstisch_stuhle_sideboards-1024x768-jpg.webp\",\"datePublished\":\"2022-09-24T08:24:06+00:00\",\"breadcrumb\":{\"@id\":\"https:\/\/www.bise.ch\/de\/produit\/arena\/#breadcrumb\"},\"inLanguage\":\"de\",\"potentialAction\":[{\"@type\":\"ReadAction\",\"target\":[\"https:\/\/www.bise.ch\/de\/produit\/arena\/\"]}]},{\"@type\":\"ImageObject\",\"inLanguage\":\"de\",\"@id\":\"https:\/\/www.bise.ch\/de\/produit\/arena\/#primaryimage\",\"url\":\"https:\/\/www.bise.ch\/wp-content\/uploads\/01218_tisch_arena_nussbaum_stuhl_nino_combina_seetalswiss_qualiatsmobel_schweiz_seon_dossegger_auszugstisch_funktionstisch_stuhle_sideboards-1024x768-jpg.webp\",\"contentUrl\":\"https:\/\/www.bise.ch\/wp-content\/uploads\/01218_tisch_arena_nussbaum_stuhl_nino_combina_seetalswiss_qualiatsmobel_schweiz_seon_dossegger_auszugstisch_funktionstisch_stuhle_sideboards-1024x768-jpg.webp\",\"width\":1024,\"height\":768,\"caption\":\"01218_tisch_arena_nussbaum_stuhl_nino_combina_seetalswiss_qualiatsmobel_schweiz_seon_dossegger_auszugstisch_funktionstisch_stuhle_sideboards-1024x768\"},{\"@type\":\"BreadcrumbList\",\"@id\":\"https:\/\/www.bise.ch\/de\/produit\/arena\/#breadcrumb\",\"itemListElement\":[{\"@type\":\"ListItem\",\"position\":1,\"name\":\"Startseite\",\"item\":\"https:\/\/www.bise.ch\/de\/\"},{\"@type\":\"ListItem\",\"position\":2,\"name\":\"Shop\",\"item\":\"https:\/\/www.bise.ch\/de\/shop\/\"},{\"@type\":\"ListItem\",\"position\":3,\"name\":\"Arena\"}]},{\"@type\":\"WebSite\",\"@id\":\"https:\/\/www.bise.ch\/de\/#website\",\"url\":\"https:\/\/www.bise.ch\/de\/\",\"name\":\"Meubles Bise | Magasin de meubles | Mobilier | Fribourg | Bulle\",\"description\":\"Wir erwecken Ihre Ra\u0308ume zum Leben\",\"publisher\":{\"@id\":\"https:\/\/www.bise.ch\/de\/#organization\"},\"alternateName\":\"Georges Bise SA\",\"potentialAction\":[{\"@type\":\"SearchAction\",\"target\":{\"@type\":\"EntryPoint\",\"urlTemplate\":\"https:\/\/www.bise.ch\/de\/?s={search_term_string}\"},\"query-input\":{\"@type\":\"PropertyValueSpecification\",\"valueRequired\":true,\"valueName\":\"search_term_string\"}}],\"inLanguage\":\"de\"},{\"@type\":\"Organization\",\"@id\":\"https:\/\/www.bise.ch\/de\/#organization\",\"name\":\"M\u00f6bel Bise | M\u00f6belgesch\u00e4ft | M\u00f6bel | Freiburg | Bulle\",\"alternateName\":\"Georges Bise SA\",\"url\":\"https:\/\/www.bise.ch\/de\/\",\"logo\":{\"@type\":\"ImageObject\",\"inLanguage\":\"de\",\"@id\":\"https:\/\/www.bise.ch\/de\/#\/schema\/logo\/image\/\",\"url\":\"https:\/\/www.bise.ch\/wp-content\/uploads\/LogoBise.png\",\"contentUrl\":\"https:\/\/www.bise.ch\/wp-content\/uploads\/LogoBise.png\",\"width\":4267,\"height\":4267,\"caption\":\"M\u00f6bel Bise | M\u00f6belgesch\u00e4ft | M\u00f6bel | Freiburg | Bulle\"},\"image\":{\"@id\":\"https:\/\/www.bise.ch\/de\/#\/schema\/logo\/image\/\"},\"sameAs\":[\"https:\/\/www.facebook.com\/bisemeubles\/\",\"https:\/\/www.instagram.com\/bisemeubles\/\",\"https:\/\/ch.linkedin.com\/company\/bise-meubles-moebel\"]}]}<\/script>\n<!-- \/ Yoast SEO plugin. -->","yoast_head_json":{"title":"Arena | M\u00f6bel Bise | M\u00f6belgesch\u00e4ft | M\u00f6bel | Freiburg | Bulle","robots":{"index":"index","follow":"follow","max-snippet":"max-snippet:-1","max-image-preview":"max-image-preview:large","max-video-preview":"max-video-preview:-1"},"canonical":"https:\/\/www.bise.ch\/de\/produit\/arena\/","og_locale":"de_DE","og_type":"article","og_title":"Arena | M\u00f6bel Bise | M\u00f6belgesch\u00e4ft | M\u00f6bel | Freiburg | Bulle","og_description":"Esszimmertisch","og_url":"https:\/\/www.bise.ch\/de\/produit\/arena\/","og_site_name":"M\u00f6bel Bise | M\u00f6belgesch\u00e4ft | M\u00f6bel | Freiburg | Bulle","article_publisher":"https:\/\/www.facebook.com\/bisemeubles\/","og_image":[{"width":1024,"height":768,"url":"https:\/\/www.bise.ch\/wp-content\/uploads\/01218_tisch_arena_nussbaum_stuhl_nino_combina_seetalswiss_qualiatsmobel_schweiz_seon_dossegger_auszugstisch_funktionstisch_stuhle_sideboards-1024x768-jpg.webp","type":"image\/jpeg"}],"twitter_card":"summary_large_image","twitter_misc":{"Gesch\u00e4tzte Lesezeit":"1\u00a0Minute"},"schema":{"@context":"https:\/\/schema.org","@graph":[{"@type":"WebPage","@id":"https:\/\/www.bise.ch\/de\/produit\/arena\/","url":"https:\/\/www.bise.ch\/de\/produit\/arena\/","name":"Arena | M\u00f6bel Bise | M\u00f6belgesch\u00e4ft | M\u00f6bel | Freiburg | Bulle","isPartOf":{"@id":"https:\/\/www.bise.ch\/de\/#website"},"primaryImageOfPage":{"@id":"https:\/\/www.bise.ch\/de\/produit\/arena\/#primaryimage"},"image":{"@id":"https:\/\/www.bise.ch\/de\/produit\/arena\/#primaryimage"},"thumbnailUrl":"https:\/\/www.bise.ch\/wp-content\/uploads\/01218_tisch_arena_nussbaum_stuhl_nino_combina_seetalswiss_qualiatsmobel_schweiz_seon_dossegger_auszugstisch_funktionstisch_stuhle_sideboards-1024x768-jpg.webp","datePublished":"2022-09-24T08:24:06+00:00","breadcrumb":{"@id":"https:\/\/www.bise.ch\/de\/produit\/arena\/#breadcrumb"},"inLanguage":"de","potentialAction":[{"@type":"ReadAction","target":["https:\/\/www.bise.ch\/de\/produit\/arena\/"]}]},{"@type":"ImageObject","inLanguage":"de","@id":"https:\/\/www.bise.ch\/de\/produit\/arena\/#primaryimage","url":"https:\/\/www.bise.ch\/wp-content\/uploads\/01218_tisch_arena_nussbaum_stuhl_nino_combina_seetalswiss_qualiatsmobel_schweiz_seon_dossegger_auszugstisch_funktionstisch_stuhle_sideboards-1024x768-jpg.webp","contentUrl":"https:\/\/www.bise.ch\/wp-content\/uploads\/01218_tisch_arena_nussbaum_stuhl_nino_combina_seetalswiss_qualiatsmobel_schweiz_seon_dossegger_auszugstisch_funktionstisch_stuhle_sideboards-1024x768-jpg.webp","width":1024,"height":768,"caption":"01218_tisch_arena_nussbaum_stuhl_nino_combina_seetalswiss_qualiatsmobel_schweiz_seon_dossegger_auszugstisch_funktionstisch_stuhle_sideboards-1024x768"},{"@type":"BreadcrumbList","@id":"https:\/\/www.bise.ch\/de\/produit\/arena\/#breadcrumb","itemListElement":[{"@type":"ListItem","position":1,"name":"Startseite","item":"https:\/\/www.bise.ch\/de\/"},{"@type":"ListItem","position":2,"name":"Shop","item":"https:\/\/www.bise.ch\/de\/shop\/"},{"@type":"ListItem","position":3,"name":"Arena"}]},{"@type":"WebSite","@id":"https:\/\/www.bise.ch\/de\/#website","url":"https:\/\/www.bise.ch\/de\/","name":"Meubles Bise | Magasin de meubles | Mobilier | Fribourg | Bulle","description":"Wir erwecken Ihre Ra\u0308ume zum Leben","publisher":{"@id":"https:\/\/www.bise.ch\/de\/#organization"},"alternateName":"Georges Bise SA","potentialAction":[{"@type":"SearchAction","target":{"@type":"EntryPoint","urlTemplate":"https:\/\/www.bise.ch\/de\/?s={search_term_string}"},"query-input":{"@type":"PropertyValueSpecification","valueRequired":true,"valueName":"search_term_string"}}],"inLanguage":"de"},{"@type":"Organization","@id":"https:\/\/www.bise.ch\/de\/#organization","name":"M\u00f6bel Bise | M\u00f6belgesch\u00e4ft | M\u00f6bel | Freiburg | Bulle","alternateName":"Georges Bise SA","url":"https:\/\/www.bise.ch\/de\/","logo":{"@type":"ImageObject","inLanguage":"de","@id":"https:\/\/www.bise.ch\/de\/#\/schema\/logo\/image\/","url":"https:\/\/www.bise.ch\/wp-content\/uploads\/LogoBise.png","contentUrl":"https:\/\/www.bise.ch\/wp-content\/uploads\/LogoBise.png","width":4267,"height":4267,"caption":"M\u00f6bel Bise | M\u00f6belgesch\u00e4ft | M\u00f6bel | Freiburg | Bulle"},"image":{"@id":"https:\/\/www.bise.ch\/de\/#\/schema\/logo\/image\/"},"sameAs":["https:\/\/www.facebook.com\/bisemeubles\/","https:\/\/www.instagram.com\/bisemeubles\/","https:\/\/ch.linkedin.com\/company\/bise-meubles-moebel"]}]}},"_links":{"self":[{"href":"https:\/\/www.bise.ch\/de\/wp-json\/wp\/v2\/product\/56131","targetHints":{"allow":["GET"]}}],"collection":[{"href":"https:\/\/www.bise.ch\/de\/wp-json\/wp\/v2\/product"}],"about":[{"href":"https:\/\/www.bise.ch\/de\/wp-json\/wp\/v2\/types\/product"}],"wp:featuredmedia":[{"embeddable":true,"href":"https:\/\/www.bise.ch\/de\/wp-json\/wp\/v2\/media\/52952"}],"wp:attachment":[{"href":"https:\/\/www.bise.ch\/de\/wp-json\/wp\/v2\/media?parent=56131"}],"wp:term":[{"taxonomy":"product_brand","embeddable":true,"href":"https:\/\/www.bise.ch\/de\/wp-json\/wp\/v2\/product_brand?post=56131"},{"taxonomy":"product_cat","embeddable":true,"href":"https:\/\/www.bise.ch\/de\/wp-json\/wp\/v2\/product_cat?post=56131"},{"taxonomy":"product_tag","embeddable":true,"href":"https:\/\/www.bise.ch\/de\/wp-json\/wp\/v2\/product_tag?post=56131"}],"curies":[{"name":"wp","href":"https:\/\/api.w.org\/{rel}","templated":true}]}}