{"id":56133,"date":"2022-08-31T14:42:58","date_gmt":"2022-08-31T12:42:58","guid":{"rendered":"https:\/\/bise.ch\/produit\/56133\/"},"modified":"2022-08-31T14:42:58","modified_gmt":"2022-08-31T12:42:58","slug":"56133","status":"publish","type":"product","link":"https:\/\/www.bise.ch\/de\/produit\/56133\/","title":{"rendered":""},"content":{"rendered":"<p><strong>Organisation ist alles, oder fast alles<\/strong><\/p>\n<p>Das SITAG Aufbewahrungssystem ist beliebig erweiterbar und passt sich den unterschiedlichsten Bed\u00fcrfnissen und Stilen in der Arbeitswelt an. Die Elemente sind in Edelholz oder Kunststoff erh\u00e4ltlich und k\u00f6nnen mit den Tischprogrammen von SITAG kombiniert werden, was eine unbegrenzte Anzahl von M\u00f6glichkeiten bietet.<\/p>\n<p>Das Schranksortiment von SITAG umfasst<\/p>\n<p>Sowohl Dreht\u00fcrenschr\u00e4nke, Schubladenschr\u00e4nke, Aktenschr\u00e4nke, Rollladenschr\u00e4nke als auch Aktenregale, zusammenstellbare Schr\u00e4nke und Container. Die Elemente sind in verschiedenen Breiten und H\u00f6hen, mit verschiedenen Strukturen und Frontverarbeitungen, in verschiedenen Farben und mit verschiedenen Griffen erh\u00e4ltlich. Alles kann beliebig kombiniert werden. Auch die Innenausstattung entspricht den individuellen Bed\u00fcrfnissen. Ob Regale mit Buchst\u00fctzen, verschiedene H\u00e4ngeregistraturen oder Formularcontainer, die M\u00f6glichkeiten der Gestaltung sind unbegrenzt. Die Ausstattung der Schr\u00e4nke ist jederzeit erweiterbar und umwandelbar.<\/p>\n<p>&nbsp;<\/p>\n<p><strong>Vorteile und Nutzen<\/strong><\/p>\n<ul>\n<li>kombinierbar mit den SITAG Tischkollektionen, Inselaufstellung als Strukturierung oder als kombinierter Wandschrank<\/li>\n<li>exklusive Verleimung der Korpusse<\/li>\n<li>lasergeschnittene PP-Kanten in umweltfreundlichem Design. Unsichtbare Fuge<\/li>\n<li>Schlosssystem mit ausziehbarem Zylinder f\u00fcr mehr Flexibilit\u00e4t<\/li>\n<li>Die M\u00f6bel werden komplett montiert geliefert, so dass Sie vor Ort nur ein Minimum an Installationsaufwand haben.<\/li>\n<li>gro\u00dfe Auswahl an Schr\u00e4nken<\/li>\n<li>exklusive Qualit\u00e4tsverarbeitung<\/li>\n<li>Horizontale Teile mit einer Plattendicke von 22 mm f\u00fcr eine hohe Widerstandsf\u00e4higkeit<\/li>\n<li>die Schr\u00e4nke mit Fl\u00fcgelt\u00fcren k\u00f6nnen auch als Garderobe gestaltet werden<\/li>\n<\/ul>\n","protected":false},"excerpt":{"rendered":"<p>Schranksystem<\/p>\n","protected":false},"featured_media":52695,"template":"","meta":{"_et_pb_use_builder":"","_et_pb_old_content":"","_et_gb_content_width":""},"product_brand":[4343],"product_cat":[3770],"product_tag":[],"class_list":{"0":"post-56133","1":"product","2":"type-product","3":"status-publish","4":"has-post-thumbnail","6":"product_brand-sitag_de","7":"product_cat-produkte","8":"pa_designation_fr-schranksystem","9":"pa_video_vimeo-schranksystem-de","11":"first","12":"instock","13":"shipping-taxable","14":"purchasable","15":"product-type-simple"},"yoast_head":"<!-- This site is optimized with the Yoast SEO plugin v27.1.1 - https:\/\/yoast.com\/product\/yoast-seo-wordpress\/ -->\n<title>| M\u00f6bel Bise | M\u00f6belgesch\u00e4ft | M\u00f6bel | Freiburg | Bulle<\/title>\n<meta name=\"robots\" content=\"index, follow, max-snippet:-1, max-image-preview:large, max-video-preview:-1\" \/>\n<link rel=\"canonical\" href=\"https:\/\/www.bise.ch\/de\/produit\/56133\/\" \/>\n<meta property=\"og:locale\" content=\"de_DE\" \/>\n<meta property=\"og:type\" content=\"article\" \/>\n<meta property=\"og:title\" content=\"| M\u00f6bel Bise | M\u00f6belgesch\u00e4ft | M\u00f6bel | Freiburg | Bulle\" \/>\n<meta property=\"og:description\" content=\"Schranksystem\" \/>\n<meta property=\"og:url\" content=\"https:\/\/www.bise.ch\/de\/produit\/56133\/\" \/>\n<meta property=\"og:site_name\" content=\"M\u00f6bel Bise | M\u00f6belgesch\u00e4ft | M\u00f6bel | Freiburg | Bulle\" \/>\n<meta property=\"article:publisher\" content=\"https:\/\/www.facebook.com\/bisemeubles\/\" \/>\n<meta property=\"og:image\" content=\"https:\/\/www.bise.ch\/wp-content\/uploads\/sitag-neutrales-schrankprogramm-regalmodule-rolladenschraenker1920x1080-jpg.webp\" \/>\n\t<meta property=\"og:image:width\" content=\"650\" \/>\n\t<meta property=\"og:image:height\" content=\"365\" \/>\n\t<meta property=\"og:image:type\" content=\"image\/jpeg\" \/>\n<meta name=\"twitter:card\" content=\"summary_large_image\" \/>\n<meta name=\"twitter:label1\" content=\"Gesch\u00e4tzte Lesezeit\" \/>\n\t<meta name=\"twitter:data1\" content=\"1\u00a0Minute\" \/>\n<script type=\"application\/ld+json\" class=\"yoast-schema-graph\">{\"@context\":\"https:\/\/schema.org\",\"@graph\":[{\"@type\":\"WebPage\",\"@id\":\"https:\/\/www.bise.ch\/de\/produit\/56133\/\",\"url\":\"https:\/\/www.bise.ch\/de\/produit\/56133\/\",\"name\":\"| M\u00f6bel Bise | M\u00f6belgesch\u00e4ft | M\u00f6bel | Freiburg | Bulle\",\"isPartOf\":{\"@id\":\"https:\/\/www.bise.ch\/de\/#website\"},\"primaryImageOfPage\":{\"@id\":\"https:\/\/www.bise.ch\/de\/produit\/56133\/#primaryimage\"},\"image\":{\"@id\":\"https:\/\/www.bise.ch\/de\/produit\/56133\/#primaryimage\"},\"thumbnailUrl\":\"https:\/\/www.bise.ch\/wp-content\/uploads\/sitag-neutrales-schrankprogramm-regalmodule-rolladenschraenker1920x1080-jpg.webp\",\"datePublished\":\"2022-08-31T12:42:58+00:00\",\"breadcrumb\":{\"@id\":\"https:\/\/www.bise.ch\/de\/produit\/56133\/#breadcrumb\"},\"inLanguage\":\"de\",\"potentialAction\":[{\"@type\":\"ReadAction\",\"target\":[\"https:\/\/www.bise.ch\/de\/produit\/56133\/\"]}]},{\"@type\":\"ImageObject\",\"inLanguage\":\"de\",\"@id\":\"https:\/\/www.bise.ch\/de\/produit\/56133\/#primaryimage\",\"url\":\"https:\/\/www.bise.ch\/wp-content\/uploads\/sitag-neutrales-schrankprogramm-regalmodule-rolladenschraenker1920x1080-jpg.webp\",\"contentUrl\":\"https:\/\/www.bise.ch\/wp-content\/uploads\/sitag-neutrales-schrankprogramm-regalmodule-rolladenschraenker1920x1080-jpg.webp\",\"width\":650,\"height\":365,\"caption\":\"sitag-neutrales-schrankprogramm-regalmodule-rolladenschraenker1920x1080\"},{\"@type\":\"BreadcrumbList\",\"@id\":\"https:\/\/www.bise.ch\/de\/produit\/56133\/#breadcrumb\",\"itemListElement\":[{\"@type\":\"ListItem\",\"position\":1,\"name\":\"Startseite\",\"item\":\"https:\/\/www.bise.ch\/de\/\"},{\"@type\":\"ListItem\",\"position\":2,\"name\":\"Shop\",\"item\":\"https:\/\/www.bise.ch\/de\/shop\/\"}]},{\"@type\":\"WebSite\",\"@id\":\"https:\/\/www.bise.ch\/de\/#website\",\"url\":\"https:\/\/www.bise.ch\/de\/\",\"name\":\"Meubles Bise | Magasin de meubles | Mobilier | Fribourg | Bulle\",\"description\":\"Wir erwecken Ihre Ra\u0308ume zum Leben\",\"publisher\":{\"@id\":\"https:\/\/www.bise.ch\/de\/#organization\"},\"alternateName\":\"Georges Bise SA\",\"potentialAction\":[{\"@type\":\"SearchAction\",\"target\":{\"@type\":\"EntryPoint\",\"urlTemplate\":\"https:\/\/www.bise.ch\/de\/?s={search_term_string}\"},\"query-input\":{\"@type\":\"PropertyValueSpecification\",\"valueRequired\":true,\"valueName\":\"search_term_string\"}}],\"inLanguage\":\"de\"},{\"@type\":\"Organization\",\"@id\":\"https:\/\/www.bise.ch\/de\/#organization\",\"name\":\"M\u00f6bel Bise | M\u00f6belgesch\u00e4ft | M\u00f6bel | Freiburg | Bulle\",\"alternateName\":\"Georges Bise SA\",\"url\":\"https:\/\/www.bise.ch\/de\/\",\"logo\":{\"@type\":\"ImageObject\",\"inLanguage\":\"de\",\"@id\":\"https:\/\/www.bise.ch\/de\/#\/schema\/logo\/image\/\",\"url\":\"https:\/\/www.bise.ch\/wp-content\/uploads\/LogoBise.png\",\"contentUrl\":\"https:\/\/www.bise.ch\/wp-content\/uploads\/LogoBise.png\",\"width\":4267,\"height\":4267,\"caption\":\"M\u00f6bel Bise | M\u00f6belgesch\u00e4ft | M\u00f6bel | Freiburg | Bulle\"},\"image\":{\"@id\":\"https:\/\/www.bise.ch\/de\/#\/schema\/logo\/image\/\"},\"sameAs\":[\"https:\/\/www.facebook.com\/bisemeubles\/\",\"https:\/\/www.instagram.com\/bisemeubles\/\",\"https:\/\/ch.linkedin.com\/company\/bise-meubles-moebel\"]}]}<\/script>\n<!-- \/ Yoast SEO plugin. -->","yoast_head_json":{"title":"| M\u00f6bel Bise | M\u00f6belgesch\u00e4ft | M\u00f6bel | Freiburg | Bulle","robots":{"index":"index","follow":"follow","max-snippet":"max-snippet:-1","max-image-preview":"max-image-preview:large","max-video-preview":"max-video-preview:-1"},"canonical":"https:\/\/www.bise.ch\/de\/produit\/56133\/","og_locale":"de_DE","og_type":"article","og_title":"| M\u00f6bel Bise | M\u00f6belgesch\u00e4ft | M\u00f6bel | Freiburg | Bulle","og_description":"Schranksystem","og_url":"https:\/\/www.bise.ch\/de\/produit\/56133\/","og_site_name":"M\u00f6bel Bise | M\u00f6belgesch\u00e4ft | M\u00f6bel | Freiburg | Bulle","article_publisher":"https:\/\/www.facebook.com\/bisemeubles\/","og_image":[{"width":650,"height":365,"url":"https:\/\/www.bise.ch\/wp-content\/uploads\/sitag-neutrales-schrankprogramm-regalmodule-rolladenschraenker1920x1080-jpg.webp","type":"image\/jpeg"}],"twitter_card":"summary_large_image","twitter_misc":{"Gesch\u00e4tzte Lesezeit":"1\u00a0Minute"},"schema":{"@context":"https:\/\/schema.org","@graph":[{"@type":"WebPage","@id":"https:\/\/www.bise.ch\/de\/produit\/56133\/","url":"https:\/\/www.bise.ch\/de\/produit\/56133\/","name":"| M\u00f6bel Bise | M\u00f6belgesch\u00e4ft | M\u00f6bel | Freiburg | Bulle","isPartOf":{"@id":"https:\/\/www.bise.ch\/de\/#website"},"primaryImageOfPage":{"@id":"https:\/\/www.bise.ch\/de\/produit\/56133\/#primaryimage"},"image":{"@id":"https:\/\/www.bise.ch\/de\/produit\/56133\/#primaryimage"},"thumbnailUrl":"https:\/\/www.bise.ch\/wp-content\/uploads\/sitag-neutrales-schrankprogramm-regalmodule-rolladenschraenker1920x1080-jpg.webp","datePublished":"2022-08-31T12:42:58+00:00","breadcrumb":{"@id":"https:\/\/www.bise.ch\/de\/produit\/56133\/#breadcrumb"},"inLanguage":"de","potentialAction":[{"@type":"ReadAction","target":["https:\/\/www.bise.ch\/de\/produit\/56133\/"]}]},{"@type":"ImageObject","inLanguage":"de","@id":"https:\/\/www.bise.ch\/de\/produit\/56133\/#primaryimage","url":"https:\/\/www.bise.ch\/wp-content\/uploads\/sitag-neutrales-schrankprogramm-regalmodule-rolladenschraenker1920x1080-jpg.webp","contentUrl":"https:\/\/www.bise.ch\/wp-content\/uploads\/sitag-neutrales-schrankprogramm-regalmodule-rolladenschraenker1920x1080-jpg.webp","width":650,"height":365,"caption":"sitag-neutrales-schrankprogramm-regalmodule-rolladenschraenker1920x1080"},{"@type":"BreadcrumbList","@id":"https:\/\/www.bise.ch\/de\/produit\/56133\/#breadcrumb","itemListElement":[{"@type":"ListItem","position":1,"name":"Startseite","item":"https:\/\/www.bise.ch\/de\/"},{"@type":"ListItem","position":2,"name":"Shop","item":"https:\/\/www.bise.ch\/de\/shop\/"}]},{"@type":"WebSite","@id":"https:\/\/www.bise.ch\/de\/#website","url":"https:\/\/www.bise.ch\/de\/","name":"Meubles Bise | Magasin de meubles | Mobilier | Fribourg | Bulle","description":"Wir erwecken Ihre Ra\u0308ume zum Leben","publisher":{"@id":"https:\/\/www.bise.ch\/de\/#organization"},"alternateName":"Georges Bise SA","potentialAction":[{"@type":"SearchAction","target":{"@type":"EntryPoint","urlTemplate":"https:\/\/www.bise.ch\/de\/?s={search_term_string}"},"query-input":{"@type":"PropertyValueSpecification","valueRequired":true,"valueName":"search_term_string"}}],"inLanguage":"de"},{"@type":"Organization","@id":"https:\/\/www.bise.ch\/de\/#organization","name":"M\u00f6bel Bise | M\u00f6belgesch\u00e4ft | M\u00f6bel | Freiburg | Bulle","alternateName":"Georges Bise SA","url":"https:\/\/www.bise.ch\/de\/","logo":{"@type":"ImageObject","inLanguage":"de","@id":"https:\/\/www.bise.ch\/de\/#\/schema\/logo\/image\/","url":"https:\/\/www.bise.ch\/wp-content\/uploads\/LogoBise.png","contentUrl":"https:\/\/www.bise.ch\/wp-content\/uploads\/LogoBise.png","width":4267,"height":4267,"caption":"M\u00f6bel Bise | M\u00f6belgesch\u00e4ft | M\u00f6bel | Freiburg | Bulle"},"image":{"@id":"https:\/\/www.bise.ch\/de\/#\/schema\/logo\/image\/"},"sameAs":["https:\/\/www.facebook.com\/bisemeubles\/","https:\/\/www.instagram.com\/bisemeubles\/","https:\/\/ch.linkedin.com\/company\/bise-meubles-moebel"]}]}},"_links":{"self":[{"href":"https:\/\/www.bise.ch\/de\/wp-json\/wp\/v2\/product\/56133","targetHints":{"allow":["GET"]}}],"collection":[{"href":"https:\/\/www.bise.ch\/de\/wp-json\/wp\/v2\/product"}],"about":[{"href":"https:\/\/www.bise.ch\/de\/wp-json\/wp\/v2\/types\/product"}],"wp:featuredmedia":[{"embeddable":true,"href":"https:\/\/www.bise.ch\/de\/wp-json\/wp\/v2\/media\/52695"}],"wp:attachment":[{"href":"https:\/\/www.bise.ch\/de\/wp-json\/wp\/v2\/media?parent=56133"}],"wp:term":[{"taxonomy":"product_brand","embeddable":true,"href":"https:\/\/www.bise.ch\/de\/wp-json\/wp\/v2\/product_brand?post=56133"},{"taxonomy":"product_cat","embeddable":true,"href":"https:\/\/www.bise.ch\/de\/wp-json\/wp\/v2\/product_cat?post=56133"},{"taxonomy":"product_tag","embeddable":true,"href":"https:\/\/www.bise.ch\/de\/wp-json\/wp\/v2\/product_tag?post=56133"}],"curies":[{"name":"wp","href":"https:\/\/api.w.org\/{rel}","templated":true}]}}