{"id":56139,"date":"2022-05-30T11:44:28","date_gmt":"2022-05-30T09:44:28","guid":{"rendered":"https:\/\/bise.ch\/produit\/open-up\/"},"modified":"2024-09-10T23:00:21","modified_gmt":"2024-09-10T21:00:21","slug":"open-up","status":"publish","type":"product","link":"https:\/\/www.bise.ch\/de\/produit\/open-up\/","title":{"rendered":"Open Up"},"content":{"rendered":"<p><strong>Arbeitsst\u00fchle, Besprechungsst\u00fchle, Seminar- und Konferenzst\u00fchle<\/strong><\/p>\n<p>Im B\u00fcro ist Motivation oft mit Lockerheit verbunden. Bei einem intensiven Arbeitstag ist es wichtig, dass Sie sich entspannen k\u00f6nnen, indem Sie Ihren Gedanken freien Lauf lassen &#8211; bequem zur\u00fccklehnen. Dies erm\u00f6glicht open up, ein hochwertiger Drehstuhl mit der Similarmechanik und einer R\u00fcckenlehne mit der Struktur &#8220;&nbsp;dorsokinetisch&nbsp;&#8222;. In jeder Position bietet er viel Bewegungsfreiheit und sorgt daf\u00fcr, dass Sie in jeder Situation einen klaren Kopf behalten. F\u00fcr eine leistungsorientierte Arbeit.<\/p>\n<p><strong>Dynamik im B\u00fcro: die Open-Up-Revolution<\/strong><\/p>\n<p>Dank seiner dorsokinetischen Federung kann die R\u00fcckenlehne dieses au\u00dfergew\u00f6hnlichen Sitzes um bis zu 45\u00b0 geneigt werden. Ein Winkel, den kein anderer B\u00fcrostuhl auf dem Markt bietet. Hinzu kommt die hohe Flexibilit\u00e4t der R\u00fcckenlehnen-Sitzverbindung, die &nbsp;den K\u00f6rper bei allen Dreh- und Seitw\u00e4rtsbewegungen optimal unterst\u00fctzt.<\/p>\n<p><strong>Dorsokinetik<\/strong><\/p>\n<p>Der flexible Kugelkopf von open up unterst\u00fctzt Sie bei jeder Bewegung, zur Seite, nach hinten, in jedem Moment.<\/p>\n<p><strong>Lordosenst\u00fctze<\/strong><\/p>\n<p>Die h\u00f6henverstellbare Lordosenst\u00fctze entlastet die Lendenwirbel und sorgt daf\u00fcr, dass die R\u00fcckenlehne perfekt auf Ihren R\u00fccken abgestimmt ist.<\/p>\n<p><strong>3D-Armlehnen<\/strong><\/p>\n<p>Sie sind in alle Richtungen verstellbar, um einen perfekten Komfort zu gew\u00e4hrleisten. Sie sind wahlweise mit Polyamid-, Leder-, Gel- oder Softtouch-Manschetten erh\u00e4ltlich.<\/p>\n","protected":false},"excerpt":{"rendered":"<p>B\u00fcrostuhl<\/p>\n","protected":false},"featured_media":52120,"template":"","meta":{"_et_pb_use_builder":"","_et_pb_old_content":"","_et_gb_content_width":""},"product_brand":[4340],"product_cat":[349],"product_tag":[],"class_list":{"0":"post-56139","1":"product","2":"type-product","3":"status-publish","4":"has-post-thumbnail","6":"product_brand-sedus_de","7":"product_cat-burostuhle","8":"pa_designation_de-burostuhl-de","9":"pa_designation_fr-burostuhl","11":"first","12":"instock","13":"shipping-taxable","14":"purchasable","15":"product-type-simple"},"yoast_head":"<!-- This site is optimized with the Yoast SEO plugin v27.1.1 - https:\/\/yoast.com\/product\/yoast-seo-wordpress\/ -->\n<title>Open Up | M\u00f6bel Bise | M\u00f6belgesch\u00e4ft | M\u00f6bel | Freiburg | Bulle<\/title>\n<meta name=\"robots\" content=\"index, follow, max-snippet:-1, max-image-preview:large, max-video-preview:-1\" \/>\n<link rel=\"canonical\" href=\"https:\/\/www.bise.ch\/de\/produit\/open-up\/\" \/>\n<meta property=\"og:locale\" content=\"de_DE\" \/>\n<meta property=\"og:type\" content=\"article\" \/>\n<meta property=\"og:title\" content=\"Open Up | M\u00f6bel Bise | M\u00f6belgesch\u00e4ft | M\u00f6bel | Freiburg | Bulle\" \/>\n<meta property=\"og:description\" content=\"B\u00fcrostuhl\" \/>\n<meta property=\"og:url\" content=\"https:\/\/www.bise.ch\/de\/produit\/open-up\/\" \/>\n<meta property=\"og:site_name\" content=\"M\u00f6bel Bise | M\u00f6belgesch\u00e4ft | M\u00f6bel | Freiburg | Bulle\" \/>\n<meta property=\"article:publisher\" content=\"https:\/\/www.facebook.com\/bisemeubles\/\" \/>\n<meta property=\"article:modified_time\" content=\"2024-09-10T21:00:21+00:00\" \/>\n<meta property=\"og:image\" content=\"https:\/\/www.bise.ch\/wp-content\/uploads\/csm_sedus_open-up_slider_01_05_81e1295265-jpg.webp\" \/>\n\t<meta property=\"og:image:width\" content=\"1920\" \/>\n\t<meta property=\"og:image:height\" content=\"960\" \/>\n\t<meta property=\"og:image:type\" content=\"image\/jpeg\" \/>\n<meta name=\"twitter:card\" content=\"summary_large_image\" \/>\n<meta name=\"twitter:label1\" content=\"Gesch\u00e4tzte Lesezeit\" \/>\n\t<meta name=\"twitter:data1\" content=\"1\u00a0Minute\" \/>\n<script type=\"application\/ld+json\" class=\"yoast-schema-graph\">{\"@context\":\"https:\/\/schema.org\",\"@graph\":[{\"@type\":\"WebPage\",\"@id\":\"https:\/\/www.bise.ch\/de\/produit\/open-up\/\",\"url\":\"https:\/\/www.bise.ch\/de\/produit\/open-up\/\",\"name\":\"Open Up | M\u00f6bel Bise | M\u00f6belgesch\u00e4ft | M\u00f6bel | Freiburg | Bulle\",\"isPartOf\":{\"@id\":\"https:\/\/www.bise.ch\/de\/#website\"},\"primaryImageOfPage\":{\"@id\":\"https:\/\/www.bise.ch\/de\/produit\/open-up\/#primaryimage\"},\"image\":{\"@id\":\"https:\/\/www.bise.ch\/de\/produit\/open-up\/#primaryimage\"},\"thumbnailUrl\":\"https:\/\/www.bise.ch\/wp-content\/uploads\/csm_sedus_open-up_slider_01_05_81e1295265-jpg.webp\",\"datePublished\":\"2022-05-30T09:44:28+00:00\",\"dateModified\":\"2024-09-10T21:00:21+00:00\",\"breadcrumb\":{\"@id\":\"https:\/\/www.bise.ch\/de\/produit\/open-up\/#breadcrumb\"},\"inLanguage\":\"de\",\"potentialAction\":[{\"@type\":\"ReadAction\",\"target\":[\"https:\/\/www.bise.ch\/de\/produit\/open-up\/\"]}]},{\"@type\":\"ImageObject\",\"inLanguage\":\"de\",\"@id\":\"https:\/\/www.bise.ch\/de\/produit\/open-up\/#primaryimage\",\"url\":\"https:\/\/www.bise.ch\/wp-content\/uploads\/csm_sedus_open-up_slider_01_05_81e1295265-jpg.webp\",\"contentUrl\":\"https:\/\/www.bise.ch\/wp-content\/uploads\/csm_sedus_open-up_slider_01_05_81e1295265-jpg.webp\",\"width\":1920,\"height\":960,\"caption\":\"csm_sedus_open-up_slider_01_05_81e1295265\"},{\"@type\":\"BreadcrumbList\",\"@id\":\"https:\/\/www.bise.ch\/de\/produit\/open-up\/#breadcrumb\",\"itemListElement\":[{\"@type\":\"ListItem\",\"position\":1,\"name\":\"Startseite\",\"item\":\"https:\/\/www.bise.ch\/de\/\"},{\"@type\":\"ListItem\",\"position\":2,\"name\":\"Shop\",\"item\":\"https:\/\/www.bise.ch\/de\/shop\/\"},{\"@type\":\"ListItem\",\"position\":3,\"name\":\"Open Up\"}]},{\"@type\":\"WebSite\",\"@id\":\"https:\/\/www.bise.ch\/de\/#website\",\"url\":\"https:\/\/www.bise.ch\/de\/\",\"name\":\"Meubles Bise | Magasin de meubles | Mobilier | Fribourg | Bulle\",\"description\":\"Wir erwecken Ihre Ra\u0308ume zum Leben\",\"publisher\":{\"@id\":\"https:\/\/www.bise.ch\/de\/#organization\"},\"alternateName\":\"Georges Bise SA\",\"potentialAction\":[{\"@type\":\"SearchAction\",\"target\":{\"@type\":\"EntryPoint\",\"urlTemplate\":\"https:\/\/www.bise.ch\/de\/?s={search_term_string}\"},\"query-input\":{\"@type\":\"PropertyValueSpecification\",\"valueRequired\":true,\"valueName\":\"search_term_string\"}}],\"inLanguage\":\"de\"},{\"@type\":\"Organization\",\"@id\":\"https:\/\/www.bise.ch\/de\/#organization\",\"name\":\"M\u00f6bel Bise | M\u00f6belgesch\u00e4ft | M\u00f6bel | Freiburg | Bulle\",\"alternateName\":\"Georges Bise SA\",\"url\":\"https:\/\/www.bise.ch\/de\/\",\"logo\":{\"@type\":\"ImageObject\",\"inLanguage\":\"de\",\"@id\":\"https:\/\/www.bise.ch\/de\/#\/schema\/logo\/image\/\",\"url\":\"https:\/\/www.bise.ch\/wp-content\/uploads\/LogoBise.png\",\"contentUrl\":\"https:\/\/www.bise.ch\/wp-content\/uploads\/LogoBise.png\",\"width\":4267,\"height\":4267,\"caption\":\"M\u00f6bel Bise | M\u00f6belgesch\u00e4ft | M\u00f6bel | Freiburg | Bulle\"},\"image\":{\"@id\":\"https:\/\/www.bise.ch\/de\/#\/schema\/logo\/image\/\"},\"sameAs\":[\"https:\/\/www.facebook.com\/bisemeubles\/\",\"https:\/\/www.instagram.com\/bisemeubles\/\",\"https:\/\/ch.linkedin.com\/company\/bise-meubles-moebel\"]}]}<\/script>\n<!-- \/ Yoast SEO plugin. -->","yoast_head_json":{"title":"Open Up | M\u00f6bel Bise | M\u00f6belgesch\u00e4ft | M\u00f6bel | Freiburg | Bulle","robots":{"index":"index","follow":"follow","max-snippet":"max-snippet:-1","max-image-preview":"max-image-preview:large","max-video-preview":"max-video-preview:-1"},"canonical":"https:\/\/www.bise.ch\/de\/produit\/open-up\/","og_locale":"de_DE","og_type":"article","og_title":"Open Up | M\u00f6bel Bise | M\u00f6belgesch\u00e4ft | M\u00f6bel | Freiburg | Bulle","og_description":"B\u00fcrostuhl","og_url":"https:\/\/www.bise.ch\/de\/produit\/open-up\/","og_site_name":"M\u00f6bel Bise | M\u00f6belgesch\u00e4ft | M\u00f6bel | Freiburg | Bulle","article_publisher":"https:\/\/www.facebook.com\/bisemeubles\/","article_modified_time":"2024-09-10T21:00:21+00:00","og_image":[{"width":1920,"height":960,"url":"https:\/\/www.bise.ch\/wp-content\/uploads\/csm_sedus_open-up_slider_01_05_81e1295265-jpg.webp","type":"image\/jpeg"}],"twitter_card":"summary_large_image","twitter_misc":{"Gesch\u00e4tzte Lesezeit":"1\u00a0Minute"},"schema":{"@context":"https:\/\/schema.org","@graph":[{"@type":"WebPage","@id":"https:\/\/www.bise.ch\/de\/produit\/open-up\/","url":"https:\/\/www.bise.ch\/de\/produit\/open-up\/","name":"Open Up | M\u00f6bel Bise | M\u00f6belgesch\u00e4ft | M\u00f6bel | Freiburg | Bulle","isPartOf":{"@id":"https:\/\/www.bise.ch\/de\/#website"},"primaryImageOfPage":{"@id":"https:\/\/www.bise.ch\/de\/produit\/open-up\/#primaryimage"},"image":{"@id":"https:\/\/www.bise.ch\/de\/produit\/open-up\/#primaryimage"},"thumbnailUrl":"https:\/\/www.bise.ch\/wp-content\/uploads\/csm_sedus_open-up_slider_01_05_81e1295265-jpg.webp","datePublished":"2022-05-30T09:44:28+00:00","dateModified":"2024-09-10T21:00:21+00:00","breadcrumb":{"@id":"https:\/\/www.bise.ch\/de\/produit\/open-up\/#breadcrumb"},"inLanguage":"de","potentialAction":[{"@type":"ReadAction","target":["https:\/\/www.bise.ch\/de\/produit\/open-up\/"]}]},{"@type":"ImageObject","inLanguage":"de","@id":"https:\/\/www.bise.ch\/de\/produit\/open-up\/#primaryimage","url":"https:\/\/www.bise.ch\/wp-content\/uploads\/csm_sedus_open-up_slider_01_05_81e1295265-jpg.webp","contentUrl":"https:\/\/www.bise.ch\/wp-content\/uploads\/csm_sedus_open-up_slider_01_05_81e1295265-jpg.webp","width":1920,"height":960,"caption":"csm_sedus_open-up_slider_01_05_81e1295265"},{"@type":"BreadcrumbList","@id":"https:\/\/www.bise.ch\/de\/produit\/open-up\/#breadcrumb","itemListElement":[{"@type":"ListItem","position":1,"name":"Startseite","item":"https:\/\/www.bise.ch\/de\/"},{"@type":"ListItem","position":2,"name":"Shop","item":"https:\/\/www.bise.ch\/de\/shop\/"},{"@type":"ListItem","position":3,"name":"Open Up"}]},{"@type":"WebSite","@id":"https:\/\/www.bise.ch\/de\/#website","url":"https:\/\/www.bise.ch\/de\/","name":"Meubles Bise | Magasin de meubles | Mobilier | Fribourg | Bulle","description":"Wir erwecken Ihre Ra\u0308ume zum Leben","publisher":{"@id":"https:\/\/www.bise.ch\/de\/#organization"},"alternateName":"Georges Bise SA","potentialAction":[{"@type":"SearchAction","target":{"@type":"EntryPoint","urlTemplate":"https:\/\/www.bise.ch\/de\/?s={search_term_string}"},"query-input":{"@type":"PropertyValueSpecification","valueRequired":true,"valueName":"search_term_string"}}],"inLanguage":"de"},{"@type":"Organization","@id":"https:\/\/www.bise.ch\/de\/#organization","name":"M\u00f6bel Bise | M\u00f6belgesch\u00e4ft | M\u00f6bel | Freiburg | Bulle","alternateName":"Georges Bise SA","url":"https:\/\/www.bise.ch\/de\/","logo":{"@type":"ImageObject","inLanguage":"de","@id":"https:\/\/www.bise.ch\/de\/#\/schema\/logo\/image\/","url":"https:\/\/www.bise.ch\/wp-content\/uploads\/LogoBise.png","contentUrl":"https:\/\/www.bise.ch\/wp-content\/uploads\/LogoBise.png","width":4267,"height":4267,"caption":"M\u00f6bel Bise | M\u00f6belgesch\u00e4ft | M\u00f6bel | Freiburg | Bulle"},"image":{"@id":"https:\/\/www.bise.ch\/de\/#\/schema\/logo\/image\/"},"sameAs":["https:\/\/www.facebook.com\/bisemeubles\/","https:\/\/www.instagram.com\/bisemeubles\/","https:\/\/ch.linkedin.com\/company\/bise-meubles-moebel"]}]}},"_links":{"self":[{"href":"https:\/\/www.bise.ch\/de\/wp-json\/wp\/v2\/product\/56139","targetHints":{"allow":["GET"]}}],"collection":[{"href":"https:\/\/www.bise.ch\/de\/wp-json\/wp\/v2\/product"}],"about":[{"href":"https:\/\/www.bise.ch\/de\/wp-json\/wp\/v2\/types\/product"}],"wp:featuredmedia":[{"embeddable":true,"href":"https:\/\/www.bise.ch\/de\/wp-json\/wp\/v2\/media\/52120"}],"wp:attachment":[{"href":"https:\/\/www.bise.ch\/de\/wp-json\/wp\/v2\/media?parent=56139"}],"wp:term":[{"taxonomy":"product_brand","embeddable":true,"href":"https:\/\/www.bise.ch\/de\/wp-json\/wp\/v2\/product_brand?post=56139"},{"taxonomy":"product_cat","embeddable":true,"href":"https:\/\/www.bise.ch\/de\/wp-json\/wp\/v2\/product_cat?post=56139"},{"taxonomy":"product_tag","embeddable":true,"href":"https:\/\/www.bise.ch\/de\/wp-json\/wp\/v2\/product_tag?post=56139"}],"curies":[{"name":"wp","href":"https:\/\/api.w.org\/{rel}","templated":true}]}}