{"id":56149,"date":"2022-05-04T14:59:19","date_gmt":"2022-05-04T12:59:19","guid":{"rendered":"https:\/\/bise.ch\/produit\/orgatower\/"},"modified":"2024-09-10T14:55:16","modified_gmt":"2024-09-10T12:55:16","slug":"orgatower","status":"publish","type":"product","link":"https:\/\/www.bise.ch\/de\/produit\/orgatower\/","title":{"rendered":"Orgatower"},"content":{"rendered":"<p>Das Raumsparprogramm<\/p>\n<p>In einer Arbeitswelt, in der die Anforderungen an Platz, Kosteneffizienz und Personalisierung st\u00e4ndig steigen, bietet der SITAG ORGATOWER eine geeignete L\u00f6sung, um mehr Archivierung zu erreichen und gleichzeitig den Bedarf an Flexibilit\u00e4t und Anpassungsf\u00e4higkeit im Anwendungsbereich zu ber\u00fccksichtigen.<\/p>\n<p>Der SITAGORGATOWER ist die ideale Erg\u00e4nzung zum Tischprogramm SITAGACTIVE und bietet ausreichend Stauraum und Archivierungsm\u00f6glichkeiten direkt auf dem Arbeitstisch, und das auf einer begrenzten Fl\u00e4che. Der Archivraum auf der oberen Ebene erm\u00f6glicht auch das Arbeiten im Stehen. Der SITAGORGATOWER bietet nicht nur eine Raumtrennung, sondern reduziert auch den Ger\u00e4uschpegel im B\u00fcro in Verbindung mit einem Akustikpaneel.&nbsp;Er ist in drei Versionen in verschiedenen Gr\u00f6\u00dfen erh\u00e4ltlich&nbsp;: SITAG ORGATOWER BASIC, SITAG ORGATOWER LIGHT und SITAG ORGATOWER&nbsp;und bietet dem Benutzer die M\u00f6glichkeit, alles zu verstauen.<\/p>\n<p>Was Sie brauchen, ist an Ihrem Arbeitsplatz sofort verf\u00fcgbar.<\/p>\n<p>Sein vielseitiges Design zeigt sich in seinen vielseitigen Ausstattungsdetails, wie z.B. die Verwendung links oder rechts vom angrenzenden Arbeitstisch, sowie in den zahlreichen Aufbewahrungsm\u00f6glichkeiten.<\/p>\n<p><strong>Vorteile und Nutzen<\/strong><\/p>\n<ul>\n<li>erhebliche Optimierung der Fl\u00e4chennutzung<\/li>\n<li>zus\u00e4tzlicher Stauraum in Reichweite<\/li>\n<li>vielseitiger Ersatz f\u00fcr K\u00e4sten oder Einkaufswagen<\/li>\n<li>Dank der Ablagefl\u00e4che auf der oberen Ebene k\u00f6nnen Sie auch im Stehen arbeiten. Im ausgezogenen Zustand eignet sich diese Oberfl\u00e4che als Arbeitsfl\u00e4che, im zusammengedr\u00fcckten Zustand dient sie als Laptopfach.<\/li>\n<li>Nischenl\u00f6sung f\u00fcr den Arbeitsplatz<\/li>\n<li>Verbesserung der Akustik (idealerweise mit einer akustischen Trennwand zwischen den Arbeitspl\u00e4tzen)<\/li>\n<li>Nutzung f\u00fcr verschiedene Standardarbeitspl\u00e4tze, Flexibilit\u00e4t durch Standardregale (Ordner, B\u00fcromaterial, pers\u00f6nliche Tasche, etc.).<\/li>\n<li>mehr Privatsph\u00e4re und privaten Raum im B\u00fcro<\/li>\n<li>Zentralverriegelung<\/li>\n<li>sanftes Schlie\u00dfen<\/li>\n<li>schwimmende Konstruktion (keine Rollspuren auf dem Boden)<\/li>\n<\/ul>\n","protected":false},"excerpt":{"rendered":"<p>M\u00f6bel<\/p>\n","protected":false},"featured_media":51901,"template":"","meta":{"_et_pb_use_builder":"","_et_pb_old_content":"","_et_gb_content_width":""},"product_brand":[4343],"product_cat":[334],"product_tag":[],"class_list":{"0":"post-56149","1":"product","2":"type-product","3":"status-publish","4":"has-post-thumbnail","6":"product_brand-sitag_de","7":"product_cat-organisationssystem","8":"pa_designation_de-mobel-de","9":"pa_designation_fr-mobel","11":"first","12":"instock","13":"shipping-taxable","14":"purchasable","15":"product-type-simple"},"yoast_head":"<!-- This site is optimized with the Yoast SEO plugin v27.1.1 - https:\/\/yoast.com\/product\/yoast-seo-wordpress\/ -->\n<title>Orgatower | M\u00f6bel Bise | M\u00f6belgesch\u00e4ft | M\u00f6bel | Freiburg | Bulle<\/title>\n<meta name=\"robots\" content=\"index, follow, max-snippet:-1, max-image-preview:large, max-video-preview:-1\" \/>\n<link rel=\"canonical\" href=\"https:\/\/www.bise.ch\/de\/produit\/orgatower\/\" \/>\n<meta property=\"og:locale\" content=\"de_DE\" \/>\n<meta property=\"og:type\" content=\"article\" \/>\n<meta property=\"og:title\" content=\"Orgatower | M\u00f6bel Bise | M\u00f6belgesch\u00e4ft | M\u00f6bel | Freiburg | Bulle\" \/>\n<meta property=\"og:description\" content=\"M\u00f6bel\" \/>\n<meta property=\"og:url\" content=\"https:\/\/www.bise.ch\/de\/produit\/orgatower\/\" \/>\n<meta property=\"og:site_name\" content=\"M\u00f6bel Bise | M\u00f6belgesch\u00e4ft | M\u00f6bel | Freiburg | Bulle\" \/>\n<meta property=\"article:publisher\" content=\"https:\/\/www.facebook.com\/bisemeubles\/\" \/>\n<meta property=\"article:modified_time\" content=\"2024-09-10T12:55:16+00:00\" \/>\n<meta property=\"og:image\" content=\"https:\/\/www.bise.ch\/wp-content\/uploads\/sitag-orgatower-geschlossen-001r1920x1080-jpg.webp\" \/>\n\t<meta property=\"og:image:width\" content=\"1300\" \/>\n\t<meta property=\"og:image:height\" content=\"730\" \/>\n\t<meta property=\"og:image:type\" content=\"image\/jpeg\" \/>\n<meta name=\"twitter:card\" content=\"summary_large_image\" \/>\n<meta name=\"twitter:label1\" content=\"Gesch\u00e4tzte Lesezeit\" \/>\n\t<meta name=\"twitter:data1\" content=\"1\u00a0Minute\" \/>\n<script type=\"application\/ld+json\" class=\"yoast-schema-graph\">{\"@context\":\"https:\/\/schema.org\",\"@graph\":[{\"@type\":\"WebPage\",\"@id\":\"https:\/\/www.bise.ch\/de\/produit\/orgatower\/\",\"url\":\"https:\/\/www.bise.ch\/de\/produit\/orgatower\/\",\"name\":\"Orgatower | M\u00f6bel Bise | M\u00f6belgesch\u00e4ft | M\u00f6bel | Freiburg | Bulle\",\"isPartOf\":{\"@id\":\"https:\/\/www.bise.ch\/de\/#website\"},\"primaryImageOfPage\":{\"@id\":\"https:\/\/www.bise.ch\/de\/produit\/orgatower\/#primaryimage\"},\"image\":{\"@id\":\"https:\/\/www.bise.ch\/de\/produit\/orgatower\/#primaryimage\"},\"thumbnailUrl\":\"https:\/\/www.bise.ch\/wp-content\/uploads\/sitag-orgatower-geschlossen-001r1920x1080-jpg.webp\",\"datePublished\":\"2022-05-04T12:59:19+00:00\",\"dateModified\":\"2024-09-10T12:55:16+00:00\",\"breadcrumb\":{\"@id\":\"https:\/\/www.bise.ch\/de\/produit\/orgatower\/#breadcrumb\"},\"inLanguage\":\"de\",\"potentialAction\":[{\"@type\":\"ReadAction\",\"target\":[\"https:\/\/www.bise.ch\/de\/produit\/orgatower\/\"]}]},{\"@type\":\"ImageObject\",\"inLanguage\":\"de\",\"@id\":\"https:\/\/www.bise.ch\/de\/produit\/orgatower\/#primaryimage\",\"url\":\"https:\/\/www.bise.ch\/wp-content\/uploads\/sitag-orgatower-geschlossen-001r1920x1080-jpg.webp\",\"contentUrl\":\"https:\/\/www.bise.ch\/wp-content\/uploads\/sitag-orgatower-geschlossen-001r1920x1080-jpg.webp\",\"width\":1300,\"height\":730,\"caption\":\"sitag-orgatower-geschlossen-001r1920x1080\"},{\"@type\":\"BreadcrumbList\",\"@id\":\"https:\/\/www.bise.ch\/de\/produit\/orgatower\/#breadcrumb\",\"itemListElement\":[{\"@type\":\"ListItem\",\"position\":1,\"name\":\"Startseite\",\"item\":\"https:\/\/www.bise.ch\/de\/\"},{\"@type\":\"ListItem\",\"position\":2,\"name\":\"Shop\",\"item\":\"https:\/\/www.bise.ch\/de\/shop\/\"},{\"@type\":\"ListItem\",\"position\":3,\"name\":\"Orgatower\"}]},{\"@type\":\"WebSite\",\"@id\":\"https:\/\/www.bise.ch\/de\/#website\",\"url\":\"https:\/\/www.bise.ch\/de\/\",\"name\":\"Meubles Bise | Magasin de meubles | Mobilier | Fribourg | Bulle\",\"description\":\"Wir erwecken Ihre Ra\u0308ume zum Leben\",\"publisher\":{\"@id\":\"https:\/\/www.bise.ch\/de\/#organization\"},\"alternateName\":\"Georges Bise SA\",\"potentialAction\":[{\"@type\":\"SearchAction\",\"target\":{\"@type\":\"EntryPoint\",\"urlTemplate\":\"https:\/\/www.bise.ch\/de\/?s={search_term_string}\"},\"query-input\":{\"@type\":\"PropertyValueSpecification\",\"valueRequired\":true,\"valueName\":\"search_term_string\"}}],\"inLanguage\":\"de\"},{\"@type\":\"Organization\",\"@id\":\"https:\/\/www.bise.ch\/de\/#organization\",\"name\":\"M\u00f6bel Bise | M\u00f6belgesch\u00e4ft | M\u00f6bel | Freiburg | Bulle\",\"alternateName\":\"Georges Bise SA\",\"url\":\"https:\/\/www.bise.ch\/de\/\",\"logo\":{\"@type\":\"ImageObject\",\"inLanguage\":\"de\",\"@id\":\"https:\/\/www.bise.ch\/de\/#\/schema\/logo\/image\/\",\"url\":\"https:\/\/www.bise.ch\/wp-content\/uploads\/LogoBise.png\",\"contentUrl\":\"https:\/\/www.bise.ch\/wp-content\/uploads\/LogoBise.png\",\"width\":4267,\"height\":4267,\"caption\":\"M\u00f6bel Bise | M\u00f6belgesch\u00e4ft | M\u00f6bel | Freiburg | Bulle\"},\"image\":{\"@id\":\"https:\/\/www.bise.ch\/de\/#\/schema\/logo\/image\/\"},\"sameAs\":[\"https:\/\/www.facebook.com\/bisemeubles\/\",\"https:\/\/www.instagram.com\/bisemeubles\/\",\"https:\/\/ch.linkedin.com\/company\/bise-meubles-moebel\"]}]}<\/script>\n<!-- \/ Yoast SEO plugin. -->","yoast_head_json":{"title":"Orgatower | M\u00f6bel Bise | M\u00f6belgesch\u00e4ft | M\u00f6bel | Freiburg | Bulle","robots":{"index":"index","follow":"follow","max-snippet":"max-snippet:-1","max-image-preview":"max-image-preview:large","max-video-preview":"max-video-preview:-1"},"canonical":"https:\/\/www.bise.ch\/de\/produit\/orgatower\/","og_locale":"de_DE","og_type":"article","og_title":"Orgatower | M\u00f6bel Bise | M\u00f6belgesch\u00e4ft | M\u00f6bel | Freiburg | Bulle","og_description":"M\u00f6bel","og_url":"https:\/\/www.bise.ch\/de\/produit\/orgatower\/","og_site_name":"M\u00f6bel Bise | M\u00f6belgesch\u00e4ft | M\u00f6bel | Freiburg | Bulle","article_publisher":"https:\/\/www.facebook.com\/bisemeubles\/","article_modified_time":"2024-09-10T12:55:16+00:00","og_image":[{"width":1300,"height":730,"url":"https:\/\/www.bise.ch\/wp-content\/uploads\/sitag-orgatower-geschlossen-001r1920x1080-jpg.webp","type":"image\/jpeg"}],"twitter_card":"summary_large_image","twitter_misc":{"Gesch\u00e4tzte Lesezeit":"1\u00a0Minute"},"schema":{"@context":"https:\/\/schema.org","@graph":[{"@type":"WebPage","@id":"https:\/\/www.bise.ch\/de\/produit\/orgatower\/","url":"https:\/\/www.bise.ch\/de\/produit\/orgatower\/","name":"Orgatower | M\u00f6bel Bise | M\u00f6belgesch\u00e4ft | M\u00f6bel | Freiburg | Bulle","isPartOf":{"@id":"https:\/\/www.bise.ch\/de\/#website"},"primaryImageOfPage":{"@id":"https:\/\/www.bise.ch\/de\/produit\/orgatower\/#primaryimage"},"image":{"@id":"https:\/\/www.bise.ch\/de\/produit\/orgatower\/#primaryimage"},"thumbnailUrl":"https:\/\/www.bise.ch\/wp-content\/uploads\/sitag-orgatower-geschlossen-001r1920x1080-jpg.webp","datePublished":"2022-05-04T12:59:19+00:00","dateModified":"2024-09-10T12:55:16+00:00","breadcrumb":{"@id":"https:\/\/www.bise.ch\/de\/produit\/orgatower\/#breadcrumb"},"inLanguage":"de","potentialAction":[{"@type":"ReadAction","target":["https:\/\/www.bise.ch\/de\/produit\/orgatower\/"]}]},{"@type":"ImageObject","inLanguage":"de","@id":"https:\/\/www.bise.ch\/de\/produit\/orgatower\/#primaryimage","url":"https:\/\/www.bise.ch\/wp-content\/uploads\/sitag-orgatower-geschlossen-001r1920x1080-jpg.webp","contentUrl":"https:\/\/www.bise.ch\/wp-content\/uploads\/sitag-orgatower-geschlossen-001r1920x1080-jpg.webp","width":1300,"height":730,"caption":"sitag-orgatower-geschlossen-001r1920x1080"},{"@type":"BreadcrumbList","@id":"https:\/\/www.bise.ch\/de\/produit\/orgatower\/#breadcrumb","itemListElement":[{"@type":"ListItem","position":1,"name":"Startseite","item":"https:\/\/www.bise.ch\/de\/"},{"@type":"ListItem","position":2,"name":"Shop","item":"https:\/\/www.bise.ch\/de\/shop\/"},{"@type":"ListItem","position":3,"name":"Orgatower"}]},{"@type":"WebSite","@id":"https:\/\/www.bise.ch\/de\/#website","url":"https:\/\/www.bise.ch\/de\/","name":"Meubles Bise | Magasin de meubles | Mobilier | Fribourg | Bulle","description":"Wir erwecken Ihre Ra\u0308ume zum Leben","publisher":{"@id":"https:\/\/www.bise.ch\/de\/#organization"},"alternateName":"Georges Bise SA","potentialAction":[{"@type":"SearchAction","target":{"@type":"EntryPoint","urlTemplate":"https:\/\/www.bise.ch\/de\/?s={search_term_string}"},"query-input":{"@type":"PropertyValueSpecification","valueRequired":true,"valueName":"search_term_string"}}],"inLanguage":"de"},{"@type":"Organization","@id":"https:\/\/www.bise.ch\/de\/#organization","name":"M\u00f6bel Bise | M\u00f6belgesch\u00e4ft | M\u00f6bel | Freiburg | Bulle","alternateName":"Georges Bise SA","url":"https:\/\/www.bise.ch\/de\/","logo":{"@type":"ImageObject","inLanguage":"de","@id":"https:\/\/www.bise.ch\/de\/#\/schema\/logo\/image\/","url":"https:\/\/www.bise.ch\/wp-content\/uploads\/LogoBise.png","contentUrl":"https:\/\/www.bise.ch\/wp-content\/uploads\/LogoBise.png","width":4267,"height":4267,"caption":"M\u00f6bel Bise | M\u00f6belgesch\u00e4ft | M\u00f6bel | Freiburg | Bulle"},"image":{"@id":"https:\/\/www.bise.ch\/de\/#\/schema\/logo\/image\/"},"sameAs":["https:\/\/www.facebook.com\/bisemeubles\/","https:\/\/www.instagram.com\/bisemeubles\/","https:\/\/ch.linkedin.com\/company\/bise-meubles-moebel"]}]}},"_links":{"self":[{"href":"https:\/\/www.bise.ch\/de\/wp-json\/wp\/v2\/product\/56149","targetHints":{"allow":["GET"]}}],"collection":[{"href":"https:\/\/www.bise.ch\/de\/wp-json\/wp\/v2\/product"}],"about":[{"href":"https:\/\/www.bise.ch\/de\/wp-json\/wp\/v2\/types\/product"}],"wp:featuredmedia":[{"embeddable":true,"href":"https:\/\/www.bise.ch\/de\/wp-json\/wp\/v2\/media\/51901"}],"wp:attachment":[{"href":"https:\/\/www.bise.ch\/de\/wp-json\/wp\/v2\/media?parent=56149"}],"wp:term":[{"taxonomy":"product_brand","embeddable":true,"href":"https:\/\/www.bise.ch\/de\/wp-json\/wp\/v2\/product_brand?post=56149"},{"taxonomy":"product_cat","embeddable":true,"href":"https:\/\/www.bise.ch\/de\/wp-json\/wp\/v2\/product_cat?post=56149"},{"taxonomy":"product_tag","embeddable":true,"href":"https:\/\/www.bise.ch\/de\/wp-json\/wp\/v2\/product_tag?post=56149"}],"curies":[{"name":"wp","href":"https:\/\/api.w.org\/{rel}","templated":true}]}}