{"id":56152,"date":"2022-03-04T14:10:24","date_gmt":"2022-03-04T13:10:24","guid":{"rendered":"https:\/\/bise.ch\/produit\/social-plus\/"},"modified":"2024-09-10T14:55:15","modified_gmt":"2024-09-10T12:55:15","slug":"social-plus","status":"publish","type":"product","link":"https:\/\/www.bise.ch\/de\/produit\/social-plus\/","title":{"rendered":"Social Plus"},"content":{"rendered":"<p>Social Plus ist ein modulares, modulares System aus linearen und eckigen, tiefen und breiten Sitzgelegenheiten, die f\u00fcr gesellige Momente bereitstehen. Zwei, drei oder vier lineare und Eck-Sitzsysteme aus Polyurethanschaum mit elastischen Gurten in der R\u00fcckenlehne und im Sitz, Stahlrahmen und F\u00fc\u00dfe aus druckgegossenem Aluminium, die nur an den Enden angebracht sind.<\/p>\n","protected":false},"excerpt":{"rendered":"<p>Sofa<\/p>\n","protected":false},"featured_media":51328,"template":"","meta":{"_et_pb_use_builder":"","_et_pb_old_content":"","_et_gb_content_width":""},"product_brand":[4331],"product_cat":[454,461],"product_tag":[],"class_list":{"0":"post-56152","1":"product","2":"type-product","3":"status-publish","4":"has-post-thumbnail","6":"product_brand-pedrali_de","7":"product_cat-sofas-rezeption","8":"product_cat-sofas-objekt","9":"pa_designation_de-sofa-de","10":"pa_designation_fr-sofa","12":"first","13":"instock","14":"shipping-taxable","15":"purchasable","16":"product-type-simple"},"yoast_head":"<!-- This site is optimized with the Yoast SEO plugin v27.1.1 - https:\/\/yoast.com\/product\/yoast-seo-wordpress\/ -->\n<title>Social Plus | M\u00f6bel Bise | M\u00f6belgesch\u00e4ft | M\u00f6bel | Freiburg | Bulle<\/title>\n<meta name=\"robots\" content=\"index, follow, max-snippet:-1, max-image-preview:large, max-video-preview:-1\" \/>\n<link rel=\"canonical\" href=\"https:\/\/www.bise.ch\/de\/produit\/social-plus\/\" \/>\n<meta property=\"og:locale\" content=\"de_DE\" \/>\n<meta property=\"og:type\" content=\"article\" \/>\n<meta property=\"og:title\" content=\"Social Plus | M\u00f6bel Bise | M\u00f6belgesch\u00e4ft | M\u00f6bel | Freiburg | Bulle\" \/>\n<meta property=\"og:description\" content=\"Sofa\" \/>\n<meta property=\"og:url\" content=\"https:\/\/www.bise.ch\/de\/produit\/social-plus\/\" \/>\n<meta property=\"og:site_name\" content=\"M\u00f6bel Bise | M\u00f6belgesch\u00e4ft | M\u00f6bel | Freiburg | Bulle\" \/>\n<meta property=\"article:publisher\" content=\"https:\/\/www.facebook.com\/bisemeubles\/\" \/>\n<meta property=\"article:modified_time\" content=\"2024-09-10T12:55:15+00:00\" \/>\n<meta property=\"og:image\" content=\"https:\/\/www.bise.ch\/wp-content\/uploads\/canape-social-plus-lounge-patrick-jouin-pedrali-ds02-aluminium-garni-mousse-2-ou-3-places-canape-designers-patrick-jouin-1532-17085-jpg.webp\" \/>\n\t<meta property=\"og:image:width\" content=\"1130\" \/>\n\t<meta property=\"og:image:height\" content=\"520\" \/>\n\t<meta property=\"og:image:type\" content=\"image\/jpeg\" \/>\n<meta name=\"twitter:card\" content=\"summary_large_image\" \/>\n<script type=\"application\/ld+json\" class=\"yoast-schema-graph\">{\"@context\":\"https:\/\/schema.org\",\"@graph\":[{\"@type\":\"WebPage\",\"@id\":\"https:\/\/www.bise.ch\/de\/produit\/social-plus\/\",\"url\":\"https:\/\/www.bise.ch\/de\/produit\/social-plus\/\",\"name\":\"Social Plus | M\u00f6bel Bise | M\u00f6belgesch\u00e4ft | M\u00f6bel | Freiburg | Bulle\",\"isPartOf\":{\"@id\":\"https:\/\/www.bise.ch\/de\/#website\"},\"primaryImageOfPage\":{\"@id\":\"https:\/\/www.bise.ch\/de\/produit\/social-plus\/#primaryimage\"},\"image\":{\"@id\":\"https:\/\/www.bise.ch\/de\/produit\/social-plus\/#primaryimage\"},\"thumbnailUrl\":\"https:\/\/www.bise.ch\/wp-content\/uploads\/canape-social-plus-lounge-patrick-jouin-pedrali-ds02-aluminium-garni-mousse-2-ou-3-places-canape-designers-patrick-jouin-1532-17085-jpg.webp\",\"datePublished\":\"2022-03-04T13:10:24+00:00\",\"dateModified\":\"2024-09-10T12:55:15+00:00\",\"breadcrumb\":{\"@id\":\"https:\/\/www.bise.ch\/de\/produit\/social-plus\/#breadcrumb\"},\"inLanguage\":\"de\",\"potentialAction\":[{\"@type\":\"ReadAction\",\"target\":[\"https:\/\/www.bise.ch\/de\/produit\/social-plus\/\"]}]},{\"@type\":\"ImageObject\",\"inLanguage\":\"de\",\"@id\":\"https:\/\/www.bise.ch\/de\/produit\/social-plus\/#primaryimage\",\"url\":\"https:\/\/www.bise.ch\/wp-content\/uploads\/canape-social-plus-lounge-patrick-jouin-pedrali-ds02-aluminium-garni-mousse-2-ou-3-places-canape-designers-patrick-jouin-1532-17085-jpg.webp\",\"contentUrl\":\"https:\/\/www.bise.ch\/wp-content\/uploads\/canape-social-plus-lounge-patrick-jouin-pedrali-ds02-aluminium-garni-mousse-2-ou-3-places-canape-designers-patrick-jouin-1532-17085-jpg.webp\",\"width\":1130,\"height\":520,\"caption\":\"Sofa-social-plus-lounge-patrick-jouin-pedrali-ds02-aluminium-garniert-gesch\u00e4umt-2-oder-3-Sitzer-canape-designers-patrick-jouin-1532-17085\"},{\"@type\":\"BreadcrumbList\",\"@id\":\"https:\/\/www.bise.ch\/de\/produit\/social-plus\/#breadcrumb\",\"itemListElement\":[{\"@type\":\"ListItem\",\"position\":1,\"name\":\"Startseite\",\"item\":\"https:\/\/www.bise.ch\/de\/\"},{\"@type\":\"ListItem\",\"position\":2,\"name\":\"Shop\",\"item\":\"https:\/\/www.bise.ch\/de\/shop\/\"},{\"@type\":\"ListItem\",\"position\":3,\"name\":\"Social Plus\"}]},{\"@type\":\"WebSite\",\"@id\":\"https:\/\/www.bise.ch\/de\/#website\",\"url\":\"https:\/\/www.bise.ch\/de\/\",\"name\":\"Meubles Bise | Magasin de meubles | Mobilier | Fribourg | Bulle\",\"description\":\"Wir erwecken Ihre Ra\u0308ume zum Leben\",\"publisher\":{\"@id\":\"https:\/\/www.bise.ch\/de\/#organization\"},\"alternateName\":\"Georges Bise SA\",\"potentialAction\":[{\"@type\":\"SearchAction\",\"target\":{\"@type\":\"EntryPoint\",\"urlTemplate\":\"https:\/\/www.bise.ch\/de\/?s={search_term_string}\"},\"query-input\":{\"@type\":\"PropertyValueSpecification\",\"valueRequired\":true,\"valueName\":\"search_term_string\"}}],\"inLanguage\":\"de\"},{\"@type\":\"Organization\",\"@id\":\"https:\/\/www.bise.ch\/de\/#organization\",\"name\":\"M\u00f6bel Bise | M\u00f6belgesch\u00e4ft | M\u00f6bel | Freiburg | Bulle\",\"alternateName\":\"Georges Bise SA\",\"url\":\"https:\/\/www.bise.ch\/de\/\",\"logo\":{\"@type\":\"ImageObject\",\"inLanguage\":\"de\",\"@id\":\"https:\/\/www.bise.ch\/de\/#\/schema\/logo\/image\/\",\"url\":\"https:\/\/www.bise.ch\/wp-content\/uploads\/LogoBise.png\",\"contentUrl\":\"https:\/\/www.bise.ch\/wp-content\/uploads\/LogoBise.png\",\"width\":4267,\"height\":4267,\"caption\":\"M\u00f6bel Bise | M\u00f6belgesch\u00e4ft | M\u00f6bel | Freiburg | Bulle\"},\"image\":{\"@id\":\"https:\/\/www.bise.ch\/de\/#\/schema\/logo\/image\/\"},\"sameAs\":[\"https:\/\/www.facebook.com\/bisemeubles\/\",\"https:\/\/www.instagram.com\/bisemeubles\/\",\"https:\/\/ch.linkedin.com\/company\/bise-meubles-moebel\"]}]}<\/script>\n<!-- \/ Yoast SEO plugin. -->","yoast_head_json":{"title":"Social Plus | M\u00f6bel Bise | M\u00f6belgesch\u00e4ft | M\u00f6bel | Freiburg | Bulle","robots":{"index":"index","follow":"follow","max-snippet":"max-snippet:-1","max-image-preview":"max-image-preview:large","max-video-preview":"max-video-preview:-1"},"canonical":"https:\/\/www.bise.ch\/de\/produit\/social-plus\/","og_locale":"de_DE","og_type":"article","og_title":"Social Plus | M\u00f6bel Bise | M\u00f6belgesch\u00e4ft | M\u00f6bel | Freiburg | Bulle","og_description":"Sofa","og_url":"https:\/\/www.bise.ch\/de\/produit\/social-plus\/","og_site_name":"M\u00f6bel Bise | M\u00f6belgesch\u00e4ft | M\u00f6bel | Freiburg | Bulle","article_publisher":"https:\/\/www.facebook.com\/bisemeubles\/","article_modified_time":"2024-09-10T12:55:15+00:00","og_image":[{"width":1130,"height":520,"url":"https:\/\/www.bise.ch\/wp-content\/uploads\/canape-social-plus-lounge-patrick-jouin-pedrali-ds02-aluminium-garni-mousse-2-ou-3-places-canape-designers-patrick-jouin-1532-17085-jpg.webp","type":"image\/jpeg"}],"twitter_card":"summary_large_image","schema":{"@context":"https:\/\/schema.org","@graph":[{"@type":"WebPage","@id":"https:\/\/www.bise.ch\/de\/produit\/social-plus\/","url":"https:\/\/www.bise.ch\/de\/produit\/social-plus\/","name":"Social Plus | M\u00f6bel Bise | M\u00f6belgesch\u00e4ft | M\u00f6bel | Freiburg | Bulle","isPartOf":{"@id":"https:\/\/www.bise.ch\/de\/#website"},"primaryImageOfPage":{"@id":"https:\/\/www.bise.ch\/de\/produit\/social-plus\/#primaryimage"},"image":{"@id":"https:\/\/www.bise.ch\/de\/produit\/social-plus\/#primaryimage"},"thumbnailUrl":"https:\/\/www.bise.ch\/wp-content\/uploads\/canape-social-plus-lounge-patrick-jouin-pedrali-ds02-aluminium-garni-mousse-2-ou-3-places-canape-designers-patrick-jouin-1532-17085-jpg.webp","datePublished":"2022-03-04T13:10:24+00:00","dateModified":"2024-09-10T12:55:15+00:00","breadcrumb":{"@id":"https:\/\/www.bise.ch\/de\/produit\/social-plus\/#breadcrumb"},"inLanguage":"de","potentialAction":[{"@type":"ReadAction","target":["https:\/\/www.bise.ch\/de\/produit\/social-plus\/"]}]},{"@type":"ImageObject","inLanguage":"de","@id":"https:\/\/www.bise.ch\/de\/produit\/social-plus\/#primaryimage","url":"https:\/\/www.bise.ch\/wp-content\/uploads\/canape-social-plus-lounge-patrick-jouin-pedrali-ds02-aluminium-garni-mousse-2-ou-3-places-canape-designers-patrick-jouin-1532-17085-jpg.webp","contentUrl":"https:\/\/www.bise.ch\/wp-content\/uploads\/canape-social-plus-lounge-patrick-jouin-pedrali-ds02-aluminium-garni-mousse-2-ou-3-places-canape-designers-patrick-jouin-1532-17085-jpg.webp","width":1130,"height":520,"caption":"Sofa-social-plus-lounge-patrick-jouin-pedrali-ds02-aluminium-garniert-gesch\u00e4umt-2-oder-3-Sitzer-canape-designers-patrick-jouin-1532-17085"},{"@type":"BreadcrumbList","@id":"https:\/\/www.bise.ch\/de\/produit\/social-plus\/#breadcrumb","itemListElement":[{"@type":"ListItem","position":1,"name":"Startseite","item":"https:\/\/www.bise.ch\/de\/"},{"@type":"ListItem","position":2,"name":"Shop","item":"https:\/\/www.bise.ch\/de\/shop\/"},{"@type":"ListItem","position":3,"name":"Social Plus"}]},{"@type":"WebSite","@id":"https:\/\/www.bise.ch\/de\/#website","url":"https:\/\/www.bise.ch\/de\/","name":"Meubles Bise | Magasin de meubles | Mobilier | Fribourg | Bulle","description":"Wir erwecken Ihre Ra\u0308ume zum Leben","publisher":{"@id":"https:\/\/www.bise.ch\/de\/#organization"},"alternateName":"Georges Bise SA","potentialAction":[{"@type":"SearchAction","target":{"@type":"EntryPoint","urlTemplate":"https:\/\/www.bise.ch\/de\/?s={search_term_string}"},"query-input":{"@type":"PropertyValueSpecification","valueRequired":true,"valueName":"search_term_string"}}],"inLanguage":"de"},{"@type":"Organization","@id":"https:\/\/www.bise.ch\/de\/#organization","name":"M\u00f6bel Bise | M\u00f6belgesch\u00e4ft | M\u00f6bel | Freiburg | Bulle","alternateName":"Georges Bise SA","url":"https:\/\/www.bise.ch\/de\/","logo":{"@type":"ImageObject","inLanguage":"de","@id":"https:\/\/www.bise.ch\/de\/#\/schema\/logo\/image\/","url":"https:\/\/www.bise.ch\/wp-content\/uploads\/LogoBise.png","contentUrl":"https:\/\/www.bise.ch\/wp-content\/uploads\/LogoBise.png","width":4267,"height":4267,"caption":"M\u00f6bel Bise | M\u00f6belgesch\u00e4ft | M\u00f6bel | Freiburg | Bulle"},"image":{"@id":"https:\/\/www.bise.ch\/de\/#\/schema\/logo\/image\/"},"sameAs":["https:\/\/www.facebook.com\/bisemeubles\/","https:\/\/www.instagram.com\/bisemeubles\/","https:\/\/ch.linkedin.com\/company\/bise-meubles-moebel"]}]}},"_links":{"self":[{"href":"https:\/\/www.bise.ch\/de\/wp-json\/wp\/v2\/product\/56152","targetHints":{"allow":["GET"]}}],"collection":[{"href":"https:\/\/www.bise.ch\/de\/wp-json\/wp\/v2\/product"}],"about":[{"href":"https:\/\/www.bise.ch\/de\/wp-json\/wp\/v2\/types\/product"}],"wp:featuredmedia":[{"embeddable":true,"href":"https:\/\/www.bise.ch\/de\/wp-json\/wp\/v2\/media\/51328"}],"wp:attachment":[{"href":"https:\/\/www.bise.ch\/de\/wp-json\/wp\/v2\/media?parent=56152"}],"wp:term":[{"taxonomy":"product_brand","embeddable":true,"href":"https:\/\/www.bise.ch\/de\/wp-json\/wp\/v2\/product_brand?post=56152"},{"taxonomy":"product_cat","embeddable":true,"href":"https:\/\/www.bise.ch\/de\/wp-json\/wp\/v2\/product_cat?post=56152"},{"taxonomy":"product_tag","embeddable":true,"href":"https:\/\/www.bise.ch\/de\/wp-json\/wp\/v2\/product_tag?post=56152"}],"curies":[{"name":"wp","href":"https:\/\/api.w.org\/{rel}","templated":true}]}}