{"id":57716,"date":"2026-02-23T15:14:51","date_gmt":"2026-02-23T14:14:51","guid":{"rendered":"https:\/\/www.bise.ch\/produit\/brasero-classic-corten-100-cm-pro-mit-stauraum\/"},"modified":"2026-02-23T15:14:51","modified_gmt":"2026-02-23T14:14:51","slug":"brasero-classic-corten-100-cm-pro-mit-stauraum","status":"publish","type":"product","link":"https:\/\/www.bise.ch\/de\/produit\/brasero-classic-corten-100-cm-pro-mit-stauraum\/","title":{"rendered":"Brasero Classic Corten 100 cm PRO mit Stauraum"},"content":{"rendered":"<p>Der <strong>brasero Classic Corten 100 cm PRO mit Stauraum <\/strong>verbindet rustikale \u00c4sthetik mit maximaler Funktionalit\u00e4t. Sein Sockel aus Cortenstahl verf\u00fcgt \u00fcber einen eleganten Stauraum f\u00fcr Holz und l\u00e4sst sich dank seines Teakholzgriffs und seiner robusten R\u00e4der leicht bewegen. <\/p>\n<p data-start=\"450\" data-end=\"625\">Mit seiner 100 cm grossen Kochplatte aus schwarzem Kohlenstoffstahl eignet sich dieses Modell perfekt f\u00fcr die Zubereitung von Mahlzeiten f\u00fcr 15 bis 20 Personen und sorgt f\u00fcr gesellige Momente im Freien.<\/p>\n<p data-start=\"627\" data-end=\"792\">Ideal f\u00fcr den professionellen Einsatz im Catering, in der Gastronomie oder bei Veranstaltungen, passt er auch perfekt in gro\u00dfe Privatg\u00e4rten.<\/p>\n<p data-start=\"627\" data-end=\"792\">Der brasero kann verschoben werden, aber die R\u00e4der sind nicht mit Bremsen ausgestattet.<\/p>\n","protected":false},"excerpt":{"rendered":"<p>Der brasero Classic Corten 100 cm PRO mit Stauraum verbindet rustikale \u00c4sthetik mit maximaler Funktionalit\u00e4t. Sein Sockel aus Cortenstahl verf\u00fcgt \u00fcber einen eleganten Stauraum f\u00fcr Holz und l\u00e4sst sich dank seines Teakholzgriffs und seiner robusten R\u00e4der leicht bewegen. Mit seiner 100 cm grossen Kochplatte aus schwarzem Kohlenstoffstahl eignet sich dieses Modell perfekt f\u00fcr die Zubereitung [&hellip;]<\/p>\n","protected":false},"featured_media":57614,"template":"","meta":{"_et_pb_use_builder":"","_et_pb_old_content":"","_et_gb_content_width":""},"product_brand":[4389],"product_cat":[3770,3899],"product_tag":[],"class_list":{"0":"post-57716","1":"product","2":"type-product","3":"status-publish","4":"has-post-thumbnail","6":"product_brand-ofyr","7":"product_cat-produkte","8":"product_cat-braseros","10":"first","11":"instock","12":"featured","13":"shipping-taxable","14":"purchasable","15":"product-type-simple"},"yoast_head":"<!-- This site is optimized with the Yoast SEO plugin v27.1.1 - https:\/\/yoast.com\/product\/yoast-seo-wordpress\/ -->\n<title>Brasero Classic Corten 100 cm PRO mit Stauraum | M\u00f6bel Bise | M\u00f6belgesch\u00e4ft | M\u00f6bel | Freiburg | Bulle<\/title>\n<meta name=\"robots\" content=\"index, follow, max-snippet:-1, max-image-preview:large, max-video-preview:-1\" \/>\n<link rel=\"canonical\" href=\"https:\/\/www.bise.ch\/de\/produit\/brasero-classic-corten-100-cm-pro-mit-stauraum\/\" \/>\n<meta property=\"og:locale\" content=\"de_DE\" \/>\n<meta property=\"og:type\" content=\"article\" \/>\n<meta property=\"og:title\" content=\"Brasero Classic Corten 100 cm PRO mit Stauraum | M\u00f6bel Bise | M\u00f6belgesch\u00e4ft | M\u00f6bel | Freiburg | Bulle\" \/>\n<meta property=\"og:description\" content=\"Der brasero Classic Corten 100 cm PRO mit Stauraum verbindet rustikale \u00c4sthetik mit maximaler Funktionalit\u00e4t. Sein Sockel aus Cortenstahl verf\u00fcgt \u00fcber einen eleganten Stauraum f\u00fcr Holz und l\u00e4sst sich dank seines Teakholzgriffs und seiner robusten R\u00e4der leicht bewegen. Mit seiner 100 cm grossen Kochplatte aus schwarzem Kohlenstoffstahl eignet sich dieses Modell perfekt f\u00fcr die Zubereitung [&hellip;]\" \/>\n<meta property=\"og:url\" content=\"https:\/\/www.bise.ch\/de\/produit\/brasero-classic-corten-100-cm-pro-mit-stauraum\/\" \/>\n<meta property=\"og:site_name\" content=\"M\u00f6bel Bise | M\u00f6belgesch\u00e4ft | M\u00f6bel | Freiburg | Bulle\" \/>\n<meta property=\"article:publisher\" content=\"https:\/\/www.facebook.com\/bisemeubles\/\" \/>\n<meta property=\"og:image\" content=\"https:\/\/www.bise.ch\/wp-content\/uploads\/Brasero-Classic-Corten-100-cm-PRO-avec-rangement.png\" \/>\n\t<meta property=\"og:image:width\" content=\"2016\" \/>\n\t<meta property=\"og:image:height\" content=\"1512\" \/>\n\t<meta property=\"og:image:type\" content=\"image\/png\" \/>\n<meta name=\"twitter:card\" content=\"summary_large_image\" \/>\n<meta name=\"twitter:label1\" content=\"Gesch\u00e4tzte Lesezeit\" \/>\n\t<meta name=\"twitter:data1\" content=\"1\u00a0Minute\" \/>\n<script type=\"application\/ld+json\" class=\"yoast-schema-graph\">{\"@context\":\"https:\/\/schema.org\",\"@graph\":[{\"@type\":\"WebPage\",\"@id\":\"https:\/\/www.bise.ch\/de\/produit\/brasero-classic-corten-100-cm-pro-mit-stauraum\/\",\"url\":\"https:\/\/www.bise.ch\/de\/produit\/brasero-classic-corten-100-cm-pro-mit-stauraum\/\",\"name\":\"Brasero Classic Corten 100 cm PRO mit Stauraum | M\u00f6bel Bise | M\u00f6belgesch\u00e4ft | M\u00f6bel | Freiburg | Bulle\",\"isPartOf\":{\"@id\":\"https:\/\/www.bise.ch\/de\/#website\"},\"primaryImageOfPage\":{\"@id\":\"https:\/\/www.bise.ch\/de\/produit\/brasero-classic-corten-100-cm-pro-mit-stauraum\/#primaryimage\"},\"image\":{\"@id\":\"https:\/\/www.bise.ch\/de\/produit\/brasero-classic-corten-100-cm-pro-mit-stauraum\/#primaryimage\"},\"thumbnailUrl\":\"https:\/\/www.bise.ch\/wp-content\/uploads\/Brasero-Classic-Corten-100-cm-PRO-avec-rangement.png\",\"datePublished\":\"2026-02-23T14:14:51+00:00\",\"breadcrumb\":{\"@id\":\"https:\/\/www.bise.ch\/de\/produit\/brasero-classic-corten-100-cm-pro-mit-stauraum\/#breadcrumb\"},\"inLanguage\":\"de\",\"potentialAction\":[{\"@type\":\"ReadAction\",\"target\":[\"https:\/\/www.bise.ch\/de\/produit\/brasero-classic-corten-100-cm-pro-mit-stauraum\/\"]}]},{\"@type\":\"ImageObject\",\"inLanguage\":\"de\",\"@id\":\"https:\/\/www.bise.ch\/de\/produit\/brasero-classic-corten-100-cm-pro-mit-stauraum\/#primaryimage\",\"url\":\"https:\/\/www.bise.ch\/wp-content\/uploads\/Brasero-Classic-Corten-100-cm-PRO-avec-rangement.png\",\"contentUrl\":\"https:\/\/www.bise.ch\/wp-content\/uploads\/Brasero-Classic-Corten-100-cm-PRO-avec-rangement.png\",\"width\":2016,\"height\":1512},{\"@type\":\"BreadcrumbList\",\"@id\":\"https:\/\/www.bise.ch\/de\/produit\/brasero-classic-corten-100-cm-pro-mit-stauraum\/#breadcrumb\",\"itemListElement\":[{\"@type\":\"ListItem\",\"position\":1,\"name\":\"Startseite\",\"item\":\"https:\/\/www.bise.ch\/de\/\"},{\"@type\":\"ListItem\",\"position\":2,\"name\":\"Shop\",\"item\":\"https:\/\/www.bise.ch\/de\/shop\/\"},{\"@type\":\"ListItem\",\"position\":3,\"name\":\"Brasero Classic Corten 100 cm PRO mit Stauraum\"}]},{\"@type\":\"WebSite\",\"@id\":\"https:\/\/www.bise.ch\/de\/#website\",\"url\":\"https:\/\/www.bise.ch\/de\/\",\"name\":\"Meubles Bise | Magasin de meubles | Mobilier | Fribourg | Bulle\",\"description\":\"Wir erwecken Ihre Ra\u0308ume zum Leben\",\"publisher\":{\"@id\":\"https:\/\/www.bise.ch\/de\/#organization\"},\"alternateName\":\"Georges Bise SA\",\"potentialAction\":[{\"@type\":\"SearchAction\",\"target\":{\"@type\":\"EntryPoint\",\"urlTemplate\":\"https:\/\/www.bise.ch\/de\/?s={search_term_string}\"},\"query-input\":{\"@type\":\"PropertyValueSpecification\",\"valueRequired\":true,\"valueName\":\"search_term_string\"}}],\"inLanguage\":\"de\"},{\"@type\":\"Organization\",\"@id\":\"https:\/\/www.bise.ch\/de\/#organization\",\"name\":\"M\u00f6bel Bise | M\u00f6belgesch\u00e4ft | M\u00f6bel | Freiburg | Bulle\",\"alternateName\":\"Georges Bise SA\",\"url\":\"https:\/\/www.bise.ch\/de\/\",\"logo\":{\"@type\":\"ImageObject\",\"inLanguage\":\"de\",\"@id\":\"https:\/\/www.bise.ch\/de\/#\/schema\/logo\/image\/\",\"url\":\"https:\/\/www.bise.ch\/wp-content\/uploads\/LogoBise.png\",\"contentUrl\":\"https:\/\/www.bise.ch\/wp-content\/uploads\/LogoBise.png\",\"width\":4267,\"height\":4267,\"caption\":\"M\u00f6bel Bise | M\u00f6belgesch\u00e4ft | M\u00f6bel | Freiburg | Bulle\"},\"image\":{\"@id\":\"https:\/\/www.bise.ch\/de\/#\/schema\/logo\/image\/\"},\"sameAs\":[\"https:\/\/www.facebook.com\/bisemeubles\/\",\"https:\/\/www.instagram.com\/bisemeubles\/\",\"https:\/\/ch.linkedin.com\/company\/bise-meubles-moebel\"]}]}<\/script>\n<!-- \/ Yoast SEO plugin. -->","yoast_head_json":{"title":"Brasero Classic Corten 100 cm PRO mit Stauraum | M\u00f6bel Bise | M\u00f6belgesch\u00e4ft | M\u00f6bel | Freiburg | Bulle","robots":{"index":"index","follow":"follow","max-snippet":"max-snippet:-1","max-image-preview":"max-image-preview:large","max-video-preview":"max-video-preview:-1"},"canonical":"https:\/\/www.bise.ch\/de\/produit\/brasero-classic-corten-100-cm-pro-mit-stauraum\/","og_locale":"de_DE","og_type":"article","og_title":"Brasero Classic Corten 100 cm PRO mit Stauraum | M\u00f6bel Bise | M\u00f6belgesch\u00e4ft | M\u00f6bel | Freiburg | Bulle","og_description":"Der brasero Classic Corten 100 cm PRO mit Stauraum verbindet rustikale \u00c4sthetik mit maximaler Funktionalit\u00e4t. Sein Sockel aus Cortenstahl verf\u00fcgt \u00fcber einen eleganten Stauraum f\u00fcr Holz und l\u00e4sst sich dank seines Teakholzgriffs und seiner robusten R\u00e4der leicht bewegen. Mit seiner 100 cm grossen Kochplatte aus schwarzem Kohlenstoffstahl eignet sich dieses Modell perfekt f\u00fcr die Zubereitung [&hellip;]","og_url":"https:\/\/www.bise.ch\/de\/produit\/brasero-classic-corten-100-cm-pro-mit-stauraum\/","og_site_name":"M\u00f6bel Bise | M\u00f6belgesch\u00e4ft | M\u00f6bel | Freiburg | Bulle","article_publisher":"https:\/\/www.facebook.com\/bisemeubles\/","og_image":[{"width":2016,"height":1512,"url":"https:\/\/www.bise.ch\/wp-content\/uploads\/Brasero-Classic-Corten-100-cm-PRO-avec-rangement.png","type":"image\/png"}],"twitter_card":"summary_large_image","twitter_misc":{"Gesch\u00e4tzte Lesezeit":"1\u00a0Minute"},"schema":{"@context":"https:\/\/schema.org","@graph":[{"@type":"WebPage","@id":"https:\/\/www.bise.ch\/de\/produit\/brasero-classic-corten-100-cm-pro-mit-stauraum\/","url":"https:\/\/www.bise.ch\/de\/produit\/brasero-classic-corten-100-cm-pro-mit-stauraum\/","name":"Brasero Classic Corten 100 cm PRO mit Stauraum | M\u00f6bel Bise | M\u00f6belgesch\u00e4ft | M\u00f6bel | Freiburg | Bulle","isPartOf":{"@id":"https:\/\/www.bise.ch\/de\/#website"},"primaryImageOfPage":{"@id":"https:\/\/www.bise.ch\/de\/produit\/brasero-classic-corten-100-cm-pro-mit-stauraum\/#primaryimage"},"image":{"@id":"https:\/\/www.bise.ch\/de\/produit\/brasero-classic-corten-100-cm-pro-mit-stauraum\/#primaryimage"},"thumbnailUrl":"https:\/\/www.bise.ch\/wp-content\/uploads\/Brasero-Classic-Corten-100-cm-PRO-avec-rangement.png","datePublished":"2026-02-23T14:14:51+00:00","breadcrumb":{"@id":"https:\/\/www.bise.ch\/de\/produit\/brasero-classic-corten-100-cm-pro-mit-stauraum\/#breadcrumb"},"inLanguage":"de","potentialAction":[{"@type":"ReadAction","target":["https:\/\/www.bise.ch\/de\/produit\/brasero-classic-corten-100-cm-pro-mit-stauraum\/"]}]},{"@type":"ImageObject","inLanguage":"de","@id":"https:\/\/www.bise.ch\/de\/produit\/brasero-classic-corten-100-cm-pro-mit-stauraum\/#primaryimage","url":"https:\/\/www.bise.ch\/wp-content\/uploads\/Brasero-Classic-Corten-100-cm-PRO-avec-rangement.png","contentUrl":"https:\/\/www.bise.ch\/wp-content\/uploads\/Brasero-Classic-Corten-100-cm-PRO-avec-rangement.png","width":2016,"height":1512},{"@type":"BreadcrumbList","@id":"https:\/\/www.bise.ch\/de\/produit\/brasero-classic-corten-100-cm-pro-mit-stauraum\/#breadcrumb","itemListElement":[{"@type":"ListItem","position":1,"name":"Startseite","item":"https:\/\/www.bise.ch\/de\/"},{"@type":"ListItem","position":2,"name":"Shop","item":"https:\/\/www.bise.ch\/de\/shop\/"},{"@type":"ListItem","position":3,"name":"Brasero Classic Corten 100 cm PRO mit Stauraum"}]},{"@type":"WebSite","@id":"https:\/\/www.bise.ch\/de\/#website","url":"https:\/\/www.bise.ch\/de\/","name":"Meubles Bise | Magasin de meubles | Mobilier | Fribourg | Bulle","description":"Wir erwecken Ihre Ra\u0308ume zum Leben","publisher":{"@id":"https:\/\/www.bise.ch\/de\/#organization"},"alternateName":"Georges Bise SA","potentialAction":[{"@type":"SearchAction","target":{"@type":"EntryPoint","urlTemplate":"https:\/\/www.bise.ch\/de\/?s={search_term_string}"},"query-input":{"@type":"PropertyValueSpecification","valueRequired":true,"valueName":"search_term_string"}}],"inLanguage":"de"},{"@type":"Organization","@id":"https:\/\/www.bise.ch\/de\/#organization","name":"M\u00f6bel Bise | M\u00f6belgesch\u00e4ft | M\u00f6bel | Freiburg | Bulle","alternateName":"Georges Bise SA","url":"https:\/\/www.bise.ch\/de\/","logo":{"@type":"ImageObject","inLanguage":"de","@id":"https:\/\/www.bise.ch\/de\/#\/schema\/logo\/image\/","url":"https:\/\/www.bise.ch\/wp-content\/uploads\/LogoBise.png","contentUrl":"https:\/\/www.bise.ch\/wp-content\/uploads\/LogoBise.png","width":4267,"height":4267,"caption":"M\u00f6bel Bise | M\u00f6belgesch\u00e4ft | M\u00f6bel | Freiburg | Bulle"},"image":{"@id":"https:\/\/www.bise.ch\/de\/#\/schema\/logo\/image\/"},"sameAs":["https:\/\/www.facebook.com\/bisemeubles\/","https:\/\/www.instagram.com\/bisemeubles\/","https:\/\/ch.linkedin.com\/company\/bise-meubles-moebel"]}]}},"_links":{"self":[{"href":"https:\/\/www.bise.ch\/de\/wp-json\/wp\/v2\/product\/57716","targetHints":{"allow":["GET"]}}],"collection":[{"href":"https:\/\/www.bise.ch\/de\/wp-json\/wp\/v2\/product"}],"about":[{"href":"https:\/\/www.bise.ch\/de\/wp-json\/wp\/v2\/types\/product"}],"wp:featuredmedia":[{"embeddable":true,"href":"https:\/\/www.bise.ch\/de\/wp-json\/wp\/v2\/media\/57614"}],"wp:attachment":[{"href":"https:\/\/www.bise.ch\/de\/wp-json\/wp\/v2\/media?parent=57716"}],"wp:term":[{"taxonomy":"product_brand","embeddable":true,"href":"https:\/\/www.bise.ch\/de\/wp-json\/wp\/v2\/product_brand?post=57716"},{"taxonomy":"product_cat","embeddable":true,"href":"https:\/\/www.bise.ch\/de\/wp-json\/wp\/v2\/product_cat?post=57716"},{"taxonomy":"product_tag","embeddable":true,"href":"https:\/\/www.bise.ch\/de\/wp-json\/wp\/v2\/product_tag?post=57716"}],"curies":[{"name":"wp","href":"https:\/\/api.w.org\/{rel}","templated":true}]}}