{"id":57717,"date":"2026-02-23T16:45:34","date_gmt":"2026-02-23T15:45:34","guid":{"rendered":"https:\/\/www.bise.ch\/produit\/lounge-set-cannes\/"},"modified":"2026-02-23T16:45:34","modified_gmt":"2026-02-23T15:45:34","slug":"lounge-set-cannes","status":"publish","type":"product","link":"https:\/\/www.bise.ch\/de\/produit\/lounge-set-cannes\/","title":{"rendered":"Lounge-Set Cannes"},"content":{"rendered":"<p><span class=\"metafield-multi_line_text_field\">Der Lounge-Set ist mittlerweile aus Restaurantterrassen, Bars, Poolbereichen oder auch Entspannungsbereichen in Unternehmen oder bei Veranstaltungen nicht mehr wegzudenken. Um Ihnen das Leben zu erleichtern, bieten wir Ihnen eine schl\u00fcsselfertige L\u00f6sung, die sich einfach und schnell ohne Montage installieren l\u00e4sst: das 4-Sitzer-Set Cannes mit Couchtisch. Seine geschwungenen Linien und grossen, perfekt angepassten Kissen verleihen diesem Loungem\u00f6bel Eleganz und Stil im Zeichen der Entspannung und Geselligkeit. Das strapazierf\u00e4hige, langlebige, leichte und schlichte Sofa Cannes eignet sich f\u00fcr alle Orte, kleine oder grosse R\u00e4ume, am Meer oder in den Bergen, f\u00fcr alle Stilrichtungen. Nichts kann ihm widerstehen und es widersteht allem!     <\/span><\/p>\n","protected":false},"excerpt":{"rendered":"<p>Der Lounge-Set ist mittlerweile aus Restaurantterrassen, Bars, Poolbereichen oder auch Entspannungsbereichen in Unternehmen oder bei Veranstaltungen nicht mehr wegzudenken. Um Ihnen das Leben zu erleichtern, bieten wir Ihnen eine schl\u00fcsselfertige L\u00f6sung, die sich einfach und schnell ohne Montage installieren l\u00e4sst: das 4-Sitzer-Set Cannes mit Couchtisch. Seine geschwungenen Linien und grossen, perfekt angepassten Kissen verleihen diesem [&hellip;]<\/p>\n","protected":false},"featured_media":57664,"template":"","meta":{"_et_pb_use_builder":"","_et_pb_old_content":"","_et_gb_content_width":""},"product_brand":[4390],"product_cat":[3770,3900,3901,332,337],"product_tag":[],"class_list":{"0":"post-57717","1":"product","2":"type-product","3":"status-publish","4":"has-post-thumbnail","6":"product_brand-grossfilex-expert","7":"product_cat-produkte","8":"product_cat-gartenlounges","9":"product_cat-gartensessel","10":"product_cat-gartensofas-garten","11":"product_cat-gartencouchtische","13":"first","14":"instock","15":"featured","16":"shipping-taxable","17":"purchasable","18":"product-type-simple"},"yoast_head":"<!-- This site is optimized with the Yoast SEO plugin v27.1.1 - https:\/\/yoast.com\/product\/yoast-seo-wordpress\/ -->\n<title>Lounge-Set Cannes | M\u00f6bel Bise | M\u00f6belgesch\u00e4ft | M\u00f6bel | Freiburg | Bulle<\/title>\n<meta name=\"robots\" content=\"index, follow, max-snippet:-1, max-image-preview:large, max-video-preview:-1\" \/>\n<link rel=\"canonical\" href=\"https:\/\/www.bise.ch\/de\/produit\/lounge-set-cannes\/\" \/>\n<meta property=\"og:locale\" content=\"de_DE\" \/>\n<meta property=\"og:type\" content=\"article\" \/>\n<meta property=\"og:title\" content=\"Lounge-Set Cannes | M\u00f6bel Bise | M\u00f6belgesch\u00e4ft | M\u00f6bel | Freiburg | Bulle\" \/>\n<meta property=\"og:description\" content=\"Der Lounge-Set ist mittlerweile aus Restaurantterrassen, Bars, Poolbereichen oder auch Entspannungsbereichen in Unternehmen oder bei Veranstaltungen nicht mehr wegzudenken. Um Ihnen das Leben zu erleichtern, bieten wir Ihnen eine schl\u00fcsselfertige L\u00f6sung, die sich einfach und schnell ohne Montage installieren l\u00e4sst: das 4-Sitzer-Set Cannes mit Couchtisch. Seine geschwungenen Linien und grossen, perfekt angepassten Kissen verleihen diesem [&hellip;]\" \/>\n<meta property=\"og:url\" content=\"https:\/\/www.bise.ch\/de\/produit\/lounge-set-cannes\/\" \/>\n<meta property=\"og:site_name\" content=\"M\u00f6bel Bise | M\u00f6belgesch\u00e4ft | M\u00f6bel | Freiburg | Bulle\" \/>\n<meta property=\"article:publisher\" content=\"https:\/\/www.facebook.com\/bisemeubles\/\" \/>\n<meta property=\"og:image\" content=\"https:\/\/www.bise.ch\/wp-content\/uploads\/salon-complet-sofa-cannes-terracotta.4-768x768.png\" \/>\n\t<meta property=\"og:image:width\" content=\"768\" \/>\n\t<meta property=\"og:image:height\" content=\"768\" \/>\n\t<meta property=\"og:image:type\" content=\"image\/png\" \/>\n<meta name=\"twitter:card\" content=\"summary_large_image\" \/>\n<meta name=\"twitter:label1\" content=\"Gesch\u00e4tzte Lesezeit\" \/>\n\t<meta name=\"twitter:data1\" content=\"1\u00a0Minute\" \/>\n<script type=\"application\/ld+json\" class=\"yoast-schema-graph\">{\"@context\":\"https:\/\/schema.org\",\"@graph\":[{\"@type\":\"WebPage\",\"@id\":\"https:\/\/www.bise.ch\/de\/produit\/lounge-set-cannes\/\",\"url\":\"https:\/\/www.bise.ch\/de\/produit\/lounge-set-cannes\/\",\"name\":\"Lounge-Set Cannes | M\u00f6bel Bise | M\u00f6belgesch\u00e4ft | M\u00f6bel | Freiburg | Bulle\",\"isPartOf\":{\"@id\":\"https:\/\/www.bise.ch\/de\/#website\"},\"primaryImageOfPage\":{\"@id\":\"https:\/\/www.bise.ch\/de\/produit\/lounge-set-cannes\/#primaryimage\"},\"image\":{\"@id\":\"https:\/\/www.bise.ch\/de\/produit\/lounge-set-cannes\/#primaryimage\"},\"thumbnailUrl\":\"https:\/\/www.bise.ch\/wp-content\/uploads\/salon-complet-sofa-cannes-terracotta.4.png\",\"datePublished\":\"2026-02-23T15:45:34+00:00\",\"breadcrumb\":{\"@id\":\"https:\/\/www.bise.ch\/de\/produit\/lounge-set-cannes\/#breadcrumb\"},\"inLanguage\":\"de\",\"potentialAction\":[{\"@type\":\"ReadAction\",\"target\":[\"https:\/\/www.bise.ch\/de\/produit\/lounge-set-cannes\/\"]}]},{\"@type\":\"ImageObject\",\"inLanguage\":\"de\",\"@id\":\"https:\/\/www.bise.ch\/de\/produit\/lounge-set-cannes\/#primaryimage\",\"url\":\"https:\/\/www.bise.ch\/wp-content\/uploads\/salon-complet-sofa-cannes-terracotta.4.png\",\"contentUrl\":\"https:\/\/www.bise.ch\/wp-content\/uploads\/salon-complet-sofa-cannes-terracotta.4.png\",\"width\":1400,\"height\":1400},{\"@type\":\"BreadcrumbList\",\"@id\":\"https:\/\/www.bise.ch\/de\/produit\/lounge-set-cannes\/#breadcrumb\",\"itemListElement\":[{\"@type\":\"ListItem\",\"position\":1,\"name\":\"Startseite\",\"item\":\"https:\/\/www.bise.ch\/de\/\"},{\"@type\":\"ListItem\",\"position\":2,\"name\":\"Shop\",\"item\":\"https:\/\/www.bise.ch\/de\/shop\/\"},{\"@type\":\"ListItem\",\"position\":3,\"name\":\"Lounge-Set Cannes\"}]},{\"@type\":\"WebSite\",\"@id\":\"https:\/\/www.bise.ch\/de\/#website\",\"url\":\"https:\/\/www.bise.ch\/de\/\",\"name\":\"Meubles Bise | Magasin de meubles | Mobilier | Fribourg | Bulle\",\"description\":\"Wir erwecken Ihre Ra\u0308ume zum Leben\",\"publisher\":{\"@id\":\"https:\/\/www.bise.ch\/de\/#organization\"},\"alternateName\":\"Georges Bise SA\",\"potentialAction\":[{\"@type\":\"SearchAction\",\"target\":{\"@type\":\"EntryPoint\",\"urlTemplate\":\"https:\/\/www.bise.ch\/de\/?s={search_term_string}\"},\"query-input\":{\"@type\":\"PropertyValueSpecification\",\"valueRequired\":true,\"valueName\":\"search_term_string\"}}],\"inLanguage\":\"de\"},{\"@type\":\"Organization\",\"@id\":\"https:\/\/www.bise.ch\/de\/#organization\",\"name\":\"M\u00f6bel Bise | M\u00f6belgesch\u00e4ft | M\u00f6bel | Freiburg | Bulle\",\"alternateName\":\"Georges Bise SA\",\"url\":\"https:\/\/www.bise.ch\/de\/\",\"logo\":{\"@type\":\"ImageObject\",\"inLanguage\":\"de\",\"@id\":\"https:\/\/www.bise.ch\/de\/#\/schema\/logo\/image\/\",\"url\":\"https:\/\/www.bise.ch\/wp-content\/uploads\/LogoBise.png\",\"contentUrl\":\"https:\/\/www.bise.ch\/wp-content\/uploads\/LogoBise.png\",\"width\":4267,\"height\":4267,\"caption\":\"M\u00f6bel Bise | M\u00f6belgesch\u00e4ft | M\u00f6bel | Freiburg | Bulle\"},\"image\":{\"@id\":\"https:\/\/www.bise.ch\/de\/#\/schema\/logo\/image\/\"},\"sameAs\":[\"https:\/\/www.facebook.com\/bisemeubles\/\",\"https:\/\/www.instagram.com\/bisemeubles\/\",\"https:\/\/ch.linkedin.com\/company\/bise-meubles-moebel\"]}]}<\/script>\n<!-- \/ Yoast SEO plugin. -->","yoast_head_json":{"title":"Lounge-Set Cannes | M\u00f6bel Bise | M\u00f6belgesch\u00e4ft | M\u00f6bel | Freiburg | Bulle","robots":{"index":"index","follow":"follow","max-snippet":"max-snippet:-1","max-image-preview":"max-image-preview:large","max-video-preview":"max-video-preview:-1"},"canonical":"https:\/\/www.bise.ch\/de\/produit\/lounge-set-cannes\/","og_locale":"de_DE","og_type":"article","og_title":"Lounge-Set Cannes | M\u00f6bel Bise | M\u00f6belgesch\u00e4ft | M\u00f6bel | Freiburg | Bulle","og_description":"Der Lounge-Set ist mittlerweile aus Restaurantterrassen, Bars, Poolbereichen oder auch Entspannungsbereichen in Unternehmen oder bei Veranstaltungen nicht mehr wegzudenken. Um Ihnen das Leben zu erleichtern, bieten wir Ihnen eine schl\u00fcsselfertige L\u00f6sung, die sich einfach und schnell ohne Montage installieren l\u00e4sst: das 4-Sitzer-Set Cannes mit Couchtisch. Seine geschwungenen Linien und grossen, perfekt angepassten Kissen verleihen diesem [&hellip;]","og_url":"https:\/\/www.bise.ch\/de\/produit\/lounge-set-cannes\/","og_site_name":"M\u00f6bel Bise | M\u00f6belgesch\u00e4ft | M\u00f6bel | Freiburg | Bulle","article_publisher":"https:\/\/www.facebook.com\/bisemeubles\/","og_image":[{"width":768,"height":768,"url":"https:\/\/www.bise.ch\/wp-content\/uploads\/salon-complet-sofa-cannes-terracotta.4-768x768.png","type":"image\/png"}],"twitter_card":"summary_large_image","twitter_misc":{"Gesch\u00e4tzte Lesezeit":"1\u00a0Minute"},"schema":{"@context":"https:\/\/schema.org","@graph":[{"@type":"WebPage","@id":"https:\/\/www.bise.ch\/de\/produit\/lounge-set-cannes\/","url":"https:\/\/www.bise.ch\/de\/produit\/lounge-set-cannes\/","name":"Lounge-Set Cannes | M\u00f6bel Bise | M\u00f6belgesch\u00e4ft | M\u00f6bel | Freiburg | Bulle","isPartOf":{"@id":"https:\/\/www.bise.ch\/de\/#website"},"primaryImageOfPage":{"@id":"https:\/\/www.bise.ch\/de\/produit\/lounge-set-cannes\/#primaryimage"},"image":{"@id":"https:\/\/www.bise.ch\/de\/produit\/lounge-set-cannes\/#primaryimage"},"thumbnailUrl":"https:\/\/www.bise.ch\/wp-content\/uploads\/salon-complet-sofa-cannes-terracotta.4.png","datePublished":"2026-02-23T15:45:34+00:00","breadcrumb":{"@id":"https:\/\/www.bise.ch\/de\/produit\/lounge-set-cannes\/#breadcrumb"},"inLanguage":"de","potentialAction":[{"@type":"ReadAction","target":["https:\/\/www.bise.ch\/de\/produit\/lounge-set-cannes\/"]}]},{"@type":"ImageObject","inLanguage":"de","@id":"https:\/\/www.bise.ch\/de\/produit\/lounge-set-cannes\/#primaryimage","url":"https:\/\/www.bise.ch\/wp-content\/uploads\/salon-complet-sofa-cannes-terracotta.4.png","contentUrl":"https:\/\/www.bise.ch\/wp-content\/uploads\/salon-complet-sofa-cannes-terracotta.4.png","width":1400,"height":1400},{"@type":"BreadcrumbList","@id":"https:\/\/www.bise.ch\/de\/produit\/lounge-set-cannes\/#breadcrumb","itemListElement":[{"@type":"ListItem","position":1,"name":"Startseite","item":"https:\/\/www.bise.ch\/de\/"},{"@type":"ListItem","position":2,"name":"Shop","item":"https:\/\/www.bise.ch\/de\/shop\/"},{"@type":"ListItem","position":3,"name":"Lounge-Set Cannes"}]},{"@type":"WebSite","@id":"https:\/\/www.bise.ch\/de\/#website","url":"https:\/\/www.bise.ch\/de\/","name":"Meubles Bise | Magasin de meubles | Mobilier | Fribourg | Bulle","description":"Wir erwecken Ihre Ra\u0308ume zum Leben","publisher":{"@id":"https:\/\/www.bise.ch\/de\/#organization"},"alternateName":"Georges Bise SA","potentialAction":[{"@type":"SearchAction","target":{"@type":"EntryPoint","urlTemplate":"https:\/\/www.bise.ch\/de\/?s={search_term_string}"},"query-input":{"@type":"PropertyValueSpecification","valueRequired":true,"valueName":"search_term_string"}}],"inLanguage":"de"},{"@type":"Organization","@id":"https:\/\/www.bise.ch\/de\/#organization","name":"M\u00f6bel Bise | M\u00f6belgesch\u00e4ft | M\u00f6bel | Freiburg | Bulle","alternateName":"Georges Bise SA","url":"https:\/\/www.bise.ch\/de\/","logo":{"@type":"ImageObject","inLanguage":"de","@id":"https:\/\/www.bise.ch\/de\/#\/schema\/logo\/image\/","url":"https:\/\/www.bise.ch\/wp-content\/uploads\/LogoBise.png","contentUrl":"https:\/\/www.bise.ch\/wp-content\/uploads\/LogoBise.png","width":4267,"height":4267,"caption":"M\u00f6bel Bise | M\u00f6belgesch\u00e4ft | M\u00f6bel | Freiburg | Bulle"},"image":{"@id":"https:\/\/www.bise.ch\/de\/#\/schema\/logo\/image\/"},"sameAs":["https:\/\/www.facebook.com\/bisemeubles\/","https:\/\/www.instagram.com\/bisemeubles\/","https:\/\/ch.linkedin.com\/company\/bise-meubles-moebel"]}]}},"_links":{"self":[{"href":"https:\/\/www.bise.ch\/de\/wp-json\/wp\/v2\/product\/57717","targetHints":{"allow":["GET"]}}],"collection":[{"href":"https:\/\/www.bise.ch\/de\/wp-json\/wp\/v2\/product"}],"about":[{"href":"https:\/\/www.bise.ch\/de\/wp-json\/wp\/v2\/types\/product"}],"wp:featuredmedia":[{"embeddable":true,"href":"https:\/\/www.bise.ch\/de\/wp-json\/wp\/v2\/media\/57664"}],"wp:attachment":[{"href":"https:\/\/www.bise.ch\/de\/wp-json\/wp\/v2\/media?parent=57717"}],"wp:term":[{"taxonomy":"product_brand","embeddable":true,"href":"https:\/\/www.bise.ch\/de\/wp-json\/wp\/v2\/product_brand?post=57717"},{"taxonomy":"product_cat","embeddable":true,"href":"https:\/\/www.bise.ch\/de\/wp-json\/wp\/v2\/product_cat?post=57717"},{"taxonomy":"product_tag","embeddable":true,"href":"https:\/\/www.bise.ch\/de\/wp-json\/wp\/v2\/product_tag?post=57717"}],"curies":[{"name":"wp","href":"https:\/\/api.w.org\/{rel}","templated":true}]}}