{"id":57719,"date":"2026-02-23T17:43:17","date_gmt":"2026-02-23T16:43:17","guid":{"rendered":"https:\/\/www.bise.ch\/produit\/brasero-classic-corten-85-cm\/"},"modified":"2026-02-23T17:43:17","modified_gmt":"2026-02-23T16:43:17","slug":"brasero-classic-corten-85-cm","status":"publish","type":"product","link":"https:\/\/www.bise.ch\/de\/produit\/brasero-classic-corten-85-cm\/","title":{"rendered":"Brasero Classic Corten 85 cm"},"content":{"rendered":"<p>Der authentischste Ausdruck des OFYR-Designs. Der <strong data-start=\"185\" data-end=\"209\">Classic Corten 85 cm<\/strong> Feuerkorb mit seiner patinierten Corten-Stahl-Oberfl\u00e4che f\u00fcgt sich perfekt in kleine Aussenbereiche ein. Selbst wenn er nicht benutzt wird, bleibt er ein dezentes und zeitloses Designelement.  <\/p>\n<p data-start=\"398\" data-end=\"497\">Schalten Sie es ein und verwandeln Sie jeden Moment im Freien in ein geselliges und gem\u00fctliches Erlebnis.<\/p>\n<p data-start=\"499\" data-end=\"539\">Erh\u00e4ltlich in den Durchmessern 85 cm und 100 cm.<\/p>\n","protected":false},"excerpt":{"rendered":"<p>Der authentischste Ausdruck des OFYR-Designs. Der Classic Corten 85 cm Feuerkorb mit seiner patinierten Corten-Stahl-Oberfl\u00e4che f\u00fcgt sich perfekt in kleine Aussenbereiche ein. Selbst wenn er nicht benutzt wird, bleibt er ein dezentes und zeitloses Designelement. Schalten Sie es ein und verwandeln Sie jeden Moment im Freien in ein geselliges und gem\u00fctliches Erlebnis. Erh\u00e4ltlich in den [&hellip;]<\/p>\n","protected":false},"featured_media":57667,"template":"","meta":{"_et_pb_use_builder":"","_et_pb_old_content":"","_et_gb_content_width":""},"product_brand":[4389],"product_cat":[3899],"product_tag":[],"class_list":{"0":"post-57719","1":"product","2":"type-product","3":"status-publish","4":"has-post-thumbnail","6":"product_brand-ofyr","7":"product_cat-braseros","9":"first","10":"instock","11":"featured","12":"shipping-taxable","13":"purchasable","14":"product-type-simple"},"yoast_head":"<!-- This site is optimized with the Yoast SEO plugin v27.1.1 - https:\/\/yoast.com\/product\/yoast-seo-wordpress\/ -->\n<title>Brasero Classic Corten 85 cm | M\u00f6bel Bise | M\u00f6belgesch\u00e4ft | M\u00f6bel | Freiburg | Bulle<\/title>\n<meta name=\"robots\" content=\"index, follow, max-snippet:-1, max-image-preview:large, max-video-preview:-1\" \/>\n<link rel=\"canonical\" href=\"https:\/\/www.bise.ch\/de\/produit\/brasero-classic-corten-85-cm\/\" \/>\n<meta property=\"og:locale\" content=\"de_DE\" \/>\n<meta property=\"og:type\" content=\"article\" \/>\n<meta property=\"og:title\" content=\"Brasero Classic Corten 85 cm | M\u00f6bel Bise | M\u00f6belgesch\u00e4ft | M\u00f6bel | Freiburg | Bulle\" \/>\n<meta property=\"og:description\" content=\"Der authentischste Ausdruck des OFYR-Designs. Der Classic Corten 85 cm Feuerkorb mit seiner patinierten Corten-Stahl-Oberfl\u00e4che f\u00fcgt sich perfekt in kleine Aussenbereiche ein. Selbst wenn er nicht benutzt wird, bleibt er ein dezentes und zeitloses Designelement. Schalten Sie es ein und verwandeln Sie jeden Moment im Freien in ein geselliges und gem\u00fctliches Erlebnis. Erh\u00e4ltlich in den [&hellip;]\" \/>\n<meta property=\"og:url\" content=\"https:\/\/www.bise.ch\/de\/produit\/brasero-classic-corten-85-cm\/\" \/>\n<meta property=\"og:site_name\" content=\"M\u00f6bel Bise | M\u00f6belgesch\u00e4ft | M\u00f6bel | Freiburg | Bulle\" \/>\n<meta property=\"article:publisher\" content=\"https:\/\/www.facebook.com\/bisemeubles\/\" \/>\n<meta property=\"og:image\" content=\"https:\/\/www.bise.ch\/wp-content\/uploads\/OC1C85.png\" \/>\n\t<meta property=\"og:image:width\" content=\"2016\" \/>\n\t<meta property=\"og:image:height\" content=\"1512\" \/>\n\t<meta property=\"og:image:type\" content=\"image\/png\" \/>\n<meta name=\"twitter:card\" content=\"summary_large_image\" \/>\n<script type=\"application\/ld+json\" class=\"yoast-schema-graph\">{\"@context\":\"https:\/\/schema.org\",\"@graph\":[{\"@type\":\"WebPage\",\"@id\":\"https:\/\/www.bise.ch\/de\/produit\/brasero-classic-corten-85-cm\/\",\"url\":\"https:\/\/www.bise.ch\/de\/produit\/brasero-classic-corten-85-cm\/\",\"name\":\"Brasero Classic Corten 85 cm | M\u00f6bel Bise | M\u00f6belgesch\u00e4ft | M\u00f6bel | Freiburg | Bulle\",\"isPartOf\":{\"@id\":\"https:\/\/www.bise.ch\/de\/#website\"},\"primaryImageOfPage\":{\"@id\":\"https:\/\/www.bise.ch\/de\/produit\/brasero-classic-corten-85-cm\/#primaryimage\"},\"image\":{\"@id\":\"https:\/\/www.bise.ch\/de\/produit\/brasero-classic-corten-85-cm\/#primaryimage\"},\"thumbnailUrl\":\"https:\/\/www.bise.ch\/wp-content\/uploads\/OC1C85.png\",\"datePublished\":\"2026-02-23T16:43:17+00:00\",\"breadcrumb\":{\"@id\":\"https:\/\/www.bise.ch\/de\/produit\/brasero-classic-corten-85-cm\/#breadcrumb\"},\"inLanguage\":\"de\",\"potentialAction\":[{\"@type\":\"ReadAction\",\"target\":[\"https:\/\/www.bise.ch\/de\/produit\/brasero-classic-corten-85-cm\/\"]}]},{\"@type\":\"ImageObject\",\"inLanguage\":\"de\",\"@id\":\"https:\/\/www.bise.ch\/de\/produit\/brasero-classic-corten-85-cm\/#primaryimage\",\"url\":\"https:\/\/www.bise.ch\/wp-content\/uploads\/OC1C85.png\",\"contentUrl\":\"https:\/\/www.bise.ch\/wp-content\/uploads\/OC1C85.png\",\"width\":2016,\"height\":1512},{\"@type\":\"BreadcrumbList\",\"@id\":\"https:\/\/www.bise.ch\/de\/produit\/brasero-classic-corten-85-cm\/#breadcrumb\",\"itemListElement\":[{\"@type\":\"ListItem\",\"position\":1,\"name\":\"Startseite\",\"item\":\"https:\/\/www.bise.ch\/de\/\"},{\"@type\":\"ListItem\",\"position\":2,\"name\":\"Shop\",\"item\":\"https:\/\/www.bise.ch\/de\/shop\/\"},{\"@type\":\"ListItem\",\"position\":3,\"name\":\"Brasero Classic Corten 85 cm\"}]},{\"@type\":\"WebSite\",\"@id\":\"https:\/\/www.bise.ch\/de\/#website\",\"url\":\"https:\/\/www.bise.ch\/de\/\",\"name\":\"Meubles Bise | Magasin de meubles | Mobilier | Fribourg | Bulle\",\"description\":\"Wir erwecken Ihre Ra\u0308ume zum Leben\",\"publisher\":{\"@id\":\"https:\/\/www.bise.ch\/de\/#organization\"},\"alternateName\":\"Georges Bise SA\",\"potentialAction\":[{\"@type\":\"SearchAction\",\"target\":{\"@type\":\"EntryPoint\",\"urlTemplate\":\"https:\/\/www.bise.ch\/de\/?s={search_term_string}\"},\"query-input\":{\"@type\":\"PropertyValueSpecification\",\"valueRequired\":true,\"valueName\":\"search_term_string\"}}],\"inLanguage\":\"de\"},{\"@type\":\"Organization\",\"@id\":\"https:\/\/www.bise.ch\/de\/#organization\",\"name\":\"M\u00f6bel Bise | M\u00f6belgesch\u00e4ft | M\u00f6bel | Freiburg | Bulle\",\"alternateName\":\"Georges Bise SA\",\"url\":\"https:\/\/www.bise.ch\/de\/\",\"logo\":{\"@type\":\"ImageObject\",\"inLanguage\":\"de\",\"@id\":\"https:\/\/www.bise.ch\/de\/#\/schema\/logo\/image\/\",\"url\":\"https:\/\/www.bise.ch\/wp-content\/uploads\/LogoBise.png\",\"contentUrl\":\"https:\/\/www.bise.ch\/wp-content\/uploads\/LogoBise.png\",\"width\":4267,\"height\":4267,\"caption\":\"M\u00f6bel Bise | M\u00f6belgesch\u00e4ft | M\u00f6bel | Freiburg | Bulle\"},\"image\":{\"@id\":\"https:\/\/www.bise.ch\/de\/#\/schema\/logo\/image\/\"},\"sameAs\":[\"https:\/\/www.facebook.com\/bisemeubles\/\",\"https:\/\/www.instagram.com\/bisemeubles\/\",\"https:\/\/ch.linkedin.com\/company\/bise-meubles-moebel\"]}]}<\/script>\n<!-- \/ Yoast SEO plugin. -->","yoast_head_json":{"title":"Brasero Classic Corten 85 cm | M\u00f6bel Bise | M\u00f6belgesch\u00e4ft | M\u00f6bel | Freiburg | Bulle","robots":{"index":"index","follow":"follow","max-snippet":"max-snippet:-1","max-image-preview":"max-image-preview:large","max-video-preview":"max-video-preview:-1"},"canonical":"https:\/\/www.bise.ch\/de\/produit\/brasero-classic-corten-85-cm\/","og_locale":"de_DE","og_type":"article","og_title":"Brasero Classic Corten 85 cm | M\u00f6bel Bise | M\u00f6belgesch\u00e4ft | M\u00f6bel | Freiburg | Bulle","og_description":"Der authentischste Ausdruck des OFYR-Designs. Der Classic Corten 85 cm Feuerkorb mit seiner patinierten Corten-Stahl-Oberfl\u00e4che f\u00fcgt sich perfekt in kleine Aussenbereiche ein. Selbst wenn er nicht benutzt wird, bleibt er ein dezentes und zeitloses Designelement. Schalten Sie es ein und verwandeln Sie jeden Moment im Freien in ein geselliges und gem\u00fctliches Erlebnis. Erh\u00e4ltlich in den [&hellip;]","og_url":"https:\/\/www.bise.ch\/de\/produit\/brasero-classic-corten-85-cm\/","og_site_name":"M\u00f6bel Bise | M\u00f6belgesch\u00e4ft | M\u00f6bel | Freiburg | Bulle","article_publisher":"https:\/\/www.facebook.com\/bisemeubles\/","og_image":[{"width":2016,"height":1512,"url":"https:\/\/www.bise.ch\/wp-content\/uploads\/OC1C85.png","type":"image\/png"}],"twitter_card":"summary_large_image","schema":{"@context":"https:\/\/schema.org","@graph":[{"@type":"WebPage","@id":"https:\/\/www.bise.ch\/de\/produit\/brasero-classic-corten-85-cm\/","url":"https:\/\/www.bise.ch\/de\/produit\/brasero-classic-corten-85-cm\/","name":"Brasero Classic Corten 85 cm | M\u00f6bel Bise | M\u00f6belgesch\u00e4ft | M\u00f6bel | Freiburg | Bulle","isPartOf":{"@id":"https:\/\/www.bise.ch\/de\/#website"},"primaryImageOfPage":{"@id":"https:\/\/www.bise.ch\/de\/produit\/brasero-classic-corten-85-cm\/#primaryimage"},"image":{"@id":"https:\/\/www.bise.ch\/de\/produit\/brasero-classic-corten-85-cm\/#primaryimage"},"thumbnailUrl":"https:\/\/www.bise.ch\/wp-content\/uploads\/OC1C85.png","datePublished":"2026-02-23T16:43:17+00:00","breadcrumb":{"@id":"https:\/\/www.bise.ch\/de\/produit\/brasero-classic-corten-85-cm\/#breadcrumb"},"inLanguage":"de","potentialAction":[{"@type":"ReadAction","target":["https:\/\/www.bise.ch\/de\/produit\/brasero-classic-corten-85-cm\/"]}]},{"@type":"ImageObject","inLanguage":"de","@id":"https:\/\/www.bise.ch\/de\/produit\/brasero-classic-corten-85-cm\/#primaryimage","url":"https:\/\/www.bise.ch\/wp-content\/uploads\/OC1C85.png","contentUrl":"https:\/\/www.bise.ch\/wp-content\/uploads\/OC1C85.png","width":2016,"height":1512},{"@type":"BreadcrumbList","@id":"https:\/\/www.bise.ch\/de\/produit\/brasero-classic-corten-85-cm\/#breadcrumb","itemListElement":[{"@type":"ListItem","position":1,"name":"Startseite","item":"https:\/\/www.bise.ch\/de\/"},{"@type":"ListItem","position":2,"name":"Shop","item":"https:\/\/www.bise.ch\/de\/shop\/"},{"@type":"ListItem","position":3,"name":"Brasero Classic Corten 85 cm"}]},{"@type":"WebSite","@id":"https:\/\/www.bise.ch\/de\/#website","url":"https:\/\/www.bise.ch\/de\/","name":"Meubles Bise | Magasin de meubles | Mobilier | Fribourg | Bulle","description":"Wir erwecken Ihre Ra\u0308ume zum Leben","publisher":{"@id":"https:\/\/www.bise.ch\/de\/#organization"},"alternateName":"Georges Bise SA","potentialAction":[{"@type":"SearchAction","target":{"@type":"EntryPoint","urlTemplate":"https:\/\/www.bise.ch\/de\/?s={search_term_string}"},"query-input":{"@type":"PropertyValueSpecification","valueRequired":true,"valueName":"search_term_string"}}],"inLanguage":"de"},{"@type":"Organization","@id":"https:\/\/www.bise.ch\/de\/#organization","name":"M\u00f6bel Bise | M\u00f6belgesch\u00e4ft | M\u00f6bel | Freiburg | Bulle","alternateName":"Georges Bise SA","url":"https:\/\/www.bise.ch\/de\/","logo":{"@type":"ImageObject","inLanguage":"de","@id":"https:\/\/www.bise.ch\/de\/#\/schema\/logo\/image\/","url":"https:\/\/www.bise.ch\/wp-content\/uploads\/LogoBise.png","contentUrl":"https:\/\/www.bise.ch\/wp-content\/uploads\/LogoBise.png","width":4267,"height":4267,"caption":"M\u00f6bel Bise | M\u00f6belgesch\u00e4ft | M\u00f6bel | Freiburg | Bulle"},"image":{"@id":"https:\/\/www.bise.ch\/de\/#\/schema\/logo\/image\/"},"sameAs":["https:\/\/www.facebook.com\/bisemeubles\/","https:\/\/www.instagram.com\/bisemeubles\/","https:\/\/ch.linkedin.com\/company\/bise-meubles-moebel"]}]}},"_links":{"self":[{"href":"https:\/\/www.bise.ch\/de\/wp-json\/wp\/v2\/product\/57719","targetHints":{"allow":["GET"]}}],"collection":[{"href":"https:\/\/www.bise.ch\/de\/wp-json\/wp\/v2\/product"}],"about":[{"href":"https:\/\/www.bise.ch\/de\/wp-json\/wp\/v2\/types\/product"}],"wp:featuredmedia":[{"embeddable":true,"href":"https:\/\/www.bise.ch\/de\/wp-json\/wp\/v2\/media\/57667"}],"wp:attachment":[{"href":"https:\/\/www.bise.ch\/de\/wp-json\/wp\/v2\/media?parent=57719"}],"wp:term":[{"taxonomy":"product_brand","embeddable":true,"href":"https:\/\/www.bise.ch\/de\/wp-json\/wp\/v2\/product_brand?post=57719"},{"taxonomy":"product_cat","embeddable":true,"href":"https:\/\/www.bise.ch\/de\/wp-json\/wp\/v2\/product_cat?post=57719"},{"taxonomy":"product_tag","embeddable":true,"href":"https:\/\/www.bise.ch\/de\/wp-json\/wp\/v2\/product_tag?post=57719"}],"curies":[{"name":"wp","href":"https:\/\/api.w.org\/{rel}","templated":true}]}}