{"id":57727,"date":"2026-02-23T17:55:46","date_gmt":"2026-02-23T16:55:46","guid":{"rendered":"https:\/\/www.bise.ch\/produit\/grill-rund-85-cm\/"},"modified":"2026-02-25T15:33:48","modified_gmt":"2026-02-25T14:33:48","slug":"grill-rund-85-cm","status":"publish","type":"product","link":"https:\/\/www.bise.ch\/de\/produit\/grill-rund-85-cm\/","title":{"rendered":"Grill rund 85 cm"},"content":{"rendered":"<p>Dieser robuste, zweiteilige Rundgrill mit einem Durchmesser von 85 cm eignet sich ideal zum Grillen mittelgro\u00dfer Fleischst\u00fccke auf Ihrem OFYR-Feuerkorb. Platzieren Sie den Grill und seinen St\u00e4nder direkt \u00fcber den Flammen, um einen k\u00f6stlichen Grillgeschmack zu erzielen. Die Kochplatte bleibt frei, sodass Sie gleichzeitig andere Gerichte zubereiten k\u00f6nnen. Dank des erh\u00f6hten St\u00e4nders l\u00e4sst sich w\u00e4hrend des Grillens ganz einfach Holz nachlegen.   <\/p>\n","protected":false},"excerpt":{"rendered":"<p>Dieser robuste, zweiteilige Rundgrill mit einem Durchmesser von 85 cm eignet sich ideal zum Grillen mittelgro\u00dfer Fleischst\u00fccke auf Ihrem OFYR-Feuerkorb. Platzieren Sie den Grill und seinen St\u00e4nder direkt \u00fcber den Flammen, um einen k\u00f6stlichen Grillgeschmack zu erzielen. Die Kochplatte bleibt frei, sodass Sie gleichzeitig andere Gerichte zubereiten k\u00f6nnen. Dank des erh\u00f6hten St\u00e4nders l\u00e4sst sich w\u00e4hrend [&hellip;]<\/p>\n","protected":false},"featured_media":57675,"template":"","meta":{"_et_pb_use_builder":"","_et_pb_old_content":"","_et_gb_content_width":""},"product_brand":[4389],"product_cat":[3899],"product_tag":[],"class_list":{"0":"post-57727","1":"product","2":"type-product","3":"status-publish","4":"has-post-thumbnail","6":"product_brand-ofyr","7":"product_cat-braseros","9":"first","10":"instock","11":"shipping-taxable","12":"purchasable","13":"product-type-simple"},"yoast_head":"<!-- This site is optimized with the Yoast SEO plugin v27.1.1 - https:\/\/yoast.com\/product\/yoast-seo-wordpress\/ -->\n<title>Grill rund 85 cm | M\u00f6bel Bise | M\u00f6belgesch\u00e4ft | M\u00f6bel | Freiburg | Bulle<\/title>\n<meta name=\"robots\" content=\"index, follow, max-snippet:-1, max-image-preview:large, max-video-preview:-1\" \/>\n<link rel=\"canonical\" href=\"https:\/\/www.bise.ch\/de\/produit\/grill-rund-85-cm\/\" \/>\n<meta property=\"og:locale\" content=\"de_DE\" \/>\n<meta property=\"og:type\" content=\"article\" \/>\n<meta property=\"og:title\" content=\"Grill rund 85 cm | M\u00f6bel Bise | M\u00f6belgesch\u00e4ft | M\u00f6bel | Freiburg | Bulle\" \/>\n<meta property=\"og:description\" content=\"Dieser robuste, zweiteilige Rundgrill mit einem Durchmesser von 85 cm eignet sich ideal zum Grillen mittelgro\u00dfer Fleischst\u00fccke auf Ihrem OFYR-Feuerkorb. Platzieren Sie den Grill und seinen St\u00e4nder direkt \u00fcber den Flammen, um einen k\u00f6stlichen Grillgeschmack zu erzielen. Die Kochplatte bleibt frei, sodass Sie gleichzeitig andere Gerichte zubereiten k\u00f6nnen. Dank des erh\u00f6hten St\u00e4nders l\u00e4sst sich w\u00e4hrend [&hellip;]\" \/>\n<meta property=\"og:url\" content=\"https:\/\/www.bise.ch\/de\/produit\/grill-rund-85-cm\/\" \/>\n<meta property=\"og:site_name\" content=\"M\u00f6bel Bise | M\u00f6belgesch\u00e4ft | M\u00f6bel | Freiburg | Bulle\" \/>\n<meta property=\"article:publisher\" content=\"https:\/\/www.facebook.com\/bisemeubles\/\" \/>\n<meta property=\"article:modified_time\" content=\"2026-02-25T14:33:48+00:00\" \/>\n<meta property=\"og:image\" content=\"https:\/\/www.bise.ch\/wp-content\/uploads\/OA-G-R-85-1.png\" \/>\n\t<meta property=\"og:image:width\" content=\"2016\" \/>\n\t<meta property=\"og:image:height\" content=\"1512\" \/>\n\t<meta property=\"og:image:type\" content=\"image\/png\" \/>\n<meta name=\"twitter:card\" content=\"summary_large_image\" \/>\n<script type=\"application\/ld+json\" class=\"yoast-schema-graph\">{\"@context\":\"https:\/\/schema.org\",\"@graph\":[{\"@type\":\"WebPage\",\"@id\":\"https:\/\/www.bise.ch\/de\/produit\/grill-rund-85-cm\/\",\"url\":\"https:\/\/www.bise.ch\/de\/produit\/grill-rund-85-cm\/\",\"name\":\"Grill rund 85 cm | M\u00f6bel Bise | M\u00f6belgesch\u00e4ft | M\u00f6bel | Freiburg | Bulle\",\"isPartOf\":{\"@id\":\"https:\/\/www.bise.ch\/de\/#website\"},\"primaryImageOfPage\":{\"@id\":\"https:\/\/www.bise.ch\/de\/produit\/grill-rund-85-cm\/#primaryimage\"},\"image\":{\"@id\":\"https:\/\/www.bise.ch\/de\/produit\/grill-rund-85-cm\/#primaryimage\"},\"thumbnailUrl\":\"https:\/\/www.bise.ch\/wp-content\/uploads\/OA-G-R-85-1.png\",\"datePublished\":\"2026-02-23T16:55:46+00:00\",\"dateModified\":\"2026-02-25T14:33:48+00:00\",\"breadcrumb\":{\"@id\":\"https:\/\/www.bise.ch\/de\/produit\/grill-rund-85-cm\/#breadcrumb\"},\"inLanguage\":\"de\",\"potentialAction\":[{\"@type\":\"ReadAction\",\"target\":[\"https:\/\/www.bise.ch\/de\/produit\/grill-rund-85-cm\/\"]}]},{\"@type\":\"ImageObject\",\"inLanguage\":\"de\",\"@id\":\"https:\/\/www.bise.ch\/de\/produit\/grill-rund-85-cm\/#primaryimage\",\"url\":\"https:\/\/www.bise.ch\/wp-content\/uploads\/OA-G-R-85-1.png\",\"contentUrl\":\"https:\/\/www.bise.ch\/wp-content\/uploads\/OA-G-R-85-1.png\",\"width\":2016,\"height\":1512},{\"@type\":\"BreadcrumbList\",\"@id\":\"https:\/\/www.bise.ch\/de\/produit\/grill-rund-85-cm\/#breadcrumb\",\"itemListElement\":[{\"@type\":\"ListItem\",\"position\":1,\"name\":\"Startseite\",\"item\":\"https:\/\/www.bise.ch\/de\/\"},{\"@type\":\"ListItem\",\"position\":2,\"name\":\"Shop\",\"item\":\"https:\/\/www.bise.ch\/de\/shop\/\"},{\"@type\":\"ListItem\",\"position\":3,\"name\":\"Grill rund 85 cm\"}]},{\"@type\":\"WebSite\",\"@id\":\"https:\/\/www.bise.ch\/de\/#website\",\"url\":\"https:\/\/www.bise.ch\/de\/\",\"name\":\"Meubles Bise | Magasin de meubles | Mobilier | Fribourg | Bulle\",\"description\":\"Wir erwecken Ihre Ra\u0308ume zum Leben\",\"publisher\":{\"@id\":\"https:\/\/www.bise.ch\/de\/#organization\"},\"alternateName\":\"Georges Bise SA\",\"potentialAction\":[{\"@type\":\"SearchAction\",\"target\":{\"@type\":\"EntryPoint\",\"urlTemplate\":\"https:\/\/www.bise.ch\/de\/?s={search_term_string}\"},\"query-input\":{\"@type\":\"PropertyValueSpecification\",\"valueRequired\":true,\"valueName\":\"search_term_string\"}}],\"inLanguage\":\"de\"},{\"@type\":\"Organization\",\"@id\":\"https:\/\/www.bise.ch\/de\/#organization\",\"name\":\"M\u00f6bel Bise | M\u00f6belgesch\u00e4ft | M\u00f6bel | Freiburg | Bulle\",\"alternateName\":\"Georges Bise SA\",\"url\":\"https:\/\/www.bise.ch\/de\/\",\"logo\":{\"@type\":\"ImageObject\",\"inLanguage\":\"de\",\"@id\":\"https:\/\/www.bise.ch\/de\/#\/schema\/logo\/image\/\",\"url\":\"https:\/\/www.bise.ch\/wp-content\/uploads\/LogoBise.png\",\"contentUrl\":\"https:\/\/www.bise.ch\/wp-content\/uploads\/LogoBise.png\",\"width\":4267,\"height\":4267,\"caption\":\"M\u00f6bel Bise | M\u00f6belgesch\u00e4ft | M\u00f6bel | Freiburg | Bulle\"},\"image\":{\"@id\":\"https:\/\/www.bise.ch\/de\/#\/schema\/logo\/image\/\"},\"sameAs\":[\"https:\/\/www.facebook.com\/bisemeubles\/\",\"https:\/\/www.instagram.com\/bisemeubles\/\",\"https:\/\/ch.linkedin.com\/company\/bise-meubles-moebel\"]}]}<\/script>\n<!-- \/ Yoast SEO plugin. -->","yoast_head_json":{"title":"Grill rund 85 cm | M\u00f6bel Bise | M\u00f6belgesch\u00e4ft | M\u00f6bel | Freiburg | Bulle","robots":{"index":"index","follow":"follow","max-snippet":"max-snippet:-1","max-image-preview":"max-image-preview:large","max-video-preview":"max-video-preview:-1"},"canonical":"https:\/\/www.bise.ch\/de\/produit\/grill-rund-85-cm\/","og_locale":"de_DE","og_type":"article","og_title":"Grill rund 85 cm | M\u00f6bel Bise | M\u00f6belgesch\u00e4ft | M\u00f6bel | Freiburg | Bulle","og_description":"Dieser robuste, zweiteilige Rundgrill mit einem Durchmesser von 85 cm eignet sich ideal zum Grillen mittelgro\u00dfer Fleischst\u00fccke auf Ihrem OFYR-Feuerkorb. Platzieren Sie den Grill und seinen St\u00e4nder direkt \u00fcber den Flammen, um einen k\u00f6stlichen Grillgeschmack zu erzielen. Die Kochplatte bleibt frei, sodass Sie gleichzeitig andere Gerichte zubereiten k\u00f6nnen. Dank des erh\u00f6hten St\u00e4nders l\u00e4sst sich w\u00e4hrend [&hellip;]","og_url":"https:\/\/www.bise.ch\/de\/produit\/grill-rund-85-cm\/","og_site_name":"M\u00f6bel Bise | M\u00f6belgesch\u00e4ft | M\u00f6bel | Freiburg | Bulle","article_publisher":"https:\/\/www.facebook.com\/bisemeubles\/","article_modified_time":"2026-02-25T14:33:48+00:00","og_image":[{"width":2016,"height":1512,"url":"https:\/\/www.bise.ch\/wp-content\/uploads\/OA-G-R-85-1.png","type":"image\/png"}],"twitter_card":"summary_large_image","schema":{"@context":"https:\/\/schema.org","@graph":[{"@type":"WebPage","@id":"https:\/\/www.bise.ch\/de\/produit\/grill-rund-85-cm\/","url":"https:\/\/www.bise.ch\/de\/produit\/grill-rund-85-cm\/","name":"Grill rund 85 cm | M\u00f6bel Bise | M\u00f6belgesch\u00e4ft | M\u00f6bel | Freiburg | Bulle","isPartOf":{"@id":"https:\/\/www.bise.ch\/de\/#website"},"primaryImageOfPage":{"@id":"https:\/\/www.bise.ch\/de\/produit\/grill-rund-85-cm\/#primaryimage"},"image":{"@id":"https:\/\/www.bise.ch\/de\/produit\/grill-rund-85-cm\/#primaryimage"},"thumbnailUrl":"https:\/\/www.bise.ch\/wp-content\/uploads\/OA-G-R-85-1.png","datePublished":"2026-02-23T16:55:46+00:00","dateModified":"2026-02-25T14:33:48+00:00","breadcrumb":{"@id":"https:\/\/www.bise.ch\/de\/produit\/grill-rund-85-cm\/#breadcrumb"},"inLanguage":"de","potentialAction":[{"@type":"ReadAction","target":["https:\/\/www.bise.ch\/de\/produit\/grill-rund-85-cm\/"]}]},{"@type":"ImageObject","inLanguage":"de","@id":"https:\/\/www.bise.ch\/de\/produit\/grill-rund-85-cm\/#primaryimage","url":"https:\/\/www.bise.ch\/wp-content\/uploads\/OA-G-R-85-1.png","contentUrl":"https:\/\/www.bise.ch\/wp-content\/uploads\/OA-G-R-85-1.png","width":2016,"height":1512},{"@type":"BreadcrumbList","@id":"https:\/\/www.bise.ch\/de\/produit\/grill-rund-85-cm\/#breadcrumb","itemListElement":[{"@type":"ListItem","position":1,"name":"Startseite","item":"https:\/\/www.bise.ch\/de\/"},{"@type":"ListItem","position":2,"name":"Shop","item":"https:\/\/www.bise.ch\/de\/shop\/"},{"@type":"ListItem","position":3,"name":"Grill rund 85 cm"}]},{"@type":"WebSite","@id":"https:\/\/www.bise.ch\/de\/#website","url":"https:\/\/www.bise.ch\/de\/","name":"Meubles Bise | Magasin de meubles | Mobilier | Fribourg | Bulle","description":"Wir erwecken Ihre Ra\u0308ume zum Leben","publisher":{"@id":"https:\/\/www.bise.ch\/de\/#organization"},"alternateName":"Georges Bise SA","potentialAction":[{"@type":"SearchAction","target":{"@type":"EntryPoint","urlTemplate":"https:\/\/www.bise.ch\/de\/?s={search_term_string}"},"query-input":{"@type":"PropertyValueSpecification","valueRequired":true,"valueName":"search_term_string"}}],"inLanguage":"de"},{"@type":"Organization","@id":"https:\/\/www.bise.ch\/de\/#organization","name":"M\u00f6bel Bise | M\u00f6belgesch\u00e4ft | M\u00f6bel | Freiburg | Bulle","alternateName":"Georges Bise SA","url":"https:\/\/www.bise.ch\/de\/","logo":{"@type":"ImageObject","inLanguage":"de","@id":"https:\/\/www.bise.ch\/de\/#\/schema\/logo\/image\/","url":"https:\/\/www.bise.ch\/wp-content\/uploads\/LogoBise.png","contentUrl":"https:\/\/www.bise.ch\/wp-content\/uploads\/LogoBise.png","width":4267,"height":4267,"caption":"M\u00f6bel Bise | M\u00f6belgesch\u00e4ft | M\u00f6bel | Freiburg | Bulle"},"image":{"@id":"https:\/\/www.bise.ch\/de\/#\/schema\/logo\/image\/"},"sameAs":["https:\/\/www.facebook.com\/bisemeubles\/","https:\/\/www.instagram.com\/bisemeubles\/","https:\/\/ch.linkedin.com\/company\/bise-meubles-moebel"]}]}},"_links":{"self":[{"href":"https:\/\/www.bise.ch\/de\/wp-json\/wp\/v2\/product\/57727","targetHints":{"allow":["GET"]}}],"collection":[{"href":"https:\/\/www.bise.ch\/de\/wp-json\/wp\/v2\/product"}],"about":[{"href":"https:\/\/www.bise.ch\/de\/wp-json\/wp\/v2\/types\/product"}],"wp:featuredmedia":[{"embeddable":true,"href":"https:\/\/www.bise.ch\/de\/wp-json\/wp\/v2\/media\/57675"}],"wp:attachment":[{"href":"https:\/\/www.bise.ch\/de\/wp-json\/wp\/v2\/media?parent=57727"}],"wp:term":[{"taxonomy":"product_brand","embeddable":true,"href":"https:\/\/www.bise.ch\/de\/wp-json\/wp\/v2\/product_brand?post=57727"},{"taxonomy":"product_cat","embeddable":true,"href":"https:\/\/www.bise.ch\/de\/wp-json\/wp\/v2\/product_cat?post=57727"},{"taxonomy":"product_tag","embeddable":true,"href":"https:\/\/www.bise.ch\/de\/wp-json\/wp\/v2\/product_tag?post=57727"}],"curies":[{"name":"wp","href":"https:\/\/api.w.org\/{rel}","templated":true}]}}