{"id":57729,"date":"2026-02-23T18:03:30","date_gmt":"2026-02-23T17:03:30","guid":{"rendered":"https:\/\/www.bise.ch\/produit\/schutzhandschuhe-brown\/"},"modified":"2026-02-23T18:03:30","modified_gmt":"2026-02-23T17:03:30","slug":"schutzhandschuhe-brown","status":"publish","type":"product","link":"https:\/\/www.bise.ch\/de\/produit\/schutzhandschuhe-brown\/","title":{"rendered":"Schutzhandschuhe Brown"},"content":{"rendered":"<p>Diese hitzebest\u00e4ndigen Wildlederhandschuhe sind ideal f\u00fcr alle K\u00f6che, die gerne \u00fcber offenem Feuer kochen. Sie sind f\u00fcr Temperaturen bis zu 250 \u00b0C ausgelegt und bieten hervorragenden Schutz beim Umgang mit Ihrem OFYR-Feuerkorb oder anderen hei\u00dfen Gegenst\u00e4nden. Zu Ihrer Sicherheit empfehlen wir, das Ger\u00e4t vor dem Transport abk\u00fchlen zu lassen. Erh\u00e4ltlich in braunem und schwarzem Wildleder.   <\/p>\n","protected":false},"excerpt":{"rendered":"<p>Diese hitzebest\u00e4ndigen Wildlederhandschuhe sind ideal f\u00fcr alle K\u00f6che, die gerne \u00fcber offenem Feuer kochen. Sie sind f\u00fcr Temperaturen bis zu 250 \u00b0C ausgelegt und bieten hervorragenden Schutz beim Umgang mit Ihrem OFYR-Feuerkorb oder anderen hei\u00dfen Gegenst\u00e4nden. Zu Ihrer Sicherheit empfehlen wir, das Ger\u00e4t vor dem Transport abk\u00fchlen zu lassen. Erh\u00e4ltlich in braunem und schwarzem Wildleder.<\/p>\n","protected":false},"featured_media":57682,"template":"","meta":{"_et_pb_use_builder":"","_et_pb_old_content":"","_et_gb_content_width":""},"product_brand":[4366,4389],"product_cat":[3770,3899],"product_tag":[],"class_list":{"0":"post-57729","1":"product","2":"type-product","3":"status-publish","4":"has-post-thumbnail","6":"product_brand-kvadrat_de","7":"product_brand-ofyr","8":"product_cat-produkte","9":"product_cat-braseros","11":"first","12":"instock","13":"shipping-taxable","14":"purchasable","15":"product-type-simple"},"yoast_head":"<!-- This site is optimized with the Yoast SEO plugin v27.1.1 - https:\/\/yoast.com\/product\/yoast-seo-wordpress\/ -->\n<title>Schutzhandschuhe Brown | M\u00f6bel Bise | M\u00f6belgesch\u00e4ft | M\u00f6bel | Freiburg | Bulle<\/title>\n<meta name=\"robots\" content=\"index, follow, max-snippet:-1, max-image-preview:large, max-video-preview:-1\" \/>\n<link rel=\"canonical\" href=\"https:\/\/www.bise.ch\/de\/produit\/schutzhandschuhe-brown\/\" \/>\n<meta property=\"og:locale\" content=\"de_DE\" \/>\n<meta property=\"og:type\" content=\"article\" \/>\n<meta property=\"og:title\" content=\"Schutzhandschuhe Brown | M\u00f6bel Bise | M\u00f6belgesch\u00e4ft | M\u00f6bel | Freiburg | Bulle\" \/>\n<meta property=\"og:description\" content=\"Diese hitzebest\u00e4ndigen Wildlederhandschuhe sind ideal f\u00fcr alle K\u00f6che, die gerne \u00fcber offenem Feuer kochen. Sie sind f\u00fcr Temperaturen bis zu 250 \u00b0C ausgelegt und bieten hervorragenden Schutz beim Umgang mit Ihrem OFYR-Feuerkorb oder anderen hei\u00dfen Gegenst\u00e4nden. Zu Ihrer Sicherheit empfehlen wir, das Ger\u00e4t vor dem Transport abk\u00fchlen zu lassen. Erh\u00e4ltlich in braunem und schwarzem Wildleder.\" \/>\n<meta property=\"og:url\" content=\"https:\/\/www.bise.ch\/de\/produit\/schutzhandschuhe-brown\/\" \/>\n<meta property=\"og:site_name\" content=\"M\u00f6bel Bise | M\u00f6belgesch\u00e4ft | M\u00f6bel | Freiburg | Bulle\" \/>\n<meta property=\"article:publisher\" content=\"https:\/\/www.facebook.com\/bisemeubles\/\" \/>\n<meta property=\"og:image\" content=\"https:\/\/www.bise.ch\/wp-content\/uploads\/OA-G.png\" \/>\n\t<meta property=\"og:image:width\" content=\"2016\" \/>\n\t<meta property=\"og:image:height\" content=\"1512\" \/>\n\t<meta property=\"og:image:type\" content=\"image\/png\" \/>\n<meta name=\"twitter:card\" content=\"summary_large_image\" \/>\n<script type=\"application\/ld+json\" class=\"yoast-schema-graph\">{\"@context\":\"https:\/\/schema.org\",\"@graph\":[{\"@type\":\"WebPage\",\"@id\":\"https:\/\/www.bise.ch\/de\/produit\/schutzhandschuhe-brown\/\",\"url\":\"https:\/\/www.bise.ch\/de\/produit\/schutzhandschuhe-brown\/\",\"name\":\"Schutzhandschuhe Brown | M\u00f6bel Bise | M\u00f6belgesch\u00e4ft | M\u00f6bel | Freiburg | Bulle\",\"isPartOf\":{\"@id\":\"https:\/\/www.bise.ch\/de\/#website\"},\"primaryImageOfPage\":{\"@id\":\"https:\/\/www.bise.ch\/de\/produit\/schutzhandschuhe-brown\/#primaryimage\"},\"image\":{\"@id\":\"https:\/\/www.bise.ch\/de\/produit\/schutzhandschuhe-brown\/#primaryimage\"},\"thumbnailUrl\":\"https:\/\/www.bise.ch\/wp-content\/uploads\/OA-G.png\",\"datePublished\":\"2026-02-23T17:03:30+00:00\",\"breadcrumb\":{\"@id\":\"https:\/\/www.bise.ch\/de\/produit\/schutzhandschuhe-brown\/#breadcrumb\"},\"inLanguage\":\"de\",\"potentialAction\":[{\"@type\":\"ReadAction\",\"target\":[\"https:\/\/www.bise.ch\/de\/produit\/schutzhandschuhe-brown\/\"]}]},{\"@type\":\"ImageObject\",\"inLanguage\":\"de\",\"@id\":\"https:\/\/www.bise.ch\/de\/produit\/schutzhandschuhe-brown\/#primaryimage\",\"url\":\"https:\/\/www.bise.ch\/wp-content\/uploads\/OA-G.png\",\"contentUrl\":\"https:\/\/www.bise.ch\/wp-content\/uploads\/OA-G.png\",\"width\":2016,\"height\":1512},{\"@type\":\"BreadcrumbList\",\"@id\":\"https:\/\/www.bise.ch\/de\/produit\/schutzhandschuhe-brown\/#breadcrumb\",\"itemListElement\":[{\"@type\":\"ListItem\",\"position\":1,\"name\":\"Startseite\",\"item\":\"https:\/\/www.bise.ch\/de\/\"},{\"@type\":\"ListItem\",\"position\":2,\"name\":\"Shop\",\"item\":\"https:\/\/www.bise.ch\/de\/shop\/\"},{\"@type\":\"ListItem\",\"position\":3,\"name\":\"Schutzhandschuhe Brown\"}]},{\"@type\":\"WebSite\",\"@id\":\"https:\/\/www.bise.ch\/de\/#website\",\"url\":\"https:\/\/www.bise.ch\/de\/\",\"name\":\"Meubles Bise | Magasin de meubles | Mobilier | Fribourg | Bulle\",\"description\":\"Wir erwecken Ihre Ra\u0308ume zum Leben\",\"publisher\":{\"@id\":\"https:\/\/www.bise.ch\/de\/#organization\"},\"alternateName\":\"Georges Bise SA\",\"potentialAction\":[{\"@type\":\"SearchAction\",\"target\":{\"@type\":\"EntryPoint\",\"urlTemplate\":\"https:\/\/www.bise.ch\/de\/?s={search_term_string}\"},\"query-input\":{\"@type\":\"PropertyValueSpecification\",\"valueRequired\":true,\"valueName\":\"search_term_string\"}}],\"inLanguage\":\"de\"},{\"@type\":\"Organization\",\"@id\":\"https:\/\/www.bise.ch\/de\/#organization\",\"name\":\"M\u00f6bel Bise | M\u00f6belgesch\u00e4ft | M\u00f6bel | Freiburg | Bulle\",\"alternateName\":\"Georges Bise SA\",\"url\":\"https:\/\/www.bise.ch\/de\/\",\"logo\":{\"@type\":\"ImageObject\",\"inLanguage\":\"de\",\"@id\":\"https:\/\/www.bise.ch\/de\/#\/schema\/logo\/image\/\",\"url\":\"https:\/\/www.bise.ch\/wp-content\/uploads\/LogoBise.png\",\"contentUrl\":\"https:\/\/www.bise.ch\/wp-content\/uploads\/LogoBise.png\",\"width\":4267,\"height\":4267,\"caption\":\"M\u00f6bel Bise | M\u00f6belgesch\u00e4ft | M\u00f6bel | Freiburg | Bulle\"},\"image\":{\"@id\":\"https:\/\/www.bise.ch\/de\/#\/schema\/logo\/image\/\"},\"sameAs\":[\"https:\/\/www.facebook.com\/bisemeubles\/\",\"https:\/\/www.instagram.com\/bisemeubles\/\",\"https:\/\/ch.linkedin.com\/company\/bise-meubles-moebel\"]}]}<\/script>\n<!-- \/ Yoast SEO plugin. -->","yoast_head_json":{"title":"Schutzhandschuhe Brown | M\u00f6bel Bise | M\u00f6belgesch\u00e4ft | M\u00f6bel | Freiburg | Bulle","robots":{"index":"index","follow":"follow","max-snippet":"max-snippet:-1","max-image-preview":"max-image-preview:large","max-video-preview":"max-video-preview:-1"},"canonical":"https:\/\/www.bise.ch\/de\/produit\/schutzhandschuhe-brown\/","og_locale":"de_DE","og_type":"article","og_title":"Schutzhandschuhe Brown | M\u00f6bel Bise | M\u00f6belgesch\u00e4ft | M\u00f6bel | Freiburg | Bulle","og_description":"Diese hitzebest\u00e4ndigen Wildlederhandschuhe sind ideal f\u00fcr alle K\u00f6che, die gerne \u00fcber offenem Feuer kochen. Sie sind f\u00fcr Temperaturen bis zu 250 \u00b0C ausgelegt und bieten hervorragenden Schutz beim Umgang mit Ihrem OFYR-Feuerkorb oder anderen hei\u00dfen Gegenst\u00e4nden. Zu Ihrer Sicherheit empfehlen wir, das Ger\u00e4t vor dem Transport abk\u00fchlen zu lassen. Erh\u00e4ltlich in braunem und schwarzem Wildleder.","og_url":"https:\/\/www.bise.ch\/de\/produit\/schutzhandschuhe-brown\/","og_site_name":"M\u00f6bel Bise | M\u00f6belgesch\u00e4ft | M\u00f6bel | Freiburg | Bulle","article_publisher":"https:\/\/www.facebook.com\/bisemeubles\/","og_image":[{"width":2016,"height":1512,"url":"https:\/\/www.bise.ch\/wp-content\/uploads\/OA-G.png","type":"image\/png"}],"twitter_card":"summary_large_image","schema":{"@context":"https:\/\/schema.org","@graph":[{"@type":"WebPage","@id":"https:\/\/www.bise.ch\/de\/produit\/schutzhandschuhe-brown\/","url":"https:\/\/www.bise.ch\/de\/produit\/schutzhandschuhe-brown\/","name":"Schutzhandschuhe Brown | M\u00f6bel Bise | M\u00f6belgesch\u00e4ft | M\u00f6bel | Freiburg | Bulle","isPartOf":{"@id":"https:\/\/www.bise.ch\/de\/#website"},"primaryImageOfPage":{"@id":"https:\/\/www.bise.ch\/de\/produit\/schutzhandschuhe-brown\/#primaryimage"},"image":{"@id":"https:\/\/www.bise.ch\/de\/produit\/schutzhandschuhe-brown\/#primaryimage"},"thumbnailUrl":"https:\/\/www.bise.ch\/wp-content\/uploads\/OA-G.png","datePublished":"2026-02-23T17:03:30+00:00","breadcrumb":{"@id":"https:\/\/www.bise.ch\/de\/produit\/schutzhandschuhe-brown\/#breadcrumb"},"inLanguage":"de","potentialAction":[{"@type":"ReadAction","target":["https:\/\/www.bise.ch\/de\/produit\/schutzhandschuhe-brown\/"]}]},{"@type":"ImageObject","inLanguage":"de","@id":"https:\/\/www.bise.ch\/de\/produit\/schutzhandschuhe-brown\/#primaryimage","url":"https:\/\/www.bise.ch\/wp-content\/uploads\/OA-G.png","contentUrl":"https:\/\/www.bise.ch\/wp-content\/uploads\/OA-G.png","width":2016,"height":1512},{"@type":"BreadcrumbList","@id":"https:\/\/www.bise.ch\/de\/produit\/schutzhandschuhe-brown\/#breadcrumb","itemListElement":[{"@type":"ListItem","position":1,"name":"Startseite","item":"https:\/\/www.bise.ch\/de\/"},{"@type":"ListItem","position":2,"name":"Shop","item":"https:\/\/www.bise.ch\/de\/shop\/"},{"@type":"ListItem","position":3,"name":"Schutzhandschuhe Brown"}]},{"@type":"WebSite","@id":"https:\/\/www.bise.ch\/de\/#website","url":"https:\/\/www.bise.ch\/de\/","name":"Meubles Bise | Magasin de meubles | Mobilier | Fribourg | Bulle","description":"Wir erwecken Ihre Ra\u0308ume zum Leben","publisher":{"@id":"https:\/\/www.bise.ch\/de\/#organization"},"alternateName":"Georges Bise SA","potentialAction":[{"@type":"SearchAction","target":{"@type":"EntryPoint","urlTemplate":"https:\/\/www.bise.ch\/de\/?s={search_term_string}"},"query-input":{"@type":"PropertyValueSpecification","valueRequired":true,"valueName":"search_term_string"}}],"inLanguage":"de"},{"@type":"Organization","@id":"https:\/\/www.bise.ch\/de\/#organization","name":"M\u00f6bel Bise | M\u00f6belgesch\u00e4ft | M\u00f6bel | Freiburg | Bulle","alternateName":"Georges Bise SA","url":"https:\/\/www.bise.ch\/de\/","logo":{"@type":"ImageObject","inLanguage":"de","@id":"https:\/\/www.bise.ch\/de\/#\/schema\/logo\/image\/","url":"https:\/\/www.bise.ch\/wp-content\/uploads\/LogoBise.png","contentUrl":"https:\/\/www.bise.ch\/wp-content\/uploads\/LogoBise.png","width":4267,"height":4267,"caption":"M\u00f6bel Bise | M\u00f6belgesch\u00e4ft | M\u00f6bel | Freiburg | Bulle"},"image":{"@id":"https:\/\/www.bise.ch\/de\/#\/schema\/logo\/image\/"},"sameAs":["https:\/\/www.facebook.com\/bisemeubles\/","https:\/\/www.instagram.com\/bisemeubles\/","https:\/\/ch.linkedin.com\/company\/bise-meubles-moebel"]}]}},"_links":{"self":[{"href":"https:\/\/www.bise.ch\/de\/wp-json\/wp\/v2\/product\/57729","targetHints":{"allow":["GET"]}}],"collection":[{"href":"https:\/\/www.bise.ch\/de\/wp-json\/wp\/v2\/product"}],"about":[{"href":"https:\/\/www.bise.ch\/de\/wp-json\/wp\/v2\/types\/product"}],"wp:featuredmedia":[{"embeddable":true,"href":"https:\/\/www.bise.ch\/de\/wp-json\/wp\/v2\/media\/57682"}],"wp:attachment":[{"href":"https:\/\/www.bise.ch\/de\/wp-json\/wp\/v2\/media?parent=57729"}],"wp:term":[{"taxonomy":"product_brand","embeddable":true,"href":"https:\/\/www.bise.ch\/de\/wp-json\/wp\/v2\/product_brand?post=57729"},{"taxonomy":"product_cat","embeddable":true,"href":"https:\/\/www.bise.ch\/de\/wp-json\/wp\/v2\/product_cat?post=57729"},{"taxonomy":"product_tag","embeddable":true,"href":"https:\/\/www.bise.ch\/de\/wp-json\/wp\/v2\/product_tag?post=57729"}],"curies":[{"name":"wp","href":"https:\/\/api.w.org\/{rel}","templated":true}]}}